{"id":885,"date":"2021-05-16T18:45:55","date_gmt":"2021-05-16T10:45:55","guid":{"rendered":"https:\/\/princefastener.com\/?post_type=product&#038;p=885"},"modified":"2021-09-26T16:53:07","modified_gmt":"2021-09-26T08:53:07","slug":"ancoras-de-drywall-autoperfurantes","status":"publish","type":"product","link":"https:\/\/princefastener.com\/pt\/product\/self-drilling-drywall-anchors\/","title":{"rendered":"Parafusos autoperfurantes"},"content":{"rendered":"<p>[table id=3 \/]<\/p>\n<p>&nbsp;<\/p>\n<h2 class=\"text-title\" data-id=\"below-title\">Self drilling screws<\/h2>\n<div data-id=\"below-title\"><\/div>\n<div class=\"text-content\" data-id=\"below-content\">\n<p><span data-spm-anchor-id=\"a2700.details.0.i16.4d9e57e9EUIwTb\">Common sizes (diameters) of Prince fastener Self drilling drywall anchors, in whole numbers and down inches,vary from #6 to #14 and 1\/4&#8243;. Lengths span fromregarding 3\/8&#8243; to 6&#8243;. once selecting a length,detain mind that the drill purpose and threadsshould every be longer than the entirethickness of the fabric being fixed.<\/span><\/p>\n<p>Self drilling drywall anchors area unit a sort of Prince fastener self-tapping screw that has a drill points. not likealternative self sound screws like thread cutting and thread rolling, a self drilling screw doesn\u2019t need a pre-drilled hole. this is often as a result of the tip of a self drilling screw includes a purpose kind of like the purpose of a drill to make a hole and mate objects along in one operation.<\/p>\n<div>Prince fastener Self drilling drywall anchors fasteners are often bespoke to your application and business. Please review and transfer our self drilling screw size charts below.<\/div>\n<div>\n<p>Unless 18-8 untainted is specifically needed, Prince fastener recommends mistreatment 410 chrome steel for corrosion-resistant Self-Drilling Screws. 410 chrome steel Screws area unit heat-treated and hardened,that permits them to drill additional effectively. 18-8 chrome steel Screws aren&#8217;t heat treated and thus don&#8217;t give a similar drilling capability.Self drilling drywall anchors area unit obtainable during a large choice of materials, finishes &amp; head \/ drive designs. Prince Fastener offers over a pair of,300 distinct size and elegance combos in Prince fastener Self drilling drywall anchors choice, all of which maybe quickly and simply placed on our website. Descriptions and details area unit obtainable on every half page and specification sheets area unit joined if you need further info.<\/p>\n<\/div>\n<div><span data-spm-anchor-id=\"a2700.details.0.i17.4d9e57e9EUIwTb\"><span data-spm-anchor-id=\"a2700.details.0.i17.4d9e57e9EUIwTb\"><br \/>\nSelf-Drilling Screws are the fastening options you want to enhance constructing integrity &amp; make certain energy &amp; overall performance underneath the most annoying conditions. Know for their satisfactory &amp; reliability, Prince fastener are provided in a range of patterns &amp; substances to fulfill any fastening software you may additionally have.<\/span><\/span>These self-drilling fasteners are comparable to sheet metallic screws or thread-cutting screws, however function a specialised drill point, enhancing the effectivity of the set up process. This drill factor eliminates the want to alternate drill bits at some stage in set up by using permitting these self-drilling fasteners to drill &amp; faucet their personal gap when set up into the base material.Prince fastener Structural Drill Screws<br \/>\nPrince fastener Stainless Steel Bi-Metal Screws<br \/>\nPrince fastener Drill Screws<br \/>\nPrince fastener Stainless Steel Screws<br \/>\nArchitectural Roof Clip Fasteners<\/p>\n<div>With top of the line strength, ductility &amp; resistance to embrittlement, Prince fasteners have to be chosen for structural<br \/>\nconnections. Prince fastener stainless metal fasteners will grant customers with a bi-metal fastening choice with exceptional corrosion resistance &amp; lengthy provider life. Both of these self-drilling fasteners are honestly immune to delayed embrittlement failures.<\/div>\n<\/div>\n<\/div>\n","protected":false},"excerpt":{"rendered":"<p>NOSSO SERVI\u00c7O:<br \/>\n1.100bricante local.<br \/>\n2. Melhor sele\u00e7\u00e3o de material<br \/>\n3.melhor prazo de entrega e produ\u00e7\u00e3o est\u00e1vel.<br \/>\n4. Experi\u00eancias ricas em exporta\u00e7\u00e3o.<br \/>\n5.Servi\u00e7os profissionais.<br \/>\ncontrole 6.QS.<\/p>","protected":false},"featured_media":876,"comment_status":"open","ping_status":"closed","template":"","meta":{"_seopress_robots_primary_cat":"0","_seopress_titles_title":"%%title%% %%page%% | From Screw Factories-Prince Fastener","_seopress_titles_desc":"Self Drilling Screws are often exposed to the outdoors and have a strong corrosion resistance,Prince Fastener will provide products with test","_seopress_robots_index":"","_joinchat":[]},"product_brand":[],"product_cat":[69,26],"product_tag":[46,47],"class_list":{"0":"post-885","1":"product","2":"type-product","3":"status-publish","4":"has-post-thumbnail","6":"product_cat-hexagon-head-self-drilling-screw-with-epdm","7":"product_cat-self-drilling-screw","8":"product_tag-self-drilling-screw","9":"product_tag-self-drilling-screws","11":"first","12":"instock","13":"shipping-taxable","14":"product-type-simple"},"yoast_head":"<!-- This site is optimized with the Yoast SEO plugin v27.3 - https:\/\/yoast.com\/product\/yoast-seo-wordpress\/ -->\n<title>Self Drilling Screws | From Screw Factories-Prince Fastener<\/title>\n<meta name=\"description\" content=\"Self Drilling Screws are often exposed to the outdoors and have a strong corrosion resistance,Prince Fastener will provide products with test\" \/>\n<meta name=\"robots\" content=\"index, follow, max-snippet:-1, max-image-preview:large, max-video-preview:-1\" \/>\n<link rel=\"canonical\" href=\"https:\/\/princefastener.com\/pt\/produtos\/ancoras-de-drywall-autoperfurantes\/\" \/>\n<meta property=\"og:locale\" content=\"pt_BR\" \/>\n<meta property=\"og:type\" content=\"article\" \/>\n<meta property=\"og:title\" content=\"Self Drilling Screws | From Screw Factories-Prince Fastener\" \/>\n<meta property=\"og:description\" content=\"Self Drilling Screws are often exposed to the outdoors and have a strong corrosion resistance,Prince Fastener will provide products with test\" \/>\n<meta property=\"og:url\" content=\"https:\/\/princefastener.com\/pt\/produtos\/ancoras-de-drywall-autoperfurantes\/\" \/>\n<meta property=\"og:site_name\" content=\"Screws and Fasteners Manufacturer\" \/>\n<meta property=\"article:publisher\" content=\"https:\/\/www.facebook.com\/Prince-Fastener-Manufacturing-Co-Ltd-107643758056794\" \/>\n<meta property=\"article:modified_time\" content=\"2021-09-26T08:53:07+00:00\" \/>\n<meta property=\"og:image\" content=\"https:\/\/princefastener.com\/wp-content\/uploads\/2021\/05\/self-drilling-metal-screw.jpg\" \/>\n\t<meta property=\"og:image:width\" content=\"1000\" \/>\n\t<meta property=\"og:image:height\" content=\"1000\" \/>\n\t<meta property=\"og:image:type\" content=\"image\/jpeg\" \/>\n<meta name=\"twitter:card\" content=\"summary_large_image\" \/>\n<meta name=\"twitter:site\" content=\"@PrinceFastener\" \/>\n<meta name=\"twitter:label1\" content=\"Est. tempo de leitura\" \/>\n\t<meta name=\"twitter:data1\" content=\"2 minutos\" \/>\n<!-- \/ Yoast SEO plugin. -->","yoast_head_json":{"title":"Parafusos Autoperfurantes | Das f\u00e1bricas de parafusos-Prince Fastener","description":"Os parafusos autoperfurantes s\u00e3o frequentemente expostos ao ar livre e t\u00eam uma forte resist\u00eancia \u00e0 corros\u00e3o, o Prince Fastener fornecer\u00e1 produtos com teste","robots":{"index":"index","follow":"follow","max-snippet":"max-snippet:-1","max-image-preview":"max-image-preview:large","max-video-preview":"max-video-preview:-1"},"canonical":"https:\/\/princefastener.com\/pt\/produtos\/ancoras-de-drywall-autoperfurantes\/","og_locale":"pt_BR","og_type":"article","og_title":"Self Drilling Screws | From Screw Factories-Prince Fastener","og_description":"Self Drilling Screws are often exposed to the outdoors and have a strong corrosion resistance,Prince Fastener will provide products with test","og_url":"https:\/\/princefastener.com\/pt\/produtos\/ancoras-de-drywall-autoperfurantes\/","og_site_name":"Screws and Fasteners Manufacturer","article_publisher":"https:\/\/www.facebook.com\/Prince-Fastener-Manufacturing-Co-Ltd-107643758056794","article_modified_time":"2021-09-26T08:53:07+00:00","og_image":[{"width":1000,"height":1000,"url":"https:\/\/princefastener.com\/wp-content\/uploads\/2021\/05\/self-drilling-metal-screw.jpg","type":"image\/jpeg"}],"twitter_card":"summary_large_image","twitter_site":"@PrinceFastener","twitter_misc":{"Est. tempo de leitura":"2 minutos"},"schema":{"@context":"https:\/\/schema.org","@graph":[{"@type":"WebPage","@id":"https:\/\/princefastener.com\/product\/self-drilling-drywall-anchors\/","url":"https:\/\/princefastener.com\/product\/self-drilling-drywall-anchors\/","name":"Parafusos Autoperfurantes | Das f\u00e1bricas de parafusos-Prince Fastener","isPartOf":{"@id":"https:\/\/princefastener.com\/#website"},"primaryImageOfPage":{"@id":"https:\/\/princefastener.com\/product\/self-drilling-drywall-anchors\/#primaryimage"},"image":{"@id":"https:\/\/princefastener.com\/product\/self-drilling-drywall-anchors\/#primaryimage"},"thumbnailUrl":"https:\/\/princefastener.com\/wp-content\/uploads\/2021\/05\/self-drilling-metal-screw.jpg","datePublished":"2021-05-16T10:45:55+00:00","dateModified":"2021-09-26T08:53:07+00:00","description":"Os parafusos autoperfurantes s\u00e3o frequentemente expostos ao ar livre e t\u00eam uma forte resist\u00eancia \u00e0 corros\u00e3o, o Prince Fastener fornecer\u00e1 produtos com teste","breadcrumb":{"@id":"https:\/\/princefastener.com\/product\/self-drilling-drywall-anchors\/#breadcrumb"},"inLanguage":"pt-BR","potentialAction":[{"@type":"ReadAction","target":["https:\/\/princefastener.com\/product\/self-drilling-drywall-anchors\/"]}]},{"@type":"ImageObject","inLanguage":"pt-BR","@id":"https:\/\/princefastener.com\/product\/self-drilling-drywall-anchors\/#primaryimage","url":"https:\/\/princefastener.com\/wp-content\/uploads\/2021\/05\/self-drilling-metal-screw.jpg","contentUrl":"https:\/\/princefastener.com\/wp-content\/uploads\/2021\/05\/self-drilling-metal-screw.jpg","width":1000,"height":1000,"caption":"self drilling metal screw"},{"@type":"BreadcrumbList","@id":"https:\/\/princefastener.com\/product\/self-drilling-drywall-anchors\/#breadcrumb","itemListElement":[{"@type":"ListItem","position":1,"name":"Home","item":"https:\/\/princefastener.com\/"},{"@type":"ListItem","position":2,"name":"PRODUCT","item":"https:\/\/princefastener.com\/product\/"},{"@type":"ListItem","position":3,"name":"Self Drilling Screws"}]},{"@type":"WebSite","@id":"https:\/\/princefastener.com\/#website","url":"https:\/\/princefastener.com\/","name":"Fabricante de Parafusos e Fixadores","description":"","publisher":{"@id":"https:\/\/princefastener.com\/#organization"},"potentialAction":[{"@type":"SearchAction","target":{"@type":"EntryPoint","urlTemplate":"https:\/\/princefastener.com\/?s={search_term_string}"},"query-input":{"@type":"PropertyValueSpecification","valueRequired":true,"valueName":"search_term_string"}}],"inLanguage":"pt-BR"},{"@type":"Organization","@id":"https:\/\/princefastener.com\/#organization","name":"prendedor de pr\u00edncipe","url":"https:\/\/princefastener.com\/","logo":{"@type":"ImageObject","inLanguage":"pt-BR","@id":"https:\/\/princefastener.com\/#\/schema\/logo\/image\/","url":"https:\/\/princefastener.com\/wp-content\/uploads\/2021\/04\/Prince-fastener-logo.png","contentUrl":"https:\/\/princefastener.com\/wp-content\/uploads\/2021\/04\/Prince-fastener-logo.png","width":630,"height":140,"caption":"Prince Fastener"},"image":{"@id":"https:\/\/princefastener.com\/#\/schema\/logo\/image\/"},"sameAs":["https:\/\/www.facebook.com\/Prince-Fastener-Manufacturing-Co-Ltd-107643758056794","https:\/\/x.com\/PrinceFastener","https:\/\/www.instagram.com\/princefastener001\/","https:\/\/www.linkedin.com\/company\/prince-fastener","https:\/\/www.pinterest.com\/PrinceFastenereric"]}]}},"_links":{"self":[{"href":"https:\/\/princefastener.com\/pt\/wp-json\/wp\/v2\/product\/885","targetHints":{"allow":["GET"]}}],"collection":[{"href":"https:\/\/princefastener.com\/pt\/wp-json\/wp\/v2\/product"}],"about":[{"href":"https:\/\/princefastener.com\/pt\/wp-json\/wp\/v2\/types\/product"}],"replies":[{"embeddable":true,"href":"https:\/\/princefastener.com\/pt\/wp-json\/wp\/v2\/comments?post=885"}],"version-history":[{"count":0,"href":"https:\/\/princefastener.com\/pt\/wp-json\/wp\/v2\/product\/885\/revisions"}],"wp:featuredmedia":[{"embeddable":true,"href":"https:\/\/princefastener.com\/pt\/wp-json\/wp\/v2\/media\/876"}],"wp:attachment":[{"href":"https:\/\/princefastener.com\/pt\/wp-json\/wp\/v2\/media?parent=885"}],"wp:term":[{"taxonomy":"product_brand","embeddable":true,"href":"https:\/\/princefastener.com\/pt\/wp-json\/wp\/v2\/product_brand?post=885"},{"taxonomy":"product_cat","embeddable":true,"href":"https:\/\/princefastener.com\/pt\/wp-json\/wp\/v2\/product_cat?post=885"},{"taxonomy":"product_tag","embeddable":true,"href":"https:\/\/princefastener.com\/pt\/wp-json\/wp\/v2\/product_tag?post=885"}],"curies":[{"name":"wp","href":"https:\/\/api.w.org\/{rel}","templated":true}]}}