{"id":1401,"date":"2021-08-05T22:23:18","date_gmt":"2021-08-05T14:23:18","guid":{"rendered":"https:\/\/princefastener.com\/?post_type=product&#038;p=1401"},"modified":"2021-09-26T21:20:17","modified_gmt":"2021-09-26T13:20:17","slug":"parafuso-de-cabeca-esferica-2","status":"publish","type":"product","link":"https:\/\/princefastener.com\/pt\/product\/ball-head-bolt\/","title":{"rendered":"Parafuso de cabe\u00e7a esf\u00e9rica"},"content":{"rendered":"<p>O parafuso de cabe\u00e7a esf\u00e9rica deve ter uma press\u00e3o final precisa, minimizando a espessura dos pinos da bucha, usando a mola de qualidade mais longa poss\u00edvel, o que reduzir\u00e1 a fadiga da mola e aumentar\u00e1 sua vida \u00fatil e facilidade de instala\u00e7\u00e3o. A altura da proje\u00e7\u00e3o da cabe\u00e7a esf\u00e9rica do corpo do \u00eambolo deve ser uniforme para cada \u00eambolo.<\/p>\n<p>Controles de usinagem precisos e procedimentos de inspe\u00e7\u00e3o rigorosos devem garantir que a diferen\u00e7a dimensional m\u00e1xima entre a altura de proje\u00e7\u00e3o de cada cabe\u00e7a de \u00eambolo n\u00e3o exceda 0,1 mm e, em alguns tamanhos, n\u00e3o exceda 0,05 mm. Embora possam ser equipados com uma chave de fenda ou chave Allen, a maioria dos especialistas recomenda o uso de uma chave especial de \u00eambolo de mola, especialmente para iniciantes.<\/p>\n<p>Usar a ferramenta errada corre o risco de comprimir demais a mola e danific\u00e1-la. Como qualquer t\u00e9cnico sabe, voc\u00ea deve sempre usar a ferramenta correta para o trabalho. O maior perigo ao instalar molas de \u00eambolo \u00e9 usar muito torque. Embora sejam como parafusos ou parafusos, seus corpos s\u00e3o ocos e h\u00e1 um limite para a quantidade de for\u00e7a que podem tolerar.<\/p>","protected":false},"excerpt":{"rendered":"<p>O parafuso de cabe\u00e7a esf\u00e9rica deve ter uma press\u00e3o final precisa, minimizando a espessura dos pinos da bucha, usando a mola de qualidade mais longa poss\u00edvel, o que reduzir\u00e1 a fadiga da mola e aumentar\u00e1 sua vida \u00fatil e facilidade de instala\u00e7\u00e3o. A altura da proje\u00e7\u00e3o da cabe\u00e7a esf\u00e9rica do corpo do \u00eambolo deve ser uniforme para cada \u00eambolo.<\/p>","protected":false},"featured_media":1383,"comment_status":"open","ping_status":"closed","template":"","meta":{"_seopress_robots_primary_cat":"0","_seopress_titles_title":"%%title%% %%page%% | From Screw Factories-Prince Fastener","_seopress_titles_desc":"Ball Head Bolt made of high-quality stainless steel, which is durable and not easy to rust,used for remote control vehicle off-road vehicle","_seopress_robots_index":"","_joinchat":[]},"product_brand":[],"product_cat":[83,33],"product_tag":[134,135,132,133],"class_list":{"0":"post-1401","1":"product","2":"type-product","3":"status-publish","4":"has-post-thumbnail","6":"product_cat-ball-head-screw","7":"product_cat-custom-fastener","8":"product_tag-ball-head-bolt","9":"product_tag-ball-head-bolts","10":"product_tag-ball-head-screw","11":"product_tag-ball-head-screws","13":"first","14":"instock","15":"shipping-taxable","16":"product-type-simple"},"yoast_head":"<!-- This site is optimized with the Yoast SEO plugin v27.3 - https:\/\/yoast.com\/product\/yoast-seo-wordpress\/ -->\n<title>Ball Head Bolt | From Screw Factories-Prince Fastener<\/title>\n<meta name=\"description\" content=\"Ball Head Bolt made of high-quality stainless steel, which is durable and not easy to rust,used for remote control vehicle off-road vehicle\" \/>\n<meta name=\"robots\" content=\"index, follow, max-snippet:-1, max-image-preview:large, max-video-preview:-1\" \/>\n<link rel=\"canonical\" href=\"https:\/\/princefastener.com\/pt\/produtos\/parafuso-de-cabeca-esferica-2\/\" \/>\n<meta property=\"og:locale\" content=\"pt_BR\" \/>\n<meta property=\"og:type\" content=\"article\" \/>\n<meta property=\"og:title\" content=\"Ball Head Bolt | From Screw Factories-Prince Fastener\" \/>\n<meta property=\"og:description\" content=\"Ball Head Bolt made of high-quality stainless steel, which is durable and not easy to rust,used for remote control vehicle off-road vehicle\" \/>\n<meta property=\"og:url\" content=\"https:\/\/princefastener.com\/pt\/produtos\/parafuso-de-cabeca-esferica-2\/\" \/>\n<meta property=\"og:site_name\" content=\"Screws and Fasteners Manufacturer\" \/>\n<meta property=\"article:publisher\" content=\"https:\/\/www.facebook.com\/Prince-Fastener-Manufacturing-Co-Ltd-107643758056794\" \/>\n<meta property=\"article:modified_time\" content=\"2021-09-26T13:20:17+00:00\" \/>\n<meta property=\"og:image\" content=\"https:\/\/princefastener.com\/wp-content\/uploads\/2021\/08\/ball-head-screw.jpg\" \/>\n\t<meta property=\"og:image:width\" content=\"1000\" \/>\n\t<meta property=\"og:image:height\" content=\"1000\" \/>\n\t<meta property=\"og:image:type\" content=\"image\/jpeg\" \/>\n<meta name=\"twitter:card\" content=\"summary_large_image\" \/>\n<meta name=\"twitter:site\" content=\"@PrinceFastener\" \/>\n<meta name=\"twitter:label1\" content=\"Est. tempo de leitura\" \/>\n\t<meta name=\"twitter:data1\" content=\"1 minuto\" \/>\n<!-- \/ Yoast SEO plugin. -->","yoast_head_json":{"title":"Parafuso de cabe\u00e7a esf\u00e9rica | Das f\u00e1bricas de parafusos-Prince Fastener","description":"Parafuso de cabe\u00e7a esf\u00e9rica feito de a\u00e7o inoxid\u00e1vel de alta qualidade, que \u00e9 dur\u00e1vel e n\u00e3o enferruja facilmente, usado para ve\u00edculos off-road de ve\u00edculos de controle remoto","robots":{"index":"index","follow":"follow","max-snippet":"max-snippet:-1","max-image-preview":"max-image-preview:large","max-video-preview":"max-video-preview:-1"},"canonical":"https:\/\/princefastener.com\/pt\/produtos\/parafuso-de-cabeca-esferica-2\/","og_locale":"pt_BR","og_type":"article","og_title":"Ball Head Bolt | From Screw Factories-Prince Fastener","og_description":"Ball Head Bolt made of high-quality stainless steel, which is durable and not easy to rust,used for remote control vehicle off-road vehicle","og_url":"https:\/\/princefastener.com\/pt\/produtos\/parafuso-de-cabeca-esferica-2\/","og_site_name":"Screws and Fasteners Manufacturer","article_publisher":"https:\/\/www.facebook.com\/Prince-Fastener-Manufacturing-Co-Ltd-107643758056794","article_modified_time":"2021-09-26T13:20:17+00:00","og_image":[{"width":1000,"height":1000,"url":"https:\/\/princefastener.com\/wp-content\/uploads\/2021\/08\/ball-head-screw.jpg","type":"image\/jpeg"}],"twitter_card":"summary_large_image","twitter_site":"@PrinceFastener","twitter_misc":{"Est. tempo de leitura":"1 minuto"},"schema":{"@context":"https:\/\/schema.org","@graph":[{"@type":"WebPage","@id":"https:\/\/princefastener.com\/product\/ball-head-bolt\/","url":"https:\/\/princefastener.com\/product\/ball-head-bolt\/","name":"Parafuso de cabe\u00e7a esf\u00e9rica | Das f\u00e1bricas de parafusos-Prince Fastener","isPartOf":{"@id":"https:\/\/princefastener.com\/#website"},"primaryImageOfPage":{"@id":"https:\/\/princefastener.com\/product\/ball-head-bolt\/#primaryimage"},"image":{"@id":"https:\/\/princefastener.com\/product\/ball-head-bolt\/#primaryimage"},"thumbnailUrl":"https:\/\/princefastener.com\/wp-content\/uploads\/2021\/08\/ball-head-screw.jpg","datePublished":"2021-08-05T14:23:18+00:00","dateModified":"2021-09-26T13:20:17+00:00","description":"Parafuso de cabe\u00e7a esf\u00e9rica feito de a\u00e7o inoxid\u00e1vel de alta qualidade, que \u00e9 dur\u00e1vel e n\u00e3o enferruja facilmente, usado para ve\u00edculos off-road de ve\u00edculos de controle remoto","breadcrumb":{"@id":"https:\/\/princefastener.com\/product\/ball-head-bolt\/#breadcrumb"},"inLanguage":"pt-BR","potentialAction":[{"@type":"ReadAction","target":["https:\/\/princefastener.com\/product\/ball-head-bolt\/"]}]},{"@type":"ImageObject","inLanguage":"pt-BR","@id":"https:\/\/princefastener.com\/product\/ball-head-bolt\/#primaryimage","url":"https:\/\/princefastener.com\/wp-content\/uploads\/2021\/08\/ball-head-screw.jpg","contentUrl":"https:\/\/princefastener.com\/wp-content\/uploads\/2021\/08\/ball-head-screw.jpg","width":1000,"height":1000,"caption":"ball head screw"},{"@type":"BreadcrumbList","@id":"https:\/\/princefastener.com\/product\/ball-head-bolt\/#breadcrumb","itemListElement":[{"@type":"ListItem","position":1,"name":"Home","item":"https:\/\/princefastener.com\/"},{"@type":"ListItem","position":2,"name":"PRODUCT","item":"https:\/\/princefastener.com\/product\/"},{"@type":"ListItem","position":3,"name":"Ball Head Bolt"}]},{"@type":"WebSite","@id":"https:\/\/princefastener.com\/#website","url":"https:\/\/princefastener.com\/","name":"Fabricante de Parafusos e Fixadores","description":"","publisher":{"@id":"https:\/\/princefastener.com\/#organization"},"potentialAction":[{"@type":"SearchAction","target":{"@type":"EntryPoint","urlTemplate":"https:\/\/princefastener.com\/?s={search_term_string}"},"query-input":{"@type":"PropertyValueSpecification","valueRequired":true,"valueName":"search_term_string"}}],"inLanguage":"pt-BR"},{"@type":"Organization","@id":"https:\/\/princefastener.com\/#organization","name":"prendedor de pr\u00edncipe","url":"https:\/\/princefastener.com\/","logo":{"@type":"ImageObject","inLanguage":"pt-BR","@id":"https:\/\/princefastener.com\/#\/schema\/logo\/image\/","url":"https:\/\/princefastener.com\/wp-content\/uploads\/2021\/04\/Prince-fastener-logo.png","contentUrl":"https:\/\/princefastener.com\/wp-content\/uploads\/2021\/04\/Prince-fastener-logo.png","width":630,"height":140,"caption":"Prince Fastener"},"image":{"@id":"https:\/\/princefastener.com\/#\/schema\/logo\/image\/"},"sameAs":["https:\/\/www.facebook.com\/Prince-Fastener-Manufacturing-Co-Ltd-107643758056794","https:\/\/x.com\/PrinceFastener","https:\/\/www.instagram.com\/princefastener001\/","https:\/\/www.linkedin.com\/company\/prince-fastener","https:\/\/www.pinterest.com\/PrinceFastenereric"]}]}},"_links":{"self":[{"href":"https:\/\/princefastener.com\/pt\/wp-json\/wp\/v2\/product\/1401","targetHints":{"allow":["GET"]}}],"collection":[{"href":"https:\/\/princefastener.com\/pt\/wp-json\/wp\/v2\/product"}],"about":[{"href":"https:\/\/princefastener.com\/pt\/wp-json\/wp\/v2\/types\/product"}],"replies":[{"embeddable":true,"href":"https:\/\/princefastener.com\/pt\/wp-json\/wp\/v2\/comments?post=1401"}],"version-history":[{"count":0,"href":"https:\/\/princefastener.com\/pt\/wp-json\/wp\/v2\/product\/1401\/revisions"}],"wp:featuredmedia":[{"embeddable":true,"href":"https:\/\/princefastener.com\/pt\/wp-json\/wp\/v2\/media\/1383"}],"wp:attachment":[{"href":"https:\/\/princefastener.com\/pt\/wp-json\/wp\/v2\/media?parent=1401"}],"wp:term":[{"taxonomy":"product_brand","embeddable":true,"href":"https:\/\/princefastener.com\/pt\/wp-json\/wp\/v2\/product_brand?post=1401"},{"taxonomy":"product_cat","embeddable":true,"href":"https:\/\/princefastener.com\/pt\/wp-json\/wp\/v2\/product_cat?post=1401"},{"taxonomy":"product_tag","embeddable":true,"href":"https:\/\/princefastener.com\/pt\/wp-json\/wp\/v2\/product_tag?post=1401"}],"curies":[{"name":"wp","href":"https:\/\/api.w.org\/{rel}","templated":true}]}}