{"id":1394,"date":"2021-08-05T22:21:19","date_gmt":"2021-08-05T14:21:19","guid":{"rendered":"https:\/\/princefastener.com\/?post_type=product&#038;p=1394"},"modified":"2021-09-26T21:18:08","modified_gmt":"2021-09-26T13:18:08","slug":"parafusos-de-passo-2","status":"publish","type":"product","link":"https:\/\/princefastener.com\/pt\/product\/step-screws\/","title":{"rendered":"Parafusos de passo"},"content":{"rendered":"<p>Um parafuso escalonado \u00e9 simplesmente entendido como um parafuso n\u00e3o padronizado com mais de dois degraus. Isso \u00e9 o que chamamos de parafuso de passo. Este tipo de parafuso escalonado normalmente n\u00e3o est\u00e1 dispon\u00edvel em estoque e \u00e9 produzido apenas por moldagem.<\/p>\n<p>O m\u00e9todo de montagem complexo original de usar parafusos com mangas de cobre, etc., foi completamente abandonado e seu uso reduz custos diretamente e fornece uma solu\u00e7\u00e3o de conex\u00e3o mais confi\u00e1vel e conveniente.<br \/>\nA Prince Fastener Screw Factory usa novos equipamentos de fixa\u00e7\u00e3o importados de alta precis\u00e3o, fio famoso e excelente e tecnologia de produ\u00e7\u00e3o l\u00edder internacional para produzir e vender parafusos de passo padr\u00e3o e n\u00e3o padronizados nacionais. A empresa produz fixadores, incluindo parafusos autorroscantes, parafusos combinados, parafusos escalonados, degraus e parafusos ecol\u00f3gicos, todos os quais atendem aos requisitos dos padr\u00f5es GB nacionais, ISO internacional, ANSI americano, BS brit\u00e2nico, padr\u00f5es japoneses JIS e padr\u00f5es alem\u00e3es DIN.<\/p>\n<p>Eles s\u00e3o adequados para v\u00e1rios produtos de comunica\u00e7\u00e3o, instrumentos eletr\u00f4nicos, medidores, computadores, produtos digitais, eletrodom\u00e9sticos, brinquedos el\u00e9tricos, todos os tipos de movimentos e outras precis\u00e3o<\/p>","protected":false},"excerpt":{"rendered":"<p>Um parafuso escalonado \u00e9 simplesmente entendido como um parafuso n\u00e3o padronizado com mais de dois degraus. Isso \u00e9 o que chamamos de parafuso de passo. Este tipo de parafuso escalonado normalmente n\u00e3o est\u00e1 dispon\u00edvel em estoque e \u00e9 produzido apenas por moldagem.<\/p>","protected":false},"featured_media":1395,"comment_status":"open","ping_status":"closed","template":"","meta":{"_seopress_robots_primary_cat":"0","_seopress_titles_title":"%%title%% %%page%% | From Screw Factories-Prince Fastener","_seopress_titles_desc":"Prince Fastener produces fasteners including self-tapping screws, combination screws, step screws, steps and environmentally friendly screws","_seopress_robots_index":"","_joinchat":[]},"product_brand":[],"product_cat":[33,86],"product_tag":[138,139,136,137],"class_list":{"0":"post-1394","1":"product","2":"type-product","3":"status-publish","4":"has-post-thumbnail","6":"product_cat-custom-fastener","7":"product_cat-step-screws","8":"product_tag-step-bolt","9":"product_tag-step-bolts","10":"product_tag-step-screw","11":"product_tag-step-screws","13":"first","14":"instock","15":"shipping-taxable","16":"product-type-simple"},"yoast_head":"<!-- This site is optimized with the Yoast SEO plugin v27.3 - https:\/\/yoast.com\/product\/yoast-seo-wordpress\/ -->\n<title>Step Screws | From Screw Factories-Prince Fastener<\/title>\n<meta name=\"description\" content=\"Prince Fastener produces fasteners including self-tapping screws, combination screws, step screws, steps and environmentally friendly screws\" \/>\n<meta name=\"robots\" content=\"index, follow, max-snippet:-1, max-image-preview:large, max-video-preview:-1\" \/>\n<link rel=\"canonical\" href=\"https:\/\/princefastener.com\/pt\/produtos\/parafusos-de-passo-2\/\" \/>\n<meta property=\"og:locale\" content=\"pt_BR\" \/>\n<meta property=\"og:type\" content=\"article\" \/>\n<meta property=\"og:title\" content=\"Step Screws | From Screw Factories-Prince Fastener\" \/>\n<meta property=\"og:description\" content=\"Prince Fastener produces fasteners including self-tapping screws, combination screws, step screws, steps and environmentally friendly screws\" \/>\n<meta property=\"og:url\" content=\"https:\/\/princefastener.com\/pt\/produtos\/parafusos-de-passo-2\/\" \/>\n<meta property=\"og:site_name\" content=\"Screws and Fasteners Manufacturer\" \/>\n<meta property=\"article:publisher\" content=\"https:\/\/www.facebook.com\/Prince-Fastener-Manufacturing-Co-Ltd-107643758056794\" \/>\n<meta property=\"article:modified_time\" content=\"2021-09-26T13:18:08+00:00\" \/>\n<meta property=\"og:image\" content=\"https:\/\/princefastener.com\/wp-content\/uploads\/2021\/08\/step-bolt.jpg\" \/>\n\t<meta property=\"og:image:width\" content=\"1000\" \/>\n\t<meta property=\"og:image:height\" content=\"1000\" \/>\n\t<meta property=\"og:image:type\" content=\"image\/jpeg\" \/>\n<meta name=\"twitter:card\" content=\"summary_large_image\" \/>\n<meta name=\"twitter:site\" content=\"@PrinceFastener\" \/>\n<meta name=\"twitter:label1\" content=\"Est. tempo de leitura\" \/>\n\t<meta name=\"twitter:data1\" content=\"1 minuto\" \/>\n<!-- \/ Yoast SEO plugin. -->","yoast_head_json":{"title":"Parafusos Degraus | Das f\u00e1bricas de parafusos-Prince Fastener","description":"A Prince Fastener produz fixadores, incluindo parafusos autorroscantes, parafusos combinados, parafusos escalonados, degraus e parafusos ecol\u00f3gicos","robots":{"index":"index","follow":"follow","max-snippet":"max-snippet:-1","max-image-preview":"max-image-preview:large","max-video-preview":"max-video-preview:-1"},"canonical":"https:\/\/princefastener.com\/pt\/produtos\/parafusos-de-passo-2\/","og_locale":"pt_BR","og_type":"article","og_title":"Step Screws | From Screw Factories-Prince Fastener","og_description":"Prince Fastener produces fasteners including self-tapping screws, combination screws, step screws, steps and environmentally friendly screws","og_url":"https:\/\/princefastener.com\/pt\/produtos\/parafusos-de-passo-2\/","og_site_name":"Screws and Fasteners Manufacturer","article_publisher":"https:\/\/www.facebook.com\/Prince-Fastener-Manufacturing-Co-Ltd-107643758056794","article_modified_time":"2021-09-26T13:18:08+00:00","og_image":[{"width":1000,"height":1000,"url":"https:\/\/princefastener.com\/wp-content\/uploads\/2021\/08\/step-bolt.jpg","type":"image\/jpeg"}],"twitter_card":"summary_large_image","twitter_site":"@PrinceFastener","twitter_misc":{"Est. tempo de leitura":"1 minuto"},"schema":{"@context":"https:\/\/schema.org","@graph":[{"@type":"WebPage","@id":"https:\/\/princefastener.com\/product\/step-screws\/","url":"https:\/\/princefastener.com\/product\/step-screws\/","name":"Parafusos Degraus | Das f\u00e1bricas de parafusos-Prince Fastener","isPartOf":{"@id":"https:\/\/princefastener.com\/#website"},"primaryImageOfPage":{"@id":"https:\/\/princefastener.com\/product\/step-screws\/#primaryimage"},"image":{"@id":"https:\/\/princefastener.com\/product\/step-screws\/#primaryimage"},"thumbnailUrl":"https:\/\/princefastener.com\/wp-content\/uploads\/2021\/08\/step-bolt.jpg","datePublished":"2021-08-05T14:21:19+00:00","dateModified":"2021-09-26T13:18:08+00:00","description":"A Prince Fastener produz fixadores, incluindo parafusos autorroscantes, parafusos combinados, parafusos escalonados, degraus e parafusos ecol\u00f3gicos","breadcrumb":{"@id":"https:\/\/princefastener.com\/product\/step-screws\/#breadcrumb"},"inLanguage":"pt-BR","potentialAction":[{"@type":"ReadAction","target":["https:\/\/princefastener.com\/product\/step-screws\/"]}]},{"@type":"ImageObject","inLanguage":"pt-BR","@id":"https:\/\/princefastener.com\/product\/step-screws\/#primaryimage","url":"https:\/\/princefastener.com\/wp-content\/uploads\/2021\/08\/step-bolt.jpg","contentUrl":"https:\/\/princefastener.com\/wp-content\/uploads\/2021\/08\/step-bolt.jpg","width":1000,"height":1000,"caption":"step bolt"},{"@type":"BreadcrumbList","@id":"https:\/\/princefastener.com\/product\/step-screws\/#breadcrumb","itemListElement":[{"@type":"ListItem","position":1,"name":"Home","item":"https:\/\/princefastener.com\/"},{"@type":"ListItem","position":2,"name":"PRODUCT","item":"https:\/\/princefastener.com\/product\/"},{"@type":"ListItem","position":3,"name":"Step Screws"}]},{"@type":"WebSite","@id":"https:\/\/princefastener.com\/#website","url":"https:\/\/princefastener.com\/","name":"Fabricante de Parafusos e Fixadores","description":"","publisher":{"@id":"https:\/\/princefastener.com\/#organization"},"potentialAction":[{"@type":"SearchAction","target":{"@type":"EntryPoint","urlTemplate":"https:\/\/princefastener.com\/?s={search_term_string}"},"query-input":{"@type":"PropertyValueSpecification","valueRequired":true,"valueName":"search_term_string"}}],"inLanguage":"pt-BR"},{"@type":"Organization","@id":"https:\/\/princefastener.com\/#organization","name":"prendedor de pr\u00edncipe","url":"https:\/\/princefastener.com\/","logo":{"@type":"ImageObject","inLanguage":"pt-BR","@id":"https:\/\/princefastener.com\/#\/schema\/logo\/image\/","url":"https:\/\/princefastener.com\/wp-content\/uploads\/2021\/04\/Prince-fastener-logo.png","contentUrl":"https:\/\/princefastener.com\/wp-content\/uploads\/2021\/04\/Prince-fastener-logo.png","width":630,"height":140,"caption":"Prince Fastener"},"image":{"@id":"https:\/\/princefastener.com\/#\/schema\/logo\/image\/"},"sameAs":["https:\/\/www.facebook.com\/Prince-Fastener-Manufacturing-Co-Ltd-107643758056794","https:\/\/x.com\/PrinceFastener","https:\/\/www.instagram.com\/princefastener001\/","https:\/\/www.linkedin.com\/company\/prince-fastener","https:\/\/www.pinterest.com\/PrinceFastenereric"]}]}},"_links":{"self":[{"href":"https:\/\/princefastener.com\/pt\/wp-json\/wp\/v2\/product\/1394","targetHints":{"allow":["GET"]}}],"collection":[{"href":"https:\/\/princefastener.com\/pt\/wp-json\/wp\/v2\/product"}],"about":[{"href":"https:\/\/princefastener.com\/pt\/wp-json\/wp\/v2\/types\/product"}],"replies":[{"embeddable":true,"href":"https:\/\/princefastener.com\/pt\/wp-json\/wp\/v2\/comments?post=1394"}],"version-history":[{"count":0,"href":"https:\/\/princefastener.com\/pt\/wp-json\/wp\/v2\/product\/1394\/revisions"}],"wp:featuredmedia":[{"embeddable":true,"href":"https:\/\/princefastener.com\/pt\/wp-json\/wp\/v2\/media\/1395"}],"wp:attachment":[{"href":"https:\/\/princefastener.com\/pt\/wp-json\/wp\/v2\/media?parent=1394"}],"wp:term":[{"taxonomy":"product_brand","embeddable":true,"href":"https:\/\/princefastener.com\/pt\/wp-json\/wp\/v2\/product_brand?post=1394"},{"taxonomy":"product_cat","embeddable":true,"href":"https:\/\/princefastener.com\/pt\/wp-json\/wp\/v2\/product_cat?post=1394"},{"taxonomy":"product_tag","embeddable":true,"href":"https:\/\/princefastener.com\/pt\/wp-json\/wp\/v2\/product_tag?post=1394"}],"curies":[{"name":"wp","href":"https:\/\/api.w.org\/{rel}","templated":true}]}}