{"id":1389,"date":"2021-08-05T21:55:18","date_gmt":"2021-08-05T13:55:18","guid":{"rendered":"https:\/\/princefastener.com\/?post_type=product&#038;p=1389"},"modified":"2024-11-04T14:55:54","modified_gmt":"2024-11-04T06:55:54","slug":"parafusos-de-cabeca-dupla","status":"publish","type":"product","link":"https:\/\/princefastener.com\/pt\/product\/double-headed-screws\/","title":{"rendered":"Parafusos de cabe\u00e7a dupla"},"content":{"rendered":"<p>Parafusos de cabe\u00e7a dupla s\u00e3o usados para conectar a fun\u00e7\u00e3o de link fixo de m\u00e1quinas. Parafusos de cabe\u00e7a dupla t\u00eam roscas em ambas as extremidades e um parafuso no meio, grosso e fino. Eles s\u00e3o geralmente usados em m\u00e1quinas de minera\u00e7\u00e3o, pontes, carros, motocicletas, estruturas de a\u00e7o de caldeiras, torres de guindastes, estruturas de a\u00e7o de grandes v\u00e3os e grandes edif\u00edcios.<\/p>\n<p>Parafusos de cabe\u00e7a dupla geralmente requerem tratamento de superf\u00edcie. Existem muitos tipos de tratamento de superf\u00edcie de parafusos, geralmente comumente usados s\u00e3o galvanoplastia, escurecimento, oxida\u00e7\u00e3o, fosfatiza\u00e7\u00e3o, tratamento de revestimento de flocos de zinco n\u00e3o eletrol\u00edtico, etc. No entanto, fixadores galvanizados s\u00e3o respons\u00e1veis por uma grande propor\u00e7\u00e3o do uso real de fixadores. Em particular, eles s\u00e3o mais amplamente usados em ind\u00fastrias e campos como autom\u00f3veis, tratores, eletrodom\u00e9sticos, instrumenta\u00e7\u00e3o, aeroespacial,<a href=\"https:\/\/www.delongtop.com\/\" target=\"_blank\" rel=\"noopener\">energia solar<\/a> e comunica\u00e7\u00f5es. No entanto, para fixadores roscados, n\u00e3o apenas \u00e9 necess\u00e1rio um certo grau de resist\u00eancia \u00e0 corros\u00e3o em uso, mas tamb\u00e9m a intercambialidade das roscas deve ser garantida, o que tamb\u00e9m pode ser chamado aqui de spinability. Para atender aos requisitos de &#039;prote\u00e7\u00e3o contra corros\u00e3o&#039; e &#039;intercambialidade&#039; dos fixadores roscados em uso, \u00e9 essencial ter um padr\u00e3o de galvanoplastia espec\u00edfico.<\/p>\n<p>A produ\u00e7\u00e3o de parafusos de cabe\u00e7a dupla requer equipamento fixo e processamento de m\u00e1quinas-ferramenta, mas o procedimento de processamento \u00e9 relativamente simples, existem principalmente os seguintes processos: primeiro de tudo, \u00e9 necess\u00e1rio puxar o material, puxar o material \u00e9 usar o puxador m\u00e1quina para puxar o material distorcido reto, ap\u00f3s este processo para realizar o pr\u00f3ximo processo, o pr\u00f3ximo processo \u00e9 usar a m\u00e1quina de corte para puxar o material reto longo de acordo com os requisitos do cliente cortado no comprimento exigido pelo cliente, que \u00e9 conclu\u00eddo O segundo processo, e o terceiro processo, \u00e9 colocar o material curto cortado na m\u00e1quina de lamina\u00e7\u00e3o de arame para desenrolar a fivela de arame; aqui o parafuso comum de duas cabe\u00e7as \u00e9 conclu\u00eddo, mas \u00e9 claro que se outros requisitos forem necess\u00e1rios, outros processos tamb\u00e9m ser\u00e3o necess\u00e1rios.<\/p>\n<p>O parafuso \u00e9 geralmente conhecido como um parafuso de di\u00e2metro maior, segundo o qual o parafuso \u00e9 muito menor em di\u00e2metro em compara\u00e7\u00e3o com o parafuso. Os parafusos de cabe\u00e7a dupla n\u00e3o t\u00eam cabe\u00e7a e tamb\u00e9m s\u00e3o chamados de pernos de cabe\u00e7a dupla. Os parafusos de cabe\u00e7a dupla s\u00e3o rosqueados nas duas extremidades e n\u00e3o cont\u00eam uma rosca no meio, que \u00e9 uma haste nua. Parafusos de cabe\u00e7a dupla s\u00e3o utilizados em equipamentos de grande porte, como carca\u00e7as de redutores. Na pr\u00e1tica, a carga externa ter\u00e1 uma vibra\u00e7\u00e3o mais a influ\u00eancia da temperatura far\u00e1 com que o atrito fique menor, e com o tempo a conex\u00e3o roscada vai se soltando e falhando. Portanto, \u00e9 necess\u00e1rio fazer um bom trabalho de manuten\u00e7\u00e3o dos parafusos de cabe\u00e7a dupla em tempos normais. Parafusos de cabe\u00e7a dupla ou parafusos de p\u00e9 no papel de fric\u00e7\u00e3o mec\u00e2nica por um longo tempo ser\u00e3o um problema, em caso de problema ter\u00e1 que remover o c\u00e1rter do \u00f3leo do motor, verifique cuidadosamente o uso da telha do eixo do motor, verifique a folga entre o bloco do eixo \u00e9 muito grande, se o espa\u00e7o for muito grande, deve ser substitu\u00eddo em tempo h\u00e1bil. Na substitui\u00e7\u00e3o dos parafusos de cabe\u00e7a dupla tamb\u00e9m devem ser substitu\u00eddos os parafusos da biela. Alguns equipamentos grandes, como a m\u00e1quina de fazer pregos na opera\u00e7\u00e3o normal, se voc\u00ea achar que o motor n\u00e3o est\u00e1 muito est\u00e1vel ao funcionar ou aparece ru\u00eddo estranho, mas tamb\u00e9m pare a tempo de verificar, para evitar problemas maiores<\/p>","protected":false},"excerpt":{"rendered":"<p>Parafusos de cabe\u00e7a dupla s\u00e3o usados para conectar a fun\u00e7\u00e3o de link fixo de m\u00e1quinas. Parafusos de cabe\u00e7a dupla t\u00eam roscas em ambas as extremidades e um parafuso no meio, grosso e fino. Eles s\u00e3o geralmente usados em m\u00e1quinas de minera\u00e7\u00e3o, pontes, carros, motocicletas, estruturas de a\u00e7o de caldeiras, torres de guindastes, estruturas de a\u00e7o de grandes v\u00e3os e grandes edif\u00edcios.<\/p>","protected":false},"featured_media":1392,"comment_status":"open","ping_status":"closed","template":"","meta":{"_seopress_robots_primary_cat":"0","_seopress_titles_title":"%%title%% %%page%% | From Screw Factories-Prince Fastener","_seopress_titles_desc":"Double-headed Screws generally used in mining machinery, bridges, cars, motorbikes, boiler steel structures, crane towers","_seopress_robots_index":"","_joinchat":[]},"product_brand":[],"product_cat":[33,126],"product_tag":[130,131,129,128,127],"class_list":{"0":"post-1389","1":"product","2":"type-product","3":"status-publish","4":"has-post-thumbnail","6":"product_cat-custom-fastener","7":"product_cat-double-headed-screws","8":"product_tag-double-head-bolt","9":"product_tag-double-head-bolts","10":"product_tag-double-head-screw","11":"product_tag-double-head-screws","12":"product_tag-double-headed-screws","14":"first","15":"instock","16":"shipping-taxable","17":"product-type-simple"},"yoast_head":"<!-- This site is optimized with the Yoast SEO plugin v27.3 - https:\/\/yoast.com\/product\/yoast-seo-wordpress\/ -->\n<title>Double-headed Screws | From Screw Factories-Prince Fastener<\/title>\n<meta name=\"description\" content=\"Double-headed Screws generally used in mining machinery, bridges, cars, motorbikes, boiler steel structures, crane towers\" \/>\n<meta name=\"robots\" content=\"index, follow, max-snippet:-1, max-image-preview:large, max-video-preview:-1\" \/>\n<link rel=\"canonical\" href=\"https:\/\/princefastener.com\/pt\/produtos\/parafusos-de-cabeca-dupla\/\" \/>\n<meta property=\"og:locale\" content=\"pt_BR\" \/>\n<meta property=\"og:type\" content=\"article\" \/>\n<meta property=\"og:title\" content=\"Double-headed Screws | From Screw Factories-Prince Fastener\" \/>\n<meta property=\"og:description\" content=\"Double-headed Screws generally used in mining machinery, bridges, cars, motorbikes, boiler steel structures, crane towers\" \/>\n<meta property=\"og:url\" content=\"https:\/\/princefastener.com\/pt\/produtos\/parafusos-de-cabeca-dupla\/\" \/>\n<meta property=\"og:site_name\" content=\"Screws and Fasteners Manufacturer\" \/>\n<meta property=\"article:publisher\" content=\"https:\/\/www.facebook.com\/Prince-Fastener-Manufacturing-Co-Ltd-107643758056794\" \/>\n<meta property=\"article:modified_time\" content=\"2024-11-04T06:55:54+00:00\" \/>\n<meta property=\"og:image\" content=\"https:\/\/princefastener.com\/wp-content\/uploads\/2021\/08\/double-headed-screw.jpg\" \/>\n\t<meta property=\"og:image:width\" content=\"1000\" \/>\n\t<meta property=\"og:image:height\" content=\"1000\" \/>\n\t<meta property=\"og:image:type\" content=\"image\/jpeg\" \/>\n<meta name=\"twitter:card\" content=\"summary_large_image\" \/>\n<meta name=\"twitter:site\" content=\"@PrinceFastener\" \/>\n<meta name=\"twitter:label1\" content=\"Est. tempo de leitura\" \/>\n\t<meta name=\"twitter:data1\" content=\"3 minutos\" \/>\n<!-- \/ Yoast SEO plugin. -->","yoast_head_json":{"title":"Parafusos de cabe\u00e7a dupla | Das f\u00e1bricas de parafusos-Prince Fastener","description":"Parafusos de cabe\u00e7a dupla geralmente usados em m\u00e1quinas de minera\u00e7\u00e3o, pontes, carros, motos, estruturas de a\u00e7o de caldeiras, torres de guindastes","robots":{"index":"index","follow":"follow","max-snippet":"max-snippet:-1","max-image-preview":"max-image-preview:large","max-video-preview":"max-video-preview:-1"},"canonical":"https:\/\/princefastener.com\/pt\/produtos\/parafusos-de-cabeca-dupla\/","og_locale":"pt_BR","og_type":"article","og_title":"Double-headed Screws | From Screw Factories-Prince Fastener","og_description":"Double-headed Screws generally used in mining machinery, bridges, cars, motorbikes, boiler steel structures, crane towers","og_url":"https:\/\/princefastener.com\/pt\/produtos\/parafusos-de-cabeca-dupla\/","og_site_name":"Screws and Fasteners Manufacturer","article_publisher":"https:\/\/www.facebook.com\/Prince-Fastener-Manufacturing-Co-Ltd-107643758056794","article_modified_time":"2024-11-04T06:55:54+00:00","og_image":[{"width":1000,"height":1000,"url":"https:\/\/princefastener.com\/wp-content\/uploads\/2021\/08\/double-headed-screw.jpg","type":"image\/jpeg"}],"twitter_card":"summary_large_image","twitter_site":"@PrinceFastener","twitter_misc":{"Est. tempo de leitura":"3 minutos"},"schema":{"@context":"https:\/\/schema.org","@graph":[{"@type":"WebPage","@id":"https:\/\/princefastener.com\/product\/double-headed-screws\/","url":"https:\/\/princefastener.com\/product\/double-headed-screws\/","name":"Parafusos de cabe\u00e7a dupla | Das f\u00e1bricas de parafusos-Prince Fastener","isPartOf":{"@id":"https:\/\/princefastener.com\/#website"},"primaryImageOfPage":{"@id":"https:\/\/princefastener.com\/product\/double-headed-screws\/#primaryimage"},"image":{"@id":"https:\/\/princefastener.com\/product\/double-headed-screws\/#primaryimage"},"thumbnailUrl":"https:\/\/princefastener.com\/wp-content\/uploads\/2021\/08\/double-headed-screw.jpg","datePublished":"2021-08-05T13:55:18+00:00","dateModified":"2024-11-04T06:55:54+00:00","description":"Parafusos de cabe\u00e7a dupla geralmente usados em m\u00e1quinas de minera\u00e7\u00e3o, pontes, carros, motos, estruturas de a\u00e7o de caldeiras, torres de guindastes","breadcrumb":{"@id":"https:\/\/princefastener.com\/product\/double-headed-screws\/#breadcrumb"},"inLanguage":"pt-BR","potentialAction":[{"@type":"ReadAction","target":["https:\/\/princefastener.com\/product\/double-headed-screws\/"]}]},{"@type":"ImageObject","inLanguage":"pt-BR","@id":"https:\/\/princefastener.com\/product\/double-headed-screws\/#primaryimage","url":"https:\/\/princefastener.com\/wp-content\/uploads\/2021\/08\/double-headed-screw.jpg","contentUrl":"https:\/\/princefastener.com\/wp-content\/uploads\/2021\/08\/double-headed-screw.jpg","width":1000,"height":1000,"caption":"double headed screw"},{"@type":"BreadcrumbList","@id":"https:\/\/princefastener.com\/product\/double-headed-screws\/#breadcrumb","itemListElement":[{"@type":"ListItem","position":1,"name":"Home","item":"https:\/\/princefastener.com\/"},{"@type":"ListItem","position":2,"name":"PRODUCT","item":"https:\/\/princefastener.com\/product\/"},{"@type":"ListItem","position":3,"name":"Double-headed Screws"}]},{"@type":"WebSite","@id":"https:\/\/princefastener.com\/#website","url":"https:\/\/princefastener.com\/","name":"Fabricante de Parafusos e Fixadores","description":"","publisher":{"@id":"https:\/\/princefastener.com\/#organization"},"potentialAction":[{"@type":"SearchAction","target":{"@type":"EntryPoint","urlTemplate":"https:\/\/princefastener.com\/?s={search_term_string}"},"query-input":{"@type":"PropertyValueSpecification","valueRequired":true,"valueName":"search_term_string"}}],"inLanguage":"pt-BR"},{"@type":"Organization","@id":"https:\/\/princefastener.com\/#organization","name":"prendedor de pr\u00edncipe","url":"https:\/\/princefastener.com\/","logo":{"@type":"ImageObject","inLanguage":"pt-BR","@id":"https:\/\/princefastener.com\/#\/schema\/logo\/image\/","url":"https:\/\/princefastener.com\/wp-content\/uploads\/2021\/04\/Prince-fastener-logo.png","contentUrl":"https:\/\/princefastener.com\/wp-content\/uploads\/2021\/04\/Prince-fastener-logo.png","width":630,"height":140,"caption":"Prince Fastener"},"image":{"@id":"https:\/\/princefastener.com\/#\/schema\/logo\/image\/"},"sameAs":["https:\/\/www.facebook.com\/Prince-Fastener-Manufacturing-Co-Ltd-107643758056794","https:\/\/x.com\/PrinceFastener","https:\/\/www.instagram.com\/princefastener001\/","https:\/\/www.linkedin.com\/company\/prince-fastener","https:\/\/www.pinterest.com\/PrinceFastenereric"]}]}},"_links":{"self":[{"href":"https:\/\/princefastener.com\/pt\/wp-json\/wp\/v2\/product\/1389","targetHints":{"allow":["GET"]}}],"collection":[{"href":"https:\/\/princefastener.com\/pt\/wp-json\/wp\/v2\/product"}],"about":[{"href":"https:\/\/princefastener.com\/pt\/wp-json\/wp\/v2\/types\/product"}],"replies":[{"embeddable":true,"href":"https:\/\/princefastener.com\/pt\/wp-json\/wp\/v2\/comments?post=1389"}],"version-history":[{"count":0,"href":"https:\/\/princefastener.com\/pt\/wp-json\/wp\/v2\/product\/1389\/revisions"}],"wp:featuredmedia":[{"embeddable":true,"href":"https:\/\/princefastener.com\/pt\/wp-json\/wp\/v2\/media\/1392"}],"wp:attachment":[{"href":"https:\/\/princefastener.com\/pt\/wp-json\/wp\/v2\/media?parent=1389"}],"wp:term":[{"taxonomy":"product_brand","embeddable":true,"href":"https:\/\/princefastener.com\/pt\/wp-json\/wp\/v2\/product_brand?post=1389"},{"taxonomy":"product_cat","embeddable":true,"href":"https:\/\/princefastener.com\/pt\/wp-json\/wp\/v2\/product_cat?post=1389"},{"taxonomy":"product_tag","embeddable":true,"href":"https:\/\/princefastener.com\/pt\/wp-json\/wp\/v2\/product_tag?post=1389"}],"curies":[{"name":"wp","href":"https:\/\/api.w.org\/{rel}","templated":true}]}}