{"id":1356,"date":"2021-07-22T22:29:51","date_gmt":"2021-07-22T14:29:51","guid":{"rendered":"https:\/\/princefastener.com\/?post_type=product&#038;p=1356"},"modified":"2021-09-26T20:21:19","modified_gmt":"2021-09-26T12:21:19","slug":"parafusos-auto-roscantes-de-cabeca-chata","status":"publish","type":"product","link":"https:\/\/princefastener.com\/pt\/product\/self-tapping-flat-head-screws\/","title":{"rendered":"Parafusos auto-roscantes com fenda quadrada"},"content":{"rendered":"<p>[table id=2 \/]<\/p>\n<h2>Application of Square Slotted Self tapping screws<\/h2>\n<p>Self Tapping Flat Head Screws are used in a range of purposes ranging from DIY carpentry to surgery.<\/p>\n<p>A Prince fastener Self Tapping Flat Head Screws<span data-spm-anchor-id=\"a2700.pc-decorate.0.i3.27b23333bV5Gqm\">\u00a0Manufacturer<\/span> can precisely be described in reality a tapping screw, however is additionally usually referred to as a sheet<br \/>\nmetallic screw, for the reason that they are used so closely in the sheet steel trade.<\/p>\n<p>Whichever identify is used, a Prince fastener Self Tapping Flat Head Screws (or sheet metallic screw), is unique as such due to the fact it consists of shape<br \/>\nmating threads (thereby \u201ctapping\u201d the threads) in a pre-drilled gap into which they are driven.<\/p>\n<h2 class=\"text-title\" data-id=\"below-title\">Square Slotted Self tapping screws<\/h2>\n<div class=\"text-content\" data-id=\"below-content\"><span data-spm-anchor-id=\"a2700.details.0.i24.56434895ISp3fz\"><span data-spm-anchor-id=\"a2700.details.0.i24.56434895ISp3fz\"><br \/>\nSelf Tapping Flat Head Screws are a class of threaded fastener that shape threads (tapping threads) as the screw is pushed into a pre-drilled hole. Prince fastener Self tapping screws consist of thread cutting, thread rolling, and self drilling screws.<\/span><\/span>Our self tapping screws can be personalized to your utility and industry.Self-tapping screws have a large vary of tip and thread patterns, and are reachable with nearly any feasible screw head design.<\/div>\n<div data-id=\"below-content\"><\/div>\n<div class=\"text-content\" data-id=\"below-content\">Common facets are the screw thread protecting the entire size of the Prince fastener screw from tip to head and a mentioned thread tough ample for the supposed substrate, frequently case-hardened.For difficult substrates such as metallic or difficult plastics, the Prince fastener self-tapping capacity is frequentlycreated through slicing a hole in the continuity of the thread on the screw, producing a flute and reducing aspect comparable to these on a tap.<\/div>\n<div data-id=\"below-content\"><\/div>\n<div class=\"text-content\" data-id=\"below-content\">Thus,whereas a everyday desktop screw can&#8217;tfaucet its very own gap in a steel substrate, a self-tapping one can (within practical limits of substrate hardness and depth).For softer substrates such as timber or smooth plastics, the Prince fastener self-tapping potential can come in reality from a tip that tapers to a gimlet factor (in which no flute is needed). Like the tip of a nail or gimlet, such a factor varieties the gap by using displacement of the surrounding fabric as an alternative than any chip-forming drilling\/cutting\/evacuating action.Not all self-tapping screws have a sharp tip. The kind B tip is blunt and meant for use with a pilot hole, regularly in sheet materials. The lack of a sharp tip is useful for packaging and managing and in some functions may additionally be useful for decreasing the clearance integral on the reverse of a mounted panel or for making greater thread reachable on a given size Prince fastener screw.<\/div>\n<div data-id=\"below-content\"><\/div>\n<div data-id=\"below-content\"><\/div>\n","protected":false},"excerpt":{"rendered":"<p><span data-spm-anchor-id=\"a2700.details.0.i24.56434895ISp3fz\">Parafusos autorroscantes s\u00e3o uma classe de fixadores rosqueados que moldam as roscas (roscas rosqueadas) conforme o parafuso \u00e9 empurrado para um orif\u00edcio pr\u00e9-perfurado. Fixador Prince Os parafusos autorroscantes consistem em parafusos de corte, rosqueamento e autoperfura\u00e7\u00e3o.<\/span><\/p>","protected":false},"featured_media":1168,"comment_status":"open","ping_status":"closed","template":"","meta":{"_seopress_robots_primary_cat":"0","_seopress_titles_title":"%%title%% %%page%%-Prince Fastener","_seopress_titles_desc":"Square Slotted Self tapping screws produced by Prince Fastener,provide clients a on-stop fastener solutions","_seopress_robots_index":"","_joinchat":[]},"product_brand":[],"product_cat":[66],"product_tag":[45,103,42,44,110,43],"class_list":{"0":"post-1356","1":"product","2":"type-product","3":"status-publish","4":"has-post-thumbnail","6":"product_cat-square-slotted-self-tapping-screw","7":"product_tag-screw","8":"product_tag-self-tapping-concrete-screws","9":"product_tag-self-tapping-screw","10":"product_tag-self-tapping-screws","11":"product_tag-square-slotted-self-tapping-screw","12":"product_tag-tapping-screw","14":"first","15":"instock","16":"shipping-taxable","17":"product-type-simple"},"yoast_head":"<!-- This site is optimized with the Yoast SEO plugin v27.3 - https:\/\/yoast.com\/product\/yoast-seo-wordpress\/ -->\n<title>Square Slotted Self tapping screws -Prince Fastener<\/title>\n<meta name=\"description\" content=\"Square Slotted Self tapping screws produced by Prince Fastener,provide clients a on-stop fastener solutions\" \/>\n<meta name=\"robots\" content=\"index, follow, max-snippet:-1, max-image-preview:large, max-video-preview:-1\" \/>\n<link rel=\"canonical\" href=\"https:\/\/princefastener.com\/pt\/produtos\/parafusos-auto-roscantes-de-cabeca-chata\/\" \/>\n<meta property=\"og:locale\" content=\"pt_BR\" \/>\n<meta property=\"og:type\" content=\"article\" \/>\n<meta property=\"og:title\" content=\"Square Slotted Self tapping screws -Prince Fastener\" \/>\n<meta property=\"og:description\" content=\"Square Slotted Self tapping screws produced by Prince Fastener,provide clients a on-stop fastener solutions\" \/>\n<meta property=\"og:url\" content=\"https:\/\/princefastener.com\/pt\/produtos\/parafusos-auto-roscantes-de-cabeca-chata\/\" \/>\n<meta property=\"og:site_name\" content=\"Screws and Fasteners Manufacturer\" \/>\n<meta property=\"article:publisher\" content=\"https:\/\/www.facebook.com\/Prince-Fastener-Manufacturing-Co-Ltd-107643758056794\" \/>\n<meta property=\"article:modified_time\" content=\"2021-09-26T12:21:19+00:00\" \/>\n<meta property=\"og:image\" content=\"https:\/\/princefastener.com\/wp-content\/uploads\/2021\/06\/Square-Slotted-Self-tapping-screws-factory.jpg\" \/>\n\t<meta property=\"og:image:width\" content=\"1000\" \/>\n\t<meta property=\"og:image:height\" content=\"1000\" \/>\n\t<meta property=\"og:image:type\" content=\"image\/jpeg\" \/>\n<meta name=\"twitter:card\" content=\"summary_large_image\" \/>\n<meta name=\"twitter:site\" content=\"@PrinceFastener\" \/>\n<meta name=\"twitter:label1\" content=\"Est. tempo de leitura\" \/>\n\t<meta name=\"twitter:data1\" content=\"2 minutos\" \/>\n<!-- \/ Yoast SEO plugin. -->","yoast_head_json":{"title":"Parafusos auto-roscantes com fenda quadrada - Prendedor Prince","description":"Parafusos auto-roscantes com fenda quadrada produzidos pela Prince Fastener, fornecem aos clientes solu\u00e7\u00f5es de fixa\u00e7\u00e3o on-stop","robots":{"index":"index","follow":"follow","max-snippet":"max-snippet:-1","max-image-preview":"max-image-preview:large","max-video-preview":"max-video-preview:-1"},"canonical":"https:\/\/princefastener.com\/pt\/produtos\/parafusos-auto-roscantes-de-cabeca-chata\/","og_locale":"pt_BR","og_type":"article","og_title":"Square Slotted Self tapping screws -Prince Fastener","og_description":"Square Slotted Self tapping screws produced by Prince Fastener,provide clients a on-stop fastener solutions","og_url":"https:\/\/princefastener.com\/pt\/produtos\/parafusos-auto-roscantes-de-cabeca-chata\/","og_site_name":"Screws and Fasteners Manufacturer","article_publisher":"https:\/\/www.facebook.com\/Prince-Fastener-Manufacturing-Co-Ltd-107643758056794","article_modified_time":"2021-09-26T12:21:19+00:00","og_image":[{"width":1000,"height":1000,"url":"https:\/\/princefastener.com\/wp-content\/uploads\/2021\/06\/Square-Slotted-Self-tapping-screws-factory.jpg","type":"image\/jpeg"}],"twitter_card":"summary_large_image","twitter_site":"@PrinceFastener","twitter_misc":{"Est. tempo de leitura":"2 minutos"},"schema":{"@context":"https:\/\/schema.org","@graph":[{"@type":"WebPage","@id":"https:\/\/princefastener.com\/product\/self-tapping-flat-head-screws\/","url":"https:\/\/princefastener.com\/product\/self-tapping-flat-head-screws\/","name":"Parafusos auto-roscantes com fenda quadrada - Prendedor Prince","isPartOf":{"@id":"https:\/\/princefastener.com\/#website"},"primaryImageOfPage":{"@id":"https:\/\/princefastener.com\/product\/self-tapping-flat-head-screws\/#primaryimage"},"image":{"@id":"https:\/\/princefastener.com\/product\/self-tapping-flat-head-screws\/#primaryimage"},"thumbnailUrl":"https:\/\/princefastener.com\/wp-content\/uploads\/2021\/06\/Square-Slotted-Self-tapping-screws-factory.jpg","datePublished":"2021-07-22T14:29:51+00:00","dateModified":"2021-09-26T12:21:19+00:00","description":"Parafusos auto-roscantes com fenda quadrada produzidos pela Prince Fastener, fornecem aos clientes solu\u00e7\u00f5es de fixa\u00e7\u00e3o on-stop","breadcrumb":{"@id":"https:\/\/princefastener.com\/product\/self-tapping-flat-head-screws\/#breadcrumb"},"inLanguage":"pt-BR","potentialAction":[{"@type":"ReadAction","target":["https:\/\/princefastener.com\/product\/self-tapping-flat-head-screws\/"]}]},{"@type":"ImageObject","inLanguage":"pt-BR","@id":"https:\/\/princefastener.com\/product\/self-tapping-flat-head-screws\/#primaryimage","url":"https:\/\/princefastener.com\/wp-content\/uploads\/2021\/06\/Square-Slotted-Self-tapping-screws-factory.jpg","contentUrl":"https:\/\/princefastener.com\/wp-content\/uploads\/2021\/06\/Square-Slotted-Self-tapping-screws-factory.jpg","width":1000,"height":1000,"caption":"Square Slotted Self tapping screws factory"},{"@type":"BreadcrumbList","@id":"https:\/\/princefastener.com\/product\/self-tapping-flat-head-screws\/#breadcrumb","itemListElement":[{"@type":"ListItem","position":1,"name":"Home","item":"https:\/\/princefastener.com\/"},{"@type":"ListItem","position":2,"name":"PRODUCT","item":"https:\/\/princefastener.com\/product\/"},{"@type":"ListItem","position":3,"name":"Square Slotted Self tapping screws"}]},{"@type":"WebSite","@id":"https:\/\/princefastener.com\/#website","url":"https:\/\/princefastener.com\/","name":"Fabricante de Parafusos e Fixadores","description":"","publisher":{"@id":"https:\/\/princefastener.com\/#organization"},"potentialAction":[{"@type":"SearchAction","target":{"@type":"EntryPoint","urlTemplate":"https:\/\/princefastener.com\/?s={search_term_string}"},"query-input":{"@type":"PropertyValueSpecification","valueRequired":true,"valueName":"search_term_string"}}],"inLanguage":"pt-BR"},{"@type":"Organization","@id":"https:\/\/princefastener.com\/#organization","name":"prendedor de pr\u00edncipe","url":"https:\/\/princefastener.com\/","logo":{"@type":"ImageObject","inLanguage":"pt-BR","@id":"https:\/\/princefastener.com\/#\/schema\/logo\/image\/","url":"https:\/\/princefastener.com\/wp-content\/uploads\/2021\/04\/Prince-fastener-logo.png","contentUrl":"https:\/\/princefastener.com\/wp-content\/uploads\/2021\/04\/Prince-fastener-logo.png","width":630,"height":140,"caption":"Prince Fastener"},"image":{"@id":"https:\/\/princefastener.com\/#\/schema\/logo\/image\/"},"sameAs":["https:\/\/www.facebook.com\/Prince-Fastener-Manufacturing-Co-Ltd-107643758056794","https:\/\/x.com\/PrinceFastener","https:\/\/www.instagram.com\/princefastener001\/","https:\/\/www.linkedin.com\/company\/prince-fastener","https:\/\/www.pinterest.com\/PrinceFastenereric"]}]}},"_links":{"self":[{"href":"https:\/\/princefastener.com\/pt\/wp-json\/wp\/v2\/product\/1356","targetHints":{"allow":["GET"]}}],"collection":[{"href":"https:\/\/princefastener.com\/pt\/wp-json\/wp\/v2\/product"}],"about":[{"href":"https:\/\/princefastener.com\/pt\/wp-json\/wp\/v2\/types\/product"}],"replies":[{"embeddable":true,"href":"https:\/\/princefastener.com\/pt\/wp-json\/wp\/v2\/comments?post=1356"}],"version-history":[{"count":0,"href":"https:\/\/princefastener.com\/pt\/wp-json\/wp\/v2\/product\/1356\/revisions"}],"wp:featuredmedia":[{"embeddable":true,"href":"https:\/\/princefastener.com\/pt\/wp-json\/wp\/v2\/media\/1168"}],"wp:attachment":[{"href":"https:\/\/princefastener.com\/pt\/wp-json\/wp\/v2\/media?parent=1356"}],"wp:term":[{"taxonomy":"product_brand","embeddable":true,"href":"https:\/\/princefastener.com\/pt\/wp-json\/wp\/v2\/product_brand?post=1356"},{"taxonomy":"product_cat","embeddable":true,"href":"https:\/\/princefastener.com\/pt\/wp-json\/wp\/v2\/product_cat?post=1356"},{"taxonomy":"product_tag","embeddable":true,"href":"https:\/\/princefastener.com\/pt\/wp-json\/wp\/v2\/product_tag?post=1356"}],"curies":[{"name":"wp","href":"https:\/\/api.w.org\/{rel}","templated":true}]}}