{"id":1291,"date":"2021-06-17T21:56:38","date_gmt":"2021-06-17T13:56:38","guid":{"rendered":"https:\/\/princefastener.com\/?post_type=product&#038;p=1291"},"modified":"2021-09-26T20:18:08","modified_gmt":"2021-09-26T12:18:08","slug":"parafusos-de-ancoragem-para-drywall","status":"publish","type":"product","link":"https:\/\/princefastener.com\/pt\/product\/drywall-anchor-screws\/","title":{"rendered":"Parafusos Drywall Prince Fastener"},"content":{"rendered":"<p data-id=\"title0\">[table id=1 \/]<\/p>\n<h3 class=\"magic-9\" data-id=\"title0\"><span class=\"magic-10\" data-spm-anchor-id=\"a2700.details.0.i22.6138740aIjrcfA\">What is Drywall Anchor Screws &amp; The standards of buying Drywall Anchor Screws<\/span><\/h3>\n<div class=\"magic-11\">\n<div class=\"magic-12\">\n<div class=\"magic-13\" data-id=\"paragraph0\"><span data-spm-anchor-id=\"a2700.details.0.i23.6138740aIjrcfA\"><span data-spm-anchor-id=\"a2700.details.0.i23.6138740aIjrcfA\">Drywall screw, also known as Prince fastener wallboard screw. Used for the connection of plasterboard to wooden keel and<br \/>\nplasterboard to light steel keel.<\/span><\/span>Generally available on the market in black, i.e. black phosphated. Blue and white ones are also available, i.e. blue-zinc. There<br \/>\nare probably not many domestic ones in blue zinc.More than 80% of the demand for prince fastener drywall screw is concentrated on the one size 3.5&#215;25. This is because they are mainly used in plasterboard, which is all the same thickness. I have seen some TX say that this type of prince fastener screw is also used for hitting furniture, which is actually inappropriate. Just like you wear a pair of leather shoes to run, run can also run, but certainly sneakers are more appropriate.<\/p>\n<\/div>\n<div class=\"magic-13\" data-id=\"paragraph0\"><\/div>\n<\/div>\n<\/div>\n<h2>The criteria for buying drywall screw.<\/h2>\n<p>1. The head should be round (this is also a common standard for all round head screws), because of the production process, many manufacturers produce a drywall nail head may not be very round, some are even slightly square. The problem is that after screwing into the plasterboard can not be fully matched, concentric circles, around a central point of rotation, this should be well understood.<\/p>\n<p>2. The tip should be pointed, especially if you are using it on a light steel keel. Prince Fastener Drywall screw generally<br \/>\nrequire a sharp angle of 22 to 26 degrees, requiring a head full of sharp corners, not dragging wire, cracking phenomenon. The &#8220;tip&#8221; of the drywall nail is the most important, because the use of Prince fastener drywall screw do not play prefabricated<br \/>\nholes, directly screwed, so the tip also assumes the function of drilling through. Especially when used on light steel keel, a<br \/>\nbad tip can lead to a lack of drilling, which directly affects the use. According to national standards, Prince fastener wallboard screw should be able to drill through 6mm iron plates within 1 second.<\/p>\n<p>3. No eccentricity. The easiest way to determine if a drywall nail is eccentric is to place the round head down on the table and see if the threaded part is vertical and in the middle of the head. If the prince fastener screw is off-centre, the problem is<br \/>\nthat it will wobble when screwed in with a power tool. Short screws are fine, but if a longer screw is in this situation it will be a big problem.<\/p>\n<p>4. The cross slot should be in the middle of the round head, otherwise it is the same as in 3.<\/p>\n<p><img fetchpriority=\"high\" decoding=\"async\" class=\"aligncenter wp-image-819\" src=\"https:\/\/princefastener.com\/wp-content\/uploads\/2021\/05\/drywall-screw-gun-dewalt-300x300.jpg\" alt=\"drywall screw gun dewalt\" width=\"600\" height=\"600\" srcset=\"https:\/\/princefastener.com\/wp-content\/uploads\/2021\/05\/drywall-screw-gun-dewalt-300x300.jpg 300w, https:\/\/princefastener.com\/wp-content\/uploads\/2021\/05\/drywall-screw-gun-dewalt-150x150.jpg 150w, https:\/\/princefastener.com\/wp-content\/uploads\/2021\/05\/drywall-screw-gun-dewalt-768x768.jpg 768w, https:\/\/princefastener.com\/wp-content\/uploads\/2021\/05\/drywall-screw-gun-dewalt-600x600.jpg 600w, https:\/\/princefastener.com\/wp-content\/uploads\/2021\/05\/drywall-screw-gun-dewalt-100x100.jpg 100w, https:\/\/princefastener.com\/wp-content\/uploads\/2021\/05\/drywall-screw-gun-dewalt.jpg 1000w\" sizes=\"(max-width: 600px) 100vw, 600px\" \/><\/p>\n<p>&nbsp;<\/p>\n","protected":false},"excerpt":{"rendered":"<p><span data-spm-anchor-id=\"a2700.details.0.i23.6138740aIjrcfA\">Parafuso drywall, tamb\u00e9m conhecido como parafuso de fixa\u00e7\u00e3o Prince. Utilizado para a liga\u00e7\u00e3o de gesso cartonado a quilha de madeira e<br \/>\nplaca de gesso a quilha de a\u00e7o leve.<\/span><\/p>","protected":false},"featured_media":822,"comment_status":"open","ping_status":"closed","template":"","meta":{"_seopress_robots_primary_cat":"0","_seopress_titles_title":"%%title%% %%page%% | From Screw Factories-Prince Fastener","_seopress_titles_desc":"Drywall Screws Prince Fastener.Used for the connection of plasterboard to wooden keel andplasterboard to light steel keel","_seopress_robots_index":"","_joinchat":[]},"product_brand":[],"product_cat":[28],"product_tag":[39,41,40],"class_list":{"0":"post-1291","1":"product","2":"type-product","3":"status-publish","4":"has-post-thumbnail","6":"product_cat-drywall-screw","7":"product_tag-drywall-screw","8":"product_tag-drywall-screw-black","9":"product_tag-drywall-screws","11":"first","12":"instock","13":"shipping-taxable","14":"product-type-simple"},"yoast_head":"<!-- This site is optimized with the Yoast SEO plugin v27.3 - https:\/\/yoast.com\/product\/yoast-seo-wordpress\/ -->\n<title>Drywall Screws Prince Fastener | From Screw Factories-Prince Fastener<\/title>\n<meta name=\"description\" content=\"Drywall Screws Prince Fastener.Used for the connection of plasterboard to wooden keel andplasterboard to light steel keel\" \/>\n<meta name=\"robots\" content=\"index, follow, max-snippet:-1, max-image-preview:large, max-video-preview:-1\" \/>\n<link rel=\"canonical\" href=\"https:\/\/princefastener.com\/pt\/produtos\/parafusos-de-ancoragem-para-drywall\/\" \/>\n<meta property=\"og:locale\" content=\"pt_BR\" \/>\n<meta property=\"og:type\" content=\"article\" \/>\n<meta property=\"og:title\" content=\"Drywall Screws Prince Fastener | From Screw Factories-Prince Fastener\" \/>\n<meta property=\"og:description\" content=\"Drywall Screws Prince Fastener.Used for the connection of plasterboard to wooden keel andplasterboard to light steel keel\" \/>\n<meta property=\"og:url\" content=\"https:\/\/princefastener.com\/pt\/produtos\/parafusos-de-ancoragem-para-drywall\/\" \/>\n<meta property=\"og:site_name\" content=\"Screws and Fasteners Manufacturer\" \/>\n<meta property=\"article:publisher\" content=\"https:\/\/www.facebook.com\/Prince-Fastener-Manufacturing-Co-Ltd-107643758056794\" \/>\n<meta property=\"article:modified_time\" content=\"2021-09-26T12:18:08+00:00\" \/>\n<meta property=\"og:image\" content=\"https:\/\/princefastener.com\/wp-content\/uploads\/2021\/05\/drywall-screw-gun.jpg\" \/>\n\t<meta property=\"og:image:width\" content=\"1000\" \/>\n\t<meta property=\"og:image:height\" content=\"1000\" \/>\n\t<meta property=\"og:image:type\" content=\"image\/jpeg\" \/>\n<meta name=\"twitter:card\" content=\"summary_large_image\" \/>\n<meta name=\"twitter:site\" content=\"@PrinceFastener\" \/>\n<meta name=\"twitter:label1\" content=\"Est. tempo de leitura\" \/>\n\t<meta name=\"twitter:data1\" content=\"2 minutos\" \/>\n<!-- \/ Yoast SEO plugin. -->","yoast_head_json":{"title":"Parafusos Drywall Prince Fastener | Das f\u00e1bricas de parafusos-Prince Fastener","description":"Parafusos Drywall Prince Fastener. Utilizado para a liga\u00e7\u00e3o de gesso cartonado a quilha de madeira e gesso cartonado a quilha de a\u00e7o leve","robots":{"index":"index","follow":"follow","max-snippet":"max-snippet:-1","max-image-preview":"max-image-preview:large","max-video-preview":"max-video-preview:-1"},"canonical":"https:\/\/princefastener.com\/pt\/produtos\/parafusos-de-ancoragem-para-drywall\/","og_locale":"pt_BR","og_type":"article","og_title":"Drywall Screws Prince Fastener | From Screw Factories-Prince Fastener","og_description":"Drywall Screws Prince Fastener.Used for the connection of plasterboard to wooden keel andplasterboard to light steel keel","og_url":"https:\/\/princefastener.com\/pt\/produtos\/parafusos-de-ancoragem-para-drywall\/","og_site_name":"Screws and Fasteners Manufacturer","article_publisher":"https:\/\/www.facebook.com\/Prince-Fastener-Manufacturing-Co-Ltd-107643758056794","article_modified_time":"2021-09-26T12:18:08+00:00","og_image":[{"width":1000,"height":1000,"url":"https:\/\/princefastener.com\/wp-content\/uploads\/2021\/05\/drywall-screw-gun.jpg","type":"image\/jpeg"}],"twitter_card":"summary_large_image","twitter_site":"@PrinceFastener","twitter_misc":{"Est. tempo de leitura":"2 minutos"},"schema":{"@context":"https:\/\/schema.org","@graph":[{"@type":"WebPage","@id":"https:\/\/princefastener.com\/product\/drywall-anchor-screws\/","url":"https:\/\/princefastener.com\/product\/drywall-anchor-screws\/","name":"Parafusos Drywall Prince Fastener | Das f\u00e1bricas de parafusos-Prince Fastener","isPartOf":{"@id":"https:\/\/princefastener.com\/#website"},"primaryImageOfPage":{"@id":"https:\/\/princefastener.com\/product\/drywall-anchor-screws\/#primaryimage"},"image":{"@id":"https:\/\/princefastener.com\/product\/drywall-anchor-screws\/#primaryimage"},"thumbnailUrl":"https:\/\/princefastener.com\/wp-content\/uploads\/2021\/05\/drywall-screw-gun.jpg","datePublished":"2021-06-17T13:56:38+00:00","dateModified":"2021-09-26T12:18:08+00:00","description":"Parafusos Drywall Prince Fastener. Utilizado para a liga\u00e7\u00e3o de gesso cartonado a quilha de madeira e gesso cartonado a quilha de a\u00e7o leve","breadcrumb":{"@id":"https:\/\/princefastener.com\/product\/drywall-anchor-screws\/#breadcrumb"},"inLanguage":"pt-BR","potentialAction":[{"@type":"ReadAction","target":["https:\/\/princefastener.com\/product\/drywall-anchor-screws\/"]}]},{"@type":"ImageObject","inLanguage":"pt-BR","@id":"https:\/\/princefastener.com\/product\/drywall-anchor-screws\/#primaryimage","url":"https:\/\/princefastener.com\/wp-content\/uploads\/2021\/05\/drywall-screw-gun.jpg","contentUrl":"https:\/\/princefastener.com\/wp-content\/uploads\/2021\/05\/drywall-screw-gun.jpg","width":1000,"height":1000,"caption":"drywall screw gun"},{"@type":"BreadcrumbList","@id":"https:\/\/princefastener.com\/product\/drywall-anchor-screws\/#breadcrumb","itemListElement":[{"@type":"ListItem","position":1,"name":"Home","item":"https:\/\/princefastener.com\/"},{"@type":"ListItem","position":2,"name":"PRODUCT","item":"https:\/\/princefastener.com\/product\/"},{"@type":"ListItem","position":3,"name":"Drywall Screws Prince Fastener"}]},{"@type":"WebSite","@id":"https:\/\/princefastener.com\/#website","url":"https:\/\/princefastener.com\/","name":"Fabricante de Parafusos e Fixadores","description":"","publisher":{"@id":"https:\/\/princefastener.com\/#organization"},"potentialAction":[{"@type":"SearchAction","target":{"@type":"EntryPoint","urlTemplate":"https:\/\/princefastener.com\/?s={search_term_string}"},"query-input":{"@type":"PropertyValueSpecification","valueRequired":true,"valueName":"search_term_string"}}],"inLanguage":"pt-BR"},{"@type":"Organization","@id":"https:\/\/princefastener.com\/#organization","name":"prendedor de pr\u00edncipe","url":"https:\/\/princefastener.com\/","logo":{"@type":"ImageObject","inLanguage":"pt-BR","@id":"https:\/\/princefastener.com\/#\/schema\/logo\/image\/","url":"https:\/\/princefastener.com\/wp-content\/uploads\/2021\/04\/Prince-fastener-logo.png","contentUrl":"https:\/\/princefastener.com\/wp-content\/uploads\/2021\/04\/Prince-fastener-logo.png","width":630,"height":140,"caption":"Prince Fastener"},"image":{"@id":"https:\/\/princefastener.com\/#\/schema\/logo\/image\/"},"sameAs":["https:\/\/www.facebook.com\/Prince-Fastener-Manufacturing-Co-Ltd-107643758056794","https:\/\/x.com\/PrinceFastener","https:\/\/www.instagram.com\/princefastener001\/","https:\/\/www.linkedin.com\/company\/prince-fastener","https:\/\/www.pinterest.com\/PrinceFastenereric"]}]}},"_links":{"self":[{"href":"https:\/\/princefastener.com\/pt\/wp-json\/wp\/v2\/product\/1291","targetHints":{"allow":["GET"]}}],"collection":[{"href":"https:\/\/princefastener.com\/pt\/wp-json\/wp\/v2\/product"}],"about":[{"href":"https:\/\/princefastener.com\/pt\/wp-json\/wp\/v2\/types\/product"}],"replies":[{"embeddable":true,"href":"https:\/\/princefastener.com\/pt\/wp-json\/wp\/v2\/comments?post=1291"}],"version-history":[{"count":0,"href":"https:\/\/princefastener.com\/pt\/wp-json\/wp\/v2\/product\/1291\/revisions"}],"wp:featuredmedia":[{"embeddable":true,"href":"https:\/\/princefastener.com\/pt\/wp-json\/wp\/v2\/media\/822"}],"wp:attachment":[{"href":"https:\/\/princefastener.com\/pt\/wp-json\/wp\/v2\/media?parent=1291"}],"wp:term":[{"taxonomy":"product_brand","embeddable":true,"href":"https:\/\/princefastener.com\/pt\/wp-json\/wp\/v2\/product_brand?post=1291"},{"taxonomy":"product_cat","embeddable":true,"href":"https:\/\/princefastener.com\/pt\/wp-json\/wp\/v2\/product_cat?post=1291"},{"taxonomy":"product_tag","embeddable":true,"href":"https:\/\/princefastener.com\/pt\/wp-json\/wp\/v2\/product_tag?post=1291"}],"curies":[{"name":"wp","href":"https:\/\/api.w.org\/{rel}","templated":true}]}}