{"id":1156,"date":"2021-06-10T21:34:28","date_gmt":"2021-06-10T13:34:28","guid":{"rendered":"https:\/\/princefastener.com\/?post_type=product&#038;p=1156"},"modified":"2021-09-26T19:55:30","modified_gmt":"2021-09-26T11:55:30","slug":"parafuso-auto-roscante-cabeca-redonda-philips","status":"publish","type":"product","link":"https:\/\/princefastener.com\/pt\/product\/philips-round-head-self-tapping-screw\/","title":{"rendered":"Parafuso auto-roscante de cabe\u00e7a redonda Philips"},"content":{"rendered":"<p>[table id=2 \/]<\/p>\n<h2>Application of Philips Round Head Self Tapping Screw<\/h2>\n<p>Self-tapping screws are used in a range of purposes ranging from DIY carpentry to surgery.<\/p>\n<p>A Prince fastener self-tapping <span data-spm-anchor-id=\"a2700.pc-decorate.0.i3.27b23333bV5Gqm\">Screw Manufacturer<\/span> can precisely be described in reality a tapping screw, however is additionally usually referred to as a sheet<br \/>\nmetallic screw, for the reason that they are used so closely in the sheet steel trade.<\/p>\n<p>Whichever identify is used, a Prince fastener self-tapping screw (or sheet metallic screw), is unique as such due to the fact it consists of shape<br \/>\nmating threads (thereby \u201ctapping\u201d the threads) in a pre-drilled gap into which they are driven.<\/p>\n<h2 class=\"text-title\" data-id=\"below-title\">Philips Round Head Self Tapping Screw<\/h2>\n<div class=\"text-content\" data-id=\"below-content\"><span data-spm-anchor-id=\"a2700.details.0.i24.56434895ISp3fz\"><span data-spm-anchor-id=\"a2700.details.0.i24.56434895ISp3fz\"><br \/>\nSelf tapping screws are a class of threaded fastener that shape threads (tapping threads) as the screw is pushed into a pre-drilled hole. Prince fastener Self tapping screws consist of thread cutting, thread rolling, and self drilling screws.<\/span><\/span>Our self tapping screws can be personalized to your utility and industry.Self-tapping screws have a large vary of tip and thread patterns, and are reachable with nearly any feasible screw head design.Common facets are the screw thread protecting the entire size of the Prince fastener screw from tip to head and a mentioned thread tough ample for the supposed substrate, frequently case-hardened.For difficult substrates such as metallic or difficult plastics, the Prince fastener self-tapping capacity is frequentlycreated through slicing a hole in the continuity of the thread on the screw, producing a flute and reducing aspect comparable to these on a tap. Thus,whereas a everyday desktop screw can&#8217;tfaucet its very own gap in a steel substrate, a self-tapping one can (within practical limits of substrate hardness and depth).For softer substrates such as timber or smooth plastics, the Prince fastener self-tapping potential can come in reality from a tip that tapers to a gimlet factor (in which no flute is needed). Like the tip of a nail or gimlet, such a factor varieties the gap by using displacement of the surrounding fabric as an alternative than any chip-forming drilling\/cutting\/evacuating action.Not all self-tapping screws have a sharp tip. The kind B tip is blunt and meant for use with a pilot hole, regularly in sheet<br \/>\nmaterials. The lack of a sharp tip is useful for packaging and managing and in some functions may additionally be useful for decreasing the clearance integral on the reverse of a mounted panel or for making greater thread reachable on a given size Prince fastener screw.<\/div>\n","protected":false},"excerpt":{"rendered":"<p><span data-spm-anchor-id=\"a2700.details.0.i24.56434895ISp3fz\">Parafusos autorroscantes s\u00e3o uma classe de fixadores rosqueados que moldam as roscas (roscas rosqueadas) conforme o parafuso \u00e9 empurrado para um orif\u00edcio pr\u00e9-perfurado. Fixador Prince Os parafusos autorroscantes consistem em parafusos de corte, rosqueamento e autoperfura\u00e7\u00e3o.<\/span><\/p>","protected":false},"featured_media":1157,"comment_status":"open","ping_status":"closed","template":"","meta":{"_seopress_robots_primary_cat":"0","_seopress_titles_title":"%%title%% %%page%%-Prince Fastener","_seopress_titles_desc":"Philips Round Head Self Tapping Screw are used in a range of purposes ranging from DIY carpentry to surgery","_seopress_robots_index":"","_joinchat":[]},"product_brand":[],"product_cat":[59],"product_tag":[108,107,109,45,103,42,44,43],"class_list":{"0":"post-1156","1":"product","2":"type-product","3":"status-publish","4":"has-post-thumbnail","6":"product_cat-phillips-round-head-self-tapping-screw","7":"product_tag-pan-head-self-tapping-screws","8":"product_tag-philips-pan-head-self-tapping-screws","9":"product_tag-round-head-self-tapping-screw","10":"product_tag-screw","11":"product_tag-self-tapping-concrete-screws","12":"product_tag-self-tapping-screw","13":"product_tag-self-tapping-screws","14":"product_tag-tapping-screw","16":"first","17":"instock","18":"shipping-taxable","19":"product-type-simple"},"yoast_head":"<!-- This site is optimized with the Yoast SEO plugin v27.3 - https:\/\/yoast.com\/product\/yoast-seo-wordpress\/ -->\n<title>Philips Round Head Self Tapping Screw -Prince Fastener<\/title>\n<meta name=\"description\" content=\"Philips Round Head Self Tapping Screw are used in a range of purposes ranging from DIY carpentry to surgery\" \/>\n<meta name=\"robots\" content=\"index, follow, max-snippet:-1, max-image-preview:large, max-video-preview:-1\" \/>\n<link rel=\"canonical\" href=\"https:\/\/princefastener.com\/pt\/produtos\/parafuso-auto-roscante-cabeca-redonda-philips\/\" \/>\n<meta property=\"og:locale\" content=\"pt_BR\" \/>\n<meta property=\"og:type\" content=\"article\" \/>\n<meta property=\"og:title\" content=\"Philips Round Head Self Tapping Screw -Prince Fastener\" \/>\n<meta property=\"og:description\" content=\"Philips Round Head Self Tapping Screw are used in a range of purposes ranging from DIY carpentry to surgery\" \/>\n<meta property=\"og:url\" content=\"https:\/\/princefastener.com\/pt\/produtos\/parafuso-auto-roscante-cabeca-redonda-philips\/\" \/>\n<meta property=\"og:site_name\" content=\"Screws and Fasteners Manufacturer\" \/>\n<meta property=\"article:publisher\" content=\"https:\/\/www.facebook.com\/Prince-Fastener-Manufacturing-Co-Ltd-107643758056794\" \/>\n<meta property=\"article:modified_time\" content=\"2021-09-26T11:55:30+00:00\" \/>\n<meta property=\"og:image\" content=\"https:\/\/princefastener.com\/wp-content\/uploads\/2021\/06\/Philips-round-head-self-tapping-screw.jpg\" \/>\n\t<meta property=\"og:image:width\" content=\"1000\" \/>\n\t<meta property=\"og:image:height\" content=\"1000\" \/>\n\t<meta property=\"og:image:type\" content=\"image\/jpeg\" \/>\n<meta name=\"twitter:card\" content=\"summary_large_image\" \/>\n<meta name=\"twitter:site\" content=\"@PrinceFastener\" \/>\n<meta name=\"twitter:label1\" content=\"Est. tempo de leitura\" \/>\n\t<meta name=\"twitter:data1\" content=\"2 minutos\" \/>\n<!-- \/ Yoast SEO plugin. -->","yoast_head_json":{"title":"Parafuso auto-roscante de cabe\u00e7a redonda Philips - Fixador Prince","description":"Os parafusos auto-roscantes Philips de cabe\u00e7a redonda s\u00e3o usados em uma variedade de finalidades, desde carpintaria DIY at\u00e9 cirurgia","robots":{"index":"index","follow":"follow","max-snippet":"max-snippet:-1","max-image-preview":"max-image-preview:large","max-video-preview":"max-video-preview:-1"},"canonical":"https:\/\/princefastener.com\/pt\/produtos\/parafuso-auto-roscante-cabeca-redonda-philips\/","og_locale":"pt_BR","og_type":"article","og_title":"Philips Round Head Self Tapping Screw -Prince Fastener","og_description":"Philips Round Head Self Tapping Screw are used in a range of purposes ranging from DIY carpentry to surgery","og_url":"https:\/\/princefastener.com\/pt\/produtos\/parafuso-auto-roscante-cabeca-redonda-philips\/","og_site_name":"Screws and Fasteners Manufacturer","article_publisher":"https:\/\/www.facebook.com\/Prince-Fastener-Manufacturing-Co-Ltd-107643758056794","article_modified_time":"2021-09-26T11:55:30+00:00","og_image":[{"width":1000,"height":1000,"url":"https:\/\/princefastener.com\/wp-content\/uploads\/2021\/06\/Philips-round-head-self-tapping-screw.jpg","type":"image\/jpeg"}],"twitter_card":"summary_large_image","twitter_site":"@PrinceFastener","twitter_misc":{"Est. tempo de leitura":"2 minutos"},"schema":{"@context":"https:\/\/schema.org","@graph":[{"@type":"WebPage","@id":"https:\/\/princefastener.com\/product\/philips-round-head-self-tapping-screw\/","url":"https:\/\/princefastener.com\/product\/philips-round-head-self-tapping-screw\/","name":"Parafuso auto-roscante de cabe\u00e7a redonda Philips - Fixador Prince","isPartOf":{"@id":"https:\/\/princefastener.com\/#website"},"primaryImageOfPage":{"@id":"https:\/\/princefastener.com\/product\/philips-round-head-self-tapping-screw\/#primaryimage"},"image":{"@id":"https:\/\/princefastener.com\/product\/philips-round-head-self-tapping-screw\/#primaryimage"},"thumbnailUrl":"https:\/\/princefastener.com\/wp-content\/uploads\/2021\/06\/Philips-round-head-self-tapping-screw.jpg","datePublished":"2021-06-10T13:34:28+00:00","dateModified":"2021-09-26T11:55:30+00:00","description":"Os parafusos auto-roscantes Philips de cabe\u00e7a redonda s\u00e3o usados em uma variedade de finalidades, desde carpintaria DIY at\u00e9 cirurgia","breadcrumb":{"@id":"https:\/\/princefastener.com\/product\/philips-round-head-self-tapping-screw\/#breadcrumb"},"inLanguage":"pt-BR","potentialAction":[{"@type":"ReadAction","target":["https:\/\/princefastener.com\/product\/philips-round-head-self-tapping-screw\/"]}]},{"@type":"ImageObject","inLanguage":"pt-BR","@id":"https:\/\/princefastener.com\/product\/philips-round-head-self-tapping-screw\/#primaryimage","url":"https:\/\/princefastener.com\/wp-content\/uploads\/2021\/06\/Philips-round-head-self-tapping-screw.jpg","contentUrl":"https:\/\/princefastener.com\/wp-content\/uploads\/2021\/06\/Philips-round-head-self-tapping-screw.jpg","width":1000,"height":1000,"caption":"Philips round head self tapping screw"},{"@type":"BreadcrumbList","@id":"https:\/\/princefastener.com\/product\/philips-round-head-self-tapping-screw\/#breadcrumb","itemListElement":[{"@type":"ListItem","position":1,"name":"Home","item":"https:\/\/princefastener.com\/"},{"@type":"ListItem","position":2,"name":"PRODUCT","item":"https:\/\/princefastener.com\/product\/"},{"@type":"ListItem","position":3,"name":"Philips Round Head Self Tapping Screw"}]},{"@type":"WebSite","@id":"https:\/\/princefastener.com\/#website","url":"https:\/\/princefastener.com\/","name":"Fabricante de Parafusos e Fixadores","description":"","publisher":{"@id":"https:\/\/princefastener.com\/#organization"},"potentialAction":[{"@type":"SearchAction","target":{"@type":"EntryPoint","urlTemplate":"https:\/\/princefastener.com\/?s={search_term_string}"},"query-input":{"@type":"PropertyValueSpecification","valueRequired":true,"valueName":"search_term_string"}}],"inLanguage":"pt-BR"},{"@type":"Organization","@id":"https:\/\/princefastener.com\/#organization","name":"prendedor de pr\u00edncipe","url":"https:\/\/princefastener.com\/","logo":{"@type":"ImageObject","inLanguage":"pt-BR","@id":"https:\/\/princefastener.com\/#\/schema\/logo\/image\/","url":"https:\/\/princefastener.com\/wp-content\/uploads\/2021\/04\/Prince-fastener-logo.png","contentUrl":"https:\/\/princefastener.com\/wp-content\/uploads\/2021\/04\/Prince-fastener-logo.png","width":630,"height":140,"caption":"Prince Fastener"},"image":{"@id":"https:\/\/princefastener.com\/#\/schema\/logo\/image\/"},"sameAs":["https:\/\/www.facebook.com\/Prince-Fastener-Manufacturing-Co-Ltd-107643758056794","https:\/\/x.com\/PrinceFastener","https:\/\/www.instagram.com\/princefastener001\/","https:\/\/www.linkedin.com\/company\/prince-fastener","https:\/\/www.pinterest.com\/PrinceFastenereric"]}]}},"_links":{"self":[{"href":"https:\/\/princefastener.com\/pt\/wp-json\/wp\/v2\/product\/1156","targetHints":{"allow":["GET"]}}],"collection":[{"href":"https:\/\/princefastener.com\/pt\/wp-json\/wp\/v2\/product"}],"about":[{"href":"https:\/\/princefastener.com\/pt\/wp-json\/wp\/v2\/types\/product"}],"replies":[{"embeddable":true,"href":"https:\/\/princefastener.com\/pt\/wp-json\/wp\/v2\/comments?post=1156"}],"version-history":[{"count":0,"href":"https:\/\/princefastener.com\/pt\/wp-json\/wp\/v2\/product\/1156\/revisions"}],"wp:featuredmedia":[{"embeddable":true,"href":"https:\/\/princefastener.com\/pt\/wp-json\/wp\/v2\/media\/1157"}],"wp:attachment":[{"href":"https:\/\/princefastener.com\/pt\/wp-json\/wp\/v2\/media?parent=1156"}],"wp:term":[{"taxonomy":"product_brand","embeddable":true,"href":"https:\/\/princefastener.com\/pt\/wp-json\/wp\/v2\/product_brand?post=1156"},{"taxonomy":"product_cat","embeddable":true,"href":"https:\/\/princefastener.com\/pt\/wp-json\/wp\/v2\/product_cat?post=1156"},{"taxonomy":"product_tag","embeddable":true,"href":"https:\/\/princefastener.com\/pt\/wp-json\/wp\/v2\/product_tag?post=1156"}],"curies":[{"name":"wp","href":"https:\/\/api.w.org\/{rel}","templated":true}]}}