{"id":1139,"date":"2021-06-10T17:35:10","date_gmt":"2021-06-10T09:35:10","guid":{"rendered":"https:\/\/princefastener.com\/?post_type=product&#038;p=1139"},"modified":"2021-09-26T17:53:05","modified_gmt":"2021-09-26T09:53:05","slug":"parafusos-sextavados-2","status":"publish","type":"product","link":"https:\/\/princefastener.com\/pt\/product\/hexagon-socket-bolts\/","title":{"rendered":"Parafusos sextavados"},"content":{"rendered":"<p>[table id=6 \/]<\/p>\n<div class=\"J_module\">\n<div class=\"detail-decorate-json-renderer-container\">\n<div class=\"magic-8\">\n<h3 class=\"magic-9\" data-id=\"title0\"><span class=\"magic-10\" data-spm-anchor-id=\"a2700.details.0.i23.3b382b4eljPVMK\">Grades of Prince Fastener Hexagon socket bolts<\/span><\/h3>\n<div class=\"magic-11\">\n<div class=\"magic-12\">\n<div class=\"magic-13\" data-id=\"paragraph0\">\n<p>Prince Fastener Bolts square measure headed steel fasteners with external male threads. they&#8217;re wont toassemble 2 unthreaded objects, generally with the utilization of a nut. getting the proper grade of bolt can certify you&#8217;ve got a solid,sturdy connection of 2 materials.<\/p>\n<div><\/div>\n<div><span data-spm-anchor-id=\"a2700.details.0.i24.3b382b4eljPVMK\"><span data-spm-anchor-id=\"a2700.details.0.i24.3b382b4eljPVMK\">This guidecan show you the various grades of bolts in each U.S. customary sizes and metric.Prince Fastener Bolts square measure product of completely different grades of steel. The grade of a bolt determines the utmost quantity of stress<br \/>\n(tensile strength) that the bolt will handle.strength is that the quantity of pull the bolt willface up to before breaking. the<br \/>\nstrategy used for modification the bolt is additionally dependent upon the grade of the bolt. The grades square measure indicated on prime of the bolts as raised numbers or dashes. There square measure 3 main systems of Prince Fastener bolt classification: SAE, Metric and ASTM.<\/span><\/span>\u2022 SAE Bolt Grades\u2014The standards for bolt strength grades within the U.S. square measure set in keeping with a system developed by the SAE (Society of Automotive Engineers.) The SAE marking system uses raised dashes on the Prince Fastener bolt head to point strength.<br \/>\n\u2022 Metric Bolt Grades\u2014Metric grades square measure set in keeping with rules set by the ISO (International Standards Organization.)<br \/>\nThe grades contains 2 numbers separated by a dot. The property category is expressed in raised or depressed numerals on prime or on the facet of the Prince Fastener bolt head.<br \/>\n\u2022 ASTM Bolt Grades\u2014The ASTM grade customary is about by the Society for Testing and Materials. Its strength grades square measure indicated by the letter A and 3 numerals sealed on the Prince Fastener bolt head.<\/div>\n<div><\/div>\n<\/div>\n<\/div>\n<div>\n<p><span data-spm-anchor-id=\"a2700.details.0.i25.3b382b4eljPVMK\">Prince Fastener manufacturers and distributes a range of steel fasteners together with Screws,washer,nuts,bolts, studs, carriage bolts,non-standard fastener and additional. steelmay be a common material for fasteners thanks to its smart strength and skill in reality hundreds. <\/span><\/p>\n<div><\/div>\n<div>It responds well to heat-treatments with nominal work hardening and crispiness.it&#8217;s straightforward to machine and may meet the tight tolerances needed for threading and Prince Fastener configurations. steel is additionally associate degree economic metal.<\/div>\n<div>Carbon steel is classified by the number of carbon within the alloy, that impacts the properties of the steel. Low steel, with 0.05-0.3% carbon, is ductile and Prince Fastener malleable. it&#8217;s low strength and may be hardened through carbonizing. it&#8217;s the smallest amount expense of the steel alloys.<\/div>\n<div>Medium steel has zero.3-0.59% carbon, that provides the alloy with exaggerated strength and smart ware resistance. it&#8217;s straightforward to machine and is employed for cast and automotive components.<\/div>\n<div>High steel and ultra-high steel is extremely sturdy and is employed for springs and high-strength product. These alloys may be tempered to terribly high hardness while not crispiness, and square measure used for terribly high wear applications. These Prince Fastener alloys have carbon from zero.6-0.99% for top steel and one.0-2.0% for ultra-high steel.<\/div>\n<\/div>\n<\/div>\n<\/div>\n<\/div>\n<\/div>\n<div class=\"J_module\">\n<div class=\"flex-layout-h magic-0\"><\/div>\n<\/div>\n","protected":false},"excerpt":{"rendered":"<p>Prince Fastener Parafuso de soquete hexagonal, prendedores de a\u00e7o com cabe\u00e7a quadrada e rosca externa macho. eles costumam montar 2 objetos n\u00e3o rosqueados, geralmente com o uso de uma porca. obter o grau adequado de parafuso pode certificar que voc\u00ea tem uma conex\u00e3o s\u00f3lida e resistente de 2 materiais.<\/p>","protected":false},"featured_media":1138,"comment_status":"open","ping_status":"closed","template":"","meta":{"_seopress_robots_primary_cat":"0","_seopress_titles_title":"%%title%% %%page%% | From Screw Factories-Prince Fastener","_seopress_titles_desc":"Hexagon Socket Bolts have polygonal shape heads and machine threads to be used with a nut or in an exceedingly tapped hole.","_seopress_robots_index":"","_joinchat":[]},"product_brand":[],"product_cat":[31,88],"product_tag":[54,53,104,55],"class_list":{"0":"post-1139","1":"product","2":"type-product","3":"status-publish","4":"has-post-thumbnail","6":"product_cat-bolts-and-nuts","7":"product_cat-hexagon-bolts","8":"product_tag-bolts","9":"product_tag-bolts-and-nuts","10":"product_tag-hexagon-socket-bolt","11":"product_tag-nuts","13":"first","14":"instock","15":"shipping-taxable","16":"product-type-simple"},"yoast_head":"<!-- This site is optimized with the Yoast SEO plugin v27.3 - https:\/\/yoast.com\/product\/yoast-seo-wordpress\/ -->\n<title>Hexagon Socket Bolts | From Screw Factories-Prince Fastener<\/title>\n<meta name=\"description\" content=\"Hexagon Socket Bolts have polygonal shape heads and machine threads to be used with a nut or in an exceedingly tapped hole.\" \/>\n<meta name=\"robots\" content=\"index, follow, max-snippet:-1, max-image-preview:large, max-video-preview:-1\" \/>\n<link rel=\"canonical\" href=\"https:\/\/princefastener.com\/pt\/produtos\/parafusos-sextavados-2\/\" \/>\n<meta property=\"og:locale\" content=\"pt_BR\" \/>\n<meta property=\"og:type\" content=\"article\" \/>\n<meta property=\"og:title\" content=\"Hexagon Socket Bolts | From Screw Factories-Prince Fastener\" \/>\n<meta property=\"og:description\" content=\"Hexagon Socket Bolts have polygonal shape heads and machine threads to be used with a nut or in an exceedingly tapped hole.\" \/>\n<meta property=\"og:url\" content=\"https:\/\/princefastener.com\/pt\/produtos\/parafusos-sextavados-2\/\" \/>\n<meta property=\"og:site_name\" content=\"Screws and Fasteners Manufacturer\" \/>\n<meta property=\"article:publisher\" content=\"https:\/\/www.facebook.com\/Prince-Fastener-Manufacturing-Co-Ltd-107643758056794\" \/>\n<meta property=\"article:modified_time\" content=\"2021-09-26T09:53:05+00:00\" \/>\n<meta property=\"og:image\" content=\"https:\/\/princefastener.com\/wp-content\/uploads\/2021\/06\/Hexagon-socket-bolts.jpg\" \/>\n\t<meta property=\"og:image:width\" content=\"1000\" \/>\n\t<meta property=\"og:image:height\" content=\"1000\" \/>\n\t<meta property=\"og:image:type\" content=\"image\/jpeg\" \/>\n<meta name=\"twitter:card\" content=\"summary_large_image\" \/>\n<meta name=\"twitter:site\" content=\"@PrinceFastener\" \/>\n<meta name=\"twitter:label1\" content=\"Est. tempo de leitura\" \/>\n\t<meta name=\"twitter:data1\" content=\"2 minutos\" \/>\n<!-- \/ Yoast SEO plugin. -->","yoast_head_json":{"title":"Parafusos sextavados | Das f\u00e1bricas de parafusos-Prince Fastener","description":"Os parafusos de soquete hexagonal t\u00eam cabe\u00e7as de forma poligonal e roscas de m\u00e1quina para serem usadas com uma porca ou em um furo excessivamente roscado.","robots":{"index":"index","follow":"follow","max-snippet":"max-snippet:-1","max-image-preview":"max-image-preview:large","max-video-preview":"max-video-preview:-1"},"canonical":"https:\/\/princefastener.com\/pt\/produtos\/parafusos-sextavados-2\/","og_locale":"pt_BR","og_type":"article","og_title":"Hexagon Socket Bolts | From Screw Factories-Prince Fastener","og_description":"Hexagon Socket Bolts have polygonal shape heads and machine threads to be used with a nut or in an exceedingly tapped hole.","og_url":"https:\/\/princefastener.com\/pt\/produtos\/parafusos-sextavados-2\/","og_site_name":"Screws and Fasteners Manufacturer","article_publisher":"https:\/\/www.facebook.com\/Prince-Fastener-Manufacturing-Co-Ltd-107643758056794","article_modified_time":"2021-09-26T09:53:05+00:00","og_image":[{"width":1000,"height":1000,"url":"https:\/\/princefastener.com\/wp-content\/uploads\/2021\/06\/Hexagon-socket-bolts.jpg","type":"image\/jpeg"}],"twitter_card":"summary_large_image","twitter_site":"@PrinceFastener","twitter_misc":{"Est. tempo de leitura":"2 minutos"},"schema":{"@context":"https:\/\/schema.org","@graph":[{"@type":"WebPage","@id":"https:\/\/princefastener.com\/product\/hexagon-socket-bolts\/","url":"https:\/\/princefastener.com\/product\/hexagon-socket-bolts\/","name":"Parafusos sextavados | Das f\u00e1bricas de parafusos-Prince Fastener","isPartOf":{"@id":"https:\/\/princefastener.com\/#website"},"primaryImageOfPage":{"@id":"https:\/\/princefastener.com\/product\/hexagon-socket-bolts\/#primaryimage"},"image":{"@id":"https:\/\/princefastener.com\/product\/hexagon-socket-bolts\/#primaryimage"},"thumbnailUrl":"https:\/\/princefastener.com\/wp-content\/uploads\/2021\/06\/Hexagon-socket-bolts.jpg","datePublished":"2021-06-10T09:35:10+00:00","dateModified":"2021-09-26T09:53:05+00:00","description":"Os parafusos de soquete hexagonal t\u00eam cabe\u00e7as de forma poligonal e roscas de m\u00e1quina para serem usadas com uma porca ou em um furo excessivamente roscado.","breadcrumb":{"@id":"https:\/\/princefastener.com\/product\/hexagon-socket-bolts\/#breadcrumb"},"inLanguage":"pt-BR","potentialAction":[{"@type":"ReadAction","target":["https:\/\/princefastener.com\/product\/hexagon-socket-bolts\/"]}]},{"@type":"ImageObject","inLanguage":"pt-BR","@id":"https:\/\/princefastener.com\/product\/hexagon-socket-bolts\/#primaryimage","url":"https:\/\/princefastener.com\/wp-content\/uploads\/2021\/06\/Hexagon-socket-bolts.jpg","contentUrl":"https:\/\/princefastener.com\/wp-content\/uploads\/2021\/06\/Hexagon-socket-bolts.jpg","width":1000,"height":1000,"caption":"Hexagon socket bolts"},{"@type":"BreadcrumbList","@id":"https:\/\/princefastener.com\/product\/hexagon-socket-bolts\/#breadcrumb","itemListElement":[{"@type":"ListItem","position":1,"name":"Home","item":"https:\/\/princefastener.com\/"},{"@type":"ListItem","position":2,"name":"PRODUCT","item":"https:\/\/princefastener.com\/product\/"},{"@type":"ListItem","position":3,"name":"Hexagon Socket Bolts"}]},{"@type":"WebSite","@id":"https:\/\/princefastener.com\/#website","url":"https:\/\/princefastener.com\/","name":"Fabricante de Parafusos e Fixadores","description":"","publisher":{"@id":"https:\/\/princefastener.com\/#organization"},"potentialAction":[{"@type":"SearchAction","target":{"@type":"EntryPoint","urlTemplate":"https:\/\/princefastener.com\/?s={search_term_string}"},"query-input":{"@type":"PropertyValueSpecification","valueRequired":true,"valueName":"search_term_string"}}],"inLanguage":"pt-BR"},{"@type":"Organization","@id":"https:\/\/princefastener.com\/#organization","name":"prendedor de pr\u00edncipe","url":"https:\/\/princefastener.com\/","logo":{"@type":"ImageObject","inLanguage":"pt-BR","@id":"https:\/\/princefastener.com\/#\/schema\/logo\/image\/","url":"https:\/\/princefastener.com\/wp-content\/uploads\/2021\/04\/Prince-fastener-logo.png","contentUrl":"https:\/\/princefastener.com\/wp-content\/uploads\/2021\/04\/Prince-fastener-logo.png","width":630,"height":140,"caption":"Prince Fastener"},"image":{"@id":"https:\/\/princefastener.com\/#\/schema\/logo\/image\/"},"sameAs":["https:\/\/www.facebook.com\/Prince-Fastener-Manufacturing-Co-Ltd-107643758056794","https:\/\/x.com\/PrinceFastener","https:\/\/www.instagram.com\/princefastener001\/","https:\/\/www.linkedin.com\/company\/prince-fastener","https:\/\/www.pinterest.com\/PrinceFastenereric"]}]}},"_links":{"self":[{"href":"https:\/\/princefastener.com\/pt\/wp-json\/wp\/v2\/product\/1139","targetHints":{"allow":["GET"]}}],"collection":[{"href":"https:\/\/princefastener.com\/pt\/wp-json\/wp\/v2\/product"}],"about":[{"href":"https:\/\/princefastener.com\/pt\/wp-json\/wp\/v2\/types\/product"}],"replies":[{"embeddable":true,"href":"https:\/\/princefastener.com\/pt\/wp-json\/wp\/v2\/comments?post=1139"}],"version-history":[{"count":0,"href":"https:\/\/princefastener.com\/pt\/wp-json\/wp\/v2\/product\/1139\/revisions"}],"wp:featuredmedia":[{"embeddable":true,"href":"https:\/\/princefastener.com\/pt\/wp-json\/wp\/v2\/media\/1138"}],"wp:attachment":[{"href":"https:\/\/princefastener.com\/pt\/wp-json\/wp\/v2\/media?parent=1139"}],"wp:term":[{"taxonomy":"product_brand","embeddable":true,"href":"https:\/\/princefastener.com\/pt\/wp-json\/wp\/v2\/product_brand?post=1139"},{"taxonomy":"product_cat","embeddable":true,"href":"https:\/\/princefastener.com\/pt\/wp-json\/wp\/v2\/product_cat?post=1139"},{"taxonomy":"product_tag","embeddable":true,"href":"https:\/\/princefastener.com\/pt\/wp-json\/wp\/v2\/product_tag?post=1139"}],"curies":[{"name":"wp","href":"https:\/\/api.w.org\/{rel}","templated":true}]}}