{"id":1066,"date":"2021-06-10T15:03:38","date_gmt":"2021-06-10T07:03:38","guid":{"rendered":"https:\/\/princefastener.com\/?post_type=product&#038;p=1066"},"modified":"2021-09-26T17:07:52","modified_gmt":"2021-09-26T09:07:52","slug":"parafuso-de-bicicleta","status":"publish","type":"product","link":"https:\/\/princefastener.com\/pt\/product\/bicycle-screw\/","title":{"rendered":"parafuso de bicicleta"},"content":{"rendered":"<h2>Principais fun\u00e7\u00f5es dos parafusos.<\/h2>\n<p>1. Para conectar ou fixar objetos: por exemplo, ma\u00e7anetas de travamento, torneiras, espig\u00f5es de selim<\/p>\n<p>2. Para ajustar dist\u00e2ncias: por exemplo, para ajustar o parafuso limitador L\/H de uma transmiss\u00e3o.<\/p>\n<p>Em termos de tamanho, os parafusos podem ser divididos em parafuso e parafuso. Os parafusos s\u00e3o maiores em di\u00e2metro e t\u00eam uma for\u00e7a de carga maior. Os parafusos s\u00e3o menores em di\u00e2metro e t\u00eam uma capacidade de carga menor. Vou continuar a me referir a eles como parafusos para fins de esclarecimento.<\/p>\n<h2>Classifica\u00e7\u00e3o dos parafusos.<\/h2>\n<p>1. rosca direita, rosca esquerda (tamb\u00e9m pode ser chamada de sentido hor\u00e1rio\/contr\u00e1rio, para frente\/reverso, sentido hor\u00e1rio\/sentido anti-hor\u00e1rio).<\/p>\n<p>Aqueles que giram no sentido hor\u00e1rio s\u00e3o roscas direitas e vice-versa s\u00e3o roscas esquerdas. As \u00fanicas roscas reversas atualmente usadas em bicicletas s\u00e3o o BB de cinco vias e os pedais, que s\u00e3o os \u00fanicos dois lugares onde s\u00e3o usadas roscas reversas. Todo o resto \u00e9 fio positivo.<\/p>\n<p><img fetchpriority=\"high\" decoding=\"async\" class=\"alignnone size-medium wp-image-1045\" title=\"prendedor personalizado\" src=\"https:\/\/princefastener.com\/wp-content\/uploads\/2021\/06\/custom-fastener-300x169.jpg\" alt=\"prendedor personalizado\" width=\"300\" height=\"169\" srcset=\"https:\/\/princefastener.com\/wp-content\/uploads\/2021\/06\/custom-fastener-300x169.jpg 300w, https:\/\/princefastener.com\/wp-content\/uploads\/2021\/06\/custom-fastener-1024x576.jpg 1024w, https:\/\/princefastener.com\/wp-content\/uploads\/2021\/06\/custom-fastener-150x84.jpg 150w, https:\/\/princefastener.com\/wp-content\/uploads\/2021\/06\/custom-fastener-768x432.jpg 768w, https:\/\/princefastener.com\/wp-content\/uploads\/2021\/06\/custom-fastener-600x338.jpg 600w, https:\/\/princefastener.com\/wp-content\/uploads\/2021\/06\/custom-fastener.jpg 1500w\" sizes=\"(max-width: 300px) 100vw, 300px\" \/> <img alt=\"\" decoding=\"async\" class=\"alignnone size-medium wp-image-1051\" title=\"Pedidos personalizados\" src=\"https:\/\/princefastener.com\/wp-content\/uploads\/2021\/06\/Custom-orders-300x182.jpg\" width=\"300\" height=\"182\" srcset=\"https:\/\/princefastener.com\/wp-content\/uploads\/2021\/06\/Custom-orders-300x182.jpg 300w, https:\/\/princefastener.com\/wp-content\/uploads\/2021\/06\/Custom-orders-1024x622.jpg 1024w, https:\/\/princefastener.com\/wp-content\/uploads\/2021\/06\/Custom-orders-150x91.jpg 150w, https:\/\/princefastener.com\/wp-content\/uploads\/2021\/06\/Custom-orders-768x467.jpg 768w, https:\/\/princefastener.com\/wp-content\/uploads\/2021\/06\/Custom-orders-600x365.jpg 600w, https:\/\/princefastener.com\/wp-content\/uploads\/2021\/06\/Custom-orders.jpg 1200w\" sizes=\"(max-width: 300px) 100vw, 300px\" \/> <img alt=\"\" decoding=\"async\" class=\"alignnone size-medium wp-image-1054\" title=\"prendedores de pr\u00edncipe\" src=\"https:\/\/princefastener.com\/wp-content\/uploads\/2021\/06\/prince-fasteners-300x200.jpg\" width=\"300\" height=\"200\" srcset=\"https:\/\/princefastener.com\/wp-content\/uploads\/2021\/06\/prince-fasteners-300x200.jpg 300w, https:\/\/princefastener.com\/wp-content\/uploads\/2021\/06\/prince-fasteners-1024x684.jpg 1024w, https:\/\/princefastener.com\/wp-content\/uploads\/2021\/06\/prince-fasteners-150x100.jpg 150w, https:\/\/princefastener.com\/wp-content\/uploads\/2021\/06\/prince-fasteners-768x513.jpg 768w, https:\/\/princefastener.com\/wp-content\/uploads\/2021\/06\/prince-fasteners-600x401.jpg 600w, https:\/\/princefastener.com\/wp-content\/uploads\/2021\/06\/prince-fasteners.jpg 1200w\" sizes=\"(max-width: 300px) 100vw, 300px\" \/> <img loading=\"lazy\" decoding=\"async\" class=\"alignnone size-medium wp-image-1055\" title=\"motor de fixa\u00e7\u00e3o pr\u00edncipe\" src=\"https:\/\/princefastener.com\/wp-content\/uploads\/2021\/06\/prince-fastener-engine-300x200.jpg\" alt=\"motor de fixa\u00e7\u00e3o pr\u00edncipe\" width=\"300\" height=\"200\" srcset=\"https:\/\/princefastener.com\/wp-content\/uploads\/2021\/06\/prince-fastener-engine-300x200.jpg 300w, https:\/\/princefastener.com\/wp-content\/uploads\/2021\/06\/prince-fastener-engine-1024x684.jpg 1024w, https:\/\/princefastener.com\/wp-content\/uploads\/2021\/06\/prince-fastener-engine-150x100.jpg 150w, https:\/\/princefastener.com\/wp-content\/uploads\/2021\/06\/prince-fastener-engine-768x513.jpg 768w, https:\/\/princefastener.com\/wp-content\/uploads\/2021\/06\/prince-fastener-engine-600x401.jpg 600w, https:\/\/princefastener.com\/wp-content\/uploads\/2021\/06\/prince-fastener-engine.jpg 1200w\" sizes=\"(max-width: 300px) 100vw, 300px\" \/><\/p>","protected":false},"excerpt":{"rendered":"<p>Aqueles que giram no sentido hor\u00e1rio s\u00e3o roscas direitas e vice-versa s\u00e3o roscas esquerdas. As \u00fanicas roscas reversas atualmente usadas em bicicletas s\u00e3o o BB de cinco vias e os pedais, que s\u00e3o os \u00fanicos dois lugares onde s\u00e3o usadas roscas reversas. Todo o resto \u00e9 fio positivo.<\/p>","protected":false},"featured_media":1069,"comment_status":"open","ping_status":"closed","template":"","meta":{"_seopress_robots_primary_cat":"0","_seopress_titles_title":"%%title%% %%page%% | From Screw Factories-Prince Fastener","_seopress_titles_desc":"The Bicycle Screws are mainly provide for the bicycle manufacturer,and the bicycle repair stores and distributors.","_seopress_robots_index":"","_joinchat":[]},"product_brand":[],"product_cat":[84,33],"product_tag":[90,93],"class_list":{"0":"post-1066","1":"product","2":"type-product","3":"status-publish","4":"has-post-thumbnail","6":"product_cat-bicycle-screw","7":"product_cat-custom-fastener","8":"product_tag-bicycle-screw","9":"product_tag-screw-for-bike","11":"first","12":"instock","13":"shipping-taxable","14":"product-type-simple"},"yoast_head":"<!-- This site is optimized with the Yoast SEO plugin v27.3 - https:\/\/yoast.com\/product\/yoast-seo-wordpress\/ -->\n<title>Bicycle Screw | From Screw Factories-Prince Fastener<\/title>\n<meta name=\"description\" content=\"The Bicycle Screws are mainly provide for the bicycle manufacturer,and the bicycle repair stores and distributors.\" \/>\n<meta name=\"robots\" content=\"index, follow, max-snippet:-1, max-image-preview:large, max-video-preview:-1\" \/>\n<link rel=\"canonical\" href=\"https:\/\/princefastener.com\/pt\/produtos\/parafuso-de-bicicleta\/\" \/>\n<meta property=\"og:locale\" content=\"pt_BR\" \/>\n<meta property=\"og:type\" content=\"article\" \/>\n<meta property=\"og:title\" content=\"Bicycle Screw | From Screw Factories-Prince Fastener\" \/>\n<meta property=\"og:description\" content=\"The Bicycle Screws are mainly provide for the bicycle manufacturer,and the bicycle repair stores and distributors.\" \/>\n<meta property=\"og:url\" content=\"https:\/\/princefastener.com\/pt\/produtos\/parafuso-de-bicicleta\/\" \/>\n<meta property=\"og:site_name\" content=\"Screws and Fasteners Manufacturer\" \/>\n<meta property=\"article:publisher\" content=\"https:\/\/www.facebook.com\/Prince-Fastener-Manufacturing-Co-Ltd-107643758056794\" \/>\n<meta property=\"article:modified_time\" content=\"2021-09-26T09:07:52+00:00\" \/>\n<meta property=\"og:image\" content=\"https:\/\/princefastener.com\/wp-content\/uploads\/2021\/06\/bike-rack-screws.jpg\" \/>\n\t<meta property=\"og:image:width\" content=\"1000\" \/>\n\t<meta property=\"og:image:height\" content=\"1000\" \/>\n\t<meta property=\"og:image:type\" content=\"image\/jpeg\" \/>\n<meta name=\"twitter:card\" content=\"summary_large_image\" \/>\n<meta name=\"twitter:site\" content=\"@PrinceFastener\" \/>\n<meta name=\"twitter:label1\" content=\"Est. tempo de leitura\" \/>\n\t<meta name=\"twitter:data1\" content=\"1 minuto\" \/>\n<!-- \/ Yoast SEO plugin. -->","yoast_head_json":{"title":"Parafuso de bicicleta | Das f\u00e1bricas de parafusos-Prince Fastener","description":"Os parafusos de bicicleta s\u00e3o fornecidos principalmente para o fabricante de bicicletas e para as lojas e distribuidores de conserto de bicicletas.","robots":{"index":"index","follow":"follow","max-snippet":"max-snippet:-1","max-image-preview":"max-image-preview:large","max-video-preview":"max-video-preview:-1"},"canonical":"https:\/\/princefastener.com\/pt\/produtos\/parafuso-de-bicicleta\/","og_locale":"pt_BR","og_type":"article","og_title":"Bicycle Screw | From Screw Factories-Prince Fastener","og_description":"The Bicycle Screws are mainly provide for the bicycle manufacturer,and the bicycle repair stores and distributors.","og_url":"https:\/\/princefastener.com\/pt\/produtos\/parafuso-de-bicicleta\/","og_site_name":"Screws and Fasteners Manufacturer","article_publisher":"https:\/\/www.facebook.com\/Prince-Fastener-Manufacturing-Co-Ltd-107643758056794","article_modified_time":"2021-09-26T09:07:52+00:00","og_image":[{"width":1000,"height":1000,"url":"https:\/\/princefastener.com\/wp-content\/uploads\/2021\/06\/bike-rack-screws.jpg","type":"image\/jpeg"}],"twitter_card":"summary_large_image","twitter_site":"@PrinceFastener","twitter_misc":{"Est. tempo de leitura":"1 minuto"},"schema":{"@context":"https:\/\/schema.org","@graph":[{"@type":"WebPage","@id":"https:\/\/princefastener.com\/product\/bicycle-screw\/","url":"https:\/\/princefastener.com\/product\/bicycle-screw\/","name":"Parafuso de bicicleta | Das f\u00e1bricas de parafusos-Prince Fastener","isPartOf":{"@id":"https:\/\/princefastener.com\/#website"},"primaryImageOfPage":{"@id":"https:\/\/princefastener.com\/product\/bicycle-screw\/#primaryimage"},"image":{"@id":"https:\/\/princefastener.com\/product\/bicycle-screw\/#primaryimage"},"thumbnailUrl":"https:\/\/princefastener.com\/wp-content\/uploads\/2021\/06\/bike-rack-screws.jpg","datePublished":"2021-06-10T07:03:38+00:00","dateModified":"2021-09-26T09:07:52+00:00","description":"Os parafusos de bicicleta s\u00e3o fornecidos principalmente para o fabricante de bicicletas e para as lojas e distribuidores de conserto de bicicletas.","breadcrumb":{"@id":"https:\/\/princefastener.com\/product\/bicycle-screw\/#breadcrumb"},"inLanguage":"pt-BR","potentialAction":[{"@type":"ReadAction","target":["https:\/\/princefastener.com\/product\/bicycle-screw\/"]}]},{"@type":"ImageObject","inLanguage":"pt-BR","@id":"https:\/\/princefastener.com\/product\/bicycle-screw\/#primaryimage","url":"https:\/\/princefastener.com\/wp-content\/uploads\/2021\/06\/bike-rack-screws.jpg","contentUrl":"https:\/\/princefastener.com\/wp-content\/uploads\/2021\/06\/bike-rack-screws.jpg","width":1000,"height":1000,"caption":"bike rack screws"},{"@type":"BreadcrumbList","@id":"https:\/\/princefastener.com\/product\/bicycle-screw\/#breadcrumb","itemListElement":[{"@type":"ListItem","position":1,"name":"Home","item":"https:\/\/princefastener.com\/"},{"@type":"ListItem","position":2,"name":"PRODUCT","item":"https:\/\/princefastener.com\/product\/"},{"@type":"ListItem","position":3,"name":"Bicycle Screw"}]},{"@type":"WebSite","@id":"https:\/\/princefastener.com\/#website","url":"https:\/\/princefastener.com\/","name":"Fabricante de Parafusos e Fixadores","description":"","publisher":{"@id":"https:\/\/princefastener.com\/#organization"},"potentialAction":[{"@type":"SearchAction","target":{"@type":"EntryPoint","urlTemplate":"https:\/\/princefastener.com\/?s={search_term_string}"},"query-input":{"@type":"PropertyValueSpecification","valueRequired":true,"valueName":"search_term_string"}}],"inLanguage":"pt-BR"},{"@type":"Organization","@id":"https:\/\/princefastener.com\/#organization","name":"prendedor de pr\u00edncipe","url":"https:\/\/princefastener.com\/","logo":{"@type":"ImageObject","inLanguage":"pt-BR","@id":"https:\/\/princefastener.com\/#\/schema\/logo\/image\/","url":"https:\/\/princefastener.com\/wp-content\/uploads\/2021\/04\/Prince-fastener-logo.png","contentUrl":"https:\/\/princefastener.com\/wp-content\/uploads\/2021\/04\/Prince-fastener-logo.png","width":630,"height":140,"caption":"Prince Fastener"},"image":{"@id":"https:\/\/princefastener.com\/#\/schema\/logo\/image\/"},"sameAs":["https:\/\/www.facebook.com\/Prince-Fastener-Manufacturing-Co-Ltd-107643758056794","https:\/\/x.com\/PrinceFastener","https:\/\/www.instagram.com\/princefastener001\/","https:\/\/www.linkedin.com\/company\/prince-fastener","https:\/\/www.pinterest.com\/PrinceFastenereric"]}]}},"_links":{"self":[{"href":"https:\/\/princefastener.com\/pt\/wp-json\/wp\/v2\/product\/1066","targetHints":{"allow":["GET"]}}],"collection":[{"href":"https:\/\/princefastener.com\/pt\/wp-json\/wp\/v2\/product"}],"about":[{"href":"https:\/\/princefastener.com\/pt\/wp-json\/wp\/v2\/types\/product"}],"replies":[{"embeddable":true,"href":"https:\/\/princefastener.com\/pt\/wp-json\/wp\/v2\/comments?post=1066"}],"version-history":[{"count":0,"href":"https:\/\/princefastener.com\/pt\/wp-json\/wp\/v2\/product\/1066\/revisions"}],"wp:featuredmedia":[{"embeddable":true,"href":"https:\/\/princefastener.com\/pt\/wp-json\/wp\/v2\/media\/1069"}],"wp:attachment":[{"href":"https:\/\/princefastener.com\/pt\/wp-json\/wp\/v2\/media?parent=1066"}],"wp:term":[{"taxonomy":"product_brand","embeddable":true,"href":"https:\/\/princefastener.com\/pt\/wp-json\/wp\/v2\/product_brand?post=1066"},{"taxonomy":"product_cat","embeddable":true,"href":"https:\/\/princefastener.com\/pt\/wp-json\/wp\/v2\/product_cat?post=1066"},{"taxonomy":"product_tag","embeddable":true,"href":"https:\/\/princefastener.com\/pt\/wp-json\/wp\/v2\/product_tag?post=1066"}],"curies":[{"name":"wp","href":"https:\/\/api.w.org\/{rel}","templated":true}]}}