{"id":4144,"date":"2023-01-12T10:50:30","date_gmt":"2023-01-12T02:50:30","guid":{"rendered":"https:\/\/princefastener.com\/?page_id=4144"},"modified":"2023-01-12T11:03:29","modified_gmt":"2023-01-12T03:03:29","slug":"parafuso-sextavado","status":"publish","type":"page","link":"https:\/\/princefastener.com\/pt\/hex-cap-screw\/","title":{"rendered":"Parafuso sextavado"},"content":{"rendered":"<div data-elementor-type=\"wp-page\" data-elementor-id=\"4144\" class=\"elementor elementor-4144\" data-elementor-post-type=\"page\">\n\t\t\t\t\t\t<section class=\"elementor-section elementor-top-section elementor-element elementor-element-6zgohc3 elementor-section-boxed ang-section-padding-initial elementor-section-height-default elementor-section-height-default elementor-repeater-item-none elementor-repeater-item-none_hover\" data-id=\"6zgohc3\" data-element_type=\"section\" data-e-type=\"section\" data-settings=\"{&quot;background_background&quot;:&quot;classic&quot;,&quot;shape_divider_bottom&quot;:&quot;triangle-asymmetrical&quot;,&quot;shape_divider_top&quot;:&quot;tilt&quot;}\">\n\t\t\t\t\t\t\t<div class=\"elementor-background-overlay\"><\/div>\n\t\t\t\t\t\t<div class=\"elementor-shape elementor-shape-top\" aria-hidden=\"true\" data-negative=\"false\">\n\t\t\t<svg xmlns=\"http:\/\/www.w3.org\/2000\/svg\" viewbox=\"0 0 1000 100\" preserveaspectratio=\"none\">\n\t<path class=\"elementor-shape-fill\" d=\"M0,6V0h1000v100L0,6z\"\/>\n<\/svg>\t\t<\/div>\n\t\t\t\t<div class=\"elementor-shape elementor-shape-bottom\" aria-hidden=\"true\" data-negative=\"false\">\n\t\t\t<svg xmlns=\"http:\/\/www.w3.org\/2000\/svg\" viewbox=\"0 0 1000 100\" preserveaspectratio=\"none\">\n\t<path class=\"elementor-shape-fill\" d=\"M738,99l262-93V0H0v5.6L738,99z\"\/>\n<\/svg>\t\t<\/div>\n\t\t\t\t\t<div class=\"elementor-container elementor-column-gap-default\">\n\t\t\t\t\t<div class=\"elementor-column elementor-col-100 elementor-top-column elementor-element elementor-element-78af2ff elementor-repeater-item-none elementor-repeater-item-none_hover\" data-id=\"78af2ff\" data-element_type=\"column\" data-e-type=\"column\">\n\t\t\t<div class=\"elementor-widget-wrap elementor-element-populated\">\n\t\t\t\t\t\t<section class=\"elementor-section elementor-inner-section elementor-element elementor-element-761e799 elementor-section-boxed ang-section-padding-initial elementor-section-height-default elementor-section-height-default elementor-repeater-item-none elementor-repeater-item-none_hover\" data-id=\"761e799\" data-element_type=\"section\" data-e-type=\"section\" data-settings=\"{&quot;background_background&quot;:&quot;classic&quot;}\">\n\t\t\t\t\t\t\t<div class=\"elementor-background-overlay\"><\/div>\n\t\t\t\t\t\t\t<div class=\"elementor-container elementor-column-gap-default\">\n\t\t\t\t\t<div class=\"elementor-column elementor-col-33 elementor-inner-column elementor-element elementor-element-4c83a36 elementor-repeater-item-none elementor-repeater-item-none_hover\" data-id=\"4c83a36\" data-element_type=\"column\" data-e-type=\"column\">\n\t\t\t<div class=\"elementor-widget-wrap elementor-element-populated\">\n\t\t\t\t\t\t<div class=\"elementor-element elementor-element-7f4a5f4 elementor-repeater-item-none elementor-repeater-item-none_hover elementor-widget elementor-widget-heading\" data-id=\"7f4a5f4\" data-element_type=\"widget\" data-e-type=\"widget\" data-widget_type=\"heading.default\">\n\t\t\t\t<div class=\"elementor-widget-container\">\n\t\t\t\t\t<h2 class=\"elementor-heading-title elementor-size-xl\">\n<\/h2>\t\t\t\t<\/div>\n\t\t\t\t<\/div>\n\t\t\t\t\t<\/div>\n\t\t<\/div>\n\t\t\t\t<div class=\"elementor-column elementor-col-33 elementor-inner-column elementor-element elementor-element-2e85962 elementor-repeater-item-none elementor-repeater-item-none_hover\" data-id=\"2e85962\" data-element_type=\"column\" data-e-type=\"column\">\n\t\t\t<div class=\"elementor-widget-wrap elementor-element-populated\">\n\t\t\t\t\t\t<div class=\"elementor-element elementor-element-605dd69 elementor-headline--style-highlight elementor-repeater-item-none elementor-repeater-item-none_hover elementor-widget elementor-widget-animated-headline\" data-id=\"605dd69\" data-element_type=\"widget\" data-e-type=\"widget\" data-settings=\"{&quot;highlighted_text&quot;:&quot;Hex Cap Screw&quot;,&quot;headline_style&quot;:&quot;highlight&quot;,&quot;marker&quot;:&quot;circle&quot;,&quot;loop&quot;:&quot;yes&quot;,&quot;highlight_animation_duration&quot;:1200,&quot;highlight_iteration_delay&quot;:8000}\" data-widget_type=\"animated-headline.default\">\n\t\t\t\t<div class=\"elementor-widget-container\">\n\t\t\t\t\t\t\t<h6 class=\"elementor-headline\">\n\t\t\t\t<span class=\"elementor-headline-dynamic-wrapper elementor-headline-text-wrapper\">\n\t\t\t\t\t<span class=\"elementor-headline-dynamic-text elementor-headline-text-active\">Parafuso sextavado<\/span>\n\t\t\t\t<\/span>\n\t\t\t\t<\/h6>\n\t\t\t\t\t\t<\/div>\n\t\t\t\t<\/div>\n\t\t\t\t\t<\/div>\n\t\t<\/div>\n\t\t\t\t<div class=\"elementor-column elementor-col-33 elementor-inner-column elementor-element elementor-element-76faa85 elementor-repeater-item-none elementor-repeater-item-none_hover\" data-id=\"76faa85\" data-element_type=\"column\" data-e-type=\"column\">\n\t\t\t<div class=\"elementor-widget-wrap elementor-element-populated\">\n\t\t\t\t\t\t\t<\/div>\n\t\t<\/div>\n\t\t\t\t\t<\/div>\n\t\t<\/section>\n\t\t\t\t<section class=\"elementor-section elementor-inner-section elementor-element elementor-element-c5096f1 elementor-section-boxed ang-section-padding-initial elementor-section-height-default elementor-section-height-default elementor-repeater-item-none elementor-repeater-item-none_hover\" data-id=\"c5096f1\" data-element_type=\"section\" data-e-type=\"section\">\n\t\t\t\t\t\t\t<div class=\"elementor-background-overlay\"><\/div>\n\t\t\t\t\t\t\t<div class=\"elementor-container elementor-column-gap-default\">\n\t\t\t\t\t<div class=\"elementor-column elementor-col-100 elementor-inner-column elementor-element elementor-element-a80d05b elementor-repeater-item-none elementor-repeater-item-none_hover\" data-id=\"a80d05b\" data-element_type=\"column\" data-e-type=\"column\">\n\t\t\t<div class=\"elementor-widget-wrap elementor-element-populated\">\n\t\t\t\t\t\t<div class=\"elementor-element elementor-element-97cc7d6 elementor-repeater-item-none elementor-repeater-item-none_hover elementor-widget elementor-widget-text-editor\" data-id=\"97cc7d6\" data-element_type=\"widget\" data-e-type=\"widget\" data-widget_type=\"text-editor.default\">\n\t\t\t\t<div class=\"elementor-widget-container\">\n\t\t\t\t\t\t\t\t\t<p><span style=\"font-weight: 400;\"><strong>Prince Fastener Manufacturing Co., Ltd<\/strong> \u00e9 um fornecedor mundial renomado de parafusos hexagonais e outros fixadores de alta qualidade. Atuamos na fabrica\u00e7\u00e3o industrial h\u00e1 mais de 30 anos e fornecemos continuamente excelentes padr\u00f5es de componentes e servi\u00e7os de fixa\u00e7\u00e3o de qualidade. Oferecemos diferentes varia\u00e7\u00f5es de <strong>parafusos sextavados<\/strong> e recursos personaliz\u00e1veis de acordo com as especifica\u00e7\u00f5es.<\/span><\/p><p><span style=\"font-weight: 400;\">Estamos empenhados em fornecer o melhor servi\u00e7o e produtos para cada aplica\u00e7\u00e3o de fixa\u00e7\u00e3o. Nosso principal princ\u00edpio \u00e9 atender a satisfa\u00e7\u00e3o do cliente, fornecendo componentes de fixa\u00e7\u00e3o seguros e protegidos, como parafusos sextavados.<\/span><\/p>\t\t\t\t\t\t\t\t<\/div>\n\t\t\t\t<\/div>\n\t\t\t\t\t<\/div>\n\t\t<\/div>\n\t\t\t\t\t<\/div>\n\t\t<\/section>\n\t\t\t\t<div class=\"elementor-element elementor-element-b5c07b4 elementor-align-center elementor-repeater-item-none elementor-repeater-item-none_hover elementor-widget elementor-widget-button\" data-id=\"b5c07b4\" data-element_type=\"widget\" data-e-type=\"widget\" data-widget_type=\"button.default\">\n\t\t\t\t<div class=\"elementor-widget-container\">\n\t\t\t\t\t\t\t\t\t<div class=\"elementor-button-wrapper\">\n\t\t\t\t\t<a class=\"elementor-button elementor-button-link elementor-size-xl\" href=\"#elementor-action%3Aaction%3Dpopup%3Aopen%26settings%3DeyJpZCI6Ijc3MyIsInRvZ2dsZSI6ZmFsc2V9\">\n\t\t\t\t\t\t<span class=\"elementor-button-content-wrapper\">\n\t\t\t\t\t\t\t\t\t<span class=\"elementor-button-text\">Envie-me seu cat\u00e1logo mais recente<\/span>\n\t\t\t\t\t<\/span>\n\t\t\t\t\t<\/a>\n\t\t\t\t<\/div>\n\t\t\t\t\t\t\t\t<\/div>\n\t\t\t\t<\/div>\n\t\t\t\t\t<\/div>\n\t\t<\/div>\n\t\t\t\t\t<\/div>\n\t\t<\/section>\n\t\t\t\t<section class=\"elementor-section elementor-top-section elementor-element elementor-element-47cedd7 elementor-section-boxed ang-section-padding-initial elementor-section-height-default elementor-section-height-default elementor-repeater-item-none elementor-repeater-item-none_hover\" data-id=\"47cedd7\" data-element_type=\"section\" data-e-type=\"section\" id=\"#definition\">\n\t\t\t\t\t\t<div class=\"elementor-container elementor-column-gap-default\">\n\t\t\t\t\t<div class=\"elementor-column elementor-col-100 elementor-top-column elementor-element elementor-element-ec6f463 elementor-repeater-item-none elementor-repeater-item-none_hover\" data-id=\"ec6f463\" data-element_type=\"column\" data-e-type=\"column\">\n\t\t\t<div class=\"elementor-widget-wrap elementor-element-populated\">\n\t\t\t\t\t\t<div class=\"elementor-element elementor-element-f378a9a elementor-repeater-item-none elementor-repeater-item-none_hover elementor-widget elementor-widget-heading\" data-id=\"f378a9a\" data-element_type=\"widget\" data-e-type=\"widget\" id=\"definitions\" data-widget_type=\"heading.default\">\n\t\t\t\t<div class=\"elementor-widget-container\">\n\t\t\t\t\t<h2 class=\"elementor-heading-title elementor-size-default\">Fabricante e Fornecedor de Parafuso de Cabe\u00e7a Hexagonal<\/h2>\t\t\t\t<\/div>\n\t\t\t\t<\/div>\n\t\t\t\t<div class=\"elementor-element elementor-element-8728a49 elementor-repeater-item-none elementor-repeater-item-none_hover elementor-widget elementor-widget-text-editor\" data-id=\"8728a49\" data-element_type=\"widget\" data-e-type=\"widget\" data-widget_type=\"text-editor.default\">\n\t\t\t\t<div class=\"elementor-widget-container\">\n\t\t\t\t\t\t\t\t\t<p><img fetchpriority=\"high\" decoding=\"async\" class=\"aligncenter wp-image-2039 size-full\" title=\"Fornecedor de fixadores OEM\" src=\"https:\/\/princefastener.com\/wp-content\/uploads\/2022\/03\/OEM-Fastener-Supplier.jpg\" alt=\"Fornecedor de fixadores OEM\" width=\"678\" height=\"481\" srcset=\"https:\/\/princefastener.com\/wp-content\/uploads\/2022\/03\/OEM-Fastener-Supplier.jpg 678w, https:\/\/princefastener.com\/wp-content\/uploads\/2022\/03\/OEM-Fastener-Supplier-300x213.jpg 300w, https:\/\/princefastener.com\/wp-content\/uploads\/2022\/03\/OEM-Fastener-Supplier-150x106.jpg 150w, https:\/\/princefastener.com\/wp-content\/uploads\/2022\/03\/OEM-Fastener-Supplier-600x426.jpg 600w\" sizes=\"(max-width: 678px) 100vw, 678px\" \/><\/p><p><b>Parafusos sextavados<\/b><span style=\"font-weight: 400;\"> s\u00e3o projetados com uma cabe\u00e7a de seis lados de sua forma hexagonal e uma face de arruela na superf\u00edcie de rolamento. Eles tamb\u00e9m s\u00e3o chamados <\/span><a href=\"https:\/\/princefastener.com\/pt\/categoria-de-produto\/parafusos-e-porcas\/parafusos-sextavados\/\" target=\"_blank\" rel=\"noopener\"><span style=\"font-weight: 400;\">parafusos sextavados<\/span><\/a><span style=\"font-weight: 400;\"> pois proporcionam grande resist\u00eancia e durabilidade nas aplica\u00e7\u00f5es. Existem v\u00e1rias roscas e comprimentos de parafusos sextavados para atender aos requisitos espec\u00edficos da pe\u00e7a de trabalho.<\/span><\/p><p><span style=\"font-weight: 400;\">A Prince Fastener possui uma ampla variedade de fixadores industriais e mec\u00e2nicos, incluindo parafusos sextavados. Atendemos diversos setores e setores. como confi\u00e1vel <\/span><a href=\"https:\/\/princefastener.com\/pt\/\" target=\"_blank\" rel=\"noopener\"><span style=\"font-weight: 400;\">fornecedor de fixadores<\/span><\/a><span style=\"font-weight: 400;\">, oferecemos pre\u00e7os competitivos para <\/span><b>parafusos sextavados<\/b><span style=\"font-weight: 400;\"> e outros fixadores. Tamb\u00e9m enviamos para todo o mundo e processamos a remessa o mais r\u00e1pido poss\u00edvel.<\/span><\/p><h3><span style=\"font-weight: 400;\">Sobre Prince Fastener<\/span><\/h3><p><a href=\"https:\/\/princefastener.com\/pt\/\" target=\"_blank\" rel=\"noopener\"><span style=\"font-weight: 400;\">prendedor de pr\u00edncipe<\/span><\/a><span style=\"font-weight: 400;\"> tem uma vasta experi\u00eancia na fabrica\u00e7\u00e3o de fixadores h\u00e1 mais de 30 anos. Estamos localizados na China, com duas instala\u00e7\u00f5es nas prov\u00edncias de Xangai e Nan-tong. Com f\u00e1cil acesso \u00e0s portas, podemos enviar e fornecer diretamente nossos parafusos e fixadores sextavados de alta qualidade para qualquer lugar do mundo.<\/span><\/p><p><span style=\"font-weight: 400;\">Com servi\u00e7o cont\u00ednuo para a ind\u00fastria, ampliamos nossas capacidades por ter tecnologia avan\u00e7ada e profissionais qualificados que operam nossas m\u00e1quinas e equipamentos. Garantimos que todos os parafusos sextavados e fixadores fabricados em nossa linha de produ\u00e7\u00e3o estejam sob altos padr\u00f5es e alta qualidade.<br \/><\/span><\/p>\t\t\t\t\t\t\t\t<\/div>\n\t\t\t\t<\/div>\n\t\t\t\t<div class=\"elementor-element elementor-element-0ebecdb elementor-repeater-item-none elementor-repeater-item-none_hover elementor-widget elementor-widget-heading\" data-id=\"0ebecdb\" data-element_type=\"widget\" data-e-type=\"widget\" data-widget_type=\"heading.default\">\n\t\t\t\t<div class=\"elementor-widget-container\">\n\t\t\t\t\t<h2 class=\"elementor-heading-title elementor-size-default\">Especifica\u00e7\u00f5es do parafuso sextavado<\/h2>\t\t\t\t<\/div>\n\t\t\t\t<\/div>\n\t\t\t\t<section class=\"elementor-section elementor-inner-section elementor-element elementor-element-eb21d26 elementor-section-boxed ang-section-padding-initial elementor-section-height-default elementor-section-height-default elementor-repeater-item-none elementor-repeater-item-none_hover\" data-id=\"eb21d26\" data-element_type=\"section\" data-e-type=\"section\">\n\t\t\t\t\t\t<div class=\"elementor-container elementor-column-gap-default\">\n\t\t\t\t\t<div class=\"elementor-column elementor-col-50 elementor-inner-column elementor-element elementor-element-2ce6508 elementor-repeater-item-none elementor-repeater-item-none_hover\" data-id=\"2ce6508\" data-element_type=\"column\" data-e-type=\"column\">\n\t\t\t<div class=\"elementor-widget-wrap elementor-element-populated\">\n\t\t\t\t\t\t<div class=\"elementor-element elementor-element-f06db7a external_elementor-repeater-item-none_external elementor-repeater-item-none elementor-repeater-item-none_hover elementor-widget elementor-widget-image\" data-id=\"f06db7a\" data-element_type=\"widget\" data-e-type=\"widget\" data-widget_type=\"image.default\">\n\t\t\t\t<div class=\"elementor-widget-container\">\n\t\t\t\t\t\t\t\t\t\t\t\t\t\t\t<img decoding=\"async\" width=\"300\" height=\"300\" src=\"https:\/\/princefastener.com\/wp-content\/uploads\/2021\/06\/Hexagon-socket-head-cap-screw-300x300.jpg\" class=\"attachment-medium size-medium wp-image-1191\" alt=\"Parafuso de cabe\u00e7a sextavada\" srcset=\"https:\/\/princefastener.com\/wp-content\/uploads\/2021\/06\/Hexagon-socket-head-cap-screw-300x300.jpg 300w, https:\/\/princefastener.com\/wp-content\/uploads\/2021\/06\/Hexagon-socket-head-cap-screw-150x150.jpg 150w, https:\/\/princefastener.com\/wp-content\/uploads\/2021\/06\/Hexagon-socket-head-cap-screw-768x768.jpg 768w, https:\/\/princefastener.com\/wp-content\/uploads\/2021\/06\/Hexagon-socket-head-cap-screw-600x600.jpg 600w, https:\/\/princefastener.com\/wp-content\/uploads\/2021\/06\/Hexagon-socket-head-cap-screw-100x100.jpg 100w, https:\/\/princefastener.com\/wp-content\/uploads\/2021\/06\/Hexagon-socket-head-cap-screw.jpg 1000w\" sizes=\"(max-width: 300px) 100vw, 300px\" \/>\t\t\t\t\t\t\t\t\t\t\t\t\t\t\t<\/div>\n\t\t\t\t<\/div>\n\t\t\t\t\t<\/div>\n\t\t<\/div>\n\t\t\t\t<div class=\"elementor-column elementor-col-50 elementor-inner-column elementor-element elementor-element-d31aa61 elementor-repeater-item-none elementor-repeater-item-none_hover\" data-id=\"d31aa61\" data-element_type=\"column\" data-e-type=\"column\">\n\t\t\t<div class=\"elementor-widget-wrap elementor-element-populated\">\n\t\t\t\t\t\t<div class=\"elementor-element elementor-element-c40f127 external_elementor-repeater-item-none_external elementor-repeater-item-none elementor-repeater-item-none_hover elementor-widget elementor-widget-image\" data-id=\"c40f127\" data-element_type=\"widget\" data-e-type=\"widget\" data-widget_type=\"image.default\">\n\t\t\t\t<div class=\"elementor-widget-container\">\n\t\t\t\t\t\t\t\t\t\t\t\t\t\t\t<img decoding=\"async\" width=\"300\" height=\"300\" src=\"https:\/\/princefastener.com\/wp-content\/uploads\/2021\/06\/socket-head-cap-screws-300x300.jpg\" class=\"attachment-medium size-medium wp-image-1194\" alt=\"parafusos de cabe\u00e7a de soquete\" srcset=\"https:\/\/princefastener.com\/wp-content\/uploads\/2021\/06\/socket-head-cap-screws-300x300.jpg 300w, https:\/\/princefastener.com\/wp-content\/uploads\/2021\/06\/socket-head-cap-screws-150x150.jpg 150w, https:\/\/princefastener.com\/wp-content\/uploads\/2021\/06\/socket-head-cap-screws-768x768.jpg 768w, https:\/\/princefastener.com\/wp-content\/uploads\/2021\/06\/socket-head-cap-screws-600x600.jpg 600w, https:\/\/princefastener.com\/wp-content\/uploads\/2021\/06\/socket-head-cap-screws-100x100.jpg 100w, https:\/\/princefastener.com\/wp-content\/uploads\/2021\/06\/socket-head-cap-screws.jpg 1000w\" sizes=\"(max-width: 300px) 100vw, 300px\" \/>\t\t\t\t\t\t\t\t\t\t\t\t\t\t\t<\/div>\n\t\t\t\t<\/div>\n\t\t\t\t\t<\/div>\n\t\t<\/div>\n\t\t\t\t\t<\/div>\n\t\t<\/section>\n\t\t\t\t<div class=\"elementor-element elementor-element-389d6e0 elementor-repeater-item-none elementor-repeater-item-none_hover elementor-widget elementor-widget-text-editor\" data-id=\"389d6e0\" data-element_type=\"widget\" data-e-type=\"widget\" data-widget_type=\"text-editor.default\">\n\t\t\t\t<div class=\"elementor-widget-container\">\n\t\t\t\t\t\t\t\t\t<table><tbody><tr><td><p><b>Material<\/b><\/p><\/td><td><p><span>A\u00e7o carbono, A\u00e7o inoxid\u00e1vel, Liga, Alum\u00ednio, Tit\u00e2nio, Lat\u00e3o, Inconel, Hastelloy, N\u00edquel cobre, Bronze sil\u00edcio<\/span><\/p><p><b><i>**Podemos fabricar de acordo com o pedido do cliente**<\/i><\/b><\/p><\/td><\/tr><tr><td><p><b>Tamanho e Grau<\/b><\/p><\/td><td><p><span>M16-M130<\/span><\/p><p><span>SS304, SS316, 12-70<\/span><\/p><p><span>A2-80, A4-80<\/span><\/p><p><span>10.9, 12.9, 2, 4.6, 5, 5.8, 8<\/span><\/p><p><b><i>**Podemos fabricar de acordo com o pedido do cliente**<\/i><\/b><\/p><\/td><\/tr><tr><td><p><b>Padr\u00f5es<\/b><\/p><\/td><td><p><span>DIN, ISO, GB, JIS, BA, ANSI, ASTM<\/span><\/p><p><b><i>**Podemos fabricar de acordo com o pedido do cliente**<\/i><\/b><\/p><\/td><\/tr><tr><td><p><b>Acabamento<\/b><\/p><\/td><td><p><span>HDG, zincagem, passiva\u00e7\u00e3o, polon\u00eas<\/span><\/p><p><b><i>**Podemos fabricar de acordo com o pedido do cliente**<\/i><\/b><\/p><\/td><\/tr><tr><td><p><b>Formul\u00e1rios<\/b><\/p><\/td><td><p><span>constru\u00e7\u00e3o, m\u00e1quinas pesadas, fabrica\u00e7\u00e3o industrial, motores, madeira, etc.<\/span><\/p><\/td><\/tr><\/tbody><\/table>\t\t\t\t\t\t\t\t<\/div>\n\t\t\t\t<\/div>\n\t\t\t\t\t<\/div>\n\t\t<\/div>\n\t\t\t\t\t<\/div>\n\t\t<\/section>\n\t\t\t\t<\/div>","protected":false},"excerpt":{"rendered":"<p>Aluminum Bolts Worldwide Supplier and Manufacturer We offer a variety of materials in bolts and fasteners including aluminum. Prince fastener provides a one-stop shopping experience in industrial, mechanical, structural, etc. fastening. Why choose us? Prince fastener is a renowned fastener manufacturer in China Quality is guaranteed in many standards A professional service provider in OEM, [&hellip;]<\/p>\n","protected":false},"author":32,"featured_media":2039,"parent":0,"menu_order":0,"comment_status":"closed","ping_status":"closed","template":"","meta":{"_seopress_robots_primary_cat":"0","_seopress_titles_title":"","_seopress_titles_desc":"Our main principle is to meet customer satisfaction by supplying safe and secured fastener components such as hex cap screws.","_seopress_robots_index":"","_joinchat":[],"footnotes":""},"class_list":["post-4144","page","type-page","status-publish","has-post-thumbnail","hentry"],"yoast_head":"<!-- This site is optimized with the Yoast SEO plugin v27.5 - https:\/\/yoast.com\/product\/yoast-seo-wordpress\/ -->\n<title>Hex Cap Screw - Screws and Fasteners Manufacturer<\/title>\n<meta name=\"description\" content=\"Our main principle is to meet customer satisfaction by supplying safe and secured fastener components such as hex cap screws.\" \/>\n<meta name=\"robots\" content=\"index, follow, max-snippet:-1, max-image-preview:large, max-video-preview:-1\" \/>\n<link rel=\"canonical\" href=\"https:\/\/princefastener.com\/pt\/parafuso-sextavado\/\" \/>\n<meta property=\"og:locale\" content=\"pt_BR\" \/>\n<meta property=\"og:type\" content=\"article\" \/>\n<meta property=\"og:title\" content=\"Hex Cap Screw - Screws and Fasteners Manufacturer\" \/>\n<meta property=\"og:description\" content=\"Our main principle is to meet customer satisfaction by supplying safe and secured fastener components such as hex cap screws.\" \/>\n<meta property=\"og:url\" content=\"https:\/\/princefastener.com\/pt\/parafuso-sextavado\/\" \/>\n<meta property=\"og:site_name\" content=\"Screws and Fasteners Manufacturer\" \/>\n<meta property=\"article:publisher\" content=\"https:\/\/www.facebook.com\/Prince-Fastener-Manufacturing-Co-Ltd-107643758056794\" \/>\n<meta property=\"article:modified_time\" content=\"2023-01-12T03:03:29+00:00\" \/>\n<meta property=\"og:image\" content=\"https:\/\/princefastener.com\/wp-content\/uploads\/2022\/03\/OEM-Fastener-Supplier.jpg\" \/>\n\t<meta property=\"og:image:width\" content=\"678\" \/>\n\t<meta property=\"og:image:height\" content=\"481\" \/>\n\t<meta property=\"og:image:type\" content=\"image\/jpeg\" \/>\n<meta name=\"twitter:card\" content=\"summary_large_image\" \/>\n<meta name=\"twitter:site\" content=\"@PrinceFastener\" \/>\n<meta name=\"twitter:label1\" content=\"Est. tempo de leitura\" \/>\n\t<meta name=\"twitter:data1\" content=\"7 minutos\" \/>\n<!-- \/ Yoast SEO plugin. -->","yoast_head_json":{"title":"Parafuso sextavado - Fabricante de parafusos e fixadores","description":"Nosso principal princ\u00edpio \u00e9 atender a satisfa\u00e7\u00e3o do cliente, fornecendo componentes de fixa\u00e7\u00e3o seguros e protegidos, como parafusos sextavados.","robots":{"index":"index","follow":"follow","max-snippet":"max-snippet:-1","max-image-preview":"max-image-preview:large","max-video-preview":"max-video-preview:-1"},"canonical":"https:\/\/princefastener.com\/pt\/parafuso-sextavado\/","og_locale":"pt_BR","og_type":"article","og_title":"Hex Cap Screw - Screws and Fasteners Manufacturer","og_description":"Our main principle is to meet customer satisfaction by supplying safe and secured fastener components such as hex cap screws.","og_url":"https:\/\/princefastener.com\/pt\/parafuso-sextavado\/","og_site_name":"Screws and Fasteners Manufacturer","article_publisher":"https:\/\/www.facebook.com\/Prince-Fastener-Manufacturing-Co-Ltd-107643758056794","article_modified_time":"2023-01-12T03:03:29+00:00","og_image":[{"width":678,"height":481,"url":"https:\/\/princefastener.com\/wp-content\/uploads\/2022\/03\/OEM-Fastener-Supplier.jpg","type":"image\/jpeg"}],"twitter_card":"summary_large_image","twitter_site":"@PrinceFastener","twitter_misc":{"Est. tempo de leitura":"7 minutos"},"schema":{"@context":"https:\/\/schema.org","@graph":[{"@type":"WebPage","@id":"https:\/\/princefastener.com\/hex-cap-screw\/","url":"https:\/\/princefastener.com\/hex-cap-screw\/","name":"Parafuso sextavado - Fabricante de parafusos e fixadores","isPartOf":{"@id":"https:\/\/princefastener.com\/#website"},"primaryImageOfPage":{"@id":"https:\/\/princefastener.com\/hex-cap-screw\/#primaryimage"},"image":{"@id":"https:\/\/princefastener.com\/hex-cap-screw\/#primaryimage"},"thumbnailUrl":"https:\/\/princefastener.com\/wp-content\/uploads\/2022\/03\/OEM-Fastener-Supplier.jpg","datePublished":"2023-01-12T02:50:30+00:00","dateModified":"2023-01-12T03:03:29+00:00","description":"Nosso principal princ\u00edpio \u00e9 atender a satisfa\u00e7\u00e3o do cliente, fornecendo componentes de fixa\u00e7\u00e3o seguros e protegidos, como parafusos sextavados.","breadcrumb":{"@id":"https:\/\/princefastener.com\/hex-cap-screw\/#breadcrumb"},"inLanguage":"pt-BR","potentialAction":[{"@type":"ReadAction","target":["https:\/\/princefastener.com\/hex-cap-screw\/"]}]},{"@type":"ImageObject","inLanguage":"pt-BR","@id":"https:\/\/princefastener.com\/hex-cap-screw\/#primaryimage","url":"https:\/\/princefastener.com\/wp-content\/uploads\/2022\/03\/OEM-Fastener-Supplier.jpg","contentUrl":"https:\/\/princefastener.com\/wp-content\/uploads\/2022\/03\/OEM-Fastener-Supplier.jpg","width":678,"height":481,"caption":"OEM Fastener Supplier"},{"@type":"BreadcrumbList","@id":"https:\/\/princefastener.com\/hex-cap-screw\/#breadcrumb","itemListElement":[{"@type":"ListItem","position":1,"name":"Home","item":"https:\/\/princefastener.com\/"},{"@type":"ListItem","position":2,"name":"Hex Cap Screw"}]},{"@type":"WebSite","@id":"https:\/\/princefastener.com\/#website","url":"https:\/\/princefastener.com\/","name":"Fabricante de Parafusos e Fixadores","description":"","publisher":{"@id":"https:\/\/princefastener.com\/#organization"},"potentialAction":[{"@type":"SearchAction","target":{"@type":"EntryPoint","urlTemplate":"https:\/\/princefastener.com\/?s={search_term_string}"},"query-input":{"@type":"PropertyValueSpecification","valueRequired":true,"valueName":"search_term_string"}}],"inLanguage":"pt-BR"},{"@type":"Organization","@id":"https:\/\/princefastener.com\/#organization","name":"prendedor de pr\u00edncipe","url":"https:\/\/princefastener.com\/","logo":{"@type":"ImageObject","inLanguage":"pt-BR","@id":"https:\/\/princefastener.com\/#\/schema\/logo\/image\/","url":"https:\/\/princefastener.com\/wp-content\/uploads\/2021\/04\/Prince-fastener-logo.png","contentUrl":"https:\/\/princefastener.com\/wp-content\/uploads\/2021\/04\/Prince-fastener-logo.png","width":630,"height":140,"caption":"Prince Fastener"},"image":{"@id":"https:\/\/princefastener.com\/#\/schema\/logo\/image\/"},"sameAs":["https:\/\/www.facebook.com\/Prince-Fastener-Manufacturing-Co-Ltd-107643758056794","https:\/\/x.com\/PrinceFastener","https:\/\/www.instagram.com\/princefastener001\/","https:\/\/www.linkedin.com\/company\/prince-fastener","https:\/\/www.pinterest.com\/PrinceFastenereric"]}]}},"_links":{"self":[{"href":"https:\/\/princefastener.com\/pt\/wp-json\/wp\/v2\/pages\/4144","targetHints":{"allow":["GET"]}}],"collection":[{"href":"https:\/\/princefastener.com\/pt\/wp-json\/wp\/v2\/pages"}],"about":[{"href":"https:\/\/princefastener.com\/pt\/wp-json\/wp\/v2\/types\/page"}],"author":[{"embeddable":true,"href":"https:\/\/princefastener.com\/pt\/wp-json\/wp\/v2\/users\/32"}],"replies":[{"embeddable":true,"href":"https:\/\/princefastener.com\/pt\/wp-json\/wp\/v2\/comments?post=4144"}],"version-history":[{"count":0,"href":"https:\/\/princefastener.com\/pt\/wp-json\/wp\/v2\/pages\/4144\/revisions"}],"wp:featuredmedia":[{"embeddable":true,"href":"https:\/\/princefastener.com\/pt\/wp-json\/wp\/v2\/media\/2039"}],"wp:attachment":[{"href":"https:\/\/princefastener.com\/pt\/wp-json\/wp\/v2\/media?parent=4144"}],"curies":[{"name":"wp","href":"https:\/\/api.w.org\/{rel}","templated":true}]}}