{"id":4088,"date":"2023-01-04T18:34:13","date_gmt":"2023-01-04T10:34:13","guid":{"rendered":"https:\/\/princefastener.com\/?page_id=4088"},"modified":"2023-01-04T18:38:02","modified_gmt":"2023-01-04T10:38:02","slug":"fabricante-de-porcas-de-flange","status":"publish","type":"page","link":"https:\/\/princefastener.com\/pt\/flange-nut-manufacturer\/","title":{"rendered":"Porca Flange Fabricante"},"content":{"rendered":"<div data-elementor-type=\"wp-page\" data-elementor-id=\"4088\" class=\"elementor elementor-4088\" data-elementor-post-type=\"page\">\n\t\t\t\t\t\t<section class=\"elementor-section elementor-top-section elementor-element elementor-element-6zgohc3 elementor-section-boxed ang-section-padding-initial elementor-section-height-default elementor-section-height-default elementor-repeater-item-none elementor-repeater-item-none_hover\" data-id=\"6zgohc3\" data-element_type=\"section\" data-e-type=\"section\" data-settings=\"{&quot;background_background&quot;:&quot;classic&quot;,&quot;shape_divider_bottom&quot;:&quot;triangle-asymmetrical&quot;,&quot;shape_divider_top&quot;:&quot;tilt&quot;}\">\n\t\t\t\t\t\t\t<div class=\"elementor-background-overlay\"><\/div>\n\t\t\t\t\t\t<div class=\"elementor-shape elementor-shape-top\" aria-hidden=\"true\" data-negative=\"false\">\n\t\t\t<svg xmlns=\"http:\/\/www.w3.org\/2000\/svg\" viewbox=\"0 0 1000 100\" preserveaspectratio=\"none\">\n\t<path class=\"elementor-shape-fill\" d=\"M0,6V0h1000v100L0,6z\"\/>\n<\/svg>\t\t<\/div>\n\t\t\t\t<div class=\"elementor-shape elementor-shape-bottom\" aria-hidden=\"true\" data-negative=\"false\">\n\t\t\t<svg xmlns=\"http:\/\/www.w3.org\/2000\/svg\" viewbox=\"0 0 1000 100\" preserveaspectratio=\"none\">\n\t<path class=\"elementor-shape-fill\" d=\"M738,99l262-93V0H0v5.6L738,99z\"\/>\n<\/svg>\t\t<\/div>\n\t\t\t\t\t<div class=\"elementor-container elementor-column-gap-default\">\n\t\t\t\t\t<div class=\"elementor-column elementor-col-100 elementor-top-column elementor-element elementor-element-78af2ff elementor-repeater-item-none elementor-repeater-item-none_hover\" data-id=\"78af2ff\" data-element_type=\"column\" data-e-type=\"column\">\n\t\t\t<div class=\"elementor-widget-wrap elementor-element-populated\">\n\t\t\t\t\t\t<div class=\"elementor-element elementor-element-605dd69 elementor-headline--style-highlight elementor-repeater-item-none elementor-repeater-item-none_hover elementor-widget elementor-widget-animated-headline\" data-id=\"605dd69\" data-element_type=\"widget\" data-e-type=\"widget\" data-settings=\"{&quot;highlighted_text&quot;:&quot;Flange Nut Manufacturer&quot;,&quot;headline_style&quot;:&quot;highlight&quot;,&quot;marker&quot;:&quot;circle&quot;,&quot;loop&quot;:&quot;yes&quot;,&quot;highlight_animation_duration&quot;:1200,&quot;highlight_iteration_delay&quot;:8000}\" data-widget_type=\"animated-headline.default\">\n\t\t\t\t<div class=\"elementor-widget-container\">\n\t\t\t\t\t\t\t<h6 class=\"elementor-headline\">\n\t\t\t\t<span class=\"elementor-headline-dynamic-wrapper elementor-headline-text-wrapper\">\n\t\t\t\t\t<span class=\"elementor-headline-dynamic-text elementor-headline-text-active\">Porca Flange Fabricante<\/span>\n\t\t\t\t<\/span>\n\t\t\t\t<\/h6>\n\t\t\t\t\t\t<\/div>\n\t\t\t\t<\/div>\n\t\t\t\t<section class=\"elementor-section elementor-inner-section elementor-element elementor-element-761e799 elementor-section-boxed ang-section-padding-initial elementor-section-height-default elementor-section-height-default elementor-repeater-item-none elementor-repeater-item-none_hover\" data-id=\"761e799\" data-element_type=\"section\" data-e-type=\"section\" data-settings=\"{&quot;background_background&quot;:&quot;classic&quot;}\">\n\t\t\t\t\t\t\t<div class=\"elementor-background-overlay\"><\/div>\n\t\t\t\t\t\t\t<div class=\"elementor-container elementor-column-gap-default\">\n\t\t\t\t\t<div class=\"elementor-column elementor-col-33 elementor-inner-column elementor-element elementor-element-4c83a36 elementor-repeater-item-none elementor-repeater-item-none_hover\" data-id=\"4c83a36\" data-element_type=\"column\" data-e-type=\"column\">\n\t\t\t<div class=\"elementor-widget-wrap elementor-element-populated\">\n\t\t\t\t\t\t<div class=\"elementor-element elementor-element-7f4a5f4 elementor-repeater-item-none elementor-repeater-item-none_hover elementor-widget elementor-widget-heading\" data-id=\"7f4a5f4\" data-element_type=\"widget\" data-e-type=\"widget\" data-widget_type=\"heading.default\">\n\t\t\t\t<div class=\"elementor-widget-container\">\n\t\t\t\t\t<h2 class=\"elementor-heading-title elementor-size-xl\">\n<\/h2>\t\t\t\t<\/div>\n\t\t\t\t<\/div>\n\t\t\t\t\t<\/div>\n\t\t<\/div>\n\t\t\t\t<div class=\"elementor-column elementor-col-33 elementor-inner-column elementor-element elementor-element-2e85962 elementor-repeater-item-none elementor-repeater-item-none_hover\" data-id=\"2e85962\" data-element_type=\"column\" data-e-type=\"column\">\n\t\t\t<div class=\"elementor-widget-wrap elementor-element-populated\">\n\t\t\t\t\t\t\t<\/div>\n\t\t<\/div>\n\t\t\t\t<div class=\"elementor-column elementor-col-33 elementor-inner-column elementor-element elementor-element-76faa85 elementor-repeater-item-none elementor-repeater-item-none_hover\" data-id=\"76faa85\" data-element_type=\"column\" data-e-type=\"column\">\n\t\t\t<div class=\"elementor-widget-wrap elementor-element-populated\">\n\t\t\t\t\t\t\t<\/div>\n\t\t<\/div>\n\t\t\t\t\t<\/div>\n\t\t<\/section>\n\t\t\t\t<section class=\"elementor-section elementor-inner-section elementor-element elementor-element-b31f143 elementor-section-boxed ang-section-padding-initial elementor-section-height-default elementor-section-height-default elementor-repeater-item-none elementor-repeater-item-none_hover\" data-id=\"b31f143\" data-element_type=\"section\" data-e-type=\"section\">\n\t\t\t\t\t\t\t<div class=\"elementor-background-overlay\"><\/div>\n\t\t\t\t\t\t\t<div class=\"elementor-container elementor-column-gap-default\">\n\t\t\t\t\t<div class=\"elementor-column elementor-col-100 elementor-inner-column elementor-element elementor-element-4c2cc6f elementor-repeater-item-none elementor-repeater-item-none_hover\" data-id=\"4c2cc6f\" data-element_type=\"column\" data-e-type=\"column\">\n\t\t\t<div class=\"elementor-widget-wrap elementor-element-populated\">\n\t\t\t\t\t\t<div class=\"elementor-element elementor-element-5a41a31 elementor-repeater-item-none elementor-repeater-item-none_hover elementor-widget elementor-widget-heading\" data-id=\"5a41a31\" data-element_type=\"widget\" data-e-type=\"widget\" data-widget_type=\"heading.default\">\n\t\t\t\t<div class=\"elementor-widget-container\">\n\t\t\t\t\t<h6 class=\"elementor-heading-title elementor-size-xl\">Fornecedor e Fabricante Mundial<\/h6>\t\t\t\t<\/div>\n\t\t\t\t<\/div>\n\t\t\t\t\t<\/div>\n\t\t<\/div>\n\t\t\t\t\t<\/div>\n\t\t<\/section>\n\t\t\t\t<section class=\"elementor-section elementor-inner-section elementor-element elementor-element-c5096f1 elementor-section-boxed ang-section-padding-initial elementor-section-height-default elementor-section-height-default elementor-repeater-item-none elementor-repeater-item-none_hover\" data-id=\"c5096f1\" data-element_type=\"section\" data-e-type=\"section\">\n\t\t\t\t\t\t\t<div class=\"elementor-background-overlay\"><\/div>\n\t\t\t\t\t\t\t<div class=\"elementor-container elementor-column-gap-default\">\n\t\t\t\t\t<div class=\"elementor-column elementor-col-100 elementor-inner-column elementor-element elementor-element-a80d05b elementor-repeater-item-none elementor-repeater-item-none_hover\" data-id=\"a80d05b\" data-element_type=\"column\" data-e-type=\"column\">\n\t\t\t<div class=\"elementor-widget-wrap elementor-element-populated\">\n\t\t\t\t\t\t<div class=\"elementor-element elementor-element-97cc7d6 elementor-repeater-item-none elementor-repeater-item-none_hover elementor-widget elementor-widget-text-editor\" data-id=\"97cc7d6\" data-element_type=\"widget\" data-e-type=\"widget\" data-widget_type=\"text-editor.default\">\n\t\t\t\t<div class=\"elementor-widget-container\">\n\t\t\t\t\t\t\t\t\t<p><span style=\"font-weight: 400;\">A Prince Fastener possui tecnologia avan\u00e7ada e maquin\u00e1rio que produz uma grande variedade de fixadores, especialmente porcas flangeadas. Temos mais de 30 anos de experi\u00eancia no fornecimento de componentes especiais como parafusos, porcas, arruelas, porcas, fixadores automotivos, tratamento de superf\u00edcie, OEM e fixadores personalizados. Nossas instala\u00e7\u00f5es est\u00e3o localizadas em Xangai e na prov\u00edncia de Nan-tong da China, que fabrica uma ampla gama de capacidades. Atendemos milh\u00f5es de fixadores em todo o mundo e continuamos a oferecer suporte a milhares de clientes hoje.<\/span><\/p>\t\t\t\t\t\t\t\t<\/div>\n\t\t\t\t<\/div>\n\t\t\t\t\t<\/div>\n\t\t<\/div>\n\t\t\t\t\t<\/div>\n\t\t<\/section>\n\t\t\t\t<div class=\"elementor-element elementor-element-b5c07b4 elementor-align-center elementor-repeater-item-none elementor-repeater-item-none_hover elementor-widget elementor-widget-button\" data-id=\"b5c07b4\" data-element_type=\"widget\" data-e-type=\"widget\" data-widget_type=\"button.default\">\n\t\t\t\t<div class=\"elementor-widget-container\">\n\t\t\t\t\t\t\t\t\t<div class=\"elementor-button-wrapper\">\n\t\t\t\t\t<a class=\"elementor-button elementor-button-link elementor-size-xl\" href=\"#elementor-action%3Aaction%3Dpopup%3Aopen%26settings%3DeyJpZCI6Ijc3MyIsInRvZ2dsZSI6ZmFsc2V9\">\n\t\t\t\t\t\t<span class=\"elementor-button-content-wrapper\">\n\t\t\t\t\t\t\t\t\t<span class=\"elementor-button-text\">Envie-me seu cat\u00e1logo mais recente<\/span>\n\t\t\t\t\t<\/span>\n\t\t\t\t\t<\/a>\n\t\t\t\t<\/div>\n\t\t\t\t\t\t\t\t<\/div>\n\t\t\t\t<\/div>\n\t\t\t\t\t<\/div>\n\t\t<\/div>\n\t\t\t\t\t<\/div>\n\t\t<\/section>\n\t\t\t\t<section class=\"elementor-section elementor-top-section elementor-element elementor-element-47cedd7 elementor-section-boxed ang-section-padding-initial elementor-section-height-default elementor-section-height-default elementor-repeater-item-none elementor-repeater-item-none_hover\" data-id=\"47cedd7\" data-element_type=\"section\" data-e-type=\"section\" id=\"#definition\">\n\t\t\t\t\t\t<div class=\"elementor-container elementor-column-gap-default\">\n\t\t\t\t\t<div class=\"elementor-column elementor-col-100 elementor-top-column elementor-element elementor-element-ec6f463 elementor-repeater-item-none elementor-repeater-item-none_hover\" data-id=\"ec6f463\" data-element_type=\"column\" data-e-type=\"column\">\n\t\t\t<div class=\"elementor-widget-wrap elementor-element-populated\">\n\t\t\t\t\t\t<div class=\"elementor-element elementor-element-f378a9a elementor-repeater-item-none elementor-repeater-item-none_hover elementor-widget elementor-widget-heading\" data-id=\"f378a9a\" data-element_type=\"widget\" data-e-type=\"widget\" id=\"definitions\" data-widget_type=\"heading.default\">\n\t\t\t\t<div class=\"elementor-widget-container\">\n\t\t\t\t\t<h2 class=\"elementor-heading-title elementor-size-default\">Descri\u00e7\u00e3o da Porca Flangeada<\/h2>\t\t\t\t<\/div>\n\t\t\t\t<\/div>\n\t\t\t\t<div class=\"elementor-element elementor-element-8728a49 elementor-repeater-item-none elementor-repeater-item-none_hover elementor-widget elementor-widget-text-editor\" data-id=\"8728a49\" data-element_type=\"widget\" data-e-type=\"widget\" data-widget_type=\"text-editor.default\">\n\t\t\t\t<div class=\"elementor-widget-container\">\n\t\t\t\t\t\t\t\t\t<p><span style=\"font-weight: 400;\">As porcas flangeadas s\u00e3o porcas sextavadas padr\u00e3o com um flange largo em uma extremidade que aumenta a superf\u00edcie de apoio da \u00e1rea de carga ou atua como uma arruela integrada. O flange oferece grande benef\u00edcio em juntas aparafusadas, eliminando as chances de falha, como danos e afrouxamento.<\/span><\/p><p><span style=\"font-weight: 400;\">As porcas flangeadas t\u00eam uma ampla sele\u00e7\u00e3o de tipos conhecidos. Os mais comuns s\u00e3o os seguintes; <\/span><b>porcas de flange, porcas de flange hexagonais padr\u00e3o, porcas de flange de nylon, porcas de flange hexagonais m\u00e9tricas, porcas de flange serrilhadas, porcas de flange serrilhadas m\u00e9tricas, porcas de roda de flange, porcas de flange de escape,<\/b><span style=\"font-weight: 400;\"> etc.<\/span><\/p><h2><span style=\"font-weight: 400;\">Especifica\u00e7\u00f5es da Porca Flangeada<\/span><\/h2><p><img fetchpriority=\"high\" decoding=\"async\" class=\"aligncenter wp-image-3945 size-medium\" title=\"DALL\u00b7E 2022 12 13 12.57.15 porca de solda sextavada 2\" src=\"https:\/\/princefastener.com\/wp-content\/uploads\/2022\/12\/DALL\u00b7E-2022-12-13-12.57.15-hex-weld-nut-2-300x300.png\" alt=\"porca de solda sextavada 2\" width=\"300\" height=\"300\" srcset=\"https:\/\/princefastener.com\/wp-content\/uploads\/2022\/12\/DALL\u00b7E-2022-12-13-12.57.15-hex-weld-nut-2-300x300.png 300w, https:\/\/princefastener.com\/wp-content\/uploads\/2022\/12\/DALL\u00b7E-2022-12-13-12.57.15-hex-weld-nut-2-150x150.png 150w, https:\/\/princefastener.com\/wp-content\/uploads\/2022\/12\/DALL\u00b7E-2022-12-13-12.57.15-hex-weld-nut-2-100x100.png 100w, https:\/\/princefastener.com\/wp-content\/uploads\/2022\/12\/DALL\u00b7E-2022-12-13-12.57.15-hex-weld-nut-2.png 512w\" sizes=\"(max-width: 300px) 100vw, 300px\" \/><\/p><table><tbody><tr><td><p><b>Material<\/b><\/p><\/td><td><p><span style=\"font-weight: 400;\">A\u00e7o carbono, a\u00e7o inoxid\u00e1vel, a\u00e7o, liga de a\u00e7o, alum\u00ednio, pl\u00e1stico, tit\u00e2nio<\/span><\/p><p><b><i>*Podemos fabricar de acordo com as solicita\u00e7\u00f5es do cliente*<\/i><\/b><\/p><\/td><\/tr><tr><td><p><b>Tamanho\u00a0<\/b><\/p><\/td><td><p><span style=\"font-weight: 400;\">M\u00e9trica e Padr\u00e3o, M5-M20<\/span><\/p><p><b><i>*Podemos fabricar de acordo com as solicita\u00e7\u00f5es do cliente*<\/i><\/b><\/p><\/td><\/tr><tr><td><p><b>Notas<\/b><\/p><\/td><td><p><span style=\"font-weight: 400;\">2, 4.8, 5, 6.8, 8, 8.8, 9.8 10.9, 12.9<\/span><\/p><p><b><i>*Podemos fabricar de acordo com as solicita\u00e7\u00f5es do cliente*<\/i><\/b><\/p><\/td><\/tr><tr><td><p><b>Padr\u00f5es<\/b><\/p><\/td><td><p><span style=\"font-weight: 400;\">ISO, DIN, JIS, ASTM<\/span><\/p><p><b><i>*Podemos fabricar de acordo com as solicita\u00e7\u00f5es do cliente*<\/i><\/b><\/p><\/td><\/tr><tr><td><p><b>Ind\u00fastrias de aplica\u00e7\u00e3o<\/b><\/p><\/td><td><p><span style=\"font-weight: 400;\">Eletr\u00f4nicos, Petroqu\u00edmicos, Produtos de consumo, transporte, agricultura, maquin\u00e1rio pesado, constru\u00e7\u00e3o, automotivo, m\u00e9dico, militar, aeroespacial, petr\u00f3leo e g\u00e1s, m\u00f3veis<\/span><\/p><\/td><\/tr><\/tbody><\/table><h2><span style=\"font-weight: 400;\">Melhor fabricante e fornecedor de porca flangeada<\/span><\/h2><p><span style=\"font-weight: 400;\"><strong>prendedor de pr\u00edncipe<\/strong> \u00e9 uma empresa confi\u00e1vel de fixadores composta por profissionais dedicados na produ\u00e7\u00e3o e processamento de produtos de fixa\u00e7\u00e3o. Nossas instala\u00e7\u00f5es est\u00e3o equipadas com maquin\u00e1rio avan\u00e7ado capaz de fabricar uma ampla gama de varia\u00e7\u00f5es de diferentes fixadores. Garantimos a mais alta qualidade de porcas flangeadas e outros produtos de fixa\u00e7\u00e3o com o melhor servi\u00e7o para ajudar ind\u00fastrias e indiv\u00edduos a encontrar as solu\u00e7\u00f5es certas.<\/span><\/p><p><span style=\"font-weight: 400;\">Nossa compet\u00eancia provou fornecer produtos de alta qualidade, excelentes solu\u00e7\u00f5es, padr\u00f5es de servi\u00e7o e satisfa\u00e7\u00e3o do cliente. Oferecemos uma experi\u00eancia completa em atender os diferentes requisitos de fixa\u00e7\u00e3o com nossos servi\u00e7os personalizados. Prometemos garantir que nossos produtos sejam fabricados com qualidade, confi\u00e1veis, dur\u00e1veis e a pre\u00e7os razo\u00e1veis.<\/span><\/p><p><strong><a href=\"https:\/\/princefastener.com\/pt\/\">prendedor de pr\u00edncipe<\/a><\/strong><span style=\"font-weight: 400;\"> pode personalizar totalmente as porcas flangeadas e outros fixadores de acordo com os requisitos da aplica\u00e7\u00e3o e as necessidades do cliente. Podemos tornar seus projetos e desenhos uma realidade.<\/span><\/p><h3><span style=\"font-weight: 400;\">Outras varia\u00e7\u00f5es de porcas de fixa\u00e7\u00e3o<\/span><\/h3><ul><li aria-level=\"1\"><b>porcas sextavadas<\/b><\/li><\/ul><ul><li aria-level=\"1\"><b>Porcas<\/b><\/li><\/ul><ul><li aria-level=\"1\"><b>Porcas Transversais<\/b><\/li><\/ul><ul><li aria-level=\"1\"><b>Porcas de Acoplamento<\/b><\/li><\/ul><ul><li aria-level=\"1\"><b>porcas serrilhadas<\/b><\/li><\/ul><ul><li aria-level=\"1\"><b>Contraporcas<\/b><\/li><\/ul><ul><li aria-level=\"1\"><b>porcas borboleta<\/b><\/li><li aria-level=\"1\"><b>Nozes personalizadas<\/b><\/li><\/ul>\t\t\t\t\t\t\t\t<\/div>\n\t\t\t\t<\/div>\n\t\t\t\t\t<\/div>\n\t\t<\/div>\n\t\t\t\t\t<\/div>\n\t\t<\/section>\n\t\t\t\t<section class=\"elementor-section elementor-top-section elementor-element elementor-element-98c5700 elementor-section-boxed ang-section-padding-initial elementor-section-height-default elementor-section-height-default elementor-repeater-item-none elementor-repeater-item-none_hover\" data-id=\"98c5700\" data-element_type=\"section\" data-e-type=\"section\" data-settings=\"{&quot;shape_divider_top&quot;:&quot;opacity-fan&quot;}\">\n\t\t\t\t\t\t\t<div class=\"elementor-background-overlay\"><\/div>\n\t\t\t\t\t\t<div class=\"elementor-shape elementor-shape-top\" aria-hidden=\"true\" data-negative=\"false\">\n\t\t\t<svg xmlns=\"http:\/\/www.w3.org\/2000\/svg\" viewbox=\"0 0 283.5 19.6\" preserveaspectratio=\"none\">\n\t<path class=\"elementor-shape-fill\" style=\"opacity:0.33\" d=\"M0 0L0 18.8 141.8 4.1 283.5 18.8 283.5 0z\"\/>\n\t<path class=\"elementor-shape-fill\" style=\"opacity:0.33\" d=\"M0 0L0 12.6 141.8 4 283.5 12.6 283.5 0z\"\/>\n\t<path class=\"elementor-shape-fill\" style=\"opacity:0.33\" d=\"M0 0L0 6.4 141.8 4 283.5 6.4 283.5 0z\"\/>\n\t<path class=\"elementor-shape-fill\" d=\"M0 0L0 1.2 141.8 4 283.5 1.2 283.5 0z\"\/>\n<\/svg>\t\t<\/div>\n\t\t\t\t\t<div class=\"elementor-container elementor-column-gap-default\">\n\t\t\t\t\t<div class=\"elementor-column elementor-col-100 elementor-top-column elementor-element elementor-element-c37149c elementor-repeater-item-none elementor-repeater-item-none_hover\" data-id=\"c37149c\" data-element_type=\"column\" data-e-type=\"column\">\n\t\t\t<div class=\"elementor-widget-wrap elementor-element-populated\">\n\t\t\t\t\t\t<div class=\"elementor-element elementor-element-06abbbf elementor-repeater-item-none elementor-repeater-item-none_hover elementor-widget elementor-widget-menu-anchor\" data-id=\"06abbbf\" data-element_type=\"widget\" data-e-type=\"widget\" data-widget_type=\"menu-anchor.default\">\n\t\t\t\t<div class=\"elementor-widget-container\">\n\t\t\t\t\t\t\t<div class=\"elementor-menu-anchor\" id=\"1\"><\/div>\n\t\t\t\t\t\t<\/div>\n\t\t\t\t<\/div>\n\t\t\t\t<div class=\"elementor-element elementor-element-196bab3 elementor-repeater-item-none elementor-repeater-item-none_hover elementor-widget elementor-widget-menu-anchor\" data-id=\"196bab3\" data-element_type=\"widget\" data-e-type=\"widget\" data-widget_type=\"menu-anchor.default\">\n\t\t\t\t<div class=\"elementor-widget-container\">\n\t\t\t\t\t\t\t<div class=\"elementor-menu-anchor\" id=\"4\"><\/div>\n\t\t\t\t\t\t<\/div>\n\t\t\t\t<\/div>\n\t\t\t\t\t<\/div>\n\t\t<\/div>\n\t\t\t\t\t<\/div>\n\t\t<\/section>\n\t\t\t\t<\/div>","protected":false},"excerpt":{"rendered":"<p>Flange Nut Manufacturer Worldwide Supplier and Manufacturer Prince Fastener has advanced technology and machinery that produces a wide variety of fasteners, especially flange nuts. We have over 30 years of experience in providing special components like screws, bolts, washers, nuts, automotive fasteners, surface treatment, OEM, and custom fasteners. Our facility is located in Shanghai and [&hellip;]<\/p>\n","protected":false},"author":32,"featured_media":3784,"parent":0,"menu_order":0,"comment_status":"closed","ping_status":"closed","template":"","meta":{"_seopress_robots_primary_cat":"0","_seopress_titles_title":"","_seopress_titles_desc":"Prince Fastener can fully customize flange nuts and other fasteners according to the application requirement and customer needs.","_seopress_robots_index":"","_joinchat":[],"footnotes":""},"class_list":["post-4088","page","type-page","status-publish","has-post-thumbnail","hentry"],"yoast_head":"<!-- This site is optimized with the Yoast SEO plugin v27.5 - https:\/\/yoast.com\/product\/yoast-seo-wordpress\/ -->\n<title>Flange Nut Manufacturer - Screws and Fasteners Manufacturer<\/title>\n<meta name=\"description\" content=\"Prince Fastener can fully customize flange nuts and other fasteners according to the application requirement and customer needs.\" \/>\n<meta name=\"robots\" content=\"index, follow, max-snippet:-1, max-image-preview:large, max-video-preview:-1\" \/>\n<link rel=\"canonical\" href=\"https:\/\/princefastener.com\/pt\/fabricante-de-porcas-de-flange\/\" \/>\n<meta property=\"og:locale\" content=\"pt_BR\" \/>\n<meta property=\"og:type\" content=\"article\" \/>\n<meta property=\"og:title\" content=\"Flange Nut Manufacturer - Screws and Fasteners Manufacturer\" \/>\n<meta property=\"og:description\" content=\"Prince Fastener can fully customize flange nuts and other fasteners according to the application requirement and customer needs.\" \/>\n<meta property=\"og:url\" content=\"https:\/\/princefastener.com\/pt\/fabricante-de-porcas-de-flange\/\" \/>\n<meta property=\"og:site_name\" content=\"Screws and Fasteners Manufacturer\" \/>\n<meta property=\"article:publisher\" content=\"https:\/\/www.facebook.com\/Prince-Fastener-Manufacturing-Co-Ltd-107643758056794\" \/>\n<meta property=\"article:modified_time\" content=\"2023-01-04T10:38:02+00:00\" \/>\n<meta property=\"og:image\" content=\"https:\/\/princefastener.com\/wp-content\/uploads\/2021\/11\/nut-and-bolt.jpg\" \/>\n\t<meta property=\"og:image:width\" content=\"387\" \/>\n\t<meta property=\"og:image:height\" content=\"420\" \/>\n\t<meta property=\"og:image:type\" content=\"image\/jpeg\" \/>\n<meta name=\"twitter:card\" content=\"summary_large_image\" \/>\n<meta name=\"twitter:site\" content=\"@PrinceFastener\" \/>\n<meta name=\"twitter:label1\" content=\"Est. tempo de leitura\" \/>\n\t<meta name=\"twitter:data1\" content=\"3 minutos\" \/>\n<!-- \/ Yoast SEO plugin. -->","yoast_head_json":{"title":"Fabricante de porcas de flange - Fabricante de parafusos e fixadores","description":"A Prince Fastener pode personalizar totalmente as porcas flangeadas e outros fixadores de acordo com os requisitos da aplica\u00e7\u00e3o e as necessidades do cliente.","robots":{"index":"index","follow":"follow","max-snippet":"max-snippet:-1","max-image-preview":"max-image-preview:large","max-video-preview":"max-video-preview:-1"},"canonical":"https:\/\/princefastener.com\/pt\/fabricante-de-porcas-de-flange\/","og_locale":"pt_BR","og_type":"article","og_title":"Flange Nut Manufacturer - Screws and Fasteners Manufacturer","og_description":"Prince Fastener can fully customize flange nuts and other fasteners according to the application requirement and customer needs.","og_url":"https:\/\/princefastener.com\/pt\/fabricante-de-porcas-de-flange\/","og_site_name":"Screws and Fasteners Manufacturer","article_publisher":"https:\/\/www.facebook.com\/Prince-Fastener-Manufacturing-Co-Ltd-107643758056794","article_modified_time":"2023-01-04T10:38:02+00:00","og_image":[{"width":387,"height":420,"url":"https:\/\/princefastener.com\/wp-content\/uploads\/2021\/11\/nut-and-bolt.jpg","type":"image\/jpeg"}],"twitter_card":"summary_large_image","twitter_site":"@PrinceFastener","twitter_misc":{"Est. tempo de leitura":"3 minutos"},"schema":{"@context":"https:\/\/schema.org","@graph":[{"@type":"WebPage","@id":"https:\/\/princefastener.com\/flange-nut-manufacturer\/","url":"https:\/\/princefastener.com\/flange-nut-manufacturer\/","name":"Fabricante de porcas de flange - Fabricante de parafusos e fixadores","isPartOf":{"@id":"https:\/\/princefastener.com\/#website"},"primaryImageOfPage":{"@id":"https:\/\/princefastener.com\/flange-nut-manufacturer\/#primaryimage"},"image":{"@id":"https:\/\/princefastener.com\/flange-nut-manufacturer\/#primaryimage"},"thumbnailUrl":"https:\/\/princefastener.com\/wp-content\/uploads\/2021\/11\/nut-and-bolt.jpg","datePublished":"2023-01-04T10:34:13+00:00","dateModified":"2023-01-04T10:38:02+00:00","description":"A Prince Fastener pode personalizar totalmente as porcas flangeadas e outros fixadores de acordo com os requisitos da aplica\u00e7\u00e3o e as necessidades do cliente.","breadcrumb":{"@id":"https:\/\/princefastener.com\/flange-nut-manufacturer\/#breadcrumb"},"inLanguage":"pt-BR","potentialAction":[{"@type":"ReadAction","target":["https:\/\/princefastener.com\/flange-nut-manufacturer\/"]}]},{"@type":"ImageObject","inLanguage":"pt-BR","@id":"https:\/\/princefastener.com\/flange-nut-manufacturer\/#primaryimage","url":"https:\/\/princefastener.com\/wp-content\/uploads\/2021\/11\/nut-and-bolt.jpg","contentUrl":"https:\/\/princefastener.com\/wp-content\/uploads\/2021\/11\/nut-and-bolt.jpg","width":387,"height":420,"caption":"nut and bolt"},{"@type":"BreadcrumbList","@id":"https:\/\/princefastener.com\/flange-nut-manufacturer\/#breadcrumb","itemListElement":[{"@type":"ListItem","position":1,"name":"Home","item":"https:\/\/princefastener.com\/"},{"@type":"ListItem","position":2,"name":"Flange Nut Manufacturer"}]},{"@type":"WebSite","@id":"https:\/\/princefastener.com\/#website","url":"https:\/\/princefastener.com\/","name":"Fabricante de Parafusos e Fixadores","description":"","publisher":{"@id":"https:\/\/princefastener.com\/#organization"},"potentialAction":[{"@type":"SearchAction","target":{"@type":"EntryPoint","urlTemplate":"https:\/\/princefastener.com\/?s={search_term_string}"},"query-input":{"@type":"PropertyValueSpecification","valueRequired":true,"valueName":"search_term_string"}}],"inLanguage":"pt-BR"},{"@type":"Organization","@id":"https:\/\/princefastener.com\/#organization","name":"prendedor de pr\u00edncipe","url":"https:\/\/princefastener.com\/","logo":{"@type":"ImageObject","inLanguage":"pt-BR","@id":"https:\/\/princefastener.com\/#\/schema\/logo\/image\/","url":"https:\/\/princefastener.com\/wp-content\/uploads\/2021\/04\/Prince-fastener-logo.png","contentUrl":"https:\/\/princefastener.com\/wp-content\/uploads\/2021\/04\/Prince-fastener-logo.png","width":630,"height":140,"caption":"Prince Fastener"},"image":{"@id":"https:\/\/princefastener.com\/#\/schema\/logo\/image\/"},"sameAs":["https:\/\/www.facebook.com\/Prince-Fastener-Manufacturing-Co-Ltd-107643758056794","https:\/\/x.com\/PrinceFastener","https:\/\/www.instagram.com\/princefastener001\/","https:\/\/www.linkedin.com\/company\/prince-fastener","https:\/\/www.pinterest.com\/PrinceFastenereric"]}]}},"_links":{"self":[{"href":"https:\/\/princefastener.com\/pt\/wp-json\/wp\/v2\/pages\/4088","targetHints":{"allow":["GET"]}}],"collection":[{"href":"https:\/\/princefastener.com\/pt\/wp-json\/wp\/v2\/pages"}],"about":[{"href":"https:\/\/princefastener.com\/pt\/wp-json\/wp\/v2\/types\/page"}],"author":[{"embeddable":true,"href":"https:\/\/princefastener.com\/pt\/wp-json\/wp\/v2\/users\/32"}],"replies":[{"embeddable":true,"href":"https:\/\/princefastener.com\/pt\/wp-json\/wp\/v2\/comments?post=4088"}],"version-history":[{"count":0,"href":"https:\/\/princefastener.com\/pt\/wp-json\/wp\/v2\/pages\/4088\/revisions"}],"wp:featuredmedia":[{"embeddable":true,"href":"https:\/\/princefastener.com\/pt\/wp-json\/wp\/v2\/media\/3784"}],"wp:attachment":[{"href":"https:\/\/princefastener.com\/pt\/wp-json\/wp\/v2\/media?parent=4088"}],"curies":[{"name":"wp","href":"https:\/\/api.w.org\/{rel}","templated":true}]}}