{"id":1401,"date":"2021-08-05T22:23:18","date_gmt":"2021-08-05T14:23:18","guid":{"rendered":"https:\/\/princefastener.com\/?post_type=product&#038;p=1401"},"modified":"2021-09-26T21:20:17","modified_gmt":"2021-09-26T13:20:17","slug":"perno-de-cabeza-esferica","status":"publish","type":"product","link":"https:\/\/princefastener.com\/es\/product\/ball-head-bolt\/","title":{"rendered":"Perno de cabeza esf\u00e9rica"},"content":{"rendered":"<p>El perno de cabeza esf\u00e9rica debe tener una presi\u00f3n final precisa, minimizando el grosor de los pasadores del buje, utilizando el resorte de calidad m\u00e1s largo posible, lo que reducir\u00e1 la fatiga del resorte y aumentar\u00e1 su vida \u00fatil y facilitar\u00e1 la instalaci\u00f3n. La altura de la proyecci\u00f3n de la cabeza esf\u00e9rica desde el cuerpo del \u00e9mbolo debe ser uniforme para cada \u00e9mbolo.<\/p>\n<p>Los controles de mecanizado precisos y los procedimientos de inspecci\u00f3n rigurosos deben garantizar que la diferencia dimensional m\u00e1xima entre la altura de proyecci\u00f3n de cada cabeza del \u00e9mbolo no supere los 0,1 mm y, en algunos tama\u00f1os, no supere los 0,05 mm. Aunque se pueden instalar con un destornillador o una llave Allen, la mayor\u00eda de los expertos recomiendan usar una llave especial de \u00e9mbolo de resorte, especialmente para principiantes.<\/p>\n<p>El uso de la herramienta incorrecta corre el riesgo de comprimir demasiado el resorte y da\u00f1arlo. Como cualquier t\u00e9cnico sabe, siempre debe usar la herramienta correcta para el trabajo. El mayor peligro al instalar resortes de \u00e9mbolo es usar demasiado torque. Aunque son como pernos o tornillos, sus cuerpos son huecos y existe un l\u00edmite en la cantidad de fuerza que pueden tolerar.<\/p>","protected":false},"excerpt":{"rendered":"<p>El perno de cabeza esf\u00e9rica debe tener una presi\u00f3n final precisa, minimizando el grosor de los pasadores del buje, utilizando el resorte de calidad m\u00e1s largo posible, lo que reducir\u00e1 la fatiga del resorte y aumentar\u00e1 su vida \u00fatil y facilitar\u00e1 la instalaci\u00f3n. La altura de la proyecci\u00f3n de la cabeza esf\u00e9rica desde el cuerpo del \u00e9mbolo debe ser uniforme para cada \u00e9mbolo.<\/p>","protected":false},"featured_media":1383,"comment_status":"open","ping_status":"closed","template":"","meta":{"_seopress_robots_primary_cat":"0","_seopress_titles_title":"%%title%% %%page%% | From Screw Factories-Prince Fastener","_seopress_titles_desc":"Ball Head Bolt made of high-quality stainless steel, which is durable and not easy to rust,used for remote control vehicle off-road vehicle","_seopress_robots_index":"","_joinchat":[]},"product_brand":[],"product_cat":[83,33],"product_tag":[134,135,132,133],"class_list":{"0":"post-1401","1":"product","2":"type-product","3":"status-publish","4":"has-post-thumbnail","6":"product_cat-ball-head-screw","7":"product_cat-custom-fastener","8":"product_tag-ball-head-bolt","9":"product_tag-ball-head-bolts","10":"product_tag-ball-head-screw","11":"product_tag-ball-head-screws","13":"first","14":"instock","15":"shipping-taxable","16":"product-type-simple"},"yoast_head":"<!-- This site is optimized with the Yoast SEO plugin v27.3 - https:\/\/yoast.com\/product\/yoast-seo-wordpress\/ -->\n<title>Ball Head Bolt | From Screw Factories-Prince Fastener<\/title>\n<meta name=\"description\" content=\"Ball Head Bolt made of high-quality stainless steel, which is durable and not easy to rust,used for remote control vehicle off-road vehicle\" \/>\n<meta name=\"robots\" content=\"index, follow, max-snippet:-1, max-image-preview:large, max-video-preview:-1\" \/>\n<link rel=\"canonical\" href=\"https:\/\/princefastener.com\/es\/producto\/perno-de-cabeza-esferica\/\" \/>\n<meta property=\"og:locale\" content=\"es_ES\" \/>\n<meta property=\"og:type\" content=\"article\" \/>\n<meta property=\"og:title\" content=\"Ball Head Bolt | From Screw Factories-Prince Fastener\" \/>\n<meta property=\"og:description\" content=\"Ball Head Bolt made of high-quality stainless steel, which is durable and not easy to rust,used for remote control vehicle off-road vehicle\" \/>\n<meta property=\"og:url\" content=\"https:\/\/princefastener.com\/es\/producto\/perno-de-cabeza-esferica\/\" \/>\n<meta property=\"og:site_name\" content=\"Screws and Fasteners Manufacturer\" \/>\n<meta property=\"article:publisher\" content=\"https:\/\/www.facebook.com\/Prince-Fastener-Manufacturing-Co-Ltd-107643758056794\" \/>\n<meta property=\"article:modified_time\" content=\"2021-09-26T13:20:17+00:00\" \/>\n<meta property=\"og:image\" content=\"https:\/\/princefastener.com\/wp-content\/uploads\/2021\/08\/ball-head-screw.jpg\" \/>\n\t<meta property=\"og:image:width\" content=\"1000\" \/>\n\t<meta property=\"og:image:height\" content=\"1000\" \/>\n\t<meta property=\"og:image:type\" content=\"image\/jpeg\" \/>\n<meta name=\"twitter:card\" content=\"summary_large_image\" \/>\n<meta name=\"twitter:site\" content=\"@PrinceFastener\" \/>\n<meta name=\"twitter:label1\" content=\"Tiempo de lectura\" \/>\n\t<meta name=\"twitter:data1\" content=\"1 minuto\" \/>\n<!-- \/ Yoast SEO plugin. -->","yoast_head_json":{"title":"Perno de cabeza esf\u00e9rica | De f\u00e1bricas de tornillos-Prince Fastener","description":"Perno de cabeza esf\u00e9rica hecho de acero inoxidable de alta calidad, que es duradero y no se oxida f\u00e1cilmente, utilizado para veh\u00edculos todoterreno con control remoto","robots":{"index":"index","follow":"follow","max-snippet":"max-snippet:-1","max-image-preview":"max-image-preview:large","max-video-preview":"max-video-preview:-1"},"canonical":"https:\/\/princefastener.com\/es\/producto\/perno-de-cabeza-esferica\/","og_locale":"es_ES","og_type":"article","og_title":"Ball Head Bolt | From Screw Factories-Prince Fastener","og_description":"Ball Head Bolt made of high-quality stainless steel, which is durable and not easy to rust,used for remote control vehicle off-road vehicle","og_url":"https:\/\/princefastener.com\/es\/producto\/perno-de-cabeza-esferica\/","og_site_name":"Screws and Fasteners Manufacturer","article_publisher":"https:\/\/www.facebook.com\/Prince-Fastener-Manufacturing-Co-Ltd-107643758056794","article_modified_time":"2021-09-26T13:20:17+00:00","og_image":[{"width":1000,"height":1000,"url":"https:\/\/princefastener.com\/wp-content\/uploads\/2021\/08\/ball-head-screw.jpg","type":"image\/jpeg"}],"twitter_card":"summary_large_image","twitter_site":"@PrinceFastener","twitter_misc":{"Tiempo de lectura":"1 minuto"},"schema":{"@context":"https:\/\/schema.org","@graph":[{"@type":"WebPage","@id":"https:\/\/princefastener.com\/product\/ball-head-bolt\/","url":"https:\/\/princefastener.com\/product\/ball-head-bolt\/","name":"Perno de cabeza esf\u00e9rica | De f\u00e1bricas de tornillos-Prince Fastener","isPartOf":{"@id":"https:\/\/princefastener.com\/#website"},"primaryImageOfPage":{"@id":"https:\/\/princefastener.com\/product\/ball-head-bolt\/#primaryimage"},"image":{"@id":"https:\/\/princefastener.com\/product\/ball-head-bolt\/#primaryimage"},"thumbnailUrl":"https:\/\/princefastener.com\/wp-content\/uploads\/2021\/08\/ball-head-screw.jpg","datePublished":"2021-08-05T14:23:18+00:00","dateModified":"2021-09-26T13:20:17+00:00","description":"Perno de cabeza esf\u00e9rica hecho de acero inoxidable de alta calidad, que es duradero y no se oxida f\u00e1cilmente, utilizado para veh\u00edculos todoterreno con control remoto","breadcrumb":{"@id":"https:\/\/princefastener.com\/product\/ball-head-bolt\/#breadcrumb"},"inLanguage":"es","potentialAction":[{"@type":"ReadAction","target":["https:\/\/princefastener.com\/product\/ball-head-bolt\/"]}]},{"@type":"ImageObject","inLanguage":"es","@id":"https:\/\/princefastener.com\/product\/ball-head-bolt\/#primaryimage","url":"https:\/\/princefastener.com\/wp-content\/uploads\/2021\/08\/ball-head-screw.jpg","contentUrl":"https:\/\/princefastener.com\/wp-content\/uploads\/2021\/08\/ball-head-screw.jpg","width":1000,"height":1000,"caption":"ball head screw"},{"@type":"BreadcrumbList","@id":"https:\/\/princefastener.com\/product\/ball-head-bolt\/#breadcrumb","itemListElement":[{"@type":"ListItem","position":1,"name":"Home","item":"https:\/\/princefastener.com\/"},{"@type":"ListItem","position":2,"name":"PRODUCT","item":"https:\/\/princefastener.com\/product\/"},{"@type":"ListItem","position":3,"name":"Ball Head Bolt"}]},{"@type":"WebSite","@id":"https:\/\/princefastener.com\/#website","url":"https:\/\/princefastener.com\/","name":"Fabricante de tornillos y sujetadores","description":"","publisher":{"@id":"https:\/\/princefastener.com\/#organization"},"potentialAction":[{"@type":"SearchAction","target":{"@type":"EntryPoint","urlTemplate":"https:\/\/princefastener.com\/?s={search_term_string}"},"query-input":{"@type":"PropertyValueSpecification","valueRequired":true,"valueName":"search_term_string"}}],"inLanguage":"es"},{"@type":"Organization","@id":"https:\/\/princefastener.com\/#organization","name":"Sujetador Pr\u00edncipe","url":"https:\/\/princefastener.com\/","logo":{"@type":"ImageObject","inLanguage":"es","@id":"https:\/\/princefastener.com\/#\/schema\/logo\/image\/","url":"https:\/\/princefastener.com\/wp-content\/uploads\/2021\/04\/Prince-fastener-logo.png","contentUrl":"https:\/\/princefastener.com\/wp-content\/uploads\/2021\/04\/Prince-fastener-logo.png","width":630,"height":140,"caption":"Prince Fastener"},"image":{"@id":"https:\/\/princefastener.com\/#\/schema\/logo\/image\/"},"sameAs":["https:\/\/www.facebook.com\/Prince-Fastener-Manufacturing-Co-Ltd-107643758056794","https:\/\/x.com\/PrinceFastener","https:\/\/www.instagram.com\/princefastener001\/","https:\/\/www.linkedin.com\/company\/prince-fastener","https:\/\/www.pinterest.com\/PrinceFastenereric"]}]}},"_links":{"self":[{"href":"https:\/\/princefastener.com\/es\/wp-json\/wp\/v2\/product\/1401","targetHints":{"allow":["GET"]}}],"collection":[{"href":"https:\/\/princefastener.com\/es\/wp-json\/wp\/v2\/product"}],"about":[{"href":"https:\/\/princefastener.com\/es\/wp-json\/wp\/v2\/types\/product"}],"replies":[{"embeddable":true,"href":"https:\/\/princefastener.com\/es\/wp-json\/wp\/v2\/comments?post=1401"}],"version-history":[{"count":0,"href":"https:\/\/princefastener.com\/es\/wp-json\/wp\/v2\/product\/1401\/revisions"}],"wp:featuredmedia":[{"embeddable":true,"href":"https:\/\/princefastener.com\/es\/wp-json\/wp\/v2\/media\/1383"}],"wp:attachment":[{"href":"https:\/\/princefastener.com\/es\/wp-json\/wp\/v2\/media?parent=1401"}],"wp:term":[{"taxonomy":"product_brand","embeddable":true,"href":"https:\/\/princefastener.com\/es\/wp-json\/wp\/v2\/product_brand?post=1401"},{"taxonomy":"product_cat","embeddable":true,"href":"https:\/\/princefastener.com\/es\/wp-json\/wp\/v2\/product_cat?post=1401"},{"taxonomy":"product_tag","embeddable":true,"href":"https:\/\/princefastener.com\/es\/wp-json\/wp\/v2\/product_tag?post=1401"}],"curies":[{"name":"Gracias","href":"https:\/\/api.w.org\/{rel}","templated":true}]}}