{"id":1394,"date":"2021-08-05T22:21:19","date_gmt":"2021-08-05T14:21:19","guid":{"rendered":"https:\/\/princefastener.com\/?post_type=product&#038;p=1394"},"modified":"2021-09-26T21:18:08","modified_gmt":"2021-09-26T13:18:08","slug":"tornillos-escalonados","status":"publish","type":"product","link":"https:\/\/princefastener.com\/es\/product\/step-screws\/","title":{"rendered":"Tornillos escalonados"},"content":{"rendered":"<p>Un tornillo escalonado se entiende simplemente como un tornillo no est\u00e1ndar con m\u00e1s de dos escalones. Esto es lo que llamamos un tornillo de paso. Este tipo de tornillo escalonado normalmente no est\u00e1 disponible en stock y solo se produce por moldeo.<\/p>\n<p>El complejo m\u00e9todo de ensamblaje original de usar tornillos con manguitos de cobre, etc., se abandona por completo y su uso reduce directamente los costos y proporciona una soluci\u00f3n de conexi\u00f3n m\u00e1s confiable y conveniente.<br \/>\nPrince Fastener Screw Factory utiliza nuevos equipos de sujeci\u00f3n importados de alta precisi\u00f3n, cable famoso y excelente y tecnolog\u00eda de producci\u00f3n l\u00edder internacional para producir y vender tornillos escalonados est\u00e1ndar y no est\u00e1ndar nacionales. La empresa produce sujetadores que incluyen tornillos autorroscantes, tornillos combinados, tornillos escalonados, escalones y tornillos ecol\u00f3gicos, todos los cuales cumplen con los requisitos de las normas GB nacionales, ISO internacional, ANSI estadounidense, BS brit\u00e1nica, normas JIS japonesas y normas DIN alemanas.<\/p>\n<p>Son adecuados para diversos productos de comunicaci\u00f3n, instrumentos electr\u00f3nicos, medidores, computadoras, productos digitales, electrodom\u00e9sticos, juguetes el\u00e9ctricos, todo tipo de movimientos y otros de precisi\u00f3n.<\/p>","protected":false},"excerpt":{"rendered":"<p>Un tornillo escalonado se entiende simplemente como un tornillo no est\u00e1ndar con m\u00e1s de dos escalones. Esto es lo que llamamos un tornillo de paso. Este tipo de tornillo escalonado normalmente no est\u00e1 disponible en stock y solo se produce por moldeo.<\/p>","protected":false},"featured_media":1395,"comment_status":"open","ping_status":"closed","template":"","meta":{"_seopress_robots_primary_cat":"0","_seopress_titles_title":"%%title%% %%page%% | From Screw Factories-Prince Fastener","_seopress_titles_desc":"Prince Fastener produces fasteners including self-tapping screws, combination screws, step screws, steps and environmentally friendly screws","_seopress_robots_index":"","_joinchat":[]},"product_brand":[],"product_cat":[33,86],"product_tag":[138,139,136,137],"class_list":{"0":"post-1394","1":"product","2":"type-product","3":"status-publish","4":"has-post-thumbnail","6":"product_cat-custom-fastener","7":"product_cat-step-screws","8":"product_tag-step-bolt","9":"product_tag-step-bolts","10":"product_tag-step-screw","11":"product_tag-step-screws","13":"first","14":"instock","15":"shipping-taxable","16":"product-type-simple"},"yoast_head":"<!-- This site is optimized with the Yoast SEO plugin v27.4 - https:\/\/yoast.com\/product\/yoast-seo-wordpress\/ -->\n<title>Step Screws | From Screw Factories-Prince Fastener<\/title>\n<meta name=\"description\" content=\"Prince Fastener produces fasteners including self-tapping screws, combination screws, step screws, steps and environmentally friendly screws\" \/>\n<meta name=\"robots\" content=\"index, follow, max-snippet:-1, max-image-preview:large, max-video-preview:-1\" \/>\n<link rel=\"canonical\" href=\"https:\/\/princefastener.com\/es\/producto\/tornillos-escalonados\/\" \/>\n<meta property=\"og:locale\" content=\"es_ES\" \/>\n<meta property=\"og:type\" content=\"article\" \/>\n<meta property=\"og:title\" content=\"Step Screws | From Screw Factories-Prince Fastener\" \/>\n<meta property=\"og:description\" content=\"Prince Fastener produces fasteners including self-tapping screws, combination screws, step screws, steps and environmentally friendly screws\" \/>\n<meta property=\"og:url\" content=\"https:\/\/princefastener.com\/es\/producto\/tornillos-escalonados\/\" \/>\n<meta property=\"og:site_name\" content=\"Screws and Fasteners Manufacturer\" \/>\n<meta property=\"article:publisher\" content=\"https:\/\/www.facebook.com\/Prince-Fastener-Manufacturing-Co-Ltd-107643758056794\" \/>\n<meta property=\"article:modified_time\" content=\"2021-09-26T13:18:08+00:00\" \/>\n<meta property=\"og:image\" content=\"https:\/\/princefastener.com\/wp-content\/uploads\/2021\/08\/step-bolt.jpg\" \/>\n\t<meta property=\"og:image:width\" content=\"1000\" \/>\n\t<meta property=\"og:image:height\" content=\"1000\" \/>\n\t<meta property=\"og:image:type\" content=\"image\/jpeg\" \/>\n<meta name=\"twitter:card\" content=\"summary_large_image\" \/>\n<meta name=\"twitter:site\" content=\"@PrinceFastener\" \/>\n<meta name=\"twitter:label1\" content=\"Tiempo de lectura\" \/>\n\t<meta name=\"twitter:data1\" content=\"1 minuto\" \/>\n<!-- \/ Yoast SEO plugin. -->","yoast_head_json":{"title":"Tornillos escalonados | De f\u00e1bricas de tornillos-Prince Fastener","description":"Prince Fastener produce sujetadores que incluyen tornillos autorroscantes, tornillos combinados, tornillos escalonados, escalones y tornillos ecol\u00f3gicos.","robots":{"index":"index","follow":"follow","max-snippet":"max-snippet:-1","max-image-preview":"max-image-preview:large","max-video-preview":"max-video-preview:-1"},"canonical":"https:\/\/princefastener.com\/es\/producto\/tornillos-escalonados\/","og_locale":"es_ES","og_type":"article","og_title":"Step Screws | From Screw Factories-Prince Fastener","og_description":"Prince Fastener produces fasteners including self-tapping screws, combination screws, step screws, steps and environmentally friendly screws","og_url":"https:\/\/princefastener.com\/es\/producto\/tornillos-escalonados\/","og_site_name":"Screws and Fasteners Manufacturer","article_publisher":"https:\/\/www.facebook.com\/Prince-Fastener-Manufacturing-Co-Ltd-107643758056794","article_modified_time":"2021-09-26T13:18:08+00:00","og_image":[{"width":1000,"height":1000,"url":"https:\/\/princefastener.com\/wp-content\/uploads\/2021\/08\/step-bolt.jpg","type":"image\/jpeg"}],"twitter_card":"summary_large_image","twitter_site":"@PrinceFastener","twitter_misc":{"Tiempo de lectura":"1 minuto"},"schema":{"@context":"https:\/\/schema.org","@graph":[{"@type":"WebPage","@id":"https:\/\/princefastener.com\/product\/step-screws\/","url":"https:\/\/princefastener.com\/product\/step-screws\/","name":"Tornillos escalonados | De f\u00e1bricas de tornillos-Prince Fastener","isPartOf":{"@id":"https:\/\/princefastener.com\/#website"},"primaryImageOfPage":{"@id":"https:\/\/princefastener.com\/product\/step-screws\/#primaryimage"},"image":{"@id":"https:\/\/princefastener.com\/product\/step-screws\/#primaryimage"},"thumbnailUrl":"https:\/\/princefastener.com\/wp-content\/uploads\/2021\/08\/step-bolt.jpg","datePublished":"2021-08-05T14:21:19+00:00","dateModified":"2021-09-26T13:18:08+00:00","description":"Prince Fastener produce sujetadores que incluyen tornillos autorroscantes, tornillos combinados, tornillos escalonados, escalones y tornillos ecol\u00f3gicos.","breadcrumb":{"@id":"https:\/\/princefastener.com\/product\/step-screws\/#breadcrumb"},"inLanguage":"es","potentialAction":[{"@type":"ReadAction","target":["https:\/\/princefastener.com\/product\/step-screws\/"]}]},{"@type":"ImageObject","inLanguage":"es","@id":"https:\/\/princefastener.com\/product\/step-screws\/#primaryimage","url":"https:\/\/princefastener.com\/wp-content\/uploads\/2021\/08\/step-bolt.jpg","contentUrl":"https:\/\/princefastener.com\/wp-content\/uploads\/2021\/08\/step-bolt.jpg","width":1000,"height":1000,"caption":"step bolt"},{"@type":"BreadcrumbList","@id":"https:\/\/princefastener.com\/product\/step-screws\/#breadcrumb","itemListElement":[{"@type":"ListItem","position":1,"name":"Home","item":"https:\/\/princefastener.com\/"},{"@type":"ListItem","position":2,"name":"PRODUCT","item":"https:\/\/princefastener.com\/product\/"},{"@type":"ListItem","position":3,"name":"Step Screws"}]},{"@type":"WebSite","@id":"https:\/\/princefastener.com\/#website","url":"https:\/\/princefastener.com\/","name":"Fabricante de tornillos y sujetadores","description":"","publisher":{"@id":"https:\/\/princefastener.com\/#organization"},"potentialAction":[{"@type":"SearchAction","target":{"@type":"EntryPoint","urlTemplate":"https:\/\/princefastener.com\/?s={search_term_string}"},"query-input":{"@type":"PropertyValueSpecification","valueRequired":true,"valueName":"search_term_string"}}],"inLanguage":"es"},{"@type":"Organization","@id":"https:\/\/princefastener.com\/#organization","name":"Sujetador Pr\u00edncipe","url":"https:\/\/princefastener.com\/","logo":{"@type":"ImageObject","inLanguage":"es","@id":"https:\/\/princefastener.com\/#\/schema\/logo\/image\/","url":"https:\/\/princefastener.com\/wp-content\/uploads\/2021\/04\/Prince-fastener-logo.png","contentUrl":"https:\/\/princefastener.com\/wp-content\/uploads\/2021\/04\/Prince-fastener-logo.png","width":630,"height":140,"caption":"Prince Fastener"},"image":{"@id":"https:\/\/princefastener.com\/#\/schema\/logo\/image\/"},"sameAs":["https:\/\/www.facebook.com\/Prince-Fastener-Manufacturing-Co-Ltd-107643758056794","https:\/\/x.com\/PrinceFastener","https:\/\/www.instagram.com\/princefastener001\/","https:\/\/www.linkedin.com\/company\/prince-fastener","https:\/\/www.pinterest.com\/PrinceFastenereric"]}]}},"_links":{"self":[{"href":"https:\/\/princefastener.com\/es\/wp-json\/wp\/v2\/product\/1394","targetHints":{"allow":["GET"]}}],"collection":[{"href":"https:\/\/princefastener.com\/es\/wp-json\/wp\/v2\/product"}],"about":[{"href":"https:\/\/princefastener.com\/es\/wp-json\/wp\/v2\/types\/product"}],"replies":[{"embeddable":true,"href":"https:\/\/princefastener.com\/es\/wp-json\/wp\/v2\/comments?post=1394"}],"version-history":[{"count":0,"href":"https:\/\/princefastener.com\/es\/wp-json\/wp\/v2\/product\/1394\/revisions"}],"wp:featuredmedia":[{"embeddable":true,"href":"https:\/\/princefastener.com\/es\/wp-json\/wp\/v2\/media\/1395"}],"wp:attachment":[{"href":"https:\/\/princefastener.com\/es\/wp-json\/wp\/v2\/media?parent=1394"}],"wp:term":[{"taxonomy":"product_brand","embeddable":true,"href":"https:\/\/princefastener.com\/es\/wp-json\/wp\/v2\/product_brand?post=1394"},{"taxonomy":"product_cat","embeddable":true,"href":"https:\/\/princefastener.com\/es\/wp-json\/wp\/v2\/product_cat?post=1394"},{"taxonomy":"product_tag","embeddable":true,"href":"https:\/\/princefastener.com\/es\/wp-json\/wp\/v2\/product_tag?post=1394"}],"curies":[{"name":"Gracias","href":"https:\/\/api.w.org\/{rel}","templated":true}]}}