{"id":1389,"date":"2021-08-05T21:55:18","date_gmt":"2021-08-05T13:55:18","guid":{"rendered":"https:\/\/princefastener.com\/?post_type=product&#038;p=1389"},"modified":"2024-11-04T14:55:54","modified_gmt":"2024-11-04T06:55:54","slug":"como-evaluar-proveedores-de-sujeciones-una-guia-completa","status":"publish","type":"product","link":"https:\/\/princefastener.com\/es\/product\/double-headed-screws\/","title":{"rendered":"Tornillos de doble cabeza"},"content":{"rendered":"<p>Los tornillos de doble cabeza se utilizan para conectar la funci\u00f3n de enlace fijo de la maquinaria. Los pernos de dos cabezas tienen roscas en ambos extremos y un tornillo en el medio, tanto gruesos como finos. Generalmente se utilizan en maquinaria de miner\u00eda, puentes, autom\u00f3viles, motocicletas, estructuras de acero para calderas, torres de gr\u00faas, estructuras de acero de gran envergadura y grandes edificios.<\/p>\n<p>Los pernos de doble cabeza suelen requerir un tratamiento de superficie. Hay muchos tipos de tratamiento superficial de los tornillos, pero los m\u00e1s comunes son la galvanoplastia, el ennegrecimiento, la oxidaci\u00f3n, el fosfatado, el tratamiento no electrol\u00edtico de recubrimiento de escamas de zinc, etc. Sin embargo, los elementos de fijaci\u00f3n galvanizados representan una gran proporci\u00f3n del uso real de elementos de fijaci\u00f3n. En particular, se utilizan m\u00e1s en industrias y campos como el autom\u00f3vil, los tractores, los electrodom\u00e9sticos, la instrumentaci\u00f3n y la industria aeroespacial,<a href=\"https:\/\/www.delongtop.com\/\" target=\"_blank\" rel=\"noopener\">energ\u00eda solar<\/a> y comunicaciones. Sin embargo, en el caso de las fijaciones roscadas, no s\u00f3lo se requiere un cierto grado de resistencia a la corrosi\u00f3n en uso, sino que tambi\u00e9n debe garantizarse la intercambiabilidad de las roscas, lo que tambi\u00e9n puede denominarse aqu\u00ed capacidad de giro. Para cumplir tanto los requisitos de \"protecci\u00f3n contra la corrosi\u00f3n\" como los de \"intercambiabilidad\" de las fijaciones roscadas en uso, es esencial disponer de una norma de chapado espec\u00edfica.<\/p>\n<p>La producci\u00f3n de pernos de dos cabezas requiere equipos fijos y procesamiento de m\u00e1quinas herramienta, pero el procedimiento de procesamiento es relativamente simple, existen principalmente los siguientes procesos: en primer lugar, es necesario tirar del material, tirar del material es usar la tracci\u00f3n m\u00e1quina para tirar del material distorsionado recto, despu\u00e9s de este proceso para llevar a cabo el siguiente proceso, el siguiente proceso es usar la m\u00e1quina de corte para tirar del material recto largo de acuerdo con los requisitos del cliente cortado en la longitud requerida por el cliente, que se completa El segundo proceso y el tercer proceso consisten en colocar el material cortado en la m\u00e1quina laminadora de alambre para desenrollar la hebilla del alambre; aqu\u00ed se termina el perno ordinario de dos cabezas, pero, por supuesto, si se necesitan otros requisitos, tambi\u00e9n se necesitan otros procesos.<\/p>\n<p>El perno se conoce generalmente como tornillo de mayor di\u00e1metro, seg\u00fan el cual el tornillo tiene un di\u00e1metro mucho menor en comparaci\u00f3n con el perno. Los pernos de dos cabezas no tienen cabeza y tambi\u00e9n se conocen como esp\u00e1rragos de dos cabezas. Los pernos de dos cabezas est\u00e1n roscados en ambos extremos y no contienen una rosca en el medio, que es una varilla desnuda. Los pernos de doble cabeza se utilizan en equipos grandes, como marcos reductores. En la pr\u00e1ctica, la carga externa tendr\u00e1 una vibraci\u00f3n y la influencia de la temperatura har\u00e1 que la fricci\u00f3n sea menor y, con el tiempo, la conexi\u00f3n roscada se aflojar\u00e1 y fallar\u00e1. Por ello, es necesario hacer un buen trabajo de mantenimiento de los tornillos de doble cabeza en tiempos normales. Los pernos de dos cabezas o los pernos de pie en el papel de la fricci\u00f3n mec\u00e1nica durante mucho tiempo ser\u00e1n un problema, en caso de que haya un problema, deber\u00e1 quitar el c\u00e1rter de aceite del motor, verificar cuidadosamente el uso de la loseta del eje del motor, verificar la holgura entre la teja del eje es demasiado grande, si el espacio es demasiado grande debe reemplazarse de manera oportuna. En la sustituci\u00f3n de tornillos de doble cabeza tambi\u00e9n se deben sustituir los tornillos de biela. Algunos equipos grandes como la m\u00e1quina para hacer clavos en la operaci\u00f3n habitual, si encuentra que el motor no es muy estable cuando est\u00e1 funcionando o aparece un ruido extra\u00f1o, pero tambi\u00e9n debe detenerse a tiempo para verificar, a fin de evitar problemas mayores.<\/p>","protected":false},"excerpt":{"rendered":"<p>Los tornillos de doble cabeza se utilizan para conectar la funci\u00f3n de enlace fijo de la maquinaria. Los pernos de dos cabezas tienen roscas en ambos extremos y un tornillo en el medio, tanto gruesos como finos. Generalmente se utilizan en maquinaria de miner\u00eda, puentes, autom\u00f3viles, motocicletas, estructuras de acero para calderas, torres de gr\u00faas, estructuras de acero de gran envergadura y grandes edificios.<\/p>","protected":false},"featured_media":1392,"comment_status":"open","ping_status":"closed","template":"","meta":{"_seopress_robots_primary_cat":"0","_seopress_titles_title":"%%title%% %%page%% | From Screw Factories-Prince Fastener","_seopress_titles_desc":"Double-headed Screws generally used in mining machinery, bridges, cars, motorbikes, boiler steel structures, crane towers","_seopress_robots_index":"","_joinchat":[]},"product_brand":[],"product_cat":[33,126],"product_tag":[130,131,129,128,127],"class_list":{"0":"post-1389","1":"product","2":"type-product","3":"status-publish","4":"has-post-thumbnail","6":"product_cat-custom-fastener","7":"product_cat-double-headed-screws","8":"product_tag-double-head-bolt","9":"product_tag-double-head-bolts","10":"product_tag-double-head-screw","11":"product_tag-double-head-screws","12":"product_tag-double-headed-screws","14":"first","15":"instock","16":"shipping-taxable","17":"product-type-simple"},"yoast_head":"<!-- This site is optimized with the Yoast SEO plugin v27.3 - https:\/\/yoast.com\/product\/yoast-seo-wordpress\/ -->\n<title>Double-headed Screws | From Screw Factories-Prince Fastener<\/title>\n<meta name=\"description\" content=\"Double-headed Screws generally used in mining machinery, bridges, cars, motorbikes, boiler steel structures, crane towers\" \/>\n<meta name=\"robots\" content=\"index, follow, max-snippet:-1, max-image-preview:large, max-video-preview:-1\" \/>\n<link rel=\"canonical\" href=\"https:\/\/princefastener.com\/es\/producto\/como-evaluar-proveedores-de-sujeciones-una-guia-completa\/\" \/>\n<meta property=\"og:locale\" content=\"es_ES\" \/>\n<meta property=\"og:type\" content=\"article\" \/>\n<meta property=\"og:title\" content=\"Double-headed Screws | From Screw Factories-Prince Fastener\" \/>\n<meta property=\"og:description\" content=\"Double-headed Screws generally used in mining machinery, bridges, cars, motorbikes, boiler steel structures, crane towers\" \/>\n<meta property=\"og:url\" content=\"https:\/\/princefastener.com\/es\/producto\/como-evaluar-proveedores-de-sujeciones-una-guia-completa\/\" \/>\n<meta property=\"og:site_name\" content=\"Screws and Fasteners Manufacturer\" \/>\n<meta property=\"article:publisher\" content=\"https:\/\/www.facebook.com\/Prince-Fastener-Manufacturing-Co-Ltd-107643758056794\" \/>\n<meta property=\"article:modified_time\" content=\"2024-11-04T06:55:54+00:00\" \/>\n<meta property=\"og:image\" content=\"https:\/\/princefastener.com\/wp-content\/uploads\/2021\/08\/double-headed-screw.jpg\" \/>\n\t<meta property=\"og:image:width\" content=\"1000\" \/>\n\t<meta property=\"og:image:height\" content=\"1000\" \/>\n\t<meta property=\"og:image:type\" content=\"image\/jpeg\" \/>\n<meta name=\"twitter:card\" content=\"summary_large_image\" \/>\n<meta name=\"twitter:site\" content=\"@PrinceFastener\" \/>\n<meta name=\"twitter:label1\" content=\"Tiempo de lectura\" \/>\n\t<meta name=\"twitter:data1\" content=\"3 minutos\" \/>\n<!-- \/ Yoast SEO plugin. -->","yoast_head_json":{"title":"Tornillos de doble cabeza | De f\u00e1bricas de tornillos-Prince Fastener","description":"Tornillos de doble cabeza generalmente utilizados en maquinaria minera, puentes, autom\u00f3viles, motocicletas, estructuras de acero para calderas, torres de gr\u00faas","robots":{"index":"index","follow":"follow","max-snippet":"max-snippet:-1","max-image-preview":"max-image-preview:large","max-video-preview":"max-video-preview:-1"},"canonical":"https:\/\/princefastener.com\/es\/producto\/como-evaluar-proveedores-de-sujeciones-una-guia-completa\/","og_locale":"es_ES","og_type":"article","og_title":"Double-headed Screws | From Screw Factories-Prince Fastener","og_description":"Double-headed Screws generally used in mining machinery, bridges, cars, motorbikes, boiler steel structures, crane towers","og_url":"https:\/\/princefastener.com\/es\/producto\/como-evaluar-proveedores-de-sujeciones-una-guia-completa\/","og_site_name":"Screws and Fasteners Manufacturer","article_publisher":"https:\/\/www.facebook.com\/Prince-Fastener-Manufacturing-Co-Ltd-107643758056794","article_modified_time":"2024-11-04T06:55:54+00:00","og_image":[{"width":1000,"height":1000,"url":"https:\/\/princefastener.com\/wp-content\/uploads\/2021\/08\/double-headed-screw.jpg","type":"image\/jpeg"}],"twitter_card":"summary_large_image","twitter_site":"@PrinceFastener","twitter_misc":{"Tiempo de lectura":"3 minutos"},"schema":{"@context":"https:\/\/schema.org","@graph":[{"@type":"WebPage","@id":"https:\/\/princefastener.com\/product\/double-headed-screws\/","url":"https:\/\/princefastener.com\/product\/double-headed-screws\/","name":"Tornillos de doble cabeza | De f\u00e1bricas de tornillos-Prince Fastener","isPartOf":{"@id":"https:\/\/princefastener.com\/#website"},"primaryImageOfPage":{"@id":"https:\/\/princefastener.com\/product\/double-headed-screws\/#primaryimage"},"image":{"@id":"https:\/\/princefastener.com\/product\/double-headed-screws\/#primaryimage"},"thumbnailUrl":"https:\/\/princefastener.com\/wp-content\/uploads\/2021\/08\/double-headed-screw.jpg","datePublished":"2021-08-05T13:55:18+00:00","dateModified":"2024-11-04T06:55:54+00:00","description":"Tornillos de doble cabeza generalmente utilizados en maquinaria minera, puentes, autom\u00f3viles, motocicletas, estructuras de acero para calderas, torres de gr\u00faas","breadcrumb":{"@id":"https:\/\/princefastener.com\/product\/double-headed-screws\/#breadcrumb"},"inLanguage":"es","potentialAction":[{"@type":"ReadAction","target":["https:\/\/princefastener.com\/product\/double-headed-screws\/"]}]},{"@type":"ImageObject","inLanguage":"es","@id":"https:\/\/princefastener.com\/product\/double-headed-screws\/#primaryimage","url":"https:\/\/princefastener.com\/wp-content\/uploads\/2021\/08\/double-headed-screw.jpg","contentUrl":"https:\/\/princefastener.com\/wp-content\/uploads\/2021\/08\/double-headed-screw.jpg","width":1000,"height":1000,"caption":"double headed screw"},{"@type":"BreadcrumbList","@id":"https:\/\/princefastener.com\/product\/double-headed-screws\/#breadcrumb","itemListElement":[{"@type":"ListItem","position":1,"name":"Home","item":"https:\/\/princefastener.com\/"},{"@type":"ListItem","position":2,"name":"PRODUCT","item":"https:\/\/princefastener.com\/product\/"},{"@type":"ListItem","position":3,"name":"Double-headed Screws"}]},{"@type":"WebSite","@id":"https:\/\/princefastener.com\/#website","url":"https:\/\/princefastener.com\/","name":"Fabricante de tornillos y sujetadores","description":"","publisher":{"@id":"https:\/\/princefastener.com\/#organization"},"potentialAction":[{"@type":"SearchAction","target":{"@type":"EntryPoint","urlTemplate":"https:\/\/princefastener.com\/?s={search_term_string}"},"query-input":{"@type":"PropertyValueSpecification","valueRequired":true,"valueName":"search_term_string"}}],"inLanguage":"es"},{"@type":"Organization","@id":"https:\/\/princefastener.com\/#organization","name":"Sujetador Pr\u00edncipe","url":"https:\/\/princefastener.com\/","logo":{"@type":"ImageObject","inLanguage":"es","@id":"https:\/\/princefastener.com\/#\/schema\/logo\/image\/","url":"https:\/\/princefastener.com\/wp-content\/uploads\/2021\/04\/Prince-fastener-logo.png","contentUrl":"https:\/\/princefastener.com\/wp-content\/uploads\/2021\/04\/Prince-fastener-logo.png","width":630,"height":140,"caption":"Prince Fastener"},"image":{"@id":"https:\/\/princefastener.com\/#\/schema\/logo\/image\/"},"sameAs":["https:\/\/www.facebook.com\/Prince-Fastener-Manufacturing-Co-Ltd-107643758056794","https:\/\/x.com\/PrinceFastener","https:\/\/www.instagram.com\/princefastener001\/","https:\/\/www.linkedin.com\/company\/prince-fastener","https:\/\/www.pinterest.com\/PrinceFastenereric"]}]}},"_links":{"self":[{"href":"https:\/\/princefastener.com\/es\/wp-json\/wp\/v2\/product\/1389","targetHints":{"allow":["GET"]}}],"collection":[{"href":"https:\/\/princefastener.com\/es\/wp-json\/wp\/v2\/product"}],"about":[{"href":"https:\/\/princefastener.com\/es\/wp-json\/wp\/v2\/types\/product"}],"replies":[{"embeddable":true,"href":"https:\/\/princefastener.com\/es\/wp-json\/wp\/v2\/comments?post=1389"}],"version-history":[{"count":0,"href":"https:\/\/princefastener.com\/es\/wp-json\/wp\/v2\/product\/1389\/revisions"}],"wp:featuredmedia":[{"embeddable":true,"href":"https:\/\/princefastener.com\/es\/wp-json\/wp\/v2\/media\/1392"}],"wp:attachment":[{"href":"https:\/\/princefastener.com\/es\/wp-json\/wp\/v2\/media?parent=1389"}],"wp:term":[{"taxonomy":"product_brand","embeddable":true,"href":"https:\/\/princefastener.com\/es\/wp-json\/wp\/v2\/product_brand?post=1389"},{"taxonomy":"product_cat","embeddable":true,"href":"https:\/\/princefastener.com\/es\/wp-json\/wp\/v2\/product_cat?post=1389"},{"taxonomy":"product_tag","embeddable":true,"href":"https:\/\/princefastener.com\/es\/wp-json\/wp\/v2\/product_tag?post=1389"}],"curies":[{"name":"Gracias","href":"https:\/\/api.w.org\/{rel}","templated":true}]}}