{"id":1382,"date":"2021-08-05T21:44:28","date_gmt":"2021-08-05T13:44:28","guid":{"rendered":"https:\/\/princefastener.com\/?post_type=product&#038;p=1382"},"modified":"2021-09-26T21:15:28","modified_gmt":"2021-09-26T13:15:28","slug":"tornillo-de-cabeza-esferica","status":"publish","type":"product","link":"https:\/\/princefastener.com\/es\/product\/ball-head-screw\/","title":{"rendered":"Tornillo de cabeza esf\u00e9rica"},"content":{"rendered":"<p>El husillo de cabeza esf\u00e9rica debe tener una presi\u00f3n final precisa, minimizando el grosor de los pasadores del buje, utilizando el resorte de calidad m\u00e1s largo posible, lo que reducir\u00e1 la fatiga del resorte y aumentar\u00e1 su vida \u00fatil y facilidad de instalaci\u00f3n. La altura de la proyecci\u00f3n de la cabeza esf\u00e9rica desde el cuerpo del \u00e9mbolo debe ser uniforme para cada \u00e9mbolo.<\/p>\n<p>Los controles de mecanizado precisos y los procedimientos de inspecci\u00f3n rigurosos deben garantizar que la diferencia dimensional m\u00e1xima entre la altura de proyecci\u00f3n de cada cabeza del \u00e9mbolo no supere los 0,1 mm y, en algunos tama\u00f1os, no supere los 0,05 mm. Aunque se pueden instalar con un destornillador o una llave Allen, la mayor\u00eda de los expertos recomiendan usar una llave especial de \u00e9mbolo de resorte, especialmente para principiantes.<\/p>\n<p>El uso de la herramienta incorrecta corre el riesgo de comprimir demasiado el resorte y da\u00f1arlo. Como cualquier t\u00e9cnico sabe, siempre debe usar la herramienta correcta para el trabajo. El mayor peligro al instalar resortes de \u00e9mbolo es usar demasiado torque. Aunque son como pernos o tornillos, sus cuerpos son huecos y existe un l\u00edmite en la cantidad de fuerza que pueden tolerar.<\/p>","protected":false},"excerpt":{"rendered":"<p>El husillo de cabeza esf\u00e9rica debe tener una presi\u00f3n final precisa, minimizando el grosor de los pasadores del buje, utilizando el resorte de calidad m\u00e1s largo posible, lo que reducir\u00e1 la fatiga del resorte y aumentar\u00e1 su vida \u00fatil y facilidad de instalaci\u00f3n. La altura de la proyecci\u00f3n de la cabeza esf\u00e9rica desde el cuerpo del \u00e9mbolo debe ser uniforme para cada \u00e9mbolo.<\/p>","protected":false},"featured_media":1384,"comment_status":"open","ping_status":"closed","template":"","meta":{"_seopress_robots_primary_cat":"0","_seopress_titles_title":"%%title%% %%page%% | From Screw Factories-Prince Fastener","_seopress_titles_desc":"Ball Head Screw Use genuine Redcat Racing Replacement parts to achieve the best performance with your Redcat Racing vehicles.","_seopress_robots_index":"","_joinchat":[]},"product_brand":[],"product_cat":[83,33],"product_tag":[134,135,132,133],"class_list":{"0":"post-1382","1":"product","2":"type-product","3":"status-publish","4":"has-post-thumbnail","6":"product_cat-ball-head-screw","7":"product_cat-custom-fastener","8":"product_tag-ball-head-bolt","9":"product_tag-ball-head-bolts","10":"product_tag-ball-head-screw","11":"product_tag-ball-head-screws","13":"first","14":"instock","15":"shipping-taxable","16":"product-type-simple"},"yoast_head":"<!-- This site is optimized with the Yoast SEO plugin v27.3 - https:\/\/yoast.com\/product\/yoast-seo-wordpress\/ -->\n<title>Ball Head Screw | From Screw Factories-Prince Fastener<\/title>\n<meta name=\"description\" content=\"Ball Head Screw Use genuine Redcat Racing Replacement parts to achieve the best performance with your Redcat Racing vehicles.\" \/>\n<meta name=\"robots\" content=\"index, follow, max-snippet:-1, max-image-preview:large, max-video-preview:-1\" \/>\n<link rel=\"canonical\" href=\"https:\/\/princefastener.com\/es\/producto\/tornillo-de-cabeza-esferica\/\" \/>\n<meta property=\"og:locale\" content=\"es_ES\" \/>\n<meta property=\"og:type\" content=\"article\" \/>\n<meta property=\"og:title\" content=\"Ball Head Screw | From Screw Factories-Prince Fastener\" \/>\n<meta property=\"og:description\" content=\"Ball Head Screw Use genuine Redcat Racing Replacement parts to achieve the best performance with your Redcat Racing vehicles.\" \/>\n<meta property=\"og:url\" content=\"https:\/\/princefastener.com\/es\/producto\/tornillo-de-cabeza-esferica\/\" \/>\n<meta property=\"og:site_name\" content=\"Screws and Fasteners Manufacturer\" \/>\n<meta property=\"article:publisher\" content=\"https:\/\/www.facebook.com\/Prince-Fastener-Manufacturing-Co-Ltd-107643758056794\" \/>\n<meta property=\"article:modified_time\" content=\"2021-09-26T13:15:28+00:00\" \/>\n<meta property=\"og:image\" content=\"https:\/\/princefastener.com\/wp-content\/uploads\/2021\/08\/ball-head-bolt.jpg\" \/>\n\t<meta property=\"og:image:width\" content=\"1000\" \/>\n\t<meta property=\"og:image:height\" content=\"1000\" \/>\n\t<meta property=\"og:image:type\" content=\"image\/jpeg\" \/>\n<meta name=\"twitter:card\" content=\"summary_large_image\" \/>\n<meta name=\"twitter:site\" content=\"@PrinceFastener\" \/>\n<meta name=\"twitter:label1\" content=\"Tiempo de lectura\" \/>\n\t<meta name=\"twitter:data1\" content=\"1 minuto\" \/>\n<!-- \/ Yoast SEO plugin. -->","yoast_head_json":{"title":"Tornillo de cabeza esf\u00e9rica | De f\u00e1bricas de tornillos-Prince Fastener","description":"Tornillo de cabeza esf\u00e9rica Utilice piezas de repuesto originales de Redcat Racing para lograr el mejor rendimiento con sus veh\u00edculos Redcat Racing.","robots":{"index":"index","follow":"follow","max-snippet":"max-snippet:-1","max-image-preview":"max-image-preview:large","max-video-preview":"max-video-preview:-1"},"canonical":"https:\/\/princefastener.com\/es\/producto\/tornillo-de-cabeza-esferica\/","og_locale":"es_ES","og_type":"article","og_title":"Ball Head Screw | From Screw Factories-Prince Fastener","og_description":"Ball Head Screw Use genuine Redcat Racing Replacement parts to achieve the best performance with your Redcat Racing vehicles.","og_url":"https:\/\/princefastener.com\/es\/producto\/tornillo-de-cabeza-esferica\/","og_site_name":"Screws and Fasteners Manufacturer","article_publisher":"https:\/\/www.facebook.com\/Prince-Fastener-Manufacturing-Co-Ltd-107643758056794","article_modified_time":"2021-09-26T13:15:28+00:00","og_image":[{"width":1000,"height":1000,"url":"https:\/\/princefastener.com\/wp-content\/uploads\/2021\/08\/ball-head-bolt.jpg","type":"image\/jpeg"}],"twitter_card":"summary_large_image","twitter_site":"@PrinceFastener","twitter_misc":{"Tiempo de lectura":"1 minuto"},"schema":{"@context":"https:\/\/schema.org","@graph":[{"@type":"WebPage","@id":"https:\/\/princefastener.com\/product\/ball-head-screw\/","url":"https:\/\/princefastener.com\/product\/ball-head-screw\/","name":"Tornillo de cabeza esf\u00e9rica | De f\u00e1bricas de tornillos-Prince Fastener","isPartOf":{"@id":"https:\/\/princefastener.com\/#website"},"primaryImageOfPage":{"@id":"https:\/\/princefastener.com\/product\/ball-head-screw\/#primaryimage"},"image":{"@id":"https:\/\/princefastener.com\/product\/ball-head-screw\/#primaryimage"},"thumbnailUrl":"https:\/\/princefastener.com\/wp-content\/uploads\/2021\/08\/ball-head-bolt.jpg","datePublished":"2021-08-05T13:44:28+00:00","dateModified":"2021-09-26T13:15:28+00:00","description":"Tornillo de cabeza esf\u00e9rica Utilice piezas de repuesto originales de Redcat Racing para lograr el mejor rendimiento con sus veh\u00edculos Redcat Racing.","breadcrumb":{"@id":"https:\/\/princefastener.com\/product\/ball-head-screw\/#breadcrumb"},"inLanguage":"es","potentialAction":[{"@type":"ReadAction","target":["https:\/\/princefastener.com\/product\/ball-head-screw\/"]}]},{"@type":"ImageObject","inLanguage":"es","@id":"https:\/\/princefastener.com\/product\/ball-head-screw\/#primaryimage","url":"https:\/\/princefastener.com\/wp-content\/uploads\/2021\/08\/ball-head-bolt.jpg","contentUrl":"https:\/\/princefastener.com\/wp-content\/uploads\/2021\/08\/ball-head-bolt.jpg","width":1000,"height":1000,"caption":"ball head bolt"},{"@type":"BreadcrumbList","@id":"https:\/\/princefastener.com\/product\/ball-head-screw\/#breadcrumb","itemListElement":[{"@type":"ListItem","position":1,"name":"Home","item":"https:\/\/princefastener.com\/"},{"@type":"ListItem","position":2,"name":"PRODUCT","item":"https:\/\/princefastener.com\/product\/"},{"@type":"ListItem","position":3,"name":"Ball Head Screw"}]},{"@type":"WebSite","@id":"https:\/\/princefastener.com\/#website","url":"https:\/\/princefastener.com\/","name":"Fabricante de tornillos y sujetadores","description":"","publisher":{"@id":"https:\/\/princefastener.com\/#organization"},"potentialAction":[{"@type":"SearchAction","target":{"@type":"EntryPoint","urlTemplate":"https:\/\/princefastener.com\/?s={search_term_string}"},"query-input":{"@type":"PropertyValueSpecification","valueRequired":true,"valueName":"search_term_string"}}],"inLanguage":"es"},{"@type":"Organization","@id":"https:\/\/princefastener.com\/#organization","name":"Sujetador Pr\u00edncipe","url":"https:\/\/princefastener.com\/","logo":{"@type":"ImageObject","inLanguage":"es","@id":"https:\/\/princefastener.com\/#\/schema\/logo\/image\/","url":"https:\/\/princefastener.com\/wp-content\/uploads\/2021\/04\/Prince-fastener-logo.png","contentUrl":"https:\/\/princefastener.com\/wp-content\/uploads\/2021\/04\/Prince-fastener-logo.png","width":630,"height":140,"caption":"Prince Fastener"},"image":{"@id":"https:\/\/princefastener.com\/#\/schema\/logo\/image\/"},"sameAs":["https:\/\/www.facebook.com\/Prince-Fastener-Manufacturing-Co-Ltd-107643758056794","https:\/\/x.com\/PrinceFastener","https:\/\/www.instagram.com\/princefastener001\/","https:\/\/www.linkedin.com\/company\/prince-fastener","https:\/\/www.pinterest.com\/PrinceFastenereric"]}]}},"_links":{"self":[{"href":"https:\/\/princefastener.com\/es\/wp-json\/wp\/v2\/product\/1382","targetHints":{"allow":["GET"]}}],"collection":[{"href":"https:\/\/princefastener.com\/es\/wp-json\/wp\/v2\/product"}],"about":[{"href":"https:\/\/princefastener.com\/es\/wp-json\/wp\/v2\/types\/product"}],"replies":[{"embeddable":true,"href":"https:\/\/princefastener.com\/es\/wp-json\/wp\/v2\/comments?post=1382"}],"version-history":[{"count":0,"href":"https:\/\/princefastener.com\/es\/wp-json\/wp\/v2\/product\/1382\/revisions"}],"wp:featuredmedia":[{"embeddable":true,"href":"https:\/\/princefastener.com\/es\/wp-json\/wp\/v2\/media\/1384"}],"wp:attachment":[{"href":"https:\/\/princefastener.com\/es\/wp-json\/wp\/v2\/media?parent=1382"}],"wp:term":[{"taxonomy":"product_brand","embeddable":true,"href":"https:\/\/princefastener.com\/es\/wp-json\/wp\/v2\/product_brand?post=1382"},{"taxonomy":"product_cat","embeddable":true,"href":"https:\/\/princefastener.com\/es\/wp-json\/wp\/v2\/product_cat?post=1382"},{"taxonomy":"product_tag","embeddable":true,"href":"https:\/\/princefastener.com\/es\/wp-json\/wp\/v2\/product_tag?post=1382"}],"curies":[{"name":"Gracias","href":"https:\/\/api.w.org\/{rel}","templated":true}]}}