{"id":1378,"date":"2021-07-23T11:33:15","date_gmt":"2021-07-23T03:33:15","guid":{"rendered":"https:\/\/princefastener.com\/?post_type=product&#038;p=1378"},"modified":"2021-09-26T21:13:30","modified_gmt":"2021-09-26T13:13:30","slug":"tornillo-negro-para-paneles-de-yeso","status":"publish","type":"product","link":"https:\/\/princefastener.com\/es\/product\/black-drywall-screw\/","title":{"rendered":"Tornillo negro para paneles de yeso"},"content":{"rendered":"<p data-id=\"title0\">[table id=1 \/]<\/p>\n<h2 class=\"magic-9\" data-id=\"title0\"><span class=\"magic-10\" data-spm-anchor-id=\"a2700.details.0.i43.33d66b852WGa75\">What is Black Drywall screw<\/span><\/h2>\n<p>Drywall screw, also known as Prince fastener wallboard screw. Used for the connection of plasterboard to wooden keel and<br \/>\nplasterboard to light steel keel.<\/p>\n<p>Generally available on the market in black, i.e. black phosphated. Blue and white ones are also available, i.e. blue-zinc. There<br \/>\nare probably not many domestic ones in blue zinc.<\/p>\n<p>More than 80% of the demand for prince fastener Black Drywall screw is concentrated on the one size 3.5&#215;25. This is because they are mainly used in plasterboard, which is all the same thickness. I have seen some TX say that this type of prince fastener screw is also used for hitting furniture, which is actually inappropriate. Just like you wear a pair of leather shoes to run, run can also run, but certainly sneakers are more appropriate.<\/p>\n<p>&nbsp;<\/p>\n<p>&nbsp;<\/p>\n<h2>The criteria for buying Black Drywall screw<\/h2>\n<p>1. The head should be round (this is also a common standard for all round head screws), because of the production process, many manufacturers produce a Black Drywall screw head may not be very round, some are even slightly square. The problem is that after screwing into the plasterboard can not be fully matched, concentric circles, around a central point of rotation, this should be well understood.<\/p>\n<p>2. The tip should be pointed, especially if you are using it on a light steel keel. Prince Fastener Black Drywall screw generally<br \/>\nrequire a sharp angle of 22 to 26 degrees, requiring a head full of sharp corners, not dragging wire, cracking phenomenon. The &#8220;tip&#8221; of the Black Drywall screw is the most important, because the use of Prince fastener drywall screw do not play prefabricated<br \/>\nholes, directly screwed, so the tip also assumes the function of drilling through. Especially when used on light steel keel, a<br \/>\nbad tip can lead to a lack of drilling, which directly affects the use. According to national standards, Prince fastener wallboard screw should be able to drill through 6mm iron plates within 1 second.<\/p>\n<p>3. No eccentricity. The easiest way to determine if a drywall nail is eccentric is to place the round head down on the table and see if the threaded part is vertical and in the middle of the head. If the prince fastener screw is off-centre, the problem is<br \/>\nthat it will wobble when screwed in with a power tool. Short screws are fine, but if a longer screw is in this situation it will be a big problem.<\/p>\n<p>4. The cross slot should be in the middle of the round head, otherwise it is the same as in 3.<\/p>\n<p><img fetchpriority=\"high\" decoding=\"async\" class=\"aligncenter wp-image-819\" src=\"https:\/\/princefastener.com\/wp-content\/uploads\/2021\/05\/drywall-screw-gun-dewalt-300x300.jpg\" alt=\"drywall screw gun dewalt\" width=\"600\" height=\"600\" srcset=\"https:\/\/princefastener.com\/wp-content\/uploads\/2021\/05\/drywall-screw-gun-dewalt-300x300.jpg 300w, https:\/\/princefastener.com\/wp-content\/uploads\/2021\/05\/drywall-screw-gun-dewalt-150x150.jpg 150w, https:\/\/princefastener.com\/wp-content\/uploads\/2021\/05\/drywall-screw-gun-dewalt-768x768.jpg 768w, https:\/\/princefastener.com\/wp-content\/uploads\/2021\/05\/drywall-screw-gun-dewalt-600x600.jpg 600w, https:\/\/princefastener.com\/wp-content\/uploads\/2021\/05\/drywall-screw-gun-dewalt-100x100.jpg 100w, https:\/\/princefastener.com\/wp-content\/uploads\/2021\/05\/drywall-screw-gun-dewalt.jpg 1000w\" sizes=\"(max-width: 600px) 100vw, 600px\" \/><\/p>\n<figure id=\"attachment_1292\" aria-describedby=\"caption-attachment-1292\" style=\"width: 875px\" class=\"wp-caption aligncenter\"><img decoding=\"async\" class=\"wp-image-1292 size-full\" title=\"drywall screw drawings\" src=\"https:\/\/princefastener.com\/wp-content\/uploads\/2021\/05\/drywall-screw-drawings.jpg\" alt=\"drywall screw drawings\" width=\"875\" height=\"484\" srcset=\"https:\/\/princefastener.com\/wp-content\/uploads\/2021\/05\/drywall-screw-drawings.jpg 875w, https:\/\/princefastener.com\/wp-content\/uploads\/2021\/05\/drywall-screw-drawings-300x166.jpg 300w, https:\/\/princefastener.com\/wp-content\/uploads\/2021\/05\/drywall-screw-drawings-150x83.jpg 150w, https:\/\/princefastener.com\/wp-content\/uploads\/2021\/05\/drywall-screw-drawings-768x425.jpg 768w, https:\/\/princefastener.com\/wp-content\/uploads\/2021\/05\/drywall-screw-drawings-600x332.jpg 600w\" sizes=\"(max-width: 875px) 100vw, 875px\" \/><figcaption id=\"caption-attachment-1292\" class=\"wp-caption-text\">drywall screw drawings<\/figcaption><\/figure>\n<figure id=\"attachment_1293\" aria-describedby=\"caption-attachment-1293\" style=\"width: 838px\" class=\"wp-caption aligncenter\"><img decoding=\"async\" class=\"wp-image-1293 size-full\" title=\"screw driver\" src=\"https:\/\/princefastener.com\/wp-content\/uploads\/2021\/05\/screw-driver.jpg\" alt=\"screw driver\" width=\"838\" height=\"638\" srcset=\"https:\/\/princefastener.com\/wp-content\/uploads\/2021\/05\/screw-driver.jpg 838w, https:\/\/princefastener.com\/wp-content\/uploads\/2021\/05\/screw-driver-300x228.jpg 300w, https:\/\/princefastener.com\/wp-content\/uploads\/2021\/05\/screw-driver-150x114.jpg 150w, https:\/\/princefastener.com\/wp-content\/uploads\/2021\/05\/screw-driver-768x585.jpg 768w, https:\/\/princefastener.com\/wp-content\/uploads\/2021\/05\/screw-driver-600x457.jpg 600w\" sizes=\"(max-width: 838px) 100vw, 838px\" \/><figcaption id=\"caption-attachment-1293\" class=\"wp-caption-text\">screw driver<\/figcaption><\/figure>\n<figure id=\"attachment_1294\" aria-describedby=\"caption-attachment-1294\" style=\"width: 809px\" class=\"wp-caption aligncenter\"><img loading=\"lazy\" decoding=\"async\" class=\"wp-image-1294 size-full\" title=\"screw head type\" src=\"https:\/\/princefastener.com\/wp-content\/uploads\/2021\/05\/screw-head-type.jpg\" alt=\"screw head type\" width=\"809\" height=\"640\" srcset=\"https:\/\/princefastener.com\/wp-content\/uploads\/2021\/05\/screw-head-type.jpg 809w, https:\/\/princefastener.com\/wp-content\/uploads\/2021\/05\/screw-head-type-300x237.jpg 300w, https:\/\/princefastener.com\/wp-content\/uploads\/2021\/05\/screw-head-type-150x119.jpg 150w, https:\/\/princefastener.com\/wp-content\/uploads\/2021\/05\/screw-head-type-768x608.jpg 768w, https:\/\/princefastener.com\/wp-content\/uploads\/2021\/05\/screw-head-type-600x475.jpg 600w\" sizes=\"(max-width: 809px) 100vw, 809px\" \/><figcaption id=\"caption-attachment-1294\" class=\"wp-caption-text\">screw head type<\/figcaption><\/figure>\n<p>&nbsp;<\/p>\n","protected":false},"excerpt":{"rendered":"<p>Generalmente disponible en el mercado en negro, es decir, negro fosfatado. Tambi\u00e9n est\u00e1n disponibles los azules y los blancos, es decir, azul-zinc. Probablemente no haya muchos dom\u00e9sticos en zinc azul.<\/p>","protected":false},"featured_media":1325,"comment_status":"open","ping_status":"closed","template":"","meta":{"_seopress_robots_primary_cat":"0","_seopress_titles_title":"%%title%% %%page%% | From Screw Factories-Prince Fastener","_seopress_titles_desc":"Black Drywall Screw Designed for use with drywall\/sheetrock\/wallboard installations, but used as multipurpose fastener for your projects","_seopress_robots_index":"","_joinchat":[]},"product_brand":[],"product_cat":[28],"product_tag":[124,122,121,39,41,123,40,120,125],"class_list":{"0":"post-1378","1":"product","2":"type-product","3":"status-publish","4":"has-post-thumbnail","6":"product_cat-drywall-screw","7":"product_tag-bugle-head-drywall-screw","8":"product_tag-collated-drywall-screws","9":"product_tag-drywall-anchor-screws","10":"product_tag-drywall-screw","11":"product_tag-drywall-screw-black","12":"product_tag-drywall-screw-in-shanghai","13":"product_tag-drywall-screws","14":"product_tag-gypsum-screw","15":"product_tag-screw-drywall","17":"first","18":"instock","19":"shipping-taxable","20":"product-type-simple"},"yoast_head":"<!-- This site is optimized with the Yoast SEO plugin v27.3 - https:\/\/yoast.com\/product\/yoast-seo-wordpress\/ -->\n<title>Black Drywall Screw | From Screw Factories-Prince Fastener<\/title>\n<meta name=\"description\" content=\"Black Drywall Screw Designed for use with drywall\/sheetrock\/wallboard installations, but used as multipurpose fastener for your projects\" \/>\n<meta name=\"robots\" content=\"index, follow, max-snippet:-1, max-image-preview:large, max-video-preview:-1\" \/>\n<link rel=\"canonical\" href=\"https:\/\/princefastener.com\/es\/producto\/tornillo-negro-para-paneles-de-yeso\/\" \/>\n<meta property=\"og:locale\" content=\"es_ES\" \/>\n<meta property=\"og:type\" content=\"article\" \/>\n<meta property=\"og:title\" content=\"Black Drywall Screw | From Screw Factories-Prince Fastener\" \/>\n<meta property=\"og:description\" content=\"Black Drywall Screw Designed for use with drywall\/sheetrock\/wallboard installations, but used as multipurpose fastener for your projects\" \/>\n<meta property=\"og:url\" content=\"https:\/\/princefastener.com\/es\/producto\/tornillo-negro-para-paneles-de-yeso\/\" \/>\n<meta property=\"og:site_name\" content=\"Screws and Fasteners Manufacturer\" \/>\n<meta property=\"article:publisher\" content=\"https:\/\/www.facebook.com\/Prince-Fastener-Manufacturing-Co-Ltd-107643758056794\" \/>\n<meta property=\"article:modified_time\" content=\"2021-09-26T13:13:30+00:00\" \/>\n<meta property=\"og:image\" content=\"https:\/\/princefastener.com\/wp-content\/uploads\/2021\/07\/drywall-screw-sizes.jpg\" \/>\n\t<meta property=\"og:image:width\" content=\"1000\" \/>\n\t<meta property=\"og:image:height\" content=\"1000\" \/>\n\t<meta property=\"og:image:type\" content=\"image\/jpeg\" \/>\n<meta name=\"twitter:card\" content=\"summary_large_image\" \/>\n<meta name=\"twitter:site\" content=\"@PrinceFastener\" \/>\n<meta name=\"twitter:label1\" content=\"Tiempo de lectura\" \/>\n\t<meta name=\"twitter:data1\" content=\"2 minutos\" \/>\n<!-- \/ Yoast SEO plugin. -->","yoast_head_json":{"title":"Tornillo negro para paneles de yeso | De f\u00e1bricas de tornillos-Prince Fastener","description":"Tornillo negro para paneles de yeso Dise\u00f1ado para usar con instalaciones de paneles de yeso\/yesos\/paneles de yeso, pero se usa como sujetador multiprop\u00f3sito para sus proyectos","robots":{"index":"index","follow":"follow","max-snippet":"max-snippet:-1","max-image-preview":"max-image-preview:large","max-video-preview":"max-video-preview:-1"},"canonical":"https:\/\/princefastener.com\/es\/producto\/tornillo-negro-para-paneles-de-yeso\/","og_locale":"es_ES","og_type":"article","og_title":"Black Drywall Screw | From Screw Factories-Prince Fastener","og_description":"Black Drywall Screw Designed for use with drywall\/sheetrock\/wallboard installations, but used as multipurpose fastener for your projects","og_url":"https:\/\/princefastener.com\/es\/producto\/tornillo-negro-para-paneles-de-yeso\/","og_site_name":"Screws and Fasteners Manufacturer","article_publisher":"https:\/\/www.facebook.com\/Prince-Fastener-Manufacturing-Co-Ltd-107643758056794","article_modified_time":"2021-09-26T13:13:30+00:00","og_image":[{"width":1000,"height":1000,"url":"https:\/\/princefastener.com\/wp-content\/uploads\/2021\/07\/drywall-screw-sizes.jpg","type":"image\/jpeg"}],"twitter_card":"summary_large_image","twitter_site":"@PrinceFastener","twitter_misc":{"Tiempo de lectura":"2 minutos"},"schema":{"@context":"https:\/\/schema.org","@graph":[{"@type":"WebPage","@id":"https:\/\/princefastener.com\/product\/black-drywall-screw\/","url":"https:\/\/princefastener.com\/product\/black-drywall-screw\/","name":"Tornillo negro para paneles de yeso | De f\u00e1bricas de tornillos-Prince Fastener","isPartOf":{"@id":"https:\/\/princefastener.com\/#website"},"primaryImageOfPage":{"@id":"https:\/\/princefastener.com\/product\/black-drywall-screw\/#primaryimage"},"image":{"@id":"https:\/\/princefastener.com\/product\/black-drywall-screw\/#primaryimage"},"thumbnailUrl":"https:\/\/princefastener.com\/wp-content\/uploads\/2021\/07\/drywall-screw-sizes.jpg","datePublished":"2021-07-23T03:33:15+00:00","dateModified":"2021-09-26T13:13:30+00:00","description":"Tornillo negro para paneles de yeso Dise\u00f1ado para usar con instalaciones de paneles de yeso\/yesos\/paneles de yeso, pero se usa como sujetador multiprop\u00f3sito para sus proyectos","breadcrumb":{"@id":"https:\/\/princefastener.com\/product\/black-drywall-screw\/#breadcrumb"},"inLanguage":"es","potentialAction":[{"@type":"ReadAction","target":["https:\/\/princefastener.com\/product\/black-drywall-screw\/"]}]},{"@type":"ImageObject","inLanguage":"es","@id":"https:\/\/princefastener.com\/product\/black-drywall-screw\/#primaryimage","url":"https:\/\/princefastener.com\/wp-content\/uploads\/2021\/07\/drywall-screw-sizes.jpg","contentUrl":"https:\/\/princefastener.com\/wp-content\/uploads\/2021\/07\/drywall-screw-sizes.jpg","width":1000,"height":1000,"caption":"drywall screw sizes"},{"@type":"BreadcrumbList","@id":"https:\/\/princefastener.com\/product\/black-drywall-screw\/#breadcrumb","itemListElement":[{"@type":"ListItem","position":1,"name":"Home","item":"https:\/\/princefastener.com\/"},{"@type":"ListItem","position":2,"name":"PRODUCT","item":"https:\/\/princefastener.com\/product\/"},{"@type":"ListItem","position":3,"name":"Black Drywall Screw"}]},{"@type":"WebSite","@id":"https:\/\/princefastener.com\/#website","url":"https:\/\/princefastener.com\/","name":"Fabricante de tornillos y sujetadores","description":"","publisher":{"@id":"https:\/\/princefastener.com\/#organization"},"potentialAction":[{"@type":"SearchAction","target":{"@type":"EntryPoint","urlTemplate":"https:\/\/princefastener.com\/?s={search_term_string}"},"query-input":{"@type":"PropertyValueSpecification","valueRequired":true,"valueName":"search_term_string"}}],"inLanguage":"es"},{"@type":"Organization","@id":"https:\/\/princefastener.com\/#organization","name":"Sujetador Pr\u00edncipe","url":"https:\/\/princefastener.com\/","logo":{"@type":"ImageObject","inLanguage":"es","@id":"https:\/\/princefastener.com\/#\/schema\/logo\/image\/","url":"https:\/\/princefastener.com\/wp-content\/uploads\/2021\/04\/Prince-fastener-logo.png","contentUrl":"https:\/\/princefastener.com\/wp-content\/uploads\/2021\/04\/Prince-fastener-logo.png","width":630,"height":140,"caption":"Prince Fastener"},"image":{"@id":"https:\/\/princefastener.com\/#\/schema\/logo\/image\/"},"sameAs":["https:\/\/www.facebook.com\/Prince-Fastener-Manufacturing-Co-Ltd-107643758056794","https:\/\/x.com\/PrinceFastener","https:\/\/www.instagram.com\/princefastener001\/","https:\/\/www.linkedin.com\/company\/prince-fastener","https:\/\/www.pinterest.com\/PrinceFastenereric"]}]}},"_links":{"self":[{"href":"https:\/\/princefastener.com\/es\/wp-json\/wp\/v2\/product\/1378","targetHints":{"allow":["GET"]}}],"collection":[{"href":"https:\/\/princefastener.com\/es\/wp-json\/wp\/v2\/product"}],"about":[{"href":"https:\/\/princefastener.com\/es\/wp-json\/wp\/v2\/types\/product"}],"replies":[{"embeddable":true,"href":"https:\/\/princefastener.com\/es\/wp-json\/wp\/v2\/comments?post=1378"}],"version-history":[{"count":0,"href":"https:\/\/princefastener.com\/es\/wp-json\/wp\/v2\/product\/1378\/revisions"}],"wp:featuredmedia":[{"embeddable":true,"href":"https:\/\/princefastener.com\/es\/wp-json\/wp\/v2\/media\/1325"}],"wp:attachment":[{"href":"https:\/\/princefastener.com\/es\/wp-json\/wp\/v2\/media?parent=1378"}],"wp:term":[{"taxonomy":"product_brand","embeddable":true,"href":"https:\/\/princefastener.com\/es\/wp-json\/wp\/v2\/product_brand?post=1378"},{"taxonomy":"product_cat","embeddable":true,"href":"https:\/\/princefastener.com\/es\/wp-json\/wp\/v2\/product_cat?post=1378"},{"taxonomy":"product_tag","embeddable":true,"href":"https:\/\/princefastener.com\/es\/wp-json\/wp\/v2\/product_tag?post=1378"}],"curies":[{"name":"Gracias","href":"https:\/\/api.w.org\/{rel}","templated":true}]}}