{"id":1367,"date":"2021-07-23T11:07:24","date_gmt":"2021-07-23T03:07:24","guid":{"rendered":"https:\/\/princefastener.com\/?post_type=product&#038;p=1367"},"modified":"2021-09-26T20:46:16","modified_gmt":"2021-09-26T12:46:16","slug":"los-mejores-tornillos-para-tableros-de-particulas","status":"publish","type":"product","link":"https:\/\/princefastener.com\/es\/product\/best-screws-for-particle-board\/","title":{"rendered":"Los mejores tornillos para tableros de part\u00edculas"},"content":{"rendered":"<p>[table id=4 \/]<\/p>\n<h3 class=\"magic-20\" data-id=\"title0\"><span class=\"magic-21\" data-spm-anchor-id=\"a2700.details.0.i27.24e9e01fuQ38kM\">What is the Best Screws for Particle Board?<\/span><\/h3>\n<p>Best Screws for Particle Board is a heat treatment process, suitable for installing power tools products, mainly used for wood plate, wood plate, and thin plate between the connection and fastening. To a large extent, it can replace the use of ordinary wood screws.<\/p>\n<div class=\"magic-22\">\n<div class=\"magic-23\">\n<div class=\"magic-24\" data-id=\"paragraph0\" data-spm-anchor-id=\"a2700.details.0.i28.24e9e01fuQ38kM\">\n<p>Prince Fastener Chipboard screws are self-tapping screws most ordinarily designed with one thread that runs all the method from the bottom of the top to the tip.<\/p>\n<p>The thread of a prince fastener chipboard screw is usually deemed as \u2018coarse\u2019. this implies there&#8217;s a bigger distance between the peaks of the thread. Therefore, the screw can undergo the soft material plenty faster.<\/p>\n<p>Chipboard screws are available 2 common types: sleek shank and full thread.<\/p>\n<\/div>\n<h2 class=\"magic-24\" data-id=\"paragraph0\" data-spm-anchor-id=\"a2700.details.0.i28.24e9e01fuQ38kM\">Best Screws for Particle Board<\/h2>\n<div class=\"magic-24\" data-id=\"paragraph0\" data-spm-anchor-id=\"a2700.details.0.i28.24e9e01fuQ38kM\">\n<p>(A2 chipboard Screw \u2013 full thread)<\/p>\n<p>Chipchipboard screw sorts and sizes<br \/>\nLike any facet of construction, choosing the suitable material is critical for guaranteeing the project is completed to its highest potential. It\u2019s continually vital to shop for a prince fastener prime qualityof chipboard screw because the heads of inferior screws will become broken throughout modification.<\/p>\n<\/div>\n<\/div>\n<\/div>\n<div data-id=\"below-content\" data-spm-anchor-id=\"a2700.details.0.i19.42d66592kiGGXB\">\n<div class=\"magic-20\">\n<div class=\"magic-21\">\n<h2 class=\"magic-22\" data-id=\"paragraph0\"><span data-spm-anchor-id=\"a2700.details.0.i26.42d66592kiGGXB\">Prince fastener Best Screws for Particle Board product features<br \/>\n<\/span><\/h2>\n<div class=\"magic-22\" data-id=\"paragraph0\">\n<p><span data-spm-anchor-id=\"a2700.details.0.i26.42d66592kiGGXB\">Although there are many types of Best Screws for Particle Board, they all have the following main characteristics:<\/span><\/p>\n<p>(1) Are generally made of carburized carbon steel (accounting for 99% of the total product). It can also be made of stainless<br \/>\nsteel or nonferrous metals<\/p>\n<div>(2) The product must go through heat treatment; carbon steel Chipboard Screw must go through carburizing treatment, stainless steel Chipboard Screw must go through reliable solution hardening treatment, and make the Chipboard Screw meet the standard requirements of mechanical properties and performance.<\/div>\n<div><\/div>\n<div>(3) The product has a high surface hardness and good core toughness. That is, &#8220;soft inside and hard outside&#8221; is the Prince fastener Chipboard screw to meet the requirements of performance<\/div>\n<div><\/div>\n<div>(4) The surface of the product needs surface protection treatment, generally electroplating treatment. Some products require phosphate treatment (phosphating) on the surface, such as wallboard Screw for phosphating.<\/div>\n<div><\/div>\n<div>(5) Adopting a cold heading process for production. It is recommended to use a high-speed mean heading machine, high-speed wire rolling machine, or high-speed planetary wire rolling machine to ensure product quality. Such production of Chipboard nail head molding, thread quality is high.<\/div>\n<\/div>\n<\/div>\n<\/div>\n<\/div>\n","protected":false},"excerpt":{"rendered":"<p>NUESTRO SERVICIO:<br \/>\n1.100bricante local.<br \/>\n2. Mejor selecci\u00f3n de materiales<br \/>\n3. El mejor plazo de ejecuci\u00f3n y producci\u00f3n estable.<br \/>\n4. Ricas experiencias en la exportaci\u00f3n.<br \/>\n5. Servicios profesionales.<br \/>\ncontrol 6.QS.<\/p>","protected":false},"featured_media":1086,"comment_status":"open","ping_status":"closed","template":"","meta":{"_seopress_robots_primary_cat":"0","_seopress_titles_title":"%%title%% %%page%% | From Screw Factories-Prince Fastener","_seopress_titles_desc":"Best Screws for Particle Board,contact to get free sample and best quotation for the screws,bolts and nuts from Prince Fastener","_seopress_robots_index":"","_joinchat":[]},"product_brand":[],"product_cat":[27],"product_tag":[48,49,50],"class_list":{"0":"post-1367","1":"product","2":"type-product","3":"status-publish","4":"has-post-thumbnail","6":"product_cat-chipboard-screw","7":"product_tag-chipboard-screw","8":"product_tag-chipboard-screw-50mm","9":"product_tag-yellow-zinc-plated-chipboard-screws","11":"first","12":"instock","13":"shipping-taxable","14":"product-type-simple"},"yoast_head":"<!-- This site is optimized with the Yoast SEO plugin v27.3 - https:\/\/yoast.com\/product\/yoast-seo-wordpress\/ -->\n<title>Best Screws for Particle Board | From Screw Factories-Prince Fastener<\/title>\n<meta name=\"description\" content=\"Best Screws for Particle Board,contact to get free sample and best quotation for the screws,bolts and nuts from Prince Fastener\" \/>\n<meta name=\"robots\" content=\"index, follow, max-snippet:-1, max-image-preview:large, max-video-preview:-1\" \/>\n<link rel=\"canonical\" href=\"https:\/\/princefastener.com\/es\/producto\/los-mejores-tornillos-para-tableros-de-particulas\/\" \/>\n<meta property=\"og:locale\" content=\"es_ES\" \/>\n<meta property=\"og:type\" content=\"article\" \/>\n<meta property=\"og:title\" content=\"Best Screws for Particle Board | From Screw Factories-Prince Fastener\" \/>\n<meta property=\"og:description\" content=\"Best Screws for Particle Board,contact to get free sample and best quotation for the screws,bolts and nuts from Prince Fastener\" \/>\n<meta property=\"og:url\" content=\"https:\/\/princefastener.com\/es\/producto\/los-mejores-tornillos-para-tableros-de-particulas\/\" \/>\n<meta property=\"og:site_name\" content=\"Screws and Fasteners Manufacturer\" \/>\n<meta property=\"article:publisher\" content=\"https:\/\/www.facebook.com\/Prince-Fastener-Manufacturing-Co-Ltd-107643758056794\" \/>\n<meta property=\"article:modified_time\" content=\"2021-09-26T12:46:16+00:00\" \/>\n<meta property=\"og:image\" content=\"https:\/\/princefastener.com\/wp-content\/uploads\/2021\/06\/stainless-steel-chipboard-screws.jpg\" \/>\n\t<meta property=\"og:image:width\" content=\"1000\" \/>\n\t<meta property=\"og:image:height\" content=\"1000\" \/>\n\t<meta property=\"og:image:type\" content=\"image\/jpeg\" \/>\n<meta name=\"twitter:card\" content=\"summary_large_image\" \/>\n<meta name=\"twitter:site\" content=\"@PrinceFastener\" \/>\n<meta name=\"twitter:label1\" content=\"Tiempo de lectura\" \/>\n\t<meta name=\"twitter:data1\" content=\"2 minutos\" \/>\n<!-- \/ Yoast SEO plugin. -->","yoast_head_json":{"title":"Los mejores tornillos para tableros de part\u00edculas | De f\u00e1bricas de tornillos-Prince Fastener","description":"Los mejores tornillos para tableros de part\u00edculas, comun\u00edquese para obtener una muestra gratis y la mejor cotizaci\u00f3n para los tornillos, pernos y tuercas de Prince Fastener","robots":{"index":"index","follow":"follow","max-snippet":"max-snippet:-1","max-image-preview":"max-image-preview:large","max-video-preview":"max-video-preview:-1"},"canonical":"https:\/\/princefastener.com\/es\/producto\/los-mejores-tornillos-para-tableros-de-particulas\/","og_locale":"es_ES","og_type":"article","og_title":"Best Screws for Particle Board | From Screw Factories-Prince Fastener","og_description":"Best Screws for Particle Board,contact to get free sample and best quotation for the screws,bolts and nuts from Prince Fastener","og_url":"https:\/\/princefastener.com\/es\/producto\/los-mejores-tornillos-para-tableros-de-particulas\/","og_site_name":"Screws and Fasteners Manufacturer","article_publisher":"https:\/\/www.facebook.com\/Prince-Fastener-Manufacturing-Co-Ltd-107643758056794","article_modified_time":"2021-09-26T12:46:16+00:00","og_image":[{"width":1000,"height":1000,"url":"https:\/\/princefastener.com\/wp-content\/uploads\/2021\/06\/stainless-steel-chipboard-screws.jpg","type":"image\/jpeg"}],"twitter_card":"summary_large_image","twitter_site":"@PrinceFastener","twitter_misc":{"Tiempo de lectura":"2 minutos"},"schema":{"@context":"https:\/\/schema.org","@graph":[{"@type":"WebPage","@id":"https:\/\/princefastener.com\/product\/best-screws-for-particle-board\/","url":"https:\/\/princefastener.com\/product\/best-screws-for-particle-board\/","name":"Los mejores tornillos para tableros de part\u00edculas | De f\u00e1bricas de tornillos-Prince Fastener","isPartOf":{"@id":"https:\/\/princefastener.com\/#website"},"primaryImageOfPage":{"@id":"https:\/\/princefastener.com\/product\/best-screws-for-particle-board\/#primaryimage"},"image":{"@id":"https:\/\/princefastener.com\/product\/best-screws-for-particle-board\/#primaryimage"},"thumbnailUrl":"https:\/\/princefastener.com\/wp-content\/uploads\/2021\/06\/stainless-steel-chipboard-screws.jpg","datePublished":"2021-07-23T03:07:24+00:00","dateModified":"2021-09-26T12:46:16+00:00","description":"Los mejores tornillos para tableros de part\u00edculas, comun\u00edquese para obtener una muestra gratis y la mejor cotizaci\u00f3n para los tornillos, pernos y tuercas de Prince Fastener","breadcrumb":{"@id":"https:\/\/princefastener.com\/product\/best-screws-for-particle-board\/#breadcrumb"},"inLanguage":"es","potentialAction":[{"@type":"ReadAction","target":["https:\/\/princefastener.com\/product\/best-screws-for-particle-board\/"]}]},{"@type":"ImageObject","inLanguage":"es","@id":"https:\/\/princefastener.com\/product\/best-screws-for-particle-board\/#primaryimage","url":"https:\/\/princefastener.com\/wp-content\/uploads\/2021\/06\/stainless-steel-chipboard-screws.jpg","contentUrl":"https:\/\/princefastener.com\/wp-content\/uploads\/2021\/06\/stainless-steel-chipboard-screws.jpg","width":1000,"height":1000,"caption":"stainless steel chipboard screws"},{"@type":"BreadcrumbList","@id":"https:\/\/princefastener.com\/product\/best-screws-for-particle-board\/#breadcrumb","itemListElement":[{"@type":"ListItem","position":1,"name":"Home","item":"https:\/\/princefastener.com\/"},{"@type":"ListItem","position":2,"name":"PRODUCT","item":"https:\/\/princefastener.com\/product\/"},{"@type":"ListItem","position":3,"name":"Best Screws for Particle Board"}]},{"@type":"WebSite","@id":"https:\/\/princefastener.com\/#website","url":"https:\/\/princefastener.com\/","name":"Fabricante de tornillos y sujetadores","description":"","publisher":{"@id":"https:\/\/princefastener.com\/#organization"},"potentialAction":[{"@type":"SearchAction","target":{"@type":"EntryPoint","urlTemplate":"https:\/\/princefastener.com\/?s={search_term_string}"},"query-input":{"@type":"PropertyValueSpecification","valueRequired":true,"valueName":"search_term_string"}}],"inLanguage":"es"},{"@type":"Organization","@id":"https:\/\/princefastener.com\/#organization","name":"Sujetador Pr\u00edncipe","url":"https:\/\/princefastener.com\/","logo":{"@type":"ImageObject","inLanguage":"es","@id":"https:\/\/princefastener.com\/#\/schema\/logo\/image\/","url":"https:\/\/princefastener.com\/wp-content\/uploads\/2021\/04\/Prince-fastener-logo.png","contentUrl":"https:\/\/princefastener.com\/wp-content\/uploads\/2021\/04\/Prince-fastener-logo.png","width":630,"height":140,"caption":"Prince Fastener"},"image":{"@id":"https:\/\/princefastener.com\/#\/schema\/logo\/image\/"},"sameAs":["https:\/\/www.facebook.com\/Prince-Fastener-Manufacturing-Co-Ltd-107643758056794","https:\/\/x.com\/PrinceFastener","https:\/\/www.instagram.com\/princefastener001\/","https:\/\/www.linkedin.com\/company\/prince-fastener","https:\/\/www.pinterest.com\/PrinceFastenereric"]}]}},"_links":{"self":[{"href":"https:\/\/princefastener.com\/es\/wp-json\/wp\/v2\/product\/1367","targetHints":{"allow":["GET"]}}],"collection":[{"href":"https:\/\/princefastener.com\/es\/wp-json\/wp\/v2\/product"}],"about":[{"href":"https:\/\/princefastener.com\/es\/wp-json\/wp\/v2\/types\/product"}],"replies":[{"embeddable":true,"href":"https:\/\/princefastener.com\/es\/wp-json\/wp\/v2\/comments?post=1367"}],"version-history":[{"count":0,"href":"https:\/\/princefastener.com\/es\/wp-json\/wp\/v2\/product\/1367\/revisions"}],"wp:featuredmedia":[{"embeddable":true,"href":"https:\/\/princefastener.com\/es\/wp-json\/wp\/v2\/media\/1086"}],"wp:attachment":[{"href":"https:\/\/princefastener.com\/es\/wp-json\/wp\/v2\/media?parent=1367"}],"wp:term":[{"taxonomy":"product_brand","embeddable":true,"href":"https:\/\/princefastener.com\/es\/wp-json\/wp\/v2\/product_brand?post=1367"},{"taxonomy":"product_cat","embeddable":true,"href":"https:\/\/princefastener.com\/es\/wp-json\/wp\/v2\/product_cat?post=1367"},{"taxonomy":"product_tag","embeddable":true,"href":"https:\/\/princefastener.com\/es\/wp-json\/wp\/v2\/product_tag?post=1367"}],"curies":[{"name":"Gracias","href":"https:\/\/api.w.org\/{rel}","templated":true}]}}