{"id":1359,"date":"2021-07-22T22:46:37","date_gmt":"2021-07-22T14:46:37","guid":{"rendered":"https:\/\/princefastener.com\/?post_type=product&#038;p=1359"},"modified":"2021-09-26T20:31:17","modified_gmt":"2021-09-26T12:31:17","slug":"12-tornillos-autorroscantes","status":"publish","type":"product","link":"https:\/\/princefastener.com\/es\/product\/12-self-tapping-screws\/","title":{"rendered":"12 tornillos autorroscantes"},"content":{"rendered":"<p>[table id=2 \/]<\/p>\n<h2>Application of 12 Self Tapping Screws<\/h2>\n<p>Self-tapping screws are used in a range of purposes ranging from DIY carpentry to surgery.<\/p>\n<p>A Prince fastener self-tapping <span data-spm-anchor-id=\"a2700.pc-decorate.0.i3.27b23333bV5Gqm\">Screw Manufacturer<\/span> can precisely be described in reality a tapping screw, however is additionally usually referred to as a sheet<br \/>\nmetallic screw, for the reason that they are used so closely in the sheet steel trade.<\/p>\n<p>Whichever identify is used, a Prince fastener self-tapping screw (or sheet metallic screw), is unique as such due to the fact it consists of shape<br \/>\nmating threads (thereby \u201ctapping\u201d the threads) in a pre-drilled gap into which they are driven.<\/p>\n<h2 class=\"text-title\" data-id=\"below-title\">12 Self Tapping Screws<\/h2>\n<div class=\"text-content\" data-id=\"below-content\"><span data-spm-anchor-id=\"a2700.details.0.i24.56434895ISp3fz\"><span data-spm-anchor-id=\"a2700.details.0.i24.56434895ISp3fz\"><br \/>\nSelf tapping screws are a class of threaded fastener that shape threads (tapping threads) as the screw is pushed into a pre-drilled hole. Prince fastener Self tapping screws consist of thread cutting, thread rolling, and self drilling screws.<\/span><\/span>Our self tapping screws can be personalized to your utility and industry.Self-tapping screws have a large vary of tip and thread patterns, and are reachable with nearly any feasible screw head design.Common facets are the screw thread protecting the entire size of the Prince fastener screw from tip to head and a mentioned thread tough ample for the supposed substrate, frequently case-hardened.For difficult substrates such as metallic or difficult plastics, the Prince fastener self-tapping capacity is frequentlycreated through slicing a hole in the continuity of the thread on the screw, producing a flute and reducing aspect comparable to these on a tap. Thus,whereas a everyday desktop screw can&#8217;tfaucet its very own gap in a steel substrate, a self-tapping one can (within practical limits of substrate hardness and depth).<\/div>\n<div data-id=\"below-content\"><\/div>\n<div class=\"text-content\" data-id=\"below-content\">For softer substrates such as timber or smooth plastics, the Prince fastener self-tapping potential can come in reality from a tip that tapers to a gimlet factor (in which no flute is needed). Like the tip of a nail or gimlet, such a factor varieties the gap by using displacement of the surrounding fabric as an alternative than any chip-forming drilling\/cutting\/evacuating action.Not all self-tapping screws have a sharp tip. The kind B tip is blunt and meant for use with a pilot hole, regularly in sheet<br \/>\nmaterials. The lack of a sharp tip is useful for packaging and managing and in some functions may additionally be useful for decreasing the clearance integral on the reverse of a mounted panel or for making greater thread reachable on a given size Prince fastener screw.<\/div>\n<div data-id=\"below-content\"><\/div>\n<h2 data-id=\"below-content\">About the types and materials of 12 Self Tapping Screws<\/h2>\n<div data-id=\"below-content\">\n<p>The shim used by the 12 Self Tapping Screws is the most popular among the popular if the spread can also talk about a lot, here only briefly, after all, the actual use is not so much.<\/p>\n<p>Self-tapping gaskets are commonly used &#8211; silicone rubber gaskets, rubber gaskets, and EVA waterproof plastic gaskets. Because the silica gel is not easy to age (the bond energy of silica gel is higher than the ultraviolet energy in sunlight), and the silica gel can maintain good elasticity in the natural environment temperature (-50\u00b0~80\u00b0), the silica gel gasket has a wide range of use. And rubber gaskets due to a variety of, such as material usually NBR(nitrile butadiene rubber), SBR(styrene-butadiene rubber), FFKM(perfluorinated rubber), and so on, so wide range of application, and FFKM perfluorinated rubber gaskets because can be used in a vacuum commonly used in some advanced industries; Finally EVA plastic raw material for ethylene\/vinyl acetate copolymer, the airtight bubble pore structure, non-absorbent, moisture-proof, good water resistance, resistant to saltwater, oil, acid, alkali and other chemical corrosion, antibacterial, non-toxic, tasteless, no pollution, no joint, and easy to hot pressing, cutting, coating and laminating process, high resilience and resistance to tension, high toughness, good shockproof, buffer performance, heat insulation, thermal insulation cold and low-temperature performance, resistant to cold and exposure, airtight bubble hole, sound insulation effect is good, price is low and therefore is widely used.<\/p>\n<\/div>\n","protected":false},"excerpt":{"rendered":"<p>La cu\u00f1a utilizada por los 12 tornillos autorroscantes es la m\u00e1s popular entre los populares si la extensi\u00f3n tambi\u00e9n puede hablar mucho, aqu\u00ed solo brevemente, despu\u00e9s de todo, el uso real no es tanto.<\/p>","protected":false},"featured_media":1142,"comment_status":"open","ping_status":"closed","template":"","meta":{"_seopress_robots_primary_cat":"0","_seopress_titles_title":"%%title%% %%page%% | From Screw Factories-Prince Fastener","_seopress_titles_desc":"12 Self Tapping Screws area unit a class that type threads (tapping threads) because the screw is driven into a pre-drilled hole.","_seopress_robots_index":"","_joinchat":[]},"product_brand":[],"product_cat":[63],"product_tag":[117,106,105,45,103,42,44,43],"class_list":{"0":"post-1359","1":"product","2":"type-product","3":"status-publish","4":"has-post-thumbnail","6":"product_cat-flat-head-self-tapping-screw","7":"product_tag-12-self-tapping-screws","8":"product_tag-flat-head-self-tapping-screw","9":"product_tag-philips-flat-head-self-tapping-screw","10":"product_tag-screw","11":"product_tag-self-tapping-concrete-screws","12":"product_tag-self-tapping-screw","13":"product_tag-self-tapping-screws","14":"product_tag-tapping-screw","16":"first","17":"instock","18":"shipping-taxable","19":"product-type-simple"},"yoast_head":"<!-- This site is optimized with the Yoast SEO plugin v27.3 - https:\/\/yoast.com\/product\/yoast-seo-wordpress\/ -->\n<title>12 Self Tapping Screws | From Screw Factories-Prince Fastener<\/title>\n<meta name=\"description\" content=\"12 Self Tapping Screws area unit a class that type threads (tapping threads) because the screw is driven into a pre-drilled hole.\" \/>\n<meta name=\"robots\" content=\"index, follow, max-snippet:-1, max-image-preview:large, max-video-preview:-1\" \/>\n<link rel=\"canonical\" href=\"https:\/\/princefastener.com\/es\/producto\/12-tornillos-autorroscantes\/\" \/>\n<meta property=\"og:locale\" content=\"es_ES\" \/>\n<meta property=\"og:type\" content=\"article\" \/>\n<meta property=\"og:title\" content=\"12 Self Tapping Screws | From Screw Factories-Prince Fastener\" \/>\n<meta property=\"og:description\" content=\"12 Self Tapping Screws area unit a class that type threads (tapping threads) because the screw is driven into a pre-drilled hole.\" \/>\n<meta property=\"og:url\" content=\"https:\/\/princefastener.com\/es\/producto\/12-tornillos-autorroscantes\/\" \/>\n<meta property=\"og:site_name\" content=\"Screws and Fasteners Manufacturer\" \/>\n<meta property=\"article:publisher\" content=\"https:\/\/www.facebook.com\/Prince-Fastener-Manufacturing-Co-Ltd-107643758056794\" \/>\n<meta property=\"article:modified_time\" content=\"2021-09-26T12:31:17+00:00\" \/>\n<meta property=\"og:image\" content=\"https:\/\/princefastener.com\/wp-content\/uploads\/2021\/06\/flat-head-self-tapping-screws.jpg\" \/>\n\t<meta property=\"og:image:width\" content=\"1000\" \/>\n\t<meta property=\"og:image:height\" content=\"1000\" \/>\n\t<meta property=\"og:image:type\" content=\"image\/jpeg\" \/>\n<meta name=\"twitter:card\" content=\"summary_large_image\" \/>\n<meta name=\"twitter:site\" content=\"@PrinceFastener\" \/>\n<meta name=\"twitter:label1\" content=\"Tiempo de lectura\" \/>\n\t<meta name=\"twitter:data1\" content=\"3 minutos\" \/>\n<!-- \/ Yoast SEO plugin. -->","yoast_head_json":{"title":"12 tornillos autorroscantes | De f\u00e1bricas de tornillos-Prince Fastener","description":"12 Unidad de \u00e1rea de tornillos autorroscantes una clase que tipo roscas (roscas de rosca) porque el tornillo se introduce en un orificio pretaladrado.","robots":{"index":"index","follow":"follow","max-snippet":"max-snippet:-1","max-image-preview":"max-image-preview:large","max-video-preview":"max-video-preview:-1"},"canonical":"https:\/\/princefastener.com\/es\/producto\/12-tornillos-autorroscantes\/","og_locale":"es_ES","og_type":"article","og_title":"12 Self Tapping Screws | From Screw Factories-Prince Fastener","og_description":"12 Self Tapping Screws area unit a class that type threads (tapping threads) because the screw is driven into a pre-drilled hole.","og_url":"https:\/\/princefastener.com\/es\/producto\/12-tornillos-autorroscantes\/","og_site_name":"Screws and Fasteners Manufacturer","article_publisher":"https:\/\/www.facebook.com\/Prince-Fastener-Manufacturing-Co-Ltd-107643758056794","article_modified_time":"2021-09-26T12:31:17+00:00","og_image":[{"width":1000,"height":1000,"url":"https:\/\/princefastener.com\/wp-content\/uploads\/2021\/06\/flat-head-self-tapping-screws.jpg","type":"image\/jpeg"}],"twitter_card":"summary_large_image","twitter_site":"@PrinceFastener","twitter_misc":{"Tiempo de lectura":"3 minutos"},"schema":{"@context":"https:\/\/schema.org","@graph":[{"@type":"WebPage","@id":"https:\/\/princefastener.com\/product\/12-self-tapping-screws\/","url":"https:\/\/princefastener.com\/product\/12-self-tapping-screws\/","name":"12 tornillos autorroscantes | De f\u00e1bricas de tornillos-Prince Fastener","isPartOf":{"@id":"https:\/\/princefastener.com\/#website"},"primaryImageOfPage":{"@id":"https:\/\/princefastener.com\/product\/12-self-tapping-screws\/#primaryimage"},"image":{"@id":"https:\/\/princefastener.com\/product\/12-self-tapping-screws\/#primaryimage"},"thumbnailUrl":"https:\/\/princefastener.com\/wp-content\/uploads\/2021\/06\/flat-head-self-tapping-screws.jpg","datePublished":"2021-07-22T14:46:37+00:00","dateModified":"2021-09-26T12:31:17+00:00","description":"12 Unidad de \u00e1rea de tornillos autorroscantes una clase que tipo roscas (roscas de rosca) porque el tornillo se introduce en un orificio pretaladrado.","breadcrumb":{"@id":"https:\/\/princefastener.com\/product\/12-self-tapping-screws\/#breadcrumb"},"inLanguage":"es","potentialAction":[{"@type":"ReadAction","target":["https:\/\/princefastener.com\/product\/12-self-tapping-screws\/"]}]},{"@type":"ImageObject","inLanguage":"es","@id":"https:\/\/princefastener.com\/product\/12-self-tapping-screws\/#primaryimage","url":"https:\/\/princefastener.com\/wp-content\/uploads\/2021\/06\/flat-head-self-tapping-screws.jpg","contentUrl":"https:\/\/princefastener.com\/wp-content\/uploads\/2021\/06\/flat-head-self-tapping-screws.jpg","width":1000,"height":1000,"caption":"flat head self tapping screws"},{"@type":"BreadcrumbList","@id":"https:\/\/princefastener.com\/product\/12-self-tapping-screws\/#breadcrumb","itemListElement":[{"@type":"ListItem","position":1,"name":"Home","item":"https:\/\/princefastener.com\/"},{"@type":"ListItem","position":2,"name":"PRODUCT","item":"https:\/\/princefastener.com\/product\/"},{"@type":"ListItem","position":3,"name":"12 Self Tapping Screws"}]},{"@type":"WebSite","@id":"https:\/\/princefastener.com\/#website","url":"https:\/\/princefastener.com\/","name":"Fabricante de tornillos y sujetadores","description":"","publisher":{"@id":"https:\/\/princefastener.com\/#organization"},"potentialAction":[{"@type":"SearchAction","target":{"@type":"EntryPoint","urlTemplate":"https:\/\/princefastener.com\/?s={search_term_string}"},"query-input":{"@type":"PropertyValueSpecification","valueRequired":true,"valueName":"search_term_string"}}],"inLanguage":"es"},{"@type":"Organization","@id":"https:\/\/princefastener.com\/#organization","name":"Sujetador Pr\u00edncipe","url":"https:\/\/princefastener.com\/","logo":{"@type":"ImageObject","inLanguage":"es","@id":"https:\/\/princefastener.com\/#\/schema\/logo\/image\/","url":"https:\/\/princefastener.com\/wp-content\/uploads\/2021\/04\/Prince-fastener-logo.png","contentUrl":"https:\/\/princefastener.com\/wp-content\/uploads\/2021\/04\/Prince-fastener-logo.png","width":630,"height":140,"caption":"Prince Fastener"},"image":{"@id":"https:\/\/princefastener.com\/#\/schema\/logo\/image\/"},"sameAs":["https:\/\/www.facebook.com\/Prince-Fastener-Manufacturing-Co-Ltd-107643758056794","https:\/\/x.com\/PrinceFastener","https:\/\/www.instagram.com\/princefastener001\/","https:\/\/www.linkedin.com\/company\/prince-fastener","https:\/\/www.pinterest.com\/PrinceFastenereric"]}]}},"_links":{"self":[{"href":"https:\/\/princefastener.com\/es\/wp-json\/wp\/v2\/product\/1359","targetHints":{"allow":["GET"]}}],"collection":[{"href":"https:\/\/princefastener.com\/es\/wp-json\/wp\/v2\/product"}],"about":[{"href":"https:\/\/princefastener.com\/es\/wp-json\/wp\/v2\/types\/product"}],"replies":[{"embeddable":true,"href":"https:\/\/princefastener.com\/es\/wp-json\/wp\/v2\/comments?post=1359"}],"version-history":[{"count":0,"href":"https:\/\/princefastener.com\/es\/wp-json\/wp\/v2\/product\/1359\/revisions"}],"wp:featuredmedia":[{"embeddable":true,"href":"https:\/\/princefastener.com\/es\/wp-json\/wp\/v2\/media\/1142"}],"wp:attachment":[{"href":"https:\/\/princefastener.com\/es\/wp-json\/wp\/v2\/media?parent=1359"}],"wp:term":[{"taxonomy":"product_brand","embeddable":true,"href":"https:\/\/princefastener.com\/es\/wp-json\/wp\/v2\/product_brand?post=1359"},{"taxonomy":"product_cat","embeddable":true,"href":"https:\/\/princefastener.com\/es\/wp-json\/wp\/v2\/product_cat?post=1359"},{"taxonomy":"product_tag","embeddable":true,"href":"https:\/\/princefastener.com\/es\/wp-json\/wp\/v2\/product_tag?post=1359"}],"curies":[{"name":"Gracias","href":"https:\/\/api.w.org\/{rel}","templated":true}]}}