{"id":1181,"date":"2021-06-10T22:17:14","date_gmt":"2021-06-10T14:17:14","guid":{"rendered":"https:\/\/princefastener.com\/?post_type=product&#038;p=1181"},"modified":"2022-05-20T15:30:48","modified_gmt":"2022-05-20T07:30:48","slug":"pernos-de-carro","status":"publish","type":"product","link":"https:\/\/princefastener.com\/es\/product\/carriage-bolts\/","title":{"rendered":"Pernos de carro"},"content":{"rendered":"<p>[table id=6 \/]<\/p>\n<div class=\"J_module\">\n<div class=\"detail-decorate-json-renderer-container\">\n<div class=\"magic-8\">\n<h2>What is Carriage bolts?<\/h2>\n<p>Carriage bolts are divided into large round head carriage bolts (corresponding to standards GB\/T14 and DIN603) and small round head carriage bolts (corresponding to standard GB\/T12-85) according to the size of the head. Carriage bolt, a type of fastener consisting of two parts, a head and a screw (cylinder with external threads), needs to be matched with a nut to fasten and connect two parts with through holes.<\/p>\n<h2>Basic Information of Carriage bolts<\/h2>\n<p>A bolt is used to connect two objects, usually through a light hole, and needs to be used in conjunction with a nut. A single bolt cannot connect. A wrench is generally used as a tool. The heads are mostly hexagonal heads, etc., generally larger. The carriage bolt is applied in the groove, and the square neck is stuck in the groove during the installation process, which can prevent the bolt from rotating, and the carriage bolt can move in parallel in the groove. Since the heads of the carriage bolts are round, there is no design of useful power tools such as cross recesses or hexagon sockets, and they can also play a role in preventing theft during the actual connection process.<br \/>\nMaterial: carbon steel, Q235, 45# steel, stainless steel<br \/>\nNominal diameter: 5mm&#8211;20mm<br \/>\nLength: 15mm&#8211;300mm<br \/>\nSurface treatment method: zinc plating, chrome plating, copper plating, surface blackening<\/p>\n<h2>Standard of Carriage bolts<\/h2>\n<p>Specification for stainless steel round head square neck bolts (carriage bolts): German standard DIN603<br \/>\nSpecification for stainless steel small round head square neck carriage bolts: National standard GB\/T12-85<br \/>\nSpecification for stainless steel large round head square neck carriage bolts: national standard GB\/T14-8<\/p>\n<div class=\"magic-11\">\n<div class=\"magic-12\">\n<div class=\"magic-13\" data-id=\"paragraph0\">\n<div><\/div>\n<\/div>\n<\/div>\n<div><iframe title=\"YouTube video player\" src=\"https:\/\/www.youtube.com\/embed\/zPbsJ3_kwZs\" width=\"560\" height=\"315\" frameborder=\"0\" allowfullscreen=\"allowfullscreen\"><\/iframe><span data-spm-anchor-id=\"a2700.details.0.i25.3b382b4eljPVMK\">Prince Fastener manufacturers and distributes a range of steel fasteners together with Screws,washer,nuts,bolts, studs, carriage bolts,non-standard fastener and additional. steelmay be a common material for fasteners thanks to its smart strength and skill in reality hundreds. <\/span><\/p>\n<div><\/div>\n<div>It responds well to heat-treatments with nominal work hardening and crispiness.it&#8217;s straightforward to machine and may meet the tight tolerances needed for threading and Prince Fastener configurations. steel is additionally associate degree economic metal.<\/div>\n<div>Carbon steel is classified by the number of carbon within the alloy, that impacts the properties of the steel. Low steel, with 0.05-0.3% carbon, is ductile and Prince Fastener malleable. it&#8217;s low strength and may be hardened through carbonizing. it&#8217;s the smallest amount expense of the steel alloys.<\/div>\n<div>Medium steel has zero.3-0.59% carbon, that provides the alloy with exaggerated strength and smart ware resistance. it&#8217;s straightforward to machine and is employed for cast and automotive components.<\/div>\n<div>High steel and ultra-high steel is extremely sturdy and is employed for springs and high-strength product. These alloys may be tempered to terribly high hardness while not crispiness, and square measure used for terribly high wear applications. These Prince Fastener alloys have carbon from zero.6-0.99% for top steel and one.0-2.0% for ultra-high steel.<\/div>\n<\/div>\n<\/div>\n<\/div>\n<\/div>\n<\/div>\n<div class=\"J_module\">\n<div class=\"flex-layout-h magic-0\"><\/div>\n<\/div>\n","protected":false},"excerpt":{"rendered":"<p>Los pernos de carro de Prince Fastener miden sujetadores de acero con cabeza y roscas macho externas. Suelen ensamblar dos objetos sin rosca, generalmente con el uso de una tuerca. obtener el grado adecuado de perno puede certificar que tiene una conexi\u00f3n s\u00f3lida y resistente de 2 materiales.<\/p>","protected":false},"featured_media":1187,"comment_status":"open","ping_status":"closed","template":"","meta":{"_seopress_robots_primary_cat":"0","_seopress_titles_title":"%%title%% %%page%% | From Screw Factories-Prince Fastener","_seopress_titles_desc":"Carriage Bolts are a robust and durable fastener solution. Carriage Bolts feature a square section underneath their head","_seopress_robots_index":"","_joinchat":[]},"product_brand":[],"product_cat":[31,87],"product_tag":[54,53,112],"class_list":{"0":"post-1181","1":"product","2":"type-product","3":"status-publish","4":"has-post-thumbnail","6":"product_cat-bolts-and-nuts","7":"product_cat-carriage-bolts","8":"product_tag-bolts","9":"product_tag-bolts-and-nuts","10":"product_tag-carriage-bolts","12":"first","13":"instock","14":"shipping-taxable","15":"product-type-simple"},"yoast_head":"<!-- This site is optimized with the Yoast SEO plugin v27.3 - https:\/\/yoast.com\/product\/yoast-seo-wordpress\/ -->\n<title>Carriage Bolts | From Screw Factories-Prince Fastener<\/title>\n<meta name=\"description\" content=\"Carriage Bolts are a robust and durable fastener solution. Carriage Bolts feature a square section underneath their head\" \/>\n<meta name=\"robots\" content=\"index, follow, max-snippet:-1, max-image-preview:large, max-video-preview:-1\" \/>\n<link rel=\"canonical\" href=\"https:\/\/princefastener.com\/es\/producto\/pernos-de-carro\/\" \/>\n<meta property=\"og:locale\" content=\"es_ES\" \/>\n<meta property=\"og:type\" content=\"article\" \/>\n<meta property=\"og:title\" content=\"Carriage Bolts | From Screw Factories-Prince Fastener\" \/>\n<meta property=\"og:description\" content=\"Carriage Bolts are a robust and durable fastener solution. Carriage Bolts feature a square section underneath their head\" \/>\n<meta property=\"og:url\" content=\"https:\/\/princefastener.com\/es\/producto\/pernos-de-carro\/\" \/>\n<meta property=\"og:site_name\" content=\"Screws and Fasteners Manufacturer\" \/>\n<meta property=\"article:publisher\" content=\"https:\/\/www.facebook.com\/Prince-Fastener-Manufacturing-Co-Ltd-107643758056794\" \/>\n<meta property=\"article:modified_time\" content=\"2022-05-20T07:30:48+00:00\" \/>\n<meta property=\"og:image\" content=\"https:\/\/princefastener.com\/wp-content\/uploads\/2021\/06\/stainless-steel-carriage-bolt.jpg\" \/>\n\t<meta property=\"og:image:width\" content=\"1000\" \/>\n\t<meta property=\"og:image:height\" content=\"1000\" \/>\n\t<meta property=\"og:image:type\" content=\"image\/jpeg\" \/>\n<meta name=\"twitter:card\" content=\"summary_large_image\" \/>\n<meta name=\"twitter:site\" content=\"@PrinceFastener\" \/>\n<meta name=\"twitter:label1\" content=\"Tiempo de lectura\" \/>\n\t<meta name=\"twitter:data1\" content=\"3 minutos\" \/>\n<!-- \/ Yoast SEO plugin. -->","yoast_head_json":{"title":"Pernos de carro | De f\u00e1bricas de tornillos-Prince Fastener","description":"Los pernos de carro son una soluci\u00f3n de sujeci\u00f3n robusta y duradera. Los pernos de carro cuentan con una secci\u00f3n cuadrada debajo de la cabeza","robots":{"index":"index","follow":"follow","max-snippet":"max-snippet:-1","max-image-preview":"max-image-preview:large","max-video-preview":"max-video-preview:-1"},"canonical":"https:\/\/princefastener.com\/es\/producto\/pernos-de-carro\/","og_locale":"es_ES","og_type":"article","og_title":"Carriage Bolts | From Screw Factories-Prince Fastener","og_description":"Carriage Bolts are a robust and durable fastener solution. Carriage Bolts feature a square section underneath their head","og_url":"https:\/\/princefastener.com\/es\/producto\/pernos-de-carro\/","og_site_name":"Screws and Fasteners Manufacturer","article_publisher":"https:\/\/www.facebook.com\/Prince-Fastener-Manufacturing-Co-Ltd-107643758056794","article_modified_time":"2022-05-20T07:30:48+00:00","og_image":[{"width":1000,"height":1000,"url":"https:\/\/princefastener.com\/wp-content\/uploads\/2021\/06\/stainless-steel-carriage-bolt.jpg","type":"image\/jpeg"}],"twitter_card":"summary_large_image","twitter_site":"@PrinceFastener","twitter_misc":{"Tiempo de lectura":"3 minutos"},"schema":{"@context":"https:\/\/schema.org","@graph":[{"@type":"WebPage","@id":"https:\/\/princefastener.com\/product\/carriage-bolts\/","url":"https:\/\/princefastener.com\/product\/carriage-bolts\/","name":"Pernos de carro | De f\u00e1bricas de tornillos-Prince Fastener","isPartOf":{"@id":"https:\/\/princefastener.com\/#website"},"primaryImageOfPage":{"@id":"https:\/\/princefastener.com\/product\/carriage-bolts\/#primaryimage"},"image":{"@id":"https:\/\/princefastener.com\/product\/carriage-bolts\/#primaryimage"},"thumbnailUrl":"https:\/\/princefastener.com\/wp-content\/uploads\/2021\/06\/stainless-steel-carriage-bolt.jpg","datePublished":"2021-06-10T14:17:14+00:00","dateModified":"2022-05-20T07:30:48+00:00","description":"Los pernos de carro son una soluci\u00f3n de sujeci\u00f3n robusta y duradera. Los pernos de carro cuentan con una secci\u00f3n cuadrada debajo de la cabeza","breadcrumb":{"@id":"https:\/\/princefastener.com\/product\/carriage-bolts\/#breadcrumb"},"inLanguage":"es","potentialAction":[{"@type":"ReadAction","target":["https:\/\/princefastener.com\/product\/carriage-bolts\/"]}]},{"@type":"ImageObject","inLanguage":"es","@id":"https:\/\/princefastener.com\/product\/carriage-bolts\/#primaryimage","url":"https:\/\/princefastener.com\/wp-content\/uploads\/2021\/06\/stainless-steel-carriage-bolt.jpg","contentUrl":"https:\/\/princefastener.com\/wp-content\/uploads\/2021\/06\/stainless-steel-carriage-bolt.jpg","width":1000,"height":1000,"caption":"stainless steel carriage bolt"},{"@type":"BreadcrumbList","@id":"https:\/\/princefastener.com\/product\/carriage-bolts\/#breadcrumb","itemListElement":[{"@type":"ListItem","position":1,"name":"Home","item":"https:\/\/princefastener.com\/"},{"@type":"ListItem","position":2,"name":"PRODUCT","item":"https:\/\/princefastener.com\/product\/"},{"@type":"ListItem","position":3,"name":"Carriage Bolts"}]},{"@type":"WebSite","@id":"https:\/\/princefastener.com\/#website","url":"https:\/\/princefastener.com\/","name":"Fabricante de tornillos y sujetadores","description":"","publisher":{"@id":"https:\/\/princefastener.com\/#organization"},"potentialAction":[{"@type":"SearchAction","target":{"@type":"EntryPoint","urlTemplate":"https:\/\/princefastener.com\/?s={search_term_string}"},"query-input":{"@type":"PropertyValueSpecification","valueRequired":true,"valueName":"search_term_string"}}],"inLanguage":"es"},{"@type":"Organization","@id":"https:\/\/princefastener.com\/#organization","name":"Sujetador Pr\u00edncipe","url":"https:\/\/princefastener.com\/","logo":{"@type":"ImageObject","inLanguage":"es","@id":"https:\/\/princefastener.com\/#\/schema\/logo\/image\/","url":"https:\/\/princefastener.com\/wp-content\/uploads\/2021\/04\/Prince-fastener-logo.png","contentUrl":"https:\/\/princefastener.com\/wp-content\/uploads\/2021\/04\/Prince-fastener-logo.png","width":630,"height":140,"caption":"Prince Fastener"},"image":{"@id":"https:\/\/princefastener.com\/#\/schema\/logo\/image\/"},"sameAs":["https:\/\/www.facebook.com\/Prince-Fastener-Manufacturing-Co-Ltd-107643758056794","https:\/\/x.com\/PrinceFastener","https:\/\/www.instagram.com\/princefastener001\/","https:\/\/www.linkedin.com\/company\/prince-fastener","https:\/\/www.pinterest.com\/PrinceFastenereric"]}]}},"_links":{"self":[{"href":"https:\/\/princefastener.com\/es\/wp-json\/wp\/v2\/product\/1181","targetHints":{"allow":["GET"]}}],"collection":[{"href":"https:\/\/princefastener.com\/es\/wp-json\/wp\/v2\/product"}],"about":[{"href":"https:\/\/princefastener.com\/es\/wp-json\/wp\/v2\/types\/product"}],"replies":[{"embeddable":true,"href":"https:\/\/princefastener.com\/es\/wp-json\/wp\/v2\/comments?post=1181"}],"version-history":[{"count":0,"href":"https:\/\/princefastener.com\/es\/wp-json\/wp\/v2\/product\/1181\/revisions"}],"wp:featuredmedia":[{"embeddable":true,"href":"https:\/\/princefastener.com\/es\/wp-json\/wp\/v2\/media\/1187"}],"wp:attachment":[{"href":"https:\/\/princefastener.com\/es\/wp-json\/wp\/v2\/media?parent=1181"}],"wp:term":[{"taxonomy":"product_brand","embeddable":true,"href":"https:\/\/princefastener.com\/es\/wp-json\/wp\/v2\/product_brand?post=1181"},{"taxonomy":"product_cat","embeddable":true,"href":"https:\/\/princefastener.com\/es\/wp-json\/wp\/v2\/product_cat?post=1181"},{"taxonomy":"product_tag","embeddable":true,"href":"https:\/\/princefastener.com\/es\/wp-json\/wp\/v2\/product_tag?post=1181"}],"curies":[{"name":"Gracias","href":"https:\/\/api.w.org\/{rel}","templated":true}]}}