{"id":1164,"date":"2021-06-10T21:43:00","date_gmt":"2021-06-10T13:43:00","guid":{"rendered":"https:\/\/princefastener.com\/?post_type=product&#038;p=1164"},"modified":"2021-09-26T20:00:05","modified_gmt":"2021-09-26T12:00:05","slug":"tornillo-autorroscante-de-ranura-cuadrada","status":"publish","type":"product","link":"https:\/\/princefastener.com\/es\/product\/square-slotted-self-tapping-screw\/","title":{"rendered":"Tornillo autorroscante ranurado cuadrado"},"content":{"rendered":"<p>[table id=2 \/]<\/p>\n<h2>Application of Square Slotted Self tapping screw<\/h2>\n<p>Self-tapping screws are used in a range of purposes ranging from DIY carpentry to surgery.<\/p>\n<p>A Prince fastener self-tapping <span data-spm-anchor-id=\"a2700.pc-decorate.0.i3.27b23333bV5Gqm\">Screw Manufacturer<\/span> can precisely be described in reality a tapping screw, however is additionally usually referred to as a sheet<br \/>\nmetallic screw, for the reason that they are used so closely in the sheet steel trade.<\/p>\n<p>Whichever identify is used, a Prince fastener self-tapping screw (or sheet metallic screw), is unique as such due to the fact it consists of shape<br \/>\nmating threads (thereby \u201ctapping\u201d the threads) in a pre-drilled gap into which they are driven.<\/p>\n<h2 class=\"text-title\" data-id=\"below-title\">Square Slotted Self tapping screw<\/h2>\n<div class=\"text-content\" data-id=\"below-content\"><span data-spm-anchor-id=\"a2700.details.0.i24.56434895ISp3fz\"><span data-spm-anchor-id=\"a2700.details.0.i24.56434895ISp3fz\"><span data-spm-anchor-id=\"a2700.details.0.i24.56434895ISp3fz\"><br \/>\nHIGH-QUALITY STAINLESS: These Hex Washer Head Self Drilling Tek Screws ar 100 per cent 410chrome steel that is one amongst the very best kinds of corrosion-resistant steel, creating last longer than alternative hardware on the market these days.<\/span><\/span><\/span><\/p>\n<div><span data-spm-anchor-id=\"a2700.pc-decorate.0.i5.4d043333xQDYHZ\"><br \/>\nSELF TAPPING: Our hardware is incredibly robust and is nice for each indoor and outside use. The chrome steel is superior to regular steel and provides wonderful rust resistance in water applications. denudation of a Prince fastener <b>Stainless steel screws<\/b> head may be a factor of the past with our Hex Head screws. place a socket thereon impact or drill and fasten away!<br \/>\nDIMENSIONS: Diameter: #8 | Length: 1-1\/2\u201d | Thread Type: Coarse (standard) | Quantity: a hundred pcs | Material: 410 chrome steel GREAT to stay AROUND: Bolt pipette hardware is nice to own around to be used in wood and wet environments. <\/span><\/div>\n<div><\/div>\n<div>Prince Fastener Screws are the very best quality offered on the market and that we stand by our claim 100 per cent. they&#8217;re robust, corrosion-resistant and can support all of your comes.<\/div>\n<div><\/div>\n<p><span data-spm-anchor-id=\"a2700.details.0.i24.56434895ISp3fz\"><span data-spm-anchor-id=\"a2700.details.0.i24.56434895ISp3fz\">\u00a0<\/span><\/span><\/p>\n<\/div>\n","protected":false},"excerpt":{"rendered":"<p><span data-spm-anchor-id=\"a2700.details.0.i24.56434895ISp3fz\">Los tornillos autorroscantes son una clase de sujetadores roscados que dan forma a las roscas (roscas roscadas) a medida que el tornillo se introduce en un orificio pretaladrado. Los tornillos autorroscantes Prince fastener consisten en tornillos de corte de rosca, laminado de rosca y tornillos autoperforantes.<\/span><\/p>","protected":false},"featured_media":1170,"comment_status":"open","ping_status":"closed","template":"","meta":{"_seopress_robots_primary_cat":"0","_seopress_titles_title":"%%title%% %%page%% | From Screw Factories-Prince Fastener","_seopress_titles_desc":"All the Square Slotted Self tapping screws are made of alloy steel, strong and durable and will not easy to break.","_seopress_robots_index":"","_joinchat":[]},"product_brand":[],"product_cat":[66],"product_tag":[45,103,42,44,110,43],"class_list":{"0":"post-1164","1":"product","2":"type-product","3":"status-publish","4":"has-post-thumbnail","6":"product_cat-square-slotted-self-tapping-screw","7":"product_tag-screw","8":"product_tag-self-tapping-concrete-screws","9":"product_tag-self-tapping-screw","10":"product_tag-self-tapping-screws","11":"product_tag-square-slotted-self-tapping-screw","12":"product_tag-tapping-screw","14":"first","15":"instock","16":"shipping-taxable","17":"product-type-simple"},"yoast_head":"<!-- This site is optimized with the Yoast SEO plugin v27.3 - https:\/\/yoast.com\/product\/yoast-seo-wordpress\/ -->\n<title>Square Slotted Self tapping screw | From Screw Factories-Prince Fastener<\/title>\n<meta name=\"description\" content=\"All the Square Slotted Self tapping screws are made of alloy steel, strong and durable and will not easy to break.\" \/>\n<meta name=\"robots\" content=\"index, follow, max-snippet:-1, max-image-preview:large, max-video-preview:-1\" \/>\n<link rel=\"canonical\" href=\"https:\/\/princefastener.com\/es\/producto\/tornillo-autorroscante-de-ranura-cuadrada\/\" \/>\n<meta property=\"og:locale\" content=\"es_ES\" \/>\n<meta property=\"og:type\" content=\"article\" \/>\n<meta property=\"og:title\" content=\"Square Slotted Self tapping screw | From Screw Factories-Prince Fastener\" \/>\n<meta property=\"og:description\" content=\"All the Square Slotted Self tapping screws are made of alloy steel, strong and durable and will not easy to break.\" \/>\n<meta property=\"og:url\" content=\"https:\/\/princefastener.com\/es\/producto\/tornillo-autorroscante-de-ranura-cuadrada\/\" \/>\n<meta property=\"og:site_name\" content=\"Screws and Fasteners Manufacturer\" \/>\n<meta property=\"article:publisher\" content=\"https:\/\/www.facebook.com\/Prince-Fastener-Manufacturing-Co-Ltd-107643758056794\" \/>\n<meta property=\"article:modified_time\" content=\"2021-09-26T12:00:05+00:00\" \/>\n<meta property=\"og:image\" content=\"https:\/\/princefastener.com\/wp-content\/uploads\/2021\/06\/Square-Slotted-Self-tapping-screws.jpg\" \/>\n\t<meta property=\"og:image:width\" content=\"1000\" \/>\n\t<meta property=\"og:image:height\" content=\"1000\" \/>\n\t<meta property=\"og:image:type\" content=\"image\/jpeg\" \/>\n<meta name=\"twitter:card\" content=\"summary_large_image\" \/>\n<meta name=\"twitter:site\" content=\"@PrinceFastener\" \/>\n<meta name=\"twitter:label1\" content=\"Tiempo de lectura\" \/>\n\t<meta name=\"twitter:data1\" content=\"1 minuto\" \/>\n<!-- \/ Yoast SEO plugin. -->","yoast_head_json":{"title":"Tornillo autorroscante ranurado cuadrado | De f\u00e1bricas de tornillos-Prince Fastener","description":"Todos los tornillos autorroscantes ranurados cuadrados est\u00e1n hechos de aleaci\u00f3n de acero, son resistentes y duraderos y no se rompen f\u00e1cilmente.","robots":{"index":"index","follow":"follow","max-snippet":"max-snippet:-1","max-image-preview":"max-image-preview:large","max-video-preview":"max-video-preview:-1"},"canonical":"https:\/\/princefastener.com\/es\/producto\/tornillo-autorroscante-de-ranura-cuadrada\/","og_locale":"es_ES","og_type":"article","og_title":"Square Slotted Self tapping screw | From Screw Factories-Prince Fastener","og_description":"All the Square Slotted Self tapping screws are made of alloy steel, strong and durable and will not easy to break.","og_url":"https:\/\/princefastener.com\/es\/producto\/tornillo-autorroscante-de-ranura-cuadrada\/","og_site_name":"Screws and Fasteners Manufacturer","article_publisher":"https:\/\/www.facebook.com\/Prince-Fastener-Manufacturing-Co-Ltd-107643758056794","article_modified_time":"2021-09-26T12:00:05+00:00","og_image":[{"width":1000,"height":1000,"url":"https:\/\/princefastener.com\/wp-content\/uploads\/2021\/06\/Square-Slotted-Self-tapping-screws.jpg","type":"image\/jpeg"}],"twitter_card":"summary_large_image","twitter_site":"@PrinceFastener","twitter_misc":{"Tiempo de lectura":"1 minuto"},"schema":{"@context":"https:\/\/schema.org","@graph":[{"@type":"WebPage","@id":"https:\/\/princefastener.com\/product\/square-slotted-self-tapping-screw\/","url":"https:\/\/princefastener.com\/product\/square-slotted-self-tapping-screw\/","name":"Tornillo autorroscante ranurado cuadrado | De f\u00e1bricas de tornillos-Prince Fastener","isPartOf":{"@id":"https:\/\/princefastener.com\/#website"},"primaryImageOfPage":{"@id":"https:\/\/princefastener.com\/product\/square-slotted-self-tapping-screw\/#primaryimage"},"image":{"@id":"https:\/\/princefastener.com\/product\/square-slotted-self-tapping-screw\/#primaryimage"},"thumbnailUrl":"https:\/\/princefastener.com\/wp-content\/uploads\/2021\/06\/Square-Slotted-Self-tapping-screws.jpg","datePublished":"2021-06-10T13:43:00+00:00","dateModified":"2021-09-26T12:00:05+00:00","description":"Todos los tornillos autorroscantes ranurados cuadrados est\u00e1n hechos de aleaci\u00f3n de acero, son resistentes y duraderos y no se rompen f\u00e1cilmente.","breadcrumb":{"@id":"https:\/\/princefastener.com\/product\/square-slotted-self-tapping-screw\/#breadcrumb"},"inLanguage":"es","potentialAction":[{"@type":"ReadAction","target":["https:\/\/princefastener.com\/product\/square-slotted-self-tapping-screw\/"]}]},{"@type":"ImageObject","inLanguage":"es","@id":"https:\/\/princefastener.com\/product\/square-slotted-self-tapping-screw\/#primaryimage","url":"https:\/\/princefastener.com\/wp-content\/uploads\/2021\/06\/Square-Slotted-Self-tapping-screws.jpg","contentUrl":"https:\/\/princefastener.com\/wp-content\/uploads\/2021\/06\/Square-Slotted-Self-tapping-screws.jpg","width":1000,"height":1000,"caption":"Square Slotted Self tapping screws"},{"@type":"BreadcrumbList","@id":"https:\/\/princefastener.com\/product\/square-slotted-self-tapping-screw\/#breadcrumb","itemListElement":[{"@type":"ListItem","position":1,"name":"Home","item":"https:\/\/princefastener.com\/"},{"@type":"ListItem","position":2,"name":"PRODUCT","item":"https:\/\/princefastener.com\/product\/"},{"@type":"ListItem","position":3,"name":"Square Slotted Self tapping screw"}]},{"@type":"WebSite","@id":"https:\/\/princefastener.com\/#website","url":"https:\/\/princefastener.com\/","name":"Fabricante de tornillos y sujetadores","description":"","publisher":{"@id":"https:\/\/princefastener.com\/#organization"},"potentialAction":[{"@type":"SearchAction","target":{"@type":"EntryPoint","urlTemplate":"https:\/\/princefastener.com\/?s={search_term_string}"},"query-input":{"@type":"PropertyValueSpecification","valueRequired":true,"valueName":"search_term_string"}}],"inLanguage":"es"},{"@type":"Organization","@id":"https:\/\/princefastener.com\/#organization","name":"Sujetador Pr\u00edncipe","url":"https:\/\/princefastener.com\/","logo":{"@type":"ImageObject","inLanguage":"es","@id":"https:\/\/princefastener.com\/#\/schema\/logo\/image\/","url":"https:\/\/princefastener.com\/wp-content\/uploads\/2021\/04\/Prince-fastener-logo.png","contentUrl":"https:\/\/princefastener.com\/wp-content\/uploads\/2021\/04\/Prince-fastener-logo.png","width":630,"height":140,"caption":"Prince Fastener"},"image":{"@id":"https:\/\/princefastener.com\/#\/schema\/logo\/image\/"},"sameAs":["https:\/\/www.facebook.com\/Prince-Fastener-Manufacturing-Co-Ltd-107643758056794","https:\/\/x.com\/PrinceFastener","https:\/\/www.instagram.com\/princefastener001\/","https:\/\/www.linkedin.com\/company\/prince-fastener","https:\/\/www.pinterest.com\/PrinceFastenereric"]}]}},"_links":{"self":[{"href":"https:\/\/princefastener.com\/es\/wp-json\/wp\/v2\/product\/1164","targetHints":{"allow":["GET"]}}],"collection":[{"href":"https:\/\/princefastener.com\/es\/wp-json\/wp\/v2\/product"}],"about":[{"href":"https:\/\/princefastener.com\/es\/wp-json\/wp\/v2\/types\/product"}],"replies":[{"embeddable":true,"href":"https:\/\/princefastener.com\/es\/wp-json\/wp\/v2\/comments?post=1164"}],"version-history":[{"count":0,"href":"https:\/\/princefastener.com\/es\/wp-json\/wp\/v2\/product\/1164\/revisions"}],"wp:featuredmedia":[{"embeddable":true,"href":"https:\/\/princefastener.com\/es\/wp-json\/wp\/v2\/media\/1170"}],"wp:attachment":[{"href":"https:\/\/princefastener.com\/es\/wp-json\/wp\/v2\/media?parent=1164"}],"wp:term":[{"taxonomy":"product_brand","embeddable":true,"href":"https:\/\/princefastener.com\/es\/wp-json\/wp\/v2\/product_brand?post=1164"},{"taxonomy":"product_cat","embeddable":true,"href":"https:\/\/princefastener.com\/es\/wp-json\/wp\/v2\/product_cat?post=1164"},{"taxonomy":"product_tag","embeddable":true,"href":"https:\/\/princefastener.com\/es\/wp-json\/wp\/v2\/product_tag?post=1164"}],"curies":[{"name":"Gracias","href":"https:\/\/api.w.org\/{rel}","templated":true}]}}