{"id":1130,"date":"2021-06-10T17:27:25","date_gmt":"2021-06-10T09:27:25","guid":{"rendered":"https:\/\/princefastener.com\/?post_type=product&#038;p=1130"},"modified":"2021-09-26T17:44:35","modified_gmt":"2021-09-26T09:44:35","slug":"tornillos-autorroscantes-para-hormigon","status":"publish","type":"product","link":"https:\/\/princefastener.com\/es\/product\/self-tapping-concrete-screws\/","title":{"rendered":"Tornillos autorroscantes para hormig\u00f3n"},"content":{"rendered":"<p>[table id=2 \/]<\/p>\n<h2 class=\"text-title\" data-id=\"below-title\">Self Tapping Concrete Screws<\/h2>\n<div class=\"text-content\" data-id=\"below-content\"><span data-spm-anchor-id=\"a2700.details.0.i24.56434895ISp3fz\"><span data-spm-anchor-id=\"a2700.details.0.i24.56434895ISp3fz\"><br \/>\nSelf tapping screws are a class of threaded fastener that shape threads (tapping threads) as the screw is pushed into a pre-drilled hole. Prince fastener Self tapping screws consist of thread cutting, thread rolling, and self drilling screws.<\/span><\/span>Our self tapping screws can be personalized to your utility and industry.Self-tapping screws have a large vary of tip and thread patterns, and are reachable with nearly any feasible screw head design.Common facets are the screw thread protecting the entire size of the Prince fastener screw from tip to head and a mentioned thread tough ample for the supposed substrate, frequently case-hardened.For difficult substrates such as metallic or difficult plastics, the Prince fastener self-tapping capacity is frequentlycreated through slicing a hole in the continuity of the thread on the screw, producing a flute and reducing aspect comparable to these on a tap. Thus,whereas a everyday desktop screw can&#8217;tfaucet its very own gap in a steel substrate, a self-tapping one can (within practical limits of substrate hardness and depth).For softer substrates such as timber or smooth plastics, the Prince fastener self-tapping potential can come in reality from a tip that tapers to a gimlet factor (in which no flute is needed). Like the tip of a nail or gimlet, such a factor varieties the gap by using displacement of the surrounding fabric as an alternative than any chip-forming drilling\/cutting\/evacuating action.Not all self-tapping screws have a sharp tip. The kind B tip is blunt and meant for use with a pilot hole, regularly in sheet<br \/>\nmaterials. The lack of a sharp tip is useful for packaging and managing and in some functions may additionally be useful for decreasing the clearance integral on the reverse of a mounted panel or for making greater thread reachable on a given size Prince fastener screw.<\/p>\n<\/div>\n","protected":false},"excerpt":{"rendered":"<p><span data-spm-anchor-id=\"a2700.details.0.i24.56434895ISp3fz\">Los tornillos autorroscantes son una clase de sujetadores roscados que dan forma a las roscas (roscas roscadas) a medida que el tornillo se introduce en un orificio pretaladrado. Los tornillos autorroscantes Prince fastener consisten en tornillos de corte de rosca, laminado de rosca y tornillos autoperforantes.<\/span><\/p>","protected":false},"featured_media":1127,"comment_status":"open","ping_status":"closed","template":"","meta":{"_seopress_robots_primary_cat":"0","_seopress_titles_title":"%%title%% %%page%% | From Screw Factories-Prince Fastener","_seopress_titles_desc":"Self-tapping screws are concrete screws that tap threads into the base material such as concrete, brick or block","_seopress_robots_index":"","_joinchat":[]},"product_brand":[],"product_cat":[57],"product_tag":[102,45,103,42,44,43],"class_list":{"0":"post-1130","1":"product","2":"type-product","3":"status-publish","4":"has-post-thumbnail","6":"product_cat-hex-self-tapping-screw","7":"product_tag-hexagon-head-self-tapping-screw","8":"product_tag-screw","9":"product_tag-self-tapping-concrete-screws","10":"product_tag-self-tapping-screw","11":"product_tag-self-tapping-screws","12":"product_tag-tapping-screw","14":"first","15":"instock","16":"shipping-taxable","17":"product-type-simple"},"yoast_head":"<!-- This site is optimized with the Yoast SEO plugin v27.3 - https:\/\/yoast.com\/product\/yoast-seo-wordpress\/ -->\n<title>Self Tapping Concrete Screws | From Screw Factories-Prince Fastener<\/title>\n<meta name=\"description\" content=\"Self-tapping screws are concrete screws that tap threads into the base material such as concrete, brick or block\" \/>\n<meta name=\"robots\" content=\"index, follow, max-snippet:-1, max-image-preview:large, max-video-preview:-1\" \/>\n<link rel=\"canonical\" href=\"https:\/\/princefastener.com\/es\/producto\/tornillos-autorroscantes-para-hormigon\/\" \/>\n<meta property=\"og:locale\" content=\"es_ES\" \/>\n<meta property=\"og:type\" content=\"article\" \/>\n<meta property=\"og:title\" content=\"Self Tapping Concrete Screws | From Screw Factories-Prince Fastener\" \/>\n<meta property=\"og:description\" content=\"Self-tapping screws are concrete screws that tap threads into the base material such as concrete, brick or block\" \/>\n<meta property=\"og:url\" content=\"https:\/\/princefastener.com\/es\/producto\/tornillos-autorroscantes-para-hormigon\/\" \/>\n<meta property=\"og:site_name\" content=\"Screws and Fasteners Manufacturer\" \/>\n<meta property=\"article:publisher\" content=\"https:\/\/www.facebook.com\/Prince-Fastener-Manufacturing-Co-Ltd-107643758056794\" \/>\n<meta property=\"article:modified_time\" content=\"2021-09-26T09:44:35+00:00\" \/>\n<meta property=\"og:image\" content=\"https:\/\/princefastener.com\/wp-content\/uploads\/2021\/06\/self-tapping-concrete-screws.jpg\" \/>\n\t<meta property=\"og:image:width\" content=\"1000\" \/>\n\t<meta property=\"og:image:height\" content=\"1000\" \/>\n\t<meta property=\"og:image:type\" content=\"image\/jpeg\" \/>\n<meta name=\"twitter:card\" content=\"summary_large_image\" \/>\n<meta name=\"twitter:site\" content=\"@PrinceFastener\" \/>\n<meta name=\"twitter:label1\" content=\"Tiempo de lectura\" \/>\n\t<meta name=\"twitter:data1\" content=\"2 minutos\" \/>\n<!-- \/ Yoast SEO plugin. -->","yoast_head_json":{"title":"Tornillos autorroscantes para hormig\u00f3n | De f\u00e1bricas de tornillos-Prince Fastener","description":"Los tornillos autorroscantes son tornillos para hormig\u00f3n que introducen roscas en el material base, como hormig\u00f3n, ladrillo o bloque.","robots":{"index":"index","follow":"follow","max-snippet":"max-snippet:-1","max-image-preview":"max-image-preview:large","max-video-preview":"max-video-preview:-1"},"canonical":"https:\/\/princefastener.com\/es\/producto\/tornillos-autorroscantes-para-hormigon\/","og_locale":"es_ES","og_type":"article","og_title":"Self Tapping Concrete Screws | From Screw Factories-Prince Fastener","og_description":"Self-tapping screws are concrete screws that tap threads into the base material such as concrete, brick or block","og_url":"https:\/\/princefastener.com\/es\/producto\/tornillos-autorroscantes-para-hormigon\/","og_site_name":"Screws and Fasteners Manufacturer","article_publisher":"https:\/\/www.facebook.com\/Prince-Fastener-Manufacturing-Co-Ltd-107643758056794","article_modified_time":"2021-09-26T09:44:35+00:00","og_image":[{"width":1000,"height":1000,"url":"https:\/\/princefastener.com\/wp-content\/uploads\/2021\/06\/self-tapping-concrete-screws.jpg","type":"image\/jpeg"}],"twitter_card":"summary_large_image","twitter_site":"@PrinceFastener","twitter_misc":{"Tiempo de lectura":"2 minutos"},"schema":{"@context":"https:\/\/schema.org","@graph":[{"@type":"WebPage","@id":"https:\/\/princefastener.com\/product\/self-tapping-concrete-screws\/","url":"https:\/\/princefastener.com\/product\/self-tapping-concrete-screws\/","name":"Tornillos autorroscantes para hormig\u00f3n | De f\u00e1bricas de tornillos-Prince Fastener","isPartOf":{"@id":"https:\/\/princefastener.com\/#website"},"primaryImageOfPage":{"@id":"https:\/\/princefastener.com\/product\/self-tapping-concrete-screws\/#primaryimage"},"image":{"@id":"https:\/\/princefastener.com\/product\/self-tapping-concrete-screws\/#primaryimage"},"thumbnailUrl":"https:\/\/princefastener.com\/wp-content\/uploads\/2021\/06\/self-tapping-concrete-screws.jpg","datePublished":"2021-06-10T09:27:25+00:00","dateModified":"2021-09-26T09:44:35+00:00","description":"Los tornillos autorroscantes son tornillos para hormig\u00f3n que introducen roscas en el material base, como hormig\u00f3n, ladrillo o bloque.","breadcrumb":{"@id":"https:\/\/princefastener.com\/product\/self-tapping-concrete-screws\/#breadcrumb"},"inLanguage":"es","potentialAction":[{"@type":"ReadAction","target":["https:\/\/princefastener.com\/product\/self-tapping-concrete-screws\/"]}]},{"@type":"ImageObject","inLanguage":"es","@id":"https:\/\/princefastener.com\/product\/self-tapping-concrete-screws\/#primaryimage","url":"https:\/\/princefastener.com\/wp-content\/uploads\/2021\/06\/self-tapping-concrete-screws.jpg","contentUrl":"https:\/\/princefastener.com\/wp-content\/uploads\/2021\/06\/self-tapping-concrete-screws.jpg","width":1000,"height":1000,"caption":"self tapping concrete screws"},{"@type":"BreadcrumbList","@id":"https:\/\/princefastener.com\/product\/self-tapping-concrete-screws\/#breadcrumb","itemListElement":[{"@type":"ListItem","position":1,"name":"Home","item":"https:\/\/princefastener.com\/"},{"@type":"ListItem","position":2,"name":"PRODUCT","item":"https:\/\/princefastener.com\/product\/"},{"@type":"ListItem","position":3,"name":"Self Tapping Concrete Screws"}]},{"@type":"WebSite","@id":"https:\/\/princefastener.com\/#website","url":"https:\/\/princefastener.com\/","name":"Fabricante de tornillos y sujetadores","description":"","publisher":{"@id":"https:\/\/princefastener.com\/#organization"},"potentialAction":[{"@type":"SearchAction","target":{"@type":"EntryPoint","urlTemplate":"https:\/\/princefastener.com\/?s={search_term_string}"},"query-input":{"@type":"PropertyValueSpecification","valueRequired":true,"valueName":"search_term_string"}}],"inLanguage":"es"},{"@type":"Organization","@id":"https:\/\/princefastener.com\/#organization","name":"Sujetador Pr\u00edncipe","url":"https:\/\/princefastener.com\/","logo":{"@type":"ImageObject","inLanguage":"es","@id":"https:\/\/princefastener.com\/#\/schema\/logo\/image\/","url":"https:\/\/princefastener.com\/wp-content\/uploads\/2021\/04\/Prince-fastener-logo.png","contentUrl":"https:\/\/princefastener.com\/wp-content\/uploads\/2021\/04\/Prince-fastener-logo.png","width":630,"height":140,"caption":"Prince Fastener"},"image":{"@id":"https:\/\/princefastener.com\/#\/schema\/logo\/image\/"},"sameAs":["https:\/\/www.facebook.com\/Prince-Fastener-Manufacturing-Co-Ltd-107643758056794","https:\/\/x.com\/PrinceFastener","https:\/\/www.instagram.com\/princefastener001\/","https:\/\/www.linkedin.com\/company\/prince-fastener","https:\/\/www.pinterest.com\/PrinceFastenereric"]}]}},"_links":{"self":[{"href":"https:\/\/princefastener.com\/es\/wp-json\/wp\/v2\/product\/1130","targetHints":{"allow":["GET"]}}],"collection":[{"href":"https:\/\/princefastener.com\/es\/wp-json\/wp\/v2\/product"}],"about":[{"href":"https:\/\/princefastener.com\/es\/wp-json\/wp\/v2\/types\/product"}],"replies":[{"embeddable":true,"href":"https:\/\/princefastener.com\/es\/wp-json\/wp\/v2\/comments?post=1130"}],"version-history":[{"count":0,"href":"https:\/\/princefastener.com\/es\/wp-json\/wp\/v2\/product\/1130\/revisions"}],"wp:featuredmedia":[{"embeddable":true,"href":"https:\/\/princefastener.com\/es\/wp-json\/wp\/v2\/media\/1127"}],"wp:attachment":[{"href":"https:\/\/princefastener.com\/es\/wp-json\/wp\/v2\/media?parent=1130"}],"wp:term":[{"taxonomy":"product_brand","embeddable":true,"href":"https:\/\/princefastener.com\/es\/wp-json\/wp\/v2\/product_brand?post=1130"},{"taxonomy":"product_cat","embeddable":true,"href":"https:\/\/princefastener.com\/es\/wp-json\/wp\/v2\/product_cat?post=1130"},{"taxonomy":"product_tag","embeddable":true,"href":"https:\/\/princefastener.com\/es\/wp-json\/wp\/v2\/product_tag?post=1130"}],"curies":[{"name":"Gracias","href":"https:\/\/api.w.org\/{rel}","templated":true}]}}