{"id":1088,"date":"2021-06-10T15:46:17","date_gmt":"2021-06-10T07:46:17","guid":{"rendered":"https:\/\/princefastener.com\/?post_type=product&#038;p=1088"},"modified":"2021-09-26T17:16:31","modified_gmt":"2021-09-26T09:16:31","slug":"tornillo-de-maquina-de-cabeza-plana","status":"publish","type":"product","link":"https:\/\/princefastener.com\/es\/product\/flat-head-machine-screw\/","title":{"rendered":"Tornillo de m\u00e1quina de cabeza plana"},"content":{"rendered":"<p>[table id=5 \/]<\/p>\n<p>&nbsp;<\/p>\n<h2 class=\"text-title\" data-id=\"below-title\"><span class=\"magic-13\" data-spm-anchor-id=\"a2700.details.0.i28.7d486862u0bthg\">What Is a Flat head machine screw?<\/span><\/h2>\n<div class=\"text-content\" data-id=\"below-content\">Prince fastener Machine screws are uniformly threaded screws of \u00bc inch nominal diameter or much less that are designed to be threaded into uniformly threaded nuts or threaded holes in the components they are meant to fasten. Machine screws are reachable in a extensive array of configurations, materials, driver head kinds and sizes. As their title implies, computer screws are used to fasten more than a few aspects collectively in machines, tools, appliances, digital units and automobiles of each and every description. They are reachable in surely each fabric consisting of steel, stainless steel, brass and even nylon.<\/div>\n<h2 class=\"text-content\" data-id=\"below-content\"><span class=\"magic-14\">Uniform Threads of Flat head machine screw<\/span><\/h2>\n<div class=\"text-content\" data-id=\"below-content\">\n<div>Uniform threads preserve the specific equal diameter all through the whole size of the threaded part of the Prince fastener. This is as adverse to tapered threads with a pointed stop such as on woodenscrews, which are meant to reduce their personal thread into the softer timber or plastic fabric they are being threaded into.<\/div>\n<div><\/div>\n<h2><span class=\"magic-14\">Flat head machine screw vs. Bolts<\/span><\/h2>\n<div>Although computing device screws are typically viewed to be smaller than bolts, Prince fastener laptop screws additionally have a tendency to be targeted as such if the major tightening of the fixed joint is carried out via turning the head of the screw. With a bolt, the<br \/>\nessential tightening technique would possibly be performed by using turning the nut retaining the bolt thru a hole.<\/div>\n<h2><span class=\"magic-14\">Flat head machine screw Applications<\/span><\/h2>\n<div>Machine screws are versatile in the range of kinds of joints they can fasten. They can be used for fastening two or greater factors with thru holes and a nut at the back of all the components. They can be surpassed via two or greater factors and then sooner or later threaded into the rearmost component, which is stable and uniformly threaded and acts as the nut in the joint. Two opposing computing device screws can additionally be used with threaded couplings to separate two plates or boards via the distance equal to the size of the coupling. Prince fastener Machine screws are additionally used for many kinds of electrical connections and terminal strips. They are additionally used to fasten many gasketed gadgets that are sandwiched collectively such as water-proof motor casings. They can additionally be threaded into Prince manufacturer fasteners, which are threaded metal inserts solid proper into plastic parts.<\/div>\n<h2><span class=\"magic-14\">Head Types of Flat head machine screw<\/span><\/h2>\n<div><span data-spm-anchor-id=\"a2700.details.0.i29.7d486862u0bthg\">Prince fastener Machine screws are on hand in a vast assortment of driver head types, along with fashionable slotted, Phillips head, hex socket head for use with Allen wrenches, Torx six-pointed star, square-drive socket head and protection heads, which are without problems pushed in however very challenging to remove.<br \/>\n<\/span><\/div>\n<h2><span data-spm-anchor-id=\"a2700.details.0.i29.7d486862u0bthg\"><span class=\"magic-14\">Threading Methods of Flat head machine screw<\/span><\/span><\/h2>\n<div>Prince fastener Machine screws may additionally have their threads shaped by means of die cutting, the place some fabric is genuinely reduce out of the grooves forming the thread, or by means of rolling or roll forming the place the thread is rolled into the screw by way of unique rolling dies below very excessive strain the place no cloth is removed.<\/div>\n<\/div>\n","protected":false},"excerpt":{"rendered":"<p>Los hilos uniformes conservan el mismo di\u00e1metro espec\u00edfico en todo el tama\u00f1o de la parte roscada del sujetador Prince. Esto es tan adverso para las roscas c\u00f3nicas con un tope puntiagudo como en los tornillos para madera, que est\u00e1n destinados a convertir su propia rosca en la madera m\u00e1s blanda o la tela de pl\u00e1stico en la que se est\u00e1n enroscando.<\/p>","protected":false},"featured_media":1090,"comment_status":"open","ping_status":"closed","template":"","meta":{"_seopress_robots_primary_cat":"0","_seopress_titles_title":"%%title%% %%page%% | From Screw Factories-Prince Fastener","_seopress_titles_desc":"Flat Head Machine Screws are applications where the installed fastener needs to sit flush with the surface it is being driven into","_seopress_robots_index":"","_joinchat":[]},"product_brand":[],"product_cat":[62,29],"product_tag":[94,95,51,52],"class_list":{"0":"post-1088","1":"product","2":"type-product","3":"status-publish","4":"has-post-thumbnail","6":"product_cat-flat-head-machine-screw","7":"product_cat-machine-screw","8":"product_tag-flat-head-machine-screw","9":"product_tag-m4-machine-screw","10":"product_tag-machine-screw","11":"product_tag-machinery-screw","13":"first","14":"instock","15":"shipping-taxable","16":"product-type-simple"},"yoast_head":"<!-- This site is optimized with the Yoast SEO plugin v27.3 - https:\/\/yoast.com\/product\/yoast-seo-wordpress\/ -->\n<title>Flat Head Machine Screw | From Screw Factories-Prince Fastener<\/title>\n<meta name=\"description\" content=\"Flat Head Machine Screws are applications where the installed fastener needs to sit flush with the surface it is being driven into\" \/>\n<meta name=\"robots\" content=\"index, follow, max-snippet:-1, max-image-preview:large, max-video-preview:-1\" \/>\n<link rel=\"canonical\" href=\"https:\/\/princefastener.com\/es\/producto\/tornillo-de-maquina-de-cabeza-plana\/\" \/>\n<meta property=\"og:locale\" content=\"es_ES\" \/>\n<meta property=\"og:type\" content=\"article\" \/>\n<meta property=\"og:title\" content=\"Flat Head Machine Screw | From Screw Factories-Prince Fastener\" \/>\n<meta property=\"og:description\" content=\"Flat Head Machine Screws are applications where the installed fastener needs to sit flush with the surface it is being driven into\" \/>\n<meta property=\"og:url\" content=\"https:\/\/princefastener.com\/es\/producto\/tornillo-de-maquina-de-cabeza-plana\/\" \/>\n<meta property=\"og:site_name\" content=\"Screws and Fasteners Manufacturer\" \/>\n<meta property=\"article:publisher\" content=\"https:\/\/www.facebook.com\/Prince-Fastener-Manufacturing-Co-Ltd-107643758056794\" \/>\n<meta property=\"article:modified_time\" content=\"2021-09-26T09:16:31+00:00\" \/>\n<meta property=\"og:image\" content=\"https:\/\/princefastener.com\/wp-content\/uploads\/2021\/06\/Flat-head-machine-screw.jpg\" \/>\n\t<meta property=\"og:image:width\" content=\"1000\" \/>\n\t<meta property=\"og:image:height\" content=\"1000\" \/>\n\t<meta property=\"og:image:type\" content=\"image\/jpeg\" \/>\n<meta name=\"twitter:card\" content=\"summary_large_image\" \/>\n<meta name=\"twitter:site\" content=\"@PrinceFastener\" \/>\n<meta name=\"twitter:label1\" content=\"Tiempo de lectura\" \/>\n\t<meta name=\"twitter:data1\" content=\"3 minutos\" \/>\n<!-- \/ Yoast SEO plugin. -->","yoast_head_json":{"title":"Tornillo de m\u00e1quina de cabeza plana | De f\u00e1bricas de tornillos-Prince Fastener","description":"Los tornillos para metales de cabeza plana son aplicaciones en las que el sujetador instalado debe asentarse al ras de la superficie en la que se introduce.","robots":{"index":"index","follow":"follow","max-snippet":"max-snippet:-1","max-image-preview":"max-image-preview:large","max-video-preview":"max-video-preview:-1"},"canonical":"https:\/\/princefastener.com\/es\/producto\/tornillo-de-maquina-de-cabeza-plana\/","og_locale":"es_ES","og_type":"article","og_title":"Flat Head Machine Screw | From Screw Factories-Prince Fastener","og_description":"Flat Head Machine Screws are applications where the installed fastener needs to sit flush with the surface it is being driven into","og_url":"https:\/\/princefastener.com\/es\/producto\/tornillo-de-maquina-de-cabeza-plana\/","og_site_name":"Screws and Fasteners Manufacturer","article_publisher":"https:\/\/www.facebook.com\/Prince-Fastener-Manufacturing-Co-Ltd-107643758056794","article_modified_time":"2021-09-26T09:16:31+00:00","og_image":[{"width":1000,"height":1000,"url":"https:\/\/princefastener.com\/wp-content\/uploads\/2021\/06\/Flat-head-machine-screw.jpg","type":"image\/jpeg"}],"twitter_card":"summary_large_image","twitter_site":"@PrinceFastener","twitter_misc":{"Tiempo de lectura":"3 minutos"},"schema":{"@context":"https:\/\/schema.org","@graph":[{"@type":"WebPage","@id":"https:\/\/princefastener.com\/product\/flat-head-machine-screw\/","url":"https:\/\/princefastener.com\/product\/flat-head-machine-screw\/","name":"Tornillo de m\u00e1quina de cabeza plana | De f\u00e1bricas de tornillos-Prince Fastener","isPartOf":{"@id":"https:\/\/princefastener.com\/#website"},"primaryImageOfPage":{"@id":"https:\/\/princefastener.com\/product\/flat-head-machine-screw\/#primaryimage"},"image":{"@id":"https:\/\/princefastener.com\/product\/flat-head-machine-screw\/#primaryimage"},"thumbnailUrl":"https:\/\/princefastener.com\/wp-content\/uploads\/2021\/06\/Flat-head-machine-screw.jpg","datePublished":"2021-06-10T07:46:17+00:00","dateModified":"2021-09-26T09:16:31+00:00","description":"Los tornillos para metales de cabeza plana son aplicaciones en las que el sujetador instalado debe asentarse al ras de la superficie en la que se introduce.","breadcrumb":{"@id":"https:\/\/princefastener.com\/product\/flat-head-machine-screw\/#breadcrumb"},"inLanguage":"es","potentialAction":[{"@type":"ReadAction","target":["https:\/\/princefastener.com\/product\/flat-head-machine-screw\/"]}]},{"@type":"ImageObject","inLanguage":"es","@id":"https:\/\/princefastener.com\/product\/flat-head-machine-screw\/#primaryimage","url":"https:\/\/princefastener.com\/wp-content\/uploads\/2021\/06\/Flat-head-machine-screw.jpg","contentUrl":"https:\/\/princefastener.com\/wp-content\/uploads\/2021\/06\/Flat-head-machine-screw.jpg","width":1000,"height":1000,"caption":"Flat head machine screw"},{"@type":"BreadcrumbList","@id":"https:\/\/princefastener.com\/product\/flat-head-machine-screw\/#breadcrumb","itemListElement":[{"@type":"ListItem","position":1,"name":"Home","item":"https:\/\/princefastener.com\/"},{"@type":"ListItem","position":2,"name":"PRODUCT","item":"https:\/\/princefastener.com\/product\/"},{"@type":"ListItem","position":3,"name":"Flat Head Machine Screw"}]},{"@type":"WebSite","@id":"https:\/\/princefastener.com\/#website","url":"https:\/\/princefastener.com\/","name":"Fabricante de tornillos y sujetadores","description":"","publisher":{"@id":"https:\/\/princefastener.com\/#organization"},"potentialAction":[{"@type":"SearchAction","target":{"@type":"EntryPoint","urlTemplate":"https:\/\/princefastener.com\/?s={search_term_string}"},"query-input":{"@type":"PropertyValueSpecification","valueRequired":true,"valueName":"search_term_string"}}],"inLanguage":"es"},{"@type":"Organization","@id":"https:\/\/princefastener.com\/#organization","name":"Sujetador Pr\u00edncipe","url":"https:\/\/princefastener.com\/","logo":{"@type":"ImageObject","inLanguage":"es","@id":"https:\/\/princefastener.com\/#\/schema\/logo\/image\/","url":"https:\/\/princefastener.com\/wp-content\/uploads\/2021\/04\/Prince-fastener-logo.png","contentUrl":"https:\/\/princefastener.com\/wp-content\/uploads\/2021\/04\/Prince-fastener-logo.png","width":630,"height":140,"caption":"Prince Fastener"},"image":{"@id":"https:\/\/princefastener.com\/#\/schema\/logo\/image\/"},"sameAs":["https:\/\/www.facebook.com\/Prince-Fastener-Manufacturing-Co-Ltd-107643758056794","https:\/\/x.com\/PrinceFastener","https:\/\/www.instagram.com\/princefastener001\/","https:\/\/www.linkedin.com\/company\/prince-fastener","https:\/\/www.pinterest.com\/PrinceFastenereric"]}]}},"_links":{"self":[{"href":"https:\/\/princefastener.com\/es\/wp-json\/wp\/v2\/product\/1088","targetHints":{"allow":["GET"]}}],"collection":[{"href":"https:\/\/princefastener.com\/es\/wp-json\/wp\/v2\/product"}],"about":[{"href":"https:\/\/princefastener.com\/es\/wp-json\/wp\/v2\/types\/product"}],"replies":[{"embeddable":true,"href":"https:\/\/princefastener.com\/es\/wp-json\/wp\/v2\/comments?post=1088"}],"version-history":[{"count":0,"href":"https:\/\/princefastener.com\/es\/wp-json\/wp\/v2\/product\/1088\/revisions"}],"wp:featuredmedia":[{"embeddable":true,"href":"https:\/\/princefastener.com\/es\/wp-json\/wp\/v2\/media\/1090"}],"wp:attachment":[{"href":"https:\/\/princefastener.com\/es\/wp-json\/wp\/v2\/media?parent=1088"}],"wp:term":[{"taxonomy":"product_brand","embeddable":true,"href":"https:\/\/princefastener.com\/es\/wp-json\/wp\/v2\/product_brand?post=1088"},{"taxonomy":"product_cat","embeddable":true,"href":"https:\/\/princefastener.com\/es\/wp-json\/wp\/v2\/product_cat?post=1088"},{"taxonomy":"product_tag","embeddable":true,"href":"https:\/\/princefastener.com\/es\/wp-json\/wp\/v2\/product_tag?post=1088"}],"curies":[{"name":"Gracias","href":"https:\/\/api.w.org\/{rel}","templated":true}]}}