{"id":1075,"date":"2021-06-10T15:04:44","date_gmt":"2021-06-10T07:04:44","guid":{"rendered":"https:\/\/princefastener.com\/?post_type=product&#038;p=1075"},"modified":"2021-09-26T17:09:48","modified_gmt":"2021-09-26T09:09:48","slug":"tornillos-para-bicicleta","status":"publish","type":"product","link":"https:\/\/princefastener.com\/es\/product\/screws-for-bike\/","title":{"rendered":"Tornillos para Bicicleta"},"content":{"rendered":"<h2>Funciones principales de los tornillos.<\/h2>\n<p>1. Para conectar o fijar objetos: por ejemplo, manijas de bloqueo, grifos, tijas de sill\u00edn<\/p>\n<p>2. Para ajustar distancias: por ejemplo, para ajustar el tornillo limitador L\/H de una transmisi\u00f3n.<\/p>\n<p>En t\u00e9rminos de tama\u00f1o, los tornillos se pueden dividir en pernos y tornillos. Los pernos son de mayor di\u00e1metro y tienen una mayor fuerza de carga. Los tornillos son de menor di\u00e1metro y tienen una menor capacidad de carga. Continuar\u00e9 refiri\u00e9ndome a ellos como tornillos en aras de la aclaraci\u00f3n.<\/p>\n<h2>Clasificaci\u00f3n de tornillos.<\/h2>\n<p>1. hilo derecho, hilo izquierdo (tambi\u00e9n se puede llamar en sentido horario\/antihorario, adelante\/atr\u00e1s, sentido horario\/antihorario).<\/p>\n<p>Los que giran en el sentido de las agujas del reloj son hilos derechos y viceversa son hilos izquierdos. Los \u00fanicos hilos inversos que se utilizan actualmente en las bicicletas son el pedalier de cinco v\u00edas y los pedales, que son los \u00fanicos dos lugares donde se utilizan hilos inversos. Todo lo dem\u00e1s es hilo positivo.<\/p>\n<p><img fetchpriority=\"high\" decoding=\"async\" class=\"aligncenter wp-image-1045 size-large\" title=\"sujetador personalizado\" src=\"https:\/\/princefastener.com\/wp-content\/uploads\/2021\/06\/custom-fastener-1024x576.jpg\" alt=\"sujetador personalizado\" width=\"800\" height=\"450\" srcset=\"https:\/\/princefastener.com\/wp-content\/uploads\/2021\/06\/custom-fastener-1024x576.jpg 1024w, https:\/\/princefastener.com\/wp-content\/uploads\/2021\/06\/custom-fastener-300x169.jpg 300w, https:\/\/princefastener.com\/wp-content\/uploads\/2021\/06\/custom-fastener-150x84.jpg 150w, https:\/\/princefastener.com\/wp-content\/uploads\/2021\/06\/custom-fastener-768x432.jpg 768w, https:\/\/princefastener.com\/wp-content\/uploads\/2021\/06\/custom-fastener-600x338.jpg 600w, https:\/\/princefastener.com\/wp-content\/uploads\/2021\/06\/custom-fastener.jpg 1500w\" sizes=\"(max-width: 800px) 100vw, 800px\" \/><\/p>\n<p><img alt=\"\" decoding=\"async\" class=\"aligncenter wp-image-1054 size-large\" title=\"pr\u00edncipe sujetadores\" src=\"https:\/\/princefastener.com\/wp-content\/uploads\/2021\/06\/prince-fasteners-1024x684.jpg\" width=\"800\" height=\"534\" srcset=\"https:\/\/princefastener.com\/wp-content\/uploads\/2021\/06\/prince-fasteners-1024x684.jpg 1024w, https:\/\/princefastener.com\/wp-content\/uploads\/2021\/06\/prince-fasteners-300x200.jpg 300w, https:\/\/princefastener.com\/wp-content\/uploads\/2021\/06\/prince-fasteners-150x100.jpg 150w, https:\/\/princefastener.com\/wp-content\/uploads\/2021\/06\/prince-fasteners-768x513.jpg 768w, https:\/\/princefastener.com\/wp-content\/uploads\/2021\/06\/prince-fasteners-600x401.jpg 600w, https:\/\/princefastener.com\/wp-content\/uploads\/2021\/06\/prince-fasteners.jpg 1200w\" sizes=\"(max-width: 800px) 100vw, 800px\" \/><\/p>\n<p><img decoding=\"async\" class=\"aligncenter wp-image-1055 size-large\" title=\"motor principe sujetador\" src=\"https:\/\/princefastener.com\/wp-content\/uploads\/2021\/06\/prince-fastener-engine-1024x684.jpg\" alt=\"motor principe sujetador\" width=\"800\" height=\"534\" srcset=\"https:\/\/princefastener.com\/wp-content\/uploads\/2021\/06\/prince-fastener-engine-1024x684.jpg 1024w, https:\/\/princefastener.com\/wp-content\/uploads\/2021\/06\/prince-fastener-engine-300x200.jpg 300w, https:\/\/princefastener.com\/wp-content\/uploads\/2021\/06\/prince-fastener-engine-150x100.jpg 150w, https:\/\/princefastener.com\/wp-content\/uploads\/2021\/06\/prince-fastener-engine-768x513.jpg 768w, https:\/\/princefastener.com\/wp-content\/uploads\/2021\/06\/prince-fastener-engine-600x401.jpg 600w, https:\/\/princefastener.com\/wp-content\/uploads\/2021\/06\/prince-fastener-engine.jpg 1200w\" sizes=\"(max-width: 800px) 100vw, 800px\" \/><\/p>","protected":false},"excerpt":{"rendered":"<p>Los Tornillos para Bicicleta girados en el sentido de las agujas del reloj son roscas derechas y viceversa son roscas izquierdas. Los \u00fanicos hilos inversos que se utilizan actualmente en las bicicletas son el pedalier de cinco v\u00edas y los pedales, que son los \u00fanicos dos lugares donde se utilizan hilos inversos. Todo lo dem\u00e1s es hilo positivo.<\/p>","protected":false},"featured_media":1067,"comment_status":"open","ping_status":"closed","template":"","meta":{"_seopress_robots_primary_cat":"0","_seopress_titles_title":"%%title%% %%page%% | From Screw Factories-Prince Fastener","_seopress_titles_desc":"Screws for Bike,it designed and produced by Prince Fastener,appliacation to bike factories,bike repair shop,and other hardware distributors","_seopress_robots_index":"","_joinchat":[]},"product_brand":[],"product_cat":[84,33],"product_tag":[90,92,91],"class_list":{"0":"post-1075","1":"product","2":"type-product","3":"status-publish","4":"has-post-thumbnail","6":"product_cat-bicycle-screw","7":"product_cat-custom-fastener","8":"product_tag-bicycle-screw","9":"product_tag-custom-screws","10":"product_tag-screws-for-bike","12":"first","13":"instock","14":"shipping-taxable","15":"product-type-simple"},"yoast_head":"<!-- This site is optimized with the Yoast SEO plugin v27.3 - https:\/\/yoast.com\/product\/yoast-seo-wordpress\/ -->\n<title>Screws for Bike | From Screw Factories-Prince Fastener<\/title>\n<meta name=\"description\" content=\"Screws for Bike,it designed and produced by Prince Fastener,appliacation to bike factories,bike repair shop,and other hardware distributors\" \/>\n<meta name=\"robots\" content=\"index, follow, max-snippet:-1, max-image-preview:large, max-video-preview:-1\" \/>\n<link rel=\"canonical\" href=\"https:\/\/princefastener.com\/es\/producto\/tornillos-para-bicicleta\/\" \/>\n<meta property=\"og:locale\" content=\"es_ES\" \/>\n<meta property=\"og:type\" content=\"article\" \/>\n<meta property=\"og:title\" content=\"Screws for Bike | From Screw Factories-Prince Fastener\" \/>\n<meta property=\"og:description\" content=\"Screws for Bike,it designed and produced by Prince Fastener,appliacation to bike factories,bike repair shop,and other hardware distributors\" \/>\n<meta property=\"og:url\" content=\"https:\/\/princefastener.com\/es\/producto\/tornillos-para-bicicleta\/\" \/>\n<meta property=\"og:site_name\" content=\"Screws and Fasteners Manufacturer\" \/>\n<meta property=\"article:publisher\" content=\"https:\/\/www.facebook.com\/Prince-Fastener-Manufacturing-Co-Ltd-107643758056794\" \/>\n<meta property=\"article:modified_time\" content=\"2021-09-26T09:09:48+00:00\" \/>\n<meta property=\"og:image\" content=\"https:\/\/princefastener.com\/wp-content\/uploads\/2021\/06\/bicycle-screw.jpg\" \/>\n\t<meta property=\"og:image:width\" content=\"1000\" \/>\n\t<meta property=\"og:image:height\" content=\"1000\" \/>\n\t<meta property=\"og:image:type\" content=\"image\/jpeg\" \/>\n<meta name=\"twitter:card\" content=\"summary_large_image\" \/>\n<meta name=\"twitter:site\" content=\"@PrinceFastener\" \/>\n<meta name=\"twitter:label1\" content=\"Tiempo de lectura\" \/>\n\t<meta name=\"twitter:data1\" content=\"1 minuto\" \/>\n<!-- \/ Yoast SEO plugin. -->","yoast_head_json":{"title":"Tornillos para Bicicleta | De f\u00e1bricas de tornillos-Prince Fastener","description":"Tornillos para bicicletas, dise\u00f1ado y producido por Prince Fastener, aplicaci\u00f3n a f\u00e1bricas de bicicletas, talleres de reparaci\u00f3n de bicicletas y otros distribuidores de hardware","robots":{"index":"index","follow":"follow","max-snippet":"max-snippet:-1","max-image-preview":"max-image-preview:large","max-video-preview":"max-video-preview:-1"},"canonical":"https:\/\/princefastener.com\/es\/producto\/tornillos-para-bicicleta\/","og_locale":"es_ES","og_type":"article","og_title":"Screws for Bike | From Screw Factories-Prince Fastener","og_description":"Screws for Bike,it designed and produced by Prince Fastener,appliacation to bike factories,bike repair shop,and other hardware distributors","og_url":"https:\/\/princefastener.com\/es\/producto\/tornillos-para-bicicleta\/","og_site_name":"Screws and Fasteners Manufacturer","article_publisher":"https:\/\/www.facebook.com\/Prince-Fastener-Manufacturing-Co-Ltd-107643758056794","article_modified_time":"2021-09-26T09:09:48+00:00","og_image":[{"width":1000,"height":1000,"url":"https:\/\/princefastener.com\/wp-content\/uploads\/2021\/06\/bicycle-screw.jpg","type":"image\/jpeg"}],"twitter_card":"summary_large_image","twitter_site":"@PrinceFastener","twitter_misc":{"Tiempo de lectura":"1 minuto"},"schema":{"@context":"https:\/\/schema.org","@graph":[{"@type":"WebPage","@id":"https:\/\/princefastener.com\/product\/screws-for-bike\/","url":"https:\/\/princefastener.com\/product\/screws-for-bike\/","name":"Tornillos para Bicicleta | De f\u00e1bricas de tornillos-Prince Fastener","isPartOf":{"@id":"https:\/\/princefastener.com\/#website"},"primaryImageOfPage":{"@id":"https:\/\/princefastener.com\/product\/screws-for-bike\/#primaryimage"},"image":{"@id":"https:\/\/princefastener.com\/product\/screws-for-bike\/#primaryimage"},"thumbnailUrl":"https:\/\/princefastener.com\/wp-content\/uploads\/2021\/06\/bicycle-screw.jpg","datePublished":"2021-06-10T07:04:44+00:00","dateModified":"2021-09-26T09:09:48+00:00","description":"Tornillos para bicicletas, dise\u00f1ado y producido por Prince Fastener, aplicaci\u00f3n a f\u00e1bricas de bicicletas, talleres de reparaci\u00f3n de bicicletas y otros distribuidores de hardware","breadcrumb":{"@id":"https:\/\/princefastener.com\/product\/screws-for-bike\/#breadcrumb"},"inLanguage":"es","potentialAction":[{"@type":"ReadAction","target":["https:\/\/princefastener.com\/product\/screws-for-bike\/"]}]},{"@type":"ImageObject","inLanguage":"es","@id":"https:\/\/princefastener.com\/product\/screws-for-bike\/#primaryimage","url":"https:\/\/princefastener.com\/wp-content\/uploads\/2021\/06\/bicycle-screw.jpg","contentUrl":"https:\/\/princefastener.com\/wp-content\/uploads\/2021\/06\/bicycle-screw.jpg","width":1000,"height":1000,"caption":"bicycle screw"},{"@type":"BreadcrumbList","@id":"https:\/\/princefastener.com\/product\/screws-for-bike\/#breadcrumb","itemListElement":[{"@type":"ListItem","position":1,"name":"Home","item":"https:\/\/princefastener.com\/"},{"@type":"ListItem","position":2,"name":"PRODUCT","item":"https:\/\/princefastener.com\/product\/"},{"@type":"ListItem","position":3,"name":"Screws for Bike"}]},{"@type":"WebSite","@id":"https:\/\/princefastener.com\/#website","url":"https:\/\/princefastener.com\/","name":"Fabricante de tornillos y sujetadores","description":"","publisher":{"@id":"https:\/\/princefastener.com\/#organization"},"potentialAction":[{"@type":"SearchAction","target":{"@type":"EntryPoint","urlTemplate":"https:\/\/princefastener.com\/?s={search_term_string}"},"query-input":{"@type":"PropertyValueSpecification","valueRequired":true,"valueName":"search_term_string"}}],"inLanguage":"es"},{"@type":"Organization","@id":"https:\/\/princefastener.com\/#organization","name":"Sujetador Pr\u00edncipe","url":"https:\/\/princefastener.com\/","logo":{"@type":"ImageObject","inLanguage":"es","@id":"https:\/\/princefastener.com\/#\/schema\/logo\/image\/","url":"https:\/\/princefastener.com\/wp-content\/uploads\/2021\/04\/Prince-fastener-logo.png","contentUrl":"https:\/\/princefastener.com\/wp-content\/uploads\/2021\/04\/Prince-fastener-logo.png","width":630,"height":140,"caption":"Prince Fastener"},"image":{"@id":"https:\/\/princefastener.com\/#\/schema\/logo\/image\/"},"sameAs":["https:\/\/www.facebook.com\/Prince-Fastener-Manufacturing-Co-Ltd-107643758056794","https:\/\/x.com\/PrinceFastener","https:\/\/www.instagram.com\/princefastener001\/","https:\/\/www.linkedin.com\/company\/prince-fastener","https:\/\/www.pinterest.com\/PrinceFastenereric"]}]}},"_links":{"self":[{"href":"https:\/\/princefastener.com\/es\/wp-json\/wp\/v2\/product\/1075","targetHints":{"allow":["GET"]}}],"collection":[{"href":"https:\/\/princefastener.com\/es\/wp-json\/wp\/v2\/product"}],"about":[{"href":"https:\/\/princefastener.com\/es\/wp-json\/wp\/v2\/types\/product"}],"replies":[{"embeddable":true,"href":"https:\/\/princefastener.com\/es\/wp-json\/wp\/v2\/comments?post=1075"}],"version-history":[{"count":0,"href":"https:\/\/princefastener.com\/es\/wp-json\/wp\/v2\/product\/1075\/revisions"}],"wp:featuredmedia":[{"embeddable":true,"href":"https:\/\/princefastener.com\/es\/wp-json\/wp\/v2\/media\/1067"}],"wp:attachment":[{"href":"https:\/\/princefastener.com\/es\/wp-json\/wp\/v2\/media?parent=1075"}],"wp:term":[{"taxonomy":"product_brand","embeddable":true,"href":"https:\/\/princefastener.com\/es\/wp-json\/wp\/v2\/product_brand?post=1075"},{"taxonomy":"product_cat","embeddable":true,"href":"https:\/\/princefastener.com\/es\/wp-json\/wp\/v2\/product_cat?post=1075"},{"taxonomy":"product_tag","embeddable":true,"href":"https:\/\/princefastener.com\/es\/wp-json\/wp\/v2\/product_tag?post=1075"}],"curies":[{"name":"Gracias","href":"https:\/\/api.w.org\/{rel}","templated":true}]}}