{"id":4112,"date":"2023-01-06T16:17:37","date_gmt":"2023-01-06T08:17:37","guid":{"rendered":"https:\/\/princefastener.com\/?page_id=4112"},"modified":"2023-01-06T16:24:41","modified_gmt":"2023-01-06T08:24:41","slug":"tornillos-de-cabeza-hueca","status":"publish","type":"page","link":"https:\/\/princefastener.com\/es\/socket-head-cap-screws\/","title":{"rendered":"Tornillos de cabeza hueca"},"content":{"rendered":"<div data-elementor-type=\"wp-page\" data-elementor-id=\"4112\" class=\"elementor elementor-4112\" data-elementor-post-type=\"page\">\n\t\t\t\t\t\t<section class=\"elementor-section elementor-top-section elementor-element elementor-element-6zgohc3 elementor-section-boxed ang-section-padding-initial elementor-section-height-default elementor-section-height-default elementor-repeater-item-none elementor-repeater-item-none_hover\" data-id=\"6zgohc3\" data-element_type=\"section\" data-e-type=\"section\" data-settings=\"{&quot;background_background&quot;:&quot;classic&quot;,&quot;shape_divider_bottom&quot;:&quot;triangle-asymmetrical&quot;,&quot;shape_divider_top&quot;:&quot;tilt&quot;}\">\n\t\t\t\t\t\t\t<div class=\"elementor-background-overlay\"><\/div>\n\t\t\t\t\t\t<div class=\"elementor-shape elementor-shape-top\" aria-hidden=\"true\" data-negative=\"false\">\n\t\t\t<svg xmlns=\"http:\/\/www.w3.org\/2000\/svg\" viewbox=\"0 0 1000 100\" preserveaspectratio=\"none\">\n\t<path class=\"elementor-shape-fill\" d=\"M0,6V0h1000v100L0,6z\"\/>\n<\/svg>\t\t<\/div>\n\t\t\t\t<div class=\"elementor-shape elementor-shape-bottom\" aria-hidden=\"true\" data-negative=\"false\">\n\t\t\t<svg xmlns=\"http:\/\/www.w3.org\/2000\/svg\" viewbox=\"0 0 1000 100\" preserveaspectratio=\"none\">\n\t<path class=\"elementor-shape-fill\" d=\"M738,99l262-93V0H0v5.6L738,99z\"\/>\n<\/svg>\t\t<\/div>\n\t\t\t\t\t<div class=\"elementor-container elementor-column-gap-default\">\n\t\t\t\t\t<div class=\"elementor-column elementor-col-100 elementor-top-column elementor-element elementor-element-78af2ff elementor-repeater-item-none elementor-repeater-item-none_hover\" data-id=\"78af2ff\" data-element_type=\"column\" data-e-type=\"column\">\n\t\t\t<div class=\"elementor-widget-wrap elementor-element-populated\">\n\t\t\t\t\t\t<section class=\"elementor-section elementor-inner-section elementor-element elementor-element-761e799 elementor-section-boxed ang-section-padding-initial elementor-section-height-default elementor-section-height-default elementor-repeater-item-none elementor-repeater-item-none_hover\" data-id=\"761e799\" data-element_type=\"section\" data-e-type=\"section\" data-settings=\"{&quot;background_background&quot;:&quot;classic&quot;}\">\n\t\t\t\t\t\t\t<div class=\"elementor-background-overlay\"><\/div>\n\t\t\t\t\t\t\t<div class=\"elementor-container elementor-column-gap-default\">\n\t\t\t\t\t<div class=\"elementor-column elementor-col-100 elementor-inner-column elementor-element elementor-element-67be174 elementor-repeater-item-none elementor-repeater-item-none_hover\" data-id=\"67be174\" data-element_type=\"column\" data-e-type=\"column\">\n\t\t\t<div class=\"elementor-widget-wrap\">\n\t\t\t\t\t\t\t<\/div>\n\t\t<\/div>\n\t\t\t\t\t<\/div>\n\t\t<\/section>\n\t\t\t\t<section class=\"elementor-section elementor-inner-section elementor-element elementor-element-c5096f1 elementor-section-boxed ang-section-padding-initial elementor-section-height-default elementor-section-height-default elementor-repeater-item-none elementor-repeater-item-none_hover\" data-id=\"c5096f1\" data-element_type=\"section\" data-e-type=\"section\">\n\t\t\t\t\t\t\t<div class=\"elementor-background-overlay\"><\/div>\n\t\t\t\t\t\t\t<div class=\"elementor-container elementor-column-gap-default\">\n\t\t\t\t\t<div class=\"elementor-column elementor-col-100 elementor-inner-column elementor-element elementor-element-a80d05b elementor-repeater-item-none elementor-repeater-item-none_hover\" data-id=\"a80d05b\" data-element_type=\"column\" data-e-type=\"column\">\n\t\t\t<div class=\"elementor-widget-wrap elementor-element-populated\">\n\t\t\t\t\t\t<div class=\"elementor-element elementor-element-605dd69 elementor-headline--style-highlight elementor-repeater-item-none elementor-repeater-item-none_hover elementor-widget elementor-widget-animated-headline\" data-id=\"605dd69\" data-element_type=\"widget\" data-e-type=\"widget\" data-settings=\"{&quot;highlighted_text&quot;:&quot;Socket Head Cap Screws&quot;,&quot;headline_style&quot;:&quot;highlight&quot;,&quot;marker&quot;:&quot;circle&quot;,&quot;loop&quot;:&quot;yes&quot;,&quot;highlight_animation_duration&quot;:1200,&quot;highlight_iteration_delay&quot;:8000}\" data-widget_type=\"animated-headline.default\">\n\t\t\t\t<div class=\"elementor-widget-container\">\n\t\t\t\t\t\t\t<h6 class=\"elementor-headline\">\n\t\t\t\t<span class=\"elementor-headline-dynamic-wrapper elementor-headline-text-wrapper\">\n\t\t\t\t\t<span class=\"elementor-headline-dynamic-text elementor-headline-text-active\">Tornillos de cabeza hueca<\/span>\n\t\t\t\t<\/span>\n\t\t\t\t<\/h6>\n\t\t\t\t\t\t<\/div>\n\t\t\t\t<\/div>\n\t\t\t\t<div class=\"elementor-element elementor-element-97cc7d6 elementor-repeater-item-none elementor-repeater-item-none_hover elementor-widget elementor-widget-text-editor\" data-id=\"97cc7d6\" data-element_type=\"widget\" data-e-type=\"widget\" data-widget_type=\"text-editor.default\">\n\t\t\t\t<div class=\"elementor-widget-container\">\n\t\t\t\t\t\t\t\t\t<p><b>Sujetador Pr\u00edncipe<\/b><span style=\"font-weight: 400;\"> se especializa en miles de componentes de sujetadores, incluidos los tornillos de cabeza hueca. Se pueden fabricar en <\/span><b>Acero al carbono, acero inoxidable, aleaci\u00f3n de acero, lat\u00f3n, aluminio, nailon, etc.<\/b><span style=\"font-weight: 400;\"> Tambi\u00e9n ofrecemos variaciones de estilos de cabeza en <\/span><b>tornillo de cabeza hueca est\u00e1ndar, cabeza de bot\u00f3n, cabeza baja y cabeza plana<\/b><span style=\"font-weight: 400;\">.<\/span><\/p><p><span style=\"font-weight: 400;\">Estamos comprometidos a ofrecer las mejores soluciones para cada fijaci\u00f3n en muchas industrias diferentes. Aceptamos pedidos personalizados de tornillos de cabeza hueca y otros tipos de sujetadores. <\/span><\/p>\t\t\t\t\t\t\t\t<\/div>\n\t\t\t\t<\/div>\n\t\t\t\t\t<\/div>\n\t\t<\/div>\n\t\t\t\t\t<\/div>\n\t\t<\/section>\n\t\t\t\t<div class=\"elementor-element elementor-element-b5c07b4 elementor-align-center elementor-repeater-item-none elementor-repeater-item-none_hover elementor-widget elementor-widget-button\" data-id=\"b5c07b4\" data-element_type=\"widget\" data-e-type=\"widget\" data-widget_type=\"button.default\">\n\t\t\t\t<div class=\"elementor-widget-container\">\n\t\t\t\t\t\t\t\t\t<div class=\"elementor-button-wrapper\">\n\t\t\t\t\t<a class=\"elementor-button elementor-button-link elementor-size-xl\" href=\"#elementor-action%3Aaction%3Dpopup%3Aopen%26settings%3DeyJpZCI6Ijc3MyIsInRvZ2dsZSI6ZmFsc2V9\">\n\t\t\t\t\t\t<span class=\"elementor-button-content-wrapper\">\n\t\t\t\t\t\t\t\t\t<span class=\"elementor-button-text\">Env\u00edame tu \u00faltimo cat\u00e1logo<\/span>\n\t\t\t\t\t<\/span>\n\t\t\t\t\t<\/a>\n\t\t\t\t<\/div>\n\t\t\t\t\t\t\t\t<\/div>\n\t\t\t\t<\/div>\n\t\t\t\t\t<\/div>\n\t\t<\/div>\n\t\t\t\t\t<\/div>\n\t\t<\/section>\n\t\t\t\t<section class=\"elementor-section elementor-top-section elementor-element elementor-element-47cedd7 elementor-section-boxed ang-section-padding-initial elementor-section-height-default elementor-section-height-default elementor-repeater-item-none elementor-repeater-item-none_hover\" data-id=\"47cedd7\" data-element_type=\"section\" data-e-type=\"section\" id=\"#definition\">\n\t\t\t\t\t\t<div class=\"elementor-container elementor-column-gap-default\">\n\t\t\t\t\t<div class=\"elementor-column elementor-col-100 elementor-top-column elementor-element elementor-element-ec6f463 elementor-repeater-item-none elementor-repeater-item-none_hover\" data-id=\"ec6f463\" data-element_type=\"column\" data-e-type=\"column\">\n\t\t\t<div class=\"elementor-widget-wrap elementor-element-populated\">\n\t\t\t\t\t\t<div class=\"elementor-element elementor-element-8728a49 elementor-repeater-item-none elementor-repeater-item-none_hover elementor-widget elementor-widget-text-editor\" data-id=\"8728a49\" data-element_type=\"widget\" data-e-type=\"widget\" data-widget_type=\"text-editor.default\">\n\t\t\t\t<div class=\"elementor-widget-container\">\n\t\t\t\t\t\t\t\t\t<h2><span style=\"font-weight: 400;\">Fabricante y proveedor de tornillos de cabeza hueca<\/span><\/h2><p><img fetchpriority=\"high\" decoding=\"async\" class=\"aligncenter wp-image-2210 size-full\" title=\"Sujetadores de acero inoxidable en l\u00ednea\" src=\"https:\/\/princefastener.com\/wp-content\/uploads\/2022\/04\/Stainless-Steel-fasteners-online.jpg\" alt=\"Sujetadores de acero inoxidable en l\u00ednea\" width=\"586\" height=\"466\" srcset=\"https:\/\/princefastener.com\/wp-content\/uploads\/2022\/04\/Stainless-Steel-fasteners-online.jpg 586w, https:\/\/princefastener.com\/wp-content\/uploads\/2022\/04\/Stainless-Steel-fasteners-online-300x239.jpg 300w, https:\/\/princefastener.com\/wp-content\/uploads\/2022\/04\/Stainless-Steel-fasteners-online-150x119.jpg 150w\" sizes=\"(max-width: 586px) 100vw, 586px\" \/><\/p><p><span style=\"font-weight: 400;\">Los tornillos de cabeza hueca tienen rosca externa y hueco hexagonal dentro de la cabeza. La llave de vaso hexagonal se acciona f\u00e1cilmente con una herramienta de impacto o una llave Allen. Son componentes fuertes y confiables ampliamente utilizados en muchas aplicaciones, como electr\u00f3nica, transporte, generadores de energ\u00eda, paneles solares, armas de fuego y plantas qu\u00edmicas.\u00a0<\/span><\/p><p><a href=\"https:\/\/princefastener.com\/es\/\" target=\"_blank\" rel=\"noopener\"><span style=\"font-weight: 400;\">Sujetador Pr\u00edncipe<\/span><\/a><span style=\"font-weight: 400;\"> es su proveedor integral de tornillos de cabeza hueca para pedidos m\u00ednimos y al por mayor. Brindamos servicios de exportaci\u00f3n e importaci\u00f3n de nuestros productos. Nos aseguramos de que la calidad de nuestros tornillos de cabeza hueca est\u00e9 a la altura de los est\u00e1ndares internacionales y en excelente forma. <\/span><\/p><p><a href=\"https:\/\/princefastener.com\/es\/categoria-producto\/el-tornillo-de-la-maquina\/tornillo-de-cabeza-hueca-2\/\" target=\"_blank\" rel=\"noopener\"><span style=\"font-weight: 400;\">Tornillos de cabeza hueca<\/span><\/a><span style=\"font-weight: 400;\"> est\u00e1n disponibles en pulgadas est\u00e1ndar y m\u00e9tricas.<\/span><\/p><p><span style=\"font-weight: 400;\">La empresa tiene capacidades extraordinarias en producci\u00f3n y servicio. Contamos con una dilatada experiencia en la fabricaci\u00f3n industrial desde hace m\u00e1s de 30 a\u00f1os. Podemos acceder f\u00e1cilmente al env\u00edo y la entrega a cualquier pa\u00eds del mundo, ya que nuestras instalaciones se encuentran cerca del puerto de Shangh\u00e1i.<\/span><\/p><p><span style=\"font-weight: 400;\">Para los requisitos cruciales de cualquier producto de fijaci\u00f3n, podemos fabricarlo directamente de acuerdo con la solicitud y el dise\u00f1o. Apoyamos a cualquier tipo de empresa que est\u00e9 buscando obtener tornillos de cabeza hueca y otros sujetadores a precios razonables.<\/span><\/p>\t\t\t\t\t\t\t\t<\/div>\n\t\t\t\t<\/div>\n\t\t\t\t<div class=\"elementor-element elementor-element-8f57947 elementor-repeater-item-none elementor-repeater-item-none_hover elementor-widget elementor-widget-heading\" data-id=\"8f57947\" data-element_type=\"widget\" data-e-type=\"widget\" data-widget_type=\"heading.default\">\n\t\t\t\t<div class=\"elementor-widget-container\">\n\t\t\t\t\t<h2 class=\"elementor-heading-title elementor-size-default\">Especificaciones del tornillo de cabeza hueca<\/h2>\t\t\t\t<\/div>\n\t\t\t\t<\/div>\n\t\t\t\t<section class=\"elementor-section elementor-inner-section elementor-element elementor-element-fd17c77 elementor-section-boxed ang-section-padding-initial elementor-section-height-default elementor-section-height-default elementor-repeater-item-none elementor-repeater-item-none_hover\" data-id=\"fd17c77\" data-element_type=\"section\" data-e-type=\"section\">\n\t\t\t\t\t\t<div class=\"elementor-container elementor-column-gap-default\">\n\t\t\t\t\t<div class=\"elementor-column elementor-col-50 elementor-inner-column elementor-element elementor-element-c908cbf elementor-repeater-item-none elementor-repeater-item-none_hover\" data-id=\"c908cbf\" data-element_type=\"column\" data-e-type=\"column\">\n\t\t\t<div class=\"elementor-widget-wrap elementor-element-populated\">\n\t\t\t\t\t\t<div class=\"elementor-element elementor-element-b3847a7 external_elementor-repeater-item-none_external elementor-repeater-item-none elementor-repeater-item-none_hover elementor-widget elementor-widget-image\" data-id=\"b3847a7\" data-element_type=\"widget\" data-e-type=\"widget\" data-widget_type=\"image.default\">\n\t\t\t\t<div class=\"elementor-widget-container\">\n\t\t\t\t\t\t\t\t\t\t\t\t\t\t\t<img decoding=\"async\" width=\"300\" height=\"300\" src=\"https:\/\/princefastener.com\/wp-content\/uploads\/2021\/06\/Hexagon-socket-bolt-300x300.jpg\" class=\"attachment-medium size-medium wp-image-1136\" alt=\"Perno de cabeza hexagonal\" srcset=\"https:\/\/princefastener.com\/wp-content\/uploads\/2021\/06\/Hexagon-socket-bolt-300x300.jpg 300w, https:\/\/princefastener.com\/wp-content\/uploads\/2021\/06\/Hexagon-socket-bolt-150x150.jpg 150w, https:\/\/princefastener.com\/wp-content\/uploads\/2021\/06\/Hexagon-socket-bolt-768x768.jpg 768w, https:\/\/princefastener.com\/wp-content\/uploads\/2021\/06\/Hexagon-socket-bolt-600x600.jpg 600w, https:\/\/princefastener.com\/wp-content\/uploads\/2021\/06\/Hexagon-socket-bolt-100x100.jpg 100w, https:\/\/princefastener.com\/wp-content\/uploads\/2021\/06\/Hexagon-socket-bolt.jpg 1000w\" sizes=\"(max-width: 300px) 100vw, 300px\" \/>\t\t\t\t\t\t\t\t\t\t\t\t\t\t\t<\/div>\n\t\t\t\t<\/div>\n\t\t\t\t\t<\/div>\n\t\t<\/div>\n\t\t\t\t<div class=\"elementor-column elementor-col-50 elementor-inner-column elementor-element elementor-element-33d2b4a elementor-repeater-item-none elementor-repeater-item-none_hover\" data-id=\"33d2b4a\" data-element_type=\"column\" data-e-type=\"column\">\n\t\t\t<div class=\"elementor-widget-wrap elementor-element-populated\">\n\t\t\t\t\t\t<div class=\"elementor-element elementor-element-57ca022 external_elementor-repeater-item-none_external elementor-repeater-item-none elementor-repeater-item-none_hover elementor-widget elementor-widget-image\" data-id=\"57ca022\" data-element_type=\"widget\" data-e-type=\"widget\" data-widget_type=\"image.default\">\n\t\t\t\t<div class=\"elementor-widget-container\">\n\t\t\t\t\t\t\t\t\t\t\t\t\t\t\t<img decoding=\"async\" width=\"300\" height=\"300\" src=\"https:\/\/princefastener.com\/wp-content\/uploads\/2021\/06\/Hexagon-socket-bolts-300x300.jpg\" class=\"attachment-medium size-medium wp-image-1138\" alt=\"Pernos de hex\u00e1gono interior\" srcset=\"https:\/\/princefastener.com\/wp-content\/uploads\/2021\/06\/Hexagon-socket-bolts-300x300.jpg 300w, https:\/\/princefastener.com\/wp-content\/uploads\/2021\/06\/Hexagon-socket-bolts-150x150.jpg 150w, https:\/\/princefastener.com\/wp-content\/uploads\/2021\/06\/Hexagon-socket-bolts-768x768.jpg 768w, https:\/\/princefastener.com\/wp-content\/uploads\/2021\/06\/Hexagon-socket-bolts-600x600.jpg 600w, https:\/\/princefastener.com\/wp-content\/uploads\/2021\/06\/Hexagon-socket-bolts-100x100.jpg 100w, https:\/\/princefastener.com\/wp-content\/uploads\/2021\/06\/Hexagon-socket-bolts.jpg 1000w\" sizes=\"(max-width: 300px) 100vw, 300px\" \/>\t\t\t\t\t\t\t\t\t\t\t\t\t\t\t<\/div>\n\t\t\t\t<\/div>\n\t\t\t\t\t<\/div>\n\t\t<\/div>\n\t\t\t\t\t<\/div>\n\t\t<\/section>\n\t\t\t\t<div class=\"elementor-element elementor-element-330b22d elementor-repeater-item-none elementor-repeater-item-none_hover elementor-widget elementor-widget-text-editor\" data-id=\"330b22d\" data-element_type=\"widget\" data-e-type=\"widget\" data-widget_type=\"text-editor.default\">\n\t\t\t\t<div class=\"elementor-widget-container\">\n\t\t\t\t\t\t\t\t\t<h3><span style=\"font-weight: 400;\">Material del tornillo de cabeza hueca<\/span><\/h3><ul><li style=\"font-weight: 400;\" aria-level=\"1\"><span style=\"font-weight: 400;\">Acero carbono<\/span><\/li><li style=\"font-weight: 400;\" aria-level=\"1\"><span style=\"font-weight: 400;\">Acero inoxidable<\/span><\/li><li style=\"font-weight: 400;\" aria-level=\"1\"><span style=\"font-weight: 400;\">Aleaci\u00f3n de acero<\/span><\/li><li style=\"font-weight: 400;\" aria-level=\"1\"><span style=\"font-weight: 400;\">Aluminio<\/span><\/li><li style=\"font-weight: 400;\" aria-level=\"1\"><span style=\"font-weight: 400;\">Inconel<\/span><\/li><li style=\"font-weight: 400;\" aria-level=\"1\"><span style=\"font-weight: 400;\">Lat\u00f3n<\/span><\/li><li style=\"font-weight: 400;\" aria-level=\"1\"><span style=\"font-weight: 400;\">Hastelloy<\/span><\/li><\/ul><p><b><i>**Podemos fabricar seg\u00fan pedido del cliente**<\/i><\/b><\/p><h3><span style=\"font-weight: 400;\">Tornillo de cabeza hueca est\u00e1ndar<\/span><\/h3><ul><li style=\"font-weight: 400;\" aria-level=\"1\"><span style=\"font-weight: 400;\">ESTRUENDO<\/span><\/li><li style=\"font-weight: 400;\" aria-level=\"1\"><span style=\"font-weight: 400;\">ES<\/span><\/li><li style=\"font-weight: 400;\" aria-level=\"1\"><span style=\"font-weight: 400;\">YO ASI<\/span><\/li><li style=\"font-weight: 400;\" aria-level=\"1\"><span style=\"font-weight: 400;\">JIS<\/span><\/li><li style=\"font-weight: 400;\" aria-level=\"1\"><span style=\"font-weight: 400;\">licenciado en Letras<\/span><\/li><li style=\"font-weight: 400;\" aria-level=\"1\"><span style=\"font-weight: 400;\">ANSI<\/span><\/li><\/ul><p><b><i>**Podemos fabricar seg\u00fan pedido del cliente**<\/i><\/b><\/p><h3><span style=\"font-weight: 400;\">Grado de tornillo de cabeza hueca<\/span><\/h3><ul><li style=\"font-weight: 400;\" aria-level=\"1\"><span style=\"font-weight: 400;\">SS304, SS316, 12-70<\/span><\/li><li style=\"font-weight: 400;\" aria-level=\"1\"><span style=\"font-weight: 400;\">A2-80, A4-80<\/span><\/li><li style=\"font-weight: 400;\" aria-level=\"1\"><span style=\"font-weight: 400;\">10.9, 12.9, 2, 4.6, 5, 5.8, 8<\/span><\/li><\/ul><p><b><i>**Podemos fabricar seg\u00fan pedido del cliente**<\/i><\/b><\/p><h3><span style=\"font-weight: 400;\">Tama\u00f1o del tornillo de cabeza hueca<\/span><\/h3><ul><li style=\"font-weight: 400;\" aria-level=\"1\"><span style=\"font-weight: 400;\">M16-40<\/span><\/li><li style=\"font-weight: 400;\" aria-level=\"1\"><span style=\"font-weight: 400;\">M16-130<\/span><\/li><\/ul><p><b><i>**Podemos fabricar seg\u00fan pedido del cliente**<\/i><\/b><\/p><h3><span style=\"font-weight: 400;\">Acabado de tornillo de cabeza hueca<\/span><\/h3><ul><li style=\"font-weight: 400;\" aria-level=\"1\"><span style=\"font-weight: 400;\">Polaco<\/span><\/li><li style=\"font-weight: 400;\" aria-level=\"1\"><span style=\"font-weight: 400;\">pasivaci\u00f3n<\/span><\/li><li style=\"font-weight: 400;\" aria-level=\"1\"><span style=\"font-weight: 400;\">Galvanizado<\/span><\/li><li style=\"font-weight: 400;\" aria-level=\"1\"><span style=\"font-weight: 400;\">HDG<\/span><\/li><\/ul><p><b><i>**Podemos fabricar seg\u00fan pedido del cliente**<\/i><\/b><\/p>\t\t\t\t\t\t\t\t<\/div>\n\t\t\t\t<\/div>\n\t\t\t\t\t<\/div>\n\t\t<\/div>\n\t\t\t\t\t<\/div>\n\t\t<\/section>\n\t\t\t\t<\/div>","protected":false},"excerpt":{"rendered":"<p>Flange Washer Supplier and Manufacturer Prince Fastener is a manufacturer and worldwide supplier of flange washers, Belleville washers, shoulder washers, bolts, screws, nuts, etc. The company is certified by ISO, DIN, JIS, ANSI, and GB. We have served different industries like chemical plants, energy plants, construction, medical, military, manufacturing, automotive, distribution markets, and more. Send [&hellip;]<\/p>\n","protected":false},"author":32,"featured_media":2210,"parent":0,"menu_order":0,"comment_status":"closed","ping_status":"closed","template":"","meta":{"_seopress_robots_primary_cat":"0","_seopress_titles_title":"","_seopress_titles_desc":"We also offer variations of head styles in standard socket head cap screw, button head, low head, and flat head.","_seopress_robots_index":"","_joinchat":[],"footnotes":""},"class_list":["post-4112","page","type-page","status-publish","has-post-thumbnail","hentry"],"yoast_head":"<!-- This site is optimized with the Yoast SEO plugin v27.4 - https:\/\/yoast.com\/product\/yoast-seo-wordpress\/ -->\n<title>Socket Head Cap Screws - Screws and Fasteners Manufacturer<\/title>\n<meta name=\"description\" content=\"We also offer variations of head styles in standard socket head cap screw, button head, low head, and flat head.\" \/>\n<meta name=\"robots\" content=\"index, follow, max-snippet:-1, max-image-preview:large, max-video-preview:-1\" \/>\n<link rel=\"canonical\" href=\"https:\/\/princefastener.com\/es\/tornillos-de-cabeza-hueca\/\" \/>\n<meta property=\"og:locale\" content=\"es_ES\" \/>\n<meta property=\"og:type\" content=\"article\" \/>\n<meta property=\"og:title\" content=\"Socket Head Cap Screws - Screws and Fasteners Manufacturer\" \/>\n<meta property=\"og:description\" content=\"We also offer variations of head styles in standard socket head cap screw, button head, low head, and flat head.\" \/>\n<meta property=\"og:url\" content=\"https:\/\/princefastener.com\/es\/tornillos-de-cabeza-hueca\/\" \/>\n<meta property=\"og:site_name\" content=\"Screws and Fasteners Manufacturer\" \/>\n<meta property=\"article:publisher\" content=\"https:\/\/www.facebook.com\/Prince-Fastener-Manufacturing-Co-Ltd-107643758056794\" \/>\n<meta property=\"article:modified_time\" content=\"2023-01-06T08:24:41+00:00\" \/>\n<meta property=\"og:image\" content=\"https:\/\/princefastener.com\/wp-content\/uploads\/2022\/04\/Stainless-Steel-fasteners-online.jpg\" \/>\n\t<meta property=\"og:image:width\" content=\"586\" \/>\n\t<meta property=\"og:image:height\" content=\"466\" \/>\n\t<meta property=\"og:image:type\" content=\"image\/jpeg\" \/>\n<meta name=\"twitter:card\" content=\"summary_large_image\" \/>\n<meta name=\"twitter:site\" content=\"@PrinceFastener\" \/>\n<meta name=\"twitter:label1\" content=\"Tiempo de lectura\" \/>\n\t<meta name=\"twitter:data1\" content=\"3 minutos\" \/>\n<!-- \/ Yoast SEO plugin. -->","yoast_head_json":{"title":"Tornillos de cabeza hueca - Fabricante de tornillos y sujetadores","description":"Tambi\u00e9n ofrecemos variaciones de estilos de cabeza en tornillos de cabeza hueca est\u00e1ndar, cabeza de bot\u00f3n, cabeza baja y cabeza plana.","robots":{"index":"index","follow":"follow","max-snippet":"max-snippet:-1","max-image-preview":"max-image-preview:large","max-video-preview":"max-video-preview:-1"},"canonical":"https:\/\/princefastener.com\/es\/tornillos-de-cabeza-hueca\/","og_locale":"es_ES","og_type":"article","og_title":"Socket Head Cap Screws - Screws and Fasteners Manufacturer","og_description":"We also offer variations of head styles in standard socket head cap screw, button head, low head, and flat head.","og_url":"https:\/\/princefastener.com\/es\/tornillos-de-cabeza-hueca\/","og_site_name":"Screws and Fasteners Manufacturer","article_publisher":"https:\/\/www.facebook.com\/Prince-Fastener-Manufacturing-Co-Ltd-107643758056794","article_modified_time":"2023-01-06T08:24:41+00:00","og_image":[{"width":586,"height":466,"url":"https:\/\/princefastener.com\/wp-content\/uploads\/2022\/04\/Stainless-Steel-fasteners-online.jpg","type":"image\/jpeg"}],"twitter_card":"summary_large_image","twitter_site":"@PrinceFastener","twitter_misc":{"Tiempo de lectura":"3 minutos"},"schema":{"@context":"https:\/\/schema.org","@graph":[{"@type":"WebPage","@id":"https:\/\/princefastener.com\/socket-head-cap-screws\/","url":"https:\/\/princefastener.com\/socket-head-cap-screws\/","name":"Tornillos de cabeza hueca - Fabricante de tornillos y sujetadores","isPartOf":{"@id":"https:\/\/princefastener.com\/#website"},"primaryImageOfPage":{"@id":"https:\/\/princefastener.com\/socket-head-cap-screws\/#primaryimage"},"image":{"@id":"https:\/\/princefastener.com\/socket-head-cap-screws\/#primaryimage"},"thumbnailUrl":"https:\/\/princefastener.com\/wp-content\/uploads\/2022\/04\/Stainless-Steel-fasteners-online.jpg","datePublished":"2023-01-06T08:17:37+00:00","dateModified":"2023-01-06T08:24:41+00:00","description":"Tambi\u00e9n ofrecemos variaciones de estilos de cabeza en tornillos de cabeza hueca est\u00e1ndar, cabeza de bot\u00f3n, cabeza baja y cabeza plana.","breadcrumb":{"@id":"https:\/\/princefastener.com\/socket-head-cap-screws\/#breadcrumb"},"inLanguage":"es","potentialAction":[{"@type":"ReadAction","target":["https:\/\/princefastener.com\/socket-head-cap-screws\/"]}]},{"@type":"ImageObject","inLanguage":"es","@id":"https:\/\/princefastener.com\/socket-head-cap-screws\/#primaryimage","url":"https:\/\/princefastener.com\/wp-content\/uploads\/2022\/04\/Stainless-Steel-fasteners-online.jpg","contentUrl":"https:\/\/princefastener.com\/wp-content\/uploads\/2022\/04\/Stainless-Steel-fasteners-online.jpg","width":586,"height":466,"caption":"Stainless Steel fasteners online"},{"@type":"BreadcrumbList","@id":"https:\/\/princefastener.com\/socket-head-cap-screws\/#breadcrumb","itemListElement":[{"@type":"ListItem","position":1,"name":"Home","item":"https:\/\/princefastener.com\/"},{"@type":"ListItem","position":2,"name":"Socket Head Cap Screws"}]},{"@type":"WebSite","@id":"https:\/\/princefastener.com\/#website","url":"https:\/\/princefastener.com\/","name":"Fabricante de tornillos y sujetadores","description":"","publisher":{"@id":"https:\/\/princefastener.com\/#organization"},"potentialAction":[{"@type":"SearchAction","target":{"@type":"EntryPoint","urlTemplate":"https:\/\/princefastener.com\/?s={search_term_string}"},"query-input":{"@type":"PropertyValueSpecification","valueRequired":true,"valueName":"search_term_string"}}],"inLanguage":"es"},{"@type":"Organization","@id":"https:\/\/princefastener.com\/#organization","name":"Sujetador Pr\u00edncipe","url":"https:\/\/princefastener.com\/","logo":{"@type":"ImageObject","inLanguage":"es","@id":"https:\/\/princefastener.com\/#\/schema\/logo\/image\/","url":"https:\/\/princefastener.com\/wp-content\/uploads\/2021\/04\/Prince-fastener-logo.png","contentUrl":"https:\/\/princefastener.com\/wp-content\/uploads\/2021\/04\/Prince-fastener-logo.png","width":630,"height":140,"caption":"Prince Fastener"},"image":{"@id":"https:\/\/princefastener.com\/#\/schema\/logo\/image\/"},"sameAs":["https:\/\/www.facebook.com\/Prince-Fastener-Manufacturing-Co-Ltd-107643758056794","https:\/\/x.com\/PrinceFastener","https:\/\/www.instagram.com\/princefastener001\/","https:\/\/www.linkedin.com\/company\/prince-fastener","https:\/\/www.pinterest.com\/PrinceFastenereric"]}]}},"_links":{"self":[{"href":"https:\/\/princefastener.com\/es\/wp-json\/wp\/v2\/pages\/4112","targetHints":{"allow":["GET"]}}],"collection":[{"href":"https:\/\/princefastener.com\/es\/wp-json\/wp\/v2\/pages"}],"about":[{"href":"https:\/\/princefastener.com\/es\/wp-json\/wp\/v2\/types\/page"}],"author":[{"embeddable":true,"href":"https:\/\/princefastener.com\/es\/wp-json\/wp\/v2\/users\/32"}],"replies":[{"embeddable":true,"href":"https:\/\/princefastener.com\/es\/wp-json\/wp\/v2\/comments?post=4112"}],"version-history":[{"count":0,"href":"https:\/\/princefastener.com\/es\/wp-json\/wp\/v2\/pages\/4112\/revisions"}],"wp:featuredmedia":[{"embeddable":true,"href":"https:\/\/princefastener.com\/es\/wp-json\/wp\/v2\/media\/2210"}],"wp:attachment":[{"href":"https:\/\/princefastener.com\/es\/wp-json\/wp\/v2\/media?parent=4112"}],"curies":[{"name":"Gracias","href":"https:\/\/api.w.org\/{rel}","templated":true}]}}