{"id":4111,"date":"2023-01-06T16:26:32","date_gmt":"2023-01-06T08:26:32","guid":{"rendered":"https:\/\/princefastener.com\/?page_id=4111"},"modified":"2023-01-06T16:29:54","modified_gmt":"2023-01-06T08:29:54","slug":"tuercas-hexagonales-de-acero-inoxidable","status":"publish","type":"page","link":"https:\/\/princefastener.com\/es\/stainless-steel-hex-nuts\/","title":{"rendered":"Tuercas hexagonales de acero inoxidable"},"content":{"rendered":"<div data-elementor-type=\"wp-page\" data-elementor-id=\"4111\" class=\"elementor elementor-4111\" data-elementor-post-type=\"page\">\n\t\t\t\t\t\t<section class=\"elementor-section elementor-top-section elementor-element elementor-element-6zgohc3 elementor-section-boxed ang-section-padding-initial elementor-section-height-default elementor-section-height-default elementor-repeater-item-none elementor-repeater-item-none_hover\" data-id=\"6zgohc3\" data-element_type=\"section\" data-e-type=\"section\" data-settings=\"{&quot;background_background&quot;:&quot;classic&quot;,&quot;shape_divider_bottom&quot;:&quot;triangle-asymmetrical&quot;,&quot;shape_divider_top&quot;:&quot;tilt&quot;}\">\n\t\t\t\t\t\t\t<div class=\"elementor-background-overlay\"><\/div>\n\t\t\t\t\t\t<div class=\"elementor-shape elementor-shape-top\" aria-hidden=\"true\" data-negative=\"false\">\n\t\t\t<svg xmlns=\"http:\/\/www.w3.org\/2000\/svg\" viewbox=\"0 0 1000 100\" preserveaspectratio=\"none\">\n\t<path class=\"elementor-shape-fill\" d=\"M0,6V0h1000v100L0,6z\"\/>\n<\/svg>\t\t<\/div>\n\t\t\t\t<div class=\"elementor-shape elementor-shape-bottom\" aria-hidden=\"true\" data-negative=\"false\">\n\t\t\t<svg xmlns=\"http:\/\/www.w3.org\/2000\/svg\" viewbox=\"0 0 1000 100\" preserveaspectratio=\"none\">\n\t<path class=\"elementor-shape-fill\" d=\"M738,99l262-93V0H0v5.6L738,99z\"\/>\n<\/svg>\t\t<\/div>\n\t\t\t\t\t<div class=\"elementor-container elementor-column-gap-default\">\n\t\t\t\t\t<div class=\"elementor-column elementor-col-100 elementor-top-column elementor-element elementor-element-78af2ff elementor-repeater-item-none elementor-repeater-item-none_hover\" data-id=\"78af2ff\" data-element_type=\"column\" data-e-type=\"column\">\n\t\t\t<div class=\"elementor-widget-wrap elementor-element-populated\">\n\t\t\t\t\t\t<section class=\"elementor-section elementor-inner-section elementor-element elementor-element-c5096f1 elementor-section-boxed ang-section-padding-initial elementor-section-height-default elementor-section-height-default elementor-repeater-item-none elementor-repeater-item-none_hover\" data-id=\"c5096f1\" data-element_type=\"section\" data-e-type=\"section\">\n\t\t\t\t\t\t\t<div class=\"elementor-background-overlay\"><\/div>\n\t\t\t\t\t\t\t<div class=\"elementor-container elementor-column-gap-default\">\n\t\t\t\t\t<div class=\"elementor-column elementor-col-100 elementor-inner-column elementor-element elementor-element-a80d05b elementor-repeater-item-none elementor-repeater-item-none_hover\" data-id=\"a80d05b\" data-element_type=\"column\" data-e-type=\"column\">\n\t\t\t<div class=\"elementor-widget-wrap elementor-element-populated\">\n\t\t\t\t\t\t<div class=\"elementor-element elementor-element-605dd69 elementor-headline--style-highlight elementor-repeater-item-none elementor-repeater-item-none_hover elementor-widget elementor-widget-animated-headline\" data-id=\"605dd69\" data-element_type=\"widget\" data-e-type=\"widget\" data-settings=\"{&quot;highlighted_text&quot;:&quot;Stainless Steel Hex Nuts&quot;,&quot;headline_style&quot;:&quot;highlight&quot;,&quot;marker&quot;:&quot;circle&quot;,&quot;loop&quot;:&quot;yes&quot;,&quot;highlight_animation_duration&quot;:1200,&quot;highlight_iteration_delay&quot;:8000}\" data-widget_type=\"animated-headline.default\">\n\t\t\t\t<div class=\"elementor-widget-container\">\n\t\t\t\t\t\t\t<h6 class=\"elementor-headline\">\n\t\t\t\t<span class=\"elementor-headline-dynamic-wrapper elementor-headline-text-wrapper\">\n\t\t\t\t\t<span class=\"elementor-headline-dynamic-text elementor-headline-text-active\">Tuercas hexagonales de acero inoxidable<\/span>\n\t\t\t\t<\/span>\n\t\t\t\t<\/h6>\n\t\t\t\t\t\t<\/div>\n\t\t\t\t<\/div>\n\t\t\t\t<div class=\"elementor-element elementor-element-97cc7d6 elementor-repeater-item-none elementor-repeater-item-none_hover elementor-widget elementor-widget-text-editor\" data-id=\"97cc7d6\" data-element_type=\"widget\" data-e-type=\"widget\" data-widget_type=\"text-editor.default\">\n\t\t\t\t<div class=\"elementor-widget-container\">\n\t\t\t\t\t\t\t\t\t<p><b>Sujetador Pr\u00edncipe<\/b><span style=\"font-weight: 400;\"> es su proveedor integral de sujetadores para tuercas hexagonales de acero inoxidable, tuercas hexagonales est\u00e1ndar, tuercas hexagonales pesadas, tuercas hexagonales ranuradas, etc. Ofrecemos una amplia variedad de diferentes <\/span><a href=\"https:\/\/princefastener.com\/es\/cuales-son-los-tipos-de-tuercas-pernos-y-tornillos\/\" target=\"_blank\" rel=\"noopener\"><span style=\"font-weight: 400;\">tipos de nueces<\/span><\/a><span style=\"font-weight: 400;\"> para diferentes aplicaciones.<\/span><\/p><p><span style=\"font-weight: 400;\">Las tuercas hexagonales se usan junto con sujetadores roscados como pernos y tornillos. Tambi\u00e9n suministramos variaciones de diferentes tipos de sujetadores para cualquier industria. Nos aseguramos <\/span><b>tuercas hexagonales de acero inoxidable de alta calidad<\/b><span style=\"font-weight: 400;\"> en las normas de ISO, DIN, JIS, GB, etc.<\/span><\/p>\t\t\t\t\t\t\t\t<\/div>\n\t\t\t\t<\/div>\n\t\t\t\t\t<\/div>\n\t\t<\/div>\n\t\t\t\t\t<\/div>\n\t\t<\/section>\n\t\t\t\t<div class=\"elementor-element elementor-element-b5c07b4 elementor-align-center elementor-repeater-item-none elementor-repeater-item-none_hover elementor-widget elementor-widget-button\" data-id=\"b5c07b4\" data-element_type=\"widget\" data-e-type=\"widget\" data-widget_type=\"button.default\">\n\t\t\t\t<div class=\"elementor-widget-container\">\n\t\t\t\t\t\t\t\t\t<div class=\"elementor-button-wrapper\">\n\t\t\t\t\t<a class=\"elementor-button elementor-button-link elementor-size-xl\" href=\"#elementor-action%3Aaction%3Dpopup%3Aopen%26settings%3DeyJpZCI6Ijc3MyIsInRvZ2dsZSI6ZmFsc2V9\">\n\t\t\t\t\t\t<span class=\"elementor-button-content-wrapper\">\n\t\t\t\t\t\t\t\t\t<span class=\"elementor-button-text\">Env\u00edame tu \u00faltimo cat\u00e1logo<\/span>\n\t\t\t\t\t<\/span>\n\t\t\t\t\t<\/a>\n\t\t\t\t<\/div>\n\t\t\t\t\t\t\t\t<\/div>\n\t\t\t\t<\/div>\n\t\t\t\t\t<\/div>\n\t\t<\/div>\n\t\t\t\t\t<\/div>\n\t\t<\/section>\n\t\t\t\t<section class=\"elementor-section elementor-top-section elementor-element elementor-element-47cedd7 elementor-section-boxed ang-section-padding-initial elementor-section-height-default elementor-section-height-default elementor-repeater-item-none elementor-repeater-item-none_hover\" data-id=\"47cedd7\" data-element_type=\"section\" data-e-type=\"section\" id=\"#definition\">\n\t\t\t\t\t\t<div class=\"elementor-container elementor-column-gap-default\">\n\t\t\t\t\t<div class=\"elementor-column elementor-col-100 elementor-top-column elementor-element elementor-element-ec6f463 elementor-repeater-item-none elementor-repeater-item-none_hover\" data-id=\"ec6f463\" data-element_type=\"column\" data-e-type=\"column\">\n\t\t\t<div class=\"elementor-widget-wrap elementor-element-populated\">\n\t\t\t\t\t\t<div class=\"elementor-element elementor-element-8728a49 elementor-repeater-item-none elementor-repeater-item-none_hover elementor-widget elementor-widget-text-editor\" data-id=\"8728a49\" data-element_type=\"widget\" data-e-type=\"widget\" data-widget_type=\"text-editor.default\">\n\t\t\t\t<div class=\"elementor-widget-container\">\n\t\t\t\t\t\t\t\t\t<h2><span style=\"font-weight: 400;\">Fabricante y proveedor de tuercas hexagonales de acero inoxidable<\/span><\/h2><p><img fetchpriority=\"high\" decoding=\"async\" class=\"aligncenter wp-image-3843 size-full\" title=\"Figura 1. Fijaci\u00f3n de tornillos y tuercas de acero inoxidable\" src=\"https:\/\/princefastener.com\/wp-content\/uploads\/2022\/03\/Figure-1.-Stainless-steel-bolts-and-nuts-fastener.jpg\" alt=\"Figura 1. Fijaci\u00f3n de tornillos y tuercas de acero inoxidable\" width=\"626\" height=\"418\" srcset=\"https:\/\/princefastener.com\/wp-content\/uploads\/2022\/03\/Figure-1.-Stainless-steel-bolts-and-nuts-fastener.jpg 626w, https:\/\/princefastener.com\/wp-content\/uploads\/2022\/03\/Figure-1.-Stainless-steel-bolts-and-nuts-fastener-300x200.jpg 300w, https:\/\/princefastener.com\/wp-content\/uploads\/2022\/03\/Figure-1.-Stainless-steel-bolts-and-nuts-fastener-150x100.jpg 150w, https:\/\/princefastener.com\/wp-content\/uploads\/2022\/03\/Figure-1.-Stainless-steel-bolts-and-nuts-fastener-600x401.jpg 600w\" sizes=\"(max-width: 626px) 100vw, 626px\" \/><\/p><p><a href=\"https:\/\/princefastener.com\/es\/producto\/nueces\/\" target=\"_blank\" rel=\"noopener\"><span style=\"font-weight: 400;\">Tuercas hexagonales<\/span><\/a><span style=\"font-weight: 400;\"> son un tipo est\u00e1ndar de nueces que generalmente se combinan con <\/span><a href=\"https:\/\/princefastener.com\/es\/categoria-producto\/tornillos-y-nueses\/pernos-hexagonales\/\" target=\"_blank\" rel=\"noopener\"><span style=\"font-weight: 400;\">pernos hexagonales<\/span><\/a><span style=\"font-weight: 400;\">. Son de forma hexagonal y de gran dureza y gran resistencia al estiramiento o ensanchamiento por vibraciones. Las aplicaciones comunes de los pernos y tuercas hexagonales incluyen maquinaria, motores, equipos industriales, muebles y m\u00e1s.<\/span><\/p><p><a href=\"https:\/\/princefastener.com\/es\/\" target=\"_blank\" rel=\"noopener\"><span style=\"font-weight: 400;\">Sujetador principe<\/span><\/a><span style=\"font-weight: 400;\"> ha estado entregando sujetadores est\u00e1ndar y no est\u00e1ndar, incluidas tuercas hexagonales, durante m\u00e1s de 30 a\u00f1os. Somos un fabricante y proveedor l\u00edder de tuercas hexagonales y sujetadores de acero inoxidable de alta calidad. Tambi\u00e9n ofrecemos fabricaci\u00f3n personalizada de requisitos espec\u00edficos y solicitudes de clientes. Nuestras instalaciones est\u00e1n equipadas con tecnolog\u00eda y maquinaria de avanzada para satisfacer las especificaciones personalizadas de tuercas hexagonales en materiales, tama\u00f1os, formas, etc.<\/span><\/p><h2><span style=\"font-weight: 400;\">Especificaciones de tuercas hexagonales de acero inoxidable<\/span><\/h2><h3><span style=\"font-weight: 400;\">Material de las tuercas hexagonales<\/span><\/h3><ul><li style=\"font-weight: 400;\" aria-level=\"1\"><span style=\"font-weight: 400;\">Acero inoxidable<\/span><\/li><li style=\"font-weight: 400;\" aria-level=\"1\"><span style=\"font-weight: 400;\">Acero de alta resistencia<\/span><\/li><li style=\"font-weight: 400;\" aria-level=\"1\"><span style=\"font-weight: 400;\">Acero carbono<\/span><\/li><li style=\"font-weight: 400;\" aria-level=\"1\"><span style=\"font-weight: 400;\">Titanio<\/span><\/li><li style=\"font-weight: 400;\" aria-level=\"1\"><span style=\"font-weight: 400;\">Inconel<\/span><\/li><li style=\"font-weight: 400;\" aria-level=\"1\"><span style=\"font-weight: 400;\">Aluminio<\/span><\/li><li style=\"font-weight: 400;\" aria-level=\"1\"><span style=\"font-weight: 400;\">Monel<\/span><\/li><\/ul><p><b><i>**Podemos fabricar seg\u00fan pedido del cliente**<\/i><\/b><\/p><h3><span style=\"font-weight: 400;\">Tuercas hexagonales est\u00e1ndar<\/span><\/h3><ul><li style=\"font-weight: 400;\" aria-level=\"1\"><span style=\"font-weight: 400;\">ESTRUENDO<\/span><\/li><li style=\"font-weight: 400;\" aria-level=\"1\"><span style=\"font-weight: 400;\">ES<\/span><\/li><li style=\"font-weight: 400;\" aria-level=\"1\"><span style=\"font-weight: 400;\">YO ASI<\/span><\/li><li style=\"font-weight: 400;\" aria-level=\"1\"><span style=\"font-weight: 400;\">JIS<\/span><\/li><li style=\"font-weight: 400;\" aria-level=\"1\"><span style=\"font-weight: 400;\">licenciado en Letras<\/span><\/li><li style=\"font-weight: 400;\" aria-level=\"1\"><span style=\"font-weight: 400;\">ANSI<\/span><\/li><\/ul><p><b><i>**Podemos fabricar seg\u00fan pedido del cliente**<\/i><\/b><\/p><h3><span style=\"font-weight: 400;\">Grado de tuercas hexagonales<\/span><\/h3><ul><li style=\"font-weight: 400;\" aria-level=\"1\"><span style=\"font-weight: 400;\">3.6, 4.8, 5.6, 6.8, 8.8, 9.8, 10.9, 12.9<\/span><\/li><\/ul><p><b><i>**Podemos fabricar seg\u00fan pedido del cliente**<\/i><\/b><\/p><h3><span style=\"font-weight: 400;\">Tama\u00f1o de tuercas hexagonales<\/span><\/h3><ul><li style=\"font-weight: 400;\" aria-level=\"1\"><span style=\"font-weight: 400;\">M1-M160<\/span><\/li><\/ul><p><b><i>**Podemos fabricar seg\u00fan pedido del cliente**<\/i><\/b><\/p><h3><span style=\"font-weight: 400;\">Acabado de tuercas hexagonales<\/span><\/h3><ul><li style=\"font-weight: 400;\" aria-level=\"1\"><span style=\"font-weight: 400;\">Galvanizado en Caliente<\/span><\/li><li style=\"font-weight: 400;\" aria-level=\"1\"><span style=\"font-weight: 400;\">Negro<\/span><\/li><li style=\"font-weight: 400;\" aria-level=\"1\"><span style=\"font-weight: 400;\">pasivado<\/span><\/li><li style=\"font-weight: 400;\" aria-level=\"1\"><span style=\"font-weight: 400;\">Color Cinc<\/span><\/li><li style=\"font-weight: 400;\" aria-level=\"1\"><span style=\"font-weight: 400;\">Azul blanco<\/span><\/li><li style=\"font-weight: 400;\" aria-level=\"1\"><span style=\"font-weight: 400;\">Zinc<\/span><\/li><li style=\"font-weight: 400;\" aria-level=\"1\"><span style=\"font-weight: 400;\">amarillo cinc<\/span><\/li><\/ul><p><b><i>**Podemos fabricar seg\u00fan pedido del cliente**<\/i><\/b><\/p><h3><span style=\"font-weight: 400;\">Tipos de tuercas hexagonales<\/span><\/h3><ul><li style=\"font-weight: 400;\" aria-level=\"1\"><span style=\"font-weight: 400;\">Nueces Bellota<\/span><\/li><li style=\"font-weight: 400;\" aria-level=\"1\"><span style=\"font-weight: 400;\">Tuercas de brida<\/span><\/li><li style=\"font-weight: 400;\" aria-level=\"1\"><span style=\"font-weight: 400;\">Tuercas hexagonales pesadas<\/span><\/li><li style=\"font-weight: 400;\" aria-level=\"1\"><span style=\"font-weight: 400;\">Nueces Mermeladas<\/span><\/li><li style=\"font-weight: 400;\" aria-level=\"1\"><span style=\"font-weight: 400;\">mant\u00e9n las nueces<\/span><\/li><li style=\"font-weight: 400;\" aria-level=\"1\"><span style=\"font-weight: 400;\">Tuercas de tornillo de m\u00e1quina<\/span><\/li><li style=\"font-weight: 400;\" aria-level=\"1\"><span style=\"font-weight: 400;\">Contratuercas con inserci\u00f3n de nailon<\/span><\/li><li style=\"font-weight: 400;\" aria-level=\"1\"><span style=\"font-weight: 400;\">Tuercas de acoplamiento<\/span><\/li><li style=\"font-weight: 400;\" aria-level=\"1\"><span style=\"font-weight: 400;\">Tuercas hexagonales ranuradas<\/span><\/li><li style=\"font-weight: 400;\" aria-level=\"1\"><span style=\"font-weight: 400;\">Tuercas cuadradas<\/span><\/li><li style=\"font-weight: 400;\" aria-level=\"1\"><span style=\"font-weight: 400;\">Tuercas de mariposa<\/span><\/li><\/ul><p><b><i>**Podemos fabricar seg\u00fan pedido del cliente**<\/i><\/b><\/p>\t\t\t\t\t\t\t\t<\/div>\n\t\t\t\t<\/div>\n\t\t\t\t<div class=\"elementor-element elementor-element-b50eed2 elementor-repeater-item-none elementor-repeater-item-none_hover elementor-widget elementor-widget-text-editor\" data-id=\"b50eed2\" data-element_type=\"widget\" data-e-type=\"widget\" data-widget_type=\"text-editor.default\">\n\t\t\t\t<div class=\"elementor-widget-container\">\n\t\t\t\t\t\t\t\t\t<h4 style=\"text-align: center;\"><span style=\"font-weight: 400;\">quiero ordenar<\/span><b> tuercas hexagonales personalizadas<\/b><span style=\"font-weight: 400;\">? Cont\u00e1ctenos hoy y obtenga su cotizaci\u00f3n gratis.<\/span><\/h4>\t\t\t\t\t\t\t\t<\/div>\n\t\t\t\t<\/div>\n\t\t\t\t\t<\/div>\n\t\t<\/div>\n\t\t\t\t\t<\/div>\n\t\t<\/section>\n\t\t\t\t<\/div>","protected":false},"excerpt":{"rendered":"<p>Flange Washer Supplier and Manufacturer Prince Fastener is a manufacturer and worldwide supplier of flange washers, Belleville washers, shoulder washers, bolts, screws, nuts, etc. The company is certified by ISO, DIN, JIS, ANSI, and GB. We have served different industries like chemical plants, energy plants, construction, medical, military, manufacturing, automotive, distribution markets, and more. Send [&hellip;]<\/p>\n","protected":false},"author":32,"featured_media":3944,"parent":0,"menu_order":0,"comment_status":"closed","ping_status":"closed","template":"","meta":{"_seopress_robots_primary_cat":"0","_seopress_titles_title":"","_seopress_titles_desc":"Prince Fastener is your one-stop fastener supplier for stainless steel hex nuts, standard hex nuts, heavy hex nuts, hex slotted nuts, etc.","_seopress_robots_index":"","_joinchat":[],"footnotes":""},"class_list":["post-4111","page","type-page","status-publish","has-post-thumbnail","hentry"],"yoast_head":"<!-- This site is optimized with the Yoast SEO plugin v27.3 - https:\/\/yoast.com\/product\/yoast-seo-wordpress\/ -->\n<title>Stainless Steel Hex Nuts - Screws and Fasteners Manufacturer<\/title>\n<meta name=\"description\" content=\"Prince Fastener is your one-stop fastener supplier for stainless steel hex nuts, standard hex nuts, heavy hex nuts, hex slotted nuts, etc.\" \/>\n<meta name=\"robots\" content=\"index, follow, max-snippet:-1, max-image-preview:large, max-video-preview:-1\" \/>\n<link rel=\"canonical\" href=\"https:\/\/princefastener.com\/es\/tuercas-hexagonales-de-acero-inoxidable\/\" \/>\n<meta property=\"og:locale\" content=\"es_ES\" \/>\n<meta property=\"og:type\" content=\"article\" \/>\n<meta property=\"og:title\" content=\"Stainless Steel Hex Nuts - Screws and Fasteners Manufacturer\" \/>\n<meta property=\"og:description\" content=\"Prince Fastener is your one-stop fastener supplier for stainless steel hex nuts, standard hex nuts, heavy hex nuts, hex slotted nuts, etc.\" \/>\n<meta property=\"og:url\" content=\"https:\/\/princefastener.com\/es\/tuercas-hexagonales-de-acero-inoxidable\/\" \/>\n<meta property=\"og:site_name\" content=\"Screws and Fasteners Manufacturer\" \/>\n<meta property=\"article:publisher\" content=\"https:\/\/www.facebook.com\/Prince-Fastener-Manufacturing-Co-Ltd-107643758056794\" \/>\n<meta property=\"article:modified_time\" content=\"2023-01-06T08:29:54+00:00\" \/>\n<meta property=\"og:image\" content=\"https:\/\/princefastener.com\/wp-content\/uploads\/2022\/12\/DALL\u00b7E-2022-12-13-12.57.06-hex-weld-nut-2.png\" \/>\n\t<meta property=\"og:image:width\" content=\"512\" \/>\n\t<meta property=\"og:image:height\" content=\"512\" \/>\n\t<meta property=\"og:image:type\" content=\"image\/png\" \/>\n<meta name=\"twitter:card\" content=\"summary_large_image\" \/>\n<meta name=\"twitter:site\" content=\"@PrinceFastener\" \/>\n<meta name=\"twitter:label1\" content=\"Tiempo de lectura\" \/>\n\t<meta name=\"twitter:data1\" content=\"3 minutos\" \/>\n<!-- \/ Yoast SEO plugin. -->","yoast_head_json":{"title":"Tuercas hexagonales de acero inoxidable - Fabricante de tornillos y sujetadores","description":"Prince Fastener es su proveedor integral de sujetadores para tuercas hexagonales de acero inoxidable, tuercas hexagonales est\u00e1ndar, tuercas hexagonales pesadas, tuercas hexagonales ranuradas, etc.","robots":{"index":"index","follow":"follow","max-snippet":"max-snippet:-1","max-image-preview":"max-image-preview:large","max-video-preview":"max-video-preview:-1"},"canonical":"https:\/\/princefastener.com\/es\/tuercas-hexagonales-de-acero-inoxidable\/","og_locale":"es_ES","og_type":"article","og_title":"Stainless Steel Hex Nuts - Screws and Fasteners Manufacturer","og_description":"Prince Fastener is your one-stop fastener supplier for stainless steel hex nuts, standard hex nuts, heavy hex nuts, hex slotted nuts, etc.","og_url":"https:\/\/princefastener.com\/es\/tuercas-hexagonales-de-acero-inoxidable\/","og_site_name":"Screws and Fasteners Manufacturer","article_publisher":"https:\/\/www.facebook.com\/Prince-Fastener-Manufacturing-Co-Ltd-107643758056794","article_modified_time":"2023-01-06T08:29:54+00:00","og_image":[{"width":512,"height":512,"url":"https:\/\/princefastener.com\/wp-content\/uploads\/2022\/12\/DALL\u00b7E-2022-12-13-12.57.06-hex-weld-nut-2.png","type":"image\/png"}],"twitter_card":"summary_large_image","twitter_site":"@PrinceFastener","twitter_misc":{"Tiempo de lectura":"3 minutos"},"schema":{"@context":"https:\/\/schema.org","@graph":[{"@type":"WebPage","@id":"https:\/\/princefastener.com\/stainless-steel-hex-nuts\/","url":"https:\/\/princefastener.com\/stainless-steel-hex-nuts\/","name":"Tuercas hexagonales de acero inoxidable - Fabricante de tornillos y sujetadores","isPartOf":{"@id":"https:\/\/princefastener.com\/#website"},"primaryImageOfPage":{"@id":"https:\/\/princefastener.com\/stainless-steel-hex-nuts\/#primaryimage"},"image":{"@id":"https:\/\/princefastener.com\/stainless-steel-hex-nuts\/#primaryimage"},"thumbnailUrl":"https:\/\/princefastener.com\/wp-content\/uploads\/2022\/12\/DALL\u00b7E-2022-12-13-12.57.06-hex-weld-nut-2.png","datePublished":"2023-01-06T08:26:32+00:00","dateModified":"2023-01-06T08:29:54+00:00","description":"Prince Fastener es su proveedor integral de sujetadores para tuercas hexagonales de acero inoxidable, tuercas hexagonales est\u00e1ndar, tuercas hexagonales pesadas, tuercas hexagonales ranuradas, etc.","breadcrumb":{"@id":"https:\/\/princefastener.com\/stainless-steel-hex-nuts\/#breadcrumb"},"inLanguage":"es","potentialAction":[{"@type":"ReadAction","target":["https:\/\/princefastener.com\/stainless-steel-hex-nuts\/"]}]},{"@type":"ImageObject","inLanguage":"es","@id":"https:\/\/princefastener.com\/stainless-steel-hex-nuts\/#primaryimage","url":"https:\/\/princefastener.com\/wp-content\/uploads\/2022\/12\/DALL\u00b7E-2022-12-13-12.57.06-hex-weld-nut-2.png","contentUrl":"https:\/\/princefastener.com\/wp-content\/uploads\/2022\/12\/DALL\u00b7E-2022-12-13-12.57.06-hex-weld-nut-2.png","width":512,"height":512,"caption":"DALL\u00b7E 2022 12 13 12.57.06 hex weld nut 2"},{"@type":"BreadcrumbList","@id":"https:\/\/princefastener.com\/stainless-steel-hex-nuts\/#breadcrumb","itemListElement":[{"@type":"ListItem","position":1,"name":"Home","item":"https:\/\/princefastener.com\/"},{"@type":"ListItem","position":2,"name":"Stainless Steel Hex Nuts"}]},{"@type":"WebSite","@id":"https:\/\/princefastener.com\/#website","url":"https:\/\/princefastener.com\/","name":"Fabricante de tornillos y sujetadores","description":"","publisher":{"@id":"https:\/\/princefastener.com\/#organization"},"potentialAction":[{"@type":"SearchAction","target":{"@type":"EntryPoint","urlTemplate":"https:\/\/princefastener.com\/?s={search_term_string}"},"query-input":{"@type":"PropertyValueSpecification","valueRequired":true,"valueName":"search_term_string"}}],"inLanguage":"es"},{"@type":"Organization","@id":"https:\/\/princefastener.com\/#organization","name":"Sujetador Pr\u00edncipe","url":"https:\/\/princefastener.com\/","logo":{"@type":"ImageObject","inLanguage":"es","@id":"https:\/\/princefastener.com\/#\/schema\/logo\/image\/","url":"https:\/\/princefastener.com\/wp-content\/uploads\/2021\/04\/Prince-fastener-logo.png","contentUrl":"https:\/\/princefastener.com\/wp-content\/uploads\/2021\/04\/Prince-fastener-logo.png","width":630,"height":140,"caption":"Prince Fastener"},"image":{"@id":"https:\/\/princefastener.com\/#\/schema\/logo\/image\/"},"sameAs":["https:\/\/www.facebook.com\/Prince-Fastener-Manufacturing-Co-Ltd-107643758056794","https:\/\/x.com\/PrinceFastener","https:\/\/www.instagram.com\/princefastener001\/","https:\/\/www.linkedin.com\/company\/prince-fastener","https:\/\/www.pinterest.com\/PrinceFastenereric"]}]}},"_links":{"self":[{"href":"https:\/\/princefastener.com\/es\/wp-json\/wp\/v2\/pages\/4111","targetHints":{"allow":["GET"]}}],"collection":[{"href":"https:\/\/princefastener.com\/es\/wp-json\/wp\/v2\/pages"}],"about":[{"href":"https:\/\/princefastener.com\/es\/wp-json\/wp\/v2\/types\/page"}],"author":[{"embeddable":true,"href":"https:\/\/princefastener.com\/es\/wp-json\/wp\/v2\/users\/32"}],"replies":[{"embeddable":true,"href":"https:\/\/princefastener.com\/es\/wp-json\/wp\/v2\/comments?post=4111"}],"version-history":[{"count":0,"href":"https:\/\/princefastener.com\/es\/wp-json\/wp\/v2\/pages\/4111\/revisions"}],"wp:featuredmedia":[{"embeddable":true,"href":"https:\/\/princefastener.com\/es\/wp-json\/wp\/v2\/media\/3944"}],"wp:attachment":[{"href":"https:\/\/princefastener.com\/es\/wp-json\/wp\/v2\/media?parent=4111"}],"curies":[{"name":"Gracias","href":"https:\/\/api.w.org\/{rel}","templated":true}]}}