{"id":4088,"date":"2023-01-04T18:34:13","date_gmt":"2023-01-04T10:34:13","guid":{"rendered":"https:\/\/princefastener.com\/?page_id=4088"},"modified":"2023-01-04T18:38:02","modified_gmt":"2023-01-04T10:38:02","slug":"fabricante-de-tuercas-de-brida","status":"publish","type":"page","link":"https:\/\/princefastener.com\/es\/flange-nut-manufacturer\/","title":{"rendered":"Fabricante de tuercas con reborde"},"content":{"rendered":"<div data-elementor-type=\"wp-page\" data-elementor-id=\"4088\" class=\"elementor elementor-4088\" data-elementor-post-type=\"page\">\n\t\t\t\t\t\t<section class=\"elementor-section elementor-top-section elementor-element elementor-element-6zgohc3 elementor-section-boxed ang-section-padding-initial elementor-section-height-default elementor-section-height-default elementor-repeater-item-none elementor-repeater-item-none_hover\" data-id=\"6zgohc3\" data-element_type=\"section\" data-e-type=\"section\" data-settings=\"{&quot;background_background&quot;:&quot;classic&quot;,&quot;shape_divider_bottom&quot;:&quot;triangle-asymmetrical&quot;,&quot;shape_divider_top&quot;:&quot;tilt&quot;}\">\n\t\t\t\t\t\t\t<div class=\"elementor-background-overlay\"><\/div>\n\t\t\t\t\t\t<div class=\"elementor-shape elementor-shape-top\" aria-hidden=\"true\" data-negative=\"false\">\n\t\t\t<svg xmlns=\"http:\/\/www.w3.org\/2000\/svg\" viewbox=\"0 0 1000 100\" preserveaspectratio=\"none\">\n\t<path class=\"elementor-shape-fill\" d=\"M0,6V0h1000v100L0,6z\"\/>\n<\/svg>\t\t<\/div>\n\t\t\t\t<div class=\"elementor-shape elementor-shape-bottom\" aria-hidden=\"true\" data-negative=\"false\">\n\t\t\t<svg xmlns=\"http:\/\/www.w3.org\/2000\/svg\" viewbox=\"0 0 1000 100\" preserveaspectratio=\"none\">\n\t<path class=\"elementor-shape-fill\" d=\"M738,99l262-93V0H0v5.6L738,99z\"\/>\n<\/svg>\t\t<\/div>\n\t\t\t\t\t<div class=\"elementor-container elementor-column-gap-default\">\n\t\t\t\t\t<div class=\"elementor-column elementor-col-100 elementor-top-column elementor-element elementor-element-78af2ff elementor-repeater-item-none elementor-repeater-item-none_hover\" data-id=\"78af2ff\" data-element_type=\"column\" data-e-type=\"column\">\n\t\t\t<div class=\"elementor-widget-wrap elementor-element-populated\">\n\t\t\t\t\t\t<div class=\"elementor-element elementor-element-605dd69 elementor-headline--style-highlight elementor-repeater-item-none elementor-repeater-item-none_hover elementor-widget elementor-widget-animated-headline\" data-id=\"605dd69\" data-element_type=\"widget\" data-e-type=\"widget\" data-settings=\"{&quot;highlighted_text&quot;:&quot;Flange Nut Manufacturer&quot;,&quot;headline_style&quot;:&quot;highlight&quot;,&quot;marker&quot;:&quot;circle&quot;,&quot;loop&quot;:&quot;yes&quot;,&quot;highlight_animation_duration&quot;:1200,&quot;highlight_iteration_delay&quot;:8000}\" data-widget_type=\"animated-headline.default\">\n\t\t\t\t<div class=\"elementor-widget-container\">\n\t\t\t\t\t\t\t<h6 class=\"elementor-headline\">\n\t\t\t\t<span class=\"elementor-headline-dynamic-wrapper elementor-headline-text-wrapper\">\n\t\t\t\t\t<span class=\"elementor-headline-dynamic-text elementor-headline-text-active\">Fabricante de tuercas con reborde<\/span>\n\t\t\t\t<\/span>\n\t\t\t\t<\/h6>\n\t\t\t\t\t\t<\/div>\n\t\t\t\t<\/div>\n\t\t\t\t<section class=\"elementor-section elementor-inner-section elementor-element elementor-element-761e799 elementor-section-boxed ang-section-padding-initial elementor-section-height-default elementor-section-height-default elementor-repeater-item-none elementor-repeater-item-none_hover\" data-id=\"761e799\" data-element_type=\"section\" data-e-type=\"section\" data-settings=\"{&quot;background_background&quot;:&quot;classic&quot;}\">\n\t\t\t\t\t\t\t<div class=\"elementor-background-overlay\"><\/div>\n\t\t\t\t\t\t\t<div class=\"elementor-container elementor-column-gap-default\">\n\t\t\t\t\t<div class=\"elementor-column elementor-col-33 elementor-inner-column elementor-element elementor-element-4c83a36 elementor-repeater-item-none elementor-repeater-item-none_hover\" data-id=\"4c83a36\" data-element_type=\"column\" data-e-type=\"column\">\n\t\t\t<div class=\"elementor-widget-wrap elementor-element-populated\">\n\t\t\t\t\t\t<div class=\"elementor-element elementor-element-7f4a5f4 elementor-repeater-item-none elementor-repeater-item-none_hover elementor-widget elementor-widget-heading\" data-id=\"7f4a5f4\" data-element_type=\"widget\" data-e-type=\"widget\" data-widget_type=\"heading.default\">\n\t\t\t\t<div class=\"elementor-widget-container\">\n\t\t\t\t\t<h2 class=\"elementor-heading-title elementor-size-xl\">\n<\/h2>\t\t\t\t<\/div>\n\t\t\t\t<\/div>\n\t\t\t\t\t<\/div>\n\t\t<\/div>\n\t\t\t\t<div class=\"elementor-column elementor-col-33 elementor-inner-column elementor-element elementor-element-2e85962 elementor-repeater-item-none elementor-repeater-item-none_hover\" data-id=\"2e85962\" data-element_type=\"column\" data-e-type=\"column\">\n\t\t\t<div class=\"elementor-widget-wrap elementor-element-populated\">\n\t\t\t\t\t\t\t<\/div>\n\t\t<\/div>\n\t\t\t\t<div class=\"elementor-column elementor-col-33 elementor-inner-column elementor-element elementor-element-76faa85 elementor-repeater-item-none elementor-repeater-item-none_hover\" data-id=\"76faa85\" data-element_type=\"column\" data-e-type=\"column\">\n\t\t\t<div class=\"elementor-widget-wrap elementor-element-populated\">\n\t\t\t\t\t\t\t<\/div>\n\t\t<\/div>\n\t\t\t\t\t<\/div>\n\t\t<\/section>\n\t\t\t\t<section class=\"elementor-section elementor-inner-section elementor-element elementor-element-b31f143 elementor-section-boxed ang-section-padding-initial elementor-section-height-default elementor-section-height-default elementor-repeater-item-none elementor-repeater-item-none_hover\" data-id=\"b31f143\" data-element_type=\"section\" data-e-type=\"section\">\n\t\t\t\t\t\t\t<div class=\"elementor-background-overlay\"><\/div>\n\t\t\t\t\t\t\t<div class=\"elementor-container elementor-column-gap-default\">\n\t\t\t\t\t<div class=\"elementor-column elementor-col-100 elementor-inner-column elementor-element elementor-element-4c2cc6f elementor-repeater-item-none elementor-repeater-item-none_hover\" data-id=\"4c2cc6f\" data-element_type=\"column\" data-e-type=\"column\">\n\t\t\t<div class=\"elementor-widget-wrap elementor-element-populated\">\n\t\t\t\t\t\t<div class=\"elementor-element elementor-element-5a41a31 elementor-repeater-item-none elementor-repeater-item-none_hover elementor-widget elementor-widget-heading\" data-id=\"5a41a31\" data-element_type=\"widget\" data-e-type=\"widget\" data-widget_type=\"heading.default\">\n\t\t\t\t<div class=\"elementor-widget-container\">\n\t\t\t\t\t<h6 class=\"elementor-heading-title elementor-size-xl\">Proveedor y fabricante mundial<\/h6>\t\t\t\t<\/div>\n\t\t\t\t<\/div>\n\t\t\t\t\t<\/div>\n\t\t<\/div>\n\t\t\t\t\t<\/div>\n\t\t<\/section>\n\t\t\t\t<section class=\"elementor-section elementor-inner-section elementor-element elementor-element-c5096f1 elementor-section-boxed ang-section-padding-initial elementor-section-height-default elementor-section-height-default elementor-repeater-item-none elementor-repeater-item-none_hover\" data-id=\"c5096f1\" data-element_type=\"section\" data-e-type=\"section\">\n\t\t\t\t\t\t\t<div class=\"elementor-background-overlay\"><\/div>\n\t\t\t\t\t\t\t<div class=\"elementor-container elementor-column-gap-default\">\n\t\t\t\t\t<div class=\"elementor-column elementor-col-100 elementor-inner-column elementor-element elementor-element-a80d05b elementor-repeater-item-none elementor-repeater-item-none_hover\" data-id=\"a80d05b\" data-element_type=\"column\" data-e-type=\"column\">\n\t\t\t<div class=\"elementor-widget-wrap elementor-element-populated\">\n\t\t\t\t\t\t<div class=\"elementor-element elementor-element-97cc7d6 elementor-repeater-item-none elementor-repeater-item-none_hover elementor-widget elementor-widget-text-editor\" data-id=\"97cc7d6\" data-element_type=\"widget\" data-e-type=\"widget\" data-widget_type=\"text-editor.default\">\n\t\t\t\t<div class=\"elementor-widget-container\">\n\t\t\t\t\t\t\t\t\t<p><span style=\"font-weight: 400;\">Prince Fastener cuenta con tecnolog\u00eda y maquinaria avanzada que produce una amplia variedad de sujetadores, especialmente tuercas con brida. Tenemos m\u00e1s de 30 a\u00f1os de experiencia en el suministro de componentes especiales como tornillos, pernos, arandelas, tuercas, sujetadores para autom\u00f3viles, tratamiento de superficies, OEM y sujetadores personalizados. Nuestras instalaciones est\u00e1n ubicadas en Shangh\u00e1i y en la provincia china de Nan-tong y fabrican una amplia gama de capacidades. Hemos servido a millones de sujetadores en todo el mundo y continuamos apoyando a miles de clientes en la actualidad.<\/span><\/p>\t\t\t\t\t\t\t\t<\/div>\n\t\t\t\t<\/div>\n\t\t\t\t\t<\/div>\n\t\t<\/div>\n\t\t\t\t\t<\/div>\n\t\t<\/section>\n\t\t\t\t<div class=\"elementor-element elementor-element-b5c07b4 elementor-align-center elementor-repeater-item-none elementor-repeater-item-none_hover elementor-widget elementor-widget-button\" data-id=\"b5c07b4\" data-element_type=\"widget\" data-e-type=\"widget\" data-widget_type=\"button.default\">\n\t\t\t\t<div class=\"elementor-widget-container\">\n\t\t\t\t\t\t\t\t\t<div class=\"elementor-button-wrapper\">\n\t\t\t\t\t<a class=\"elementor-button elementor-button-link elementor-size-xl\" href=\"#elementor-action%3Aaction%3Dpopup%3Aopen%26settings%3DeyJpZCI6Ijc3MyIsInRvZ2dsZSI6ZmFsc2V9\">\n\t\t\t\t\t\t<span class=\"elementor-button-content-wrapper\">\n\t\t\t\t\t\t\t\t\t<span class=\"elementor-button-text\">Env\u00edame tu \u00faltimo cat\u00e1logo<\/span>\n\t\t\t\t\t<\/span>\n\t\t\t\t\t<\/a>\n\t\t\t\t<\/div>\n\t\t\t\t\t\t\t\t<\/div>\n\t\t\t\t<\/div>\n\t\t\t\t\t<\/div>\n\t\t<\/div>\n\t\t\t\t\t<\/div>\n\t\t<\/section>\n\t\t\t\t<section class=\"elementor-section elementor-top-section elementor-element elementor-element-47cedd7 elementor-section-boxed ang-section-padding-initial elementor-section-height-default elementor-section-height-default elementor-repeater-item-none elementor-repeater-item-none_hover\" data-id=\"47cedd7\" data-element_type=\"section\" data-e-type=\"section\" id=\"#definition\">\n\t\t\t\t\t\t<div class=\"elementor-container elementor-column-gap-default\">\n\t\t\t\t\t<div class=\"elementor-column elementor-col-100 elementor-top-column elementor-element elementor-element-ec6f463 elementor-repeater-item-none elementor-repeater-item-none_hover\" data-id=\"ec6f463\" data-element_type=\"column\" data-e-type=\"column\">\n\t\t\t<div class=\"elementor-widget-wrap elementor-element-populated\">\n\t\t\t\t\t\t<div class=\"elementor-element elementor-element-f378a9a elementor-repeater-item-none elementor-repeater-item-none_hover elementor-widget elementor-widget-heading\" data-id=\"f378a9a\" data-element_type=\"widget\" data-e-type=\"widget\" id=\"definitions\" data-widget_type=\"heading.default\">\n\t\t\t\t<div class=\"elementor-widget-container\">\n\t\t\t\t\t<h2 class=\"elementor-heading-title elementor-size-default\">Descripci\u00f3n de la tuerca de brida<\/h2>\t\t\t\t<\/div>\n\t\t\t\t<\/div>\n\t\t\t\t<div class=\"elementor-element elementor-element-8728a49 elementor-repeater-item-none elementor-repeater-item-none_hover elementor-widget elementor-widget-text-editor\" data-id=\"8728a49\" data-element_type=\"widget\" data-e-type=\"widget\" data-widget_type=\"text-editor.default\">\n\t\t\t\t<div class=\"elementor-widget-container\">\n\t\t\t\t\t\t\t\t\t<p><span style=\"font-weight: 400;\">Las tuercas con brida son tuercas hexagonales est\u00e1ndar con una brida ancha en un extremo que mejora la superficie de apoyo del \u00e1rea de carga o act\u00faa como una arandela integrada. La brida brinda un gran beneficio en las uniones atornilladas al eliminar las posibilidades de fallas como da\u00f1os y aflojamiento.<\/span><\/p><p><span style=\"font-weight: 400;\">Las tuercas con brida tienen una amplia selecci\u00f3n de tipos conocidos. Los m\u00e1s comunes son los siguientes; <\/span><b>tuercas de seguridad con brida, tuercas de seguridad con brida hexagonales est\u00e1ndar, tuercas de seguridad con brida de nailon, tuercas de seguridad con brida hexagonal m\u00e9trica, tuercas de seguridad con brida dentada, tuercas de seguridad con brida dentada m\u00e9trica, tuercas de rueda con brida, tuercas de brida de escape,<\/b><span style=\"font-weight: 400;\"> etc.<\/span><\/p><h2><span style=\"font-weight: 400;\">Especificaciones de la tuerca con brida<\/span><\/h2><p><img fetchpriority=\"high\" decoding=\"async\" class=\"aligncenter wp-image-3945 size-medium\" title=\"DALL\u00b7E 2022 12 13 12.57.15 tuerca hexagonal para soldar 2\" src=\"https:\/\/princefastener.com\/wp-content\/uploads\/2022\/12\/DALL\u00b7E-2022-12-13-12.57.15-hex-weld-nut-2-300x300.png\" alt=\"tuerca hexagonal para soldar 2\" width=\"300\" height=\"300\" srcset=\"https:\/\/princefastener.com\/wp-content\/uploads\/2022\/12\/DALL\u00b7E-2022-12-13-12.57.15-hex-weld-nut-2-300x300.png 300w, https:\/\/princefastener.com\/wp-content\/uploads\/2022\/12\/DALL\u00b7E-2022-12-13-12.57.15-hex-weld-nut-2-150x150.png 150w, https:\/\/princefastener.com\/wp-content\/uploads\/2022\/12\/DALL\u00b7E-2022-12-13-12.57.15-hex-weld-nut-2-100x100.png 100w, https:\/\/princefastener.com\/wp-content\/uploads\/2022\/12\/DALL\u00b7E-2022-12-13-12.57.15-hex-weld-nut-2.png 512w\" sizes=\"(max-width: 300px) 100vw, 300px\" \/><\/p><table><tbody><tr><td><p><b>Material<\/b><\/p><\/td><td><p><span style=\"font-weight: 400;\">Acero al carbono, acero inoxidable, acero, aleaci\u00f3n de acero, aluminio, pl\u00e1stico, titanio<\/span><\/p><p><b><i>*Podemos fabricar de acuerdo a las solicitudes del cliente*<\/i><\/b><\/p><\/td><\/tr><tr><td><p><b>Tama\u00f1o\u00a0<\/b><\/p><\/td><td><p><span style=\"font-weight: 400;\">M\u00e9trico y est\u00e1ndar, M5-M20<\/span><\/p><p><b><i>*Podemos fabricar de acuerdo a las solicitudes del cliente*<\/i><\/b><\/p><\/td><\/tr><tr><td><p><b>Los grados<\/b><\/p><\/td><td><p><span style=\"font-weight: 400;\">2, 4.8, 5, 6.8, 8, 8.8, 9.8 10.9, 12.9<\/span><\/p><p><b><i>*Podemos fabricar de acuerdo a las solicitudes del cliente*<\/i><\/b><\/p><\/td><\/tr><tr><td><p><b>Est\u00e1ndares<\/b><\/p><\/td><td><p><span style=\"font-weight: 400;\">ISO, estruendo, JIS, ASTM<\/span><\/p><p><b><i>*Podemos fabricar de acuerdo a las solicitudes del cliente*<\/i><\/b><\/p><\/td><\/tr><tr><td><p><b>Industrias de aplicaci\u00f3n<\/b><\/p><\/td><td><p><span style=\"font-weight: 400;\">Electr\u00f3nica, petroqu\u00edmica, productos de consumo, transporte, agricultura, maquinaria pesada, construcci\u00f3n, automotriz, m\u00e9dica, militar, aeroespacial, petr\u00f3leo y gas, muebles<\/span><\/p><\/td><\/tr><\/tbody><\/table><h2><span style=\"font-weight: 400;\">El mejor fabricante y proveedor de tuercas con brida<\/span><\/h2><p><span style=\"font-weight: 400;\"><strong>Sujetador Pr\u00edncipe<\/strong> es una empresa de sujetadores confiable compuesta por profesionales trabajadores en la producci\u00f3n y procesamiento de productos de sujetadores. Nuestras instalaciones est\u00e1n equipadas con maquinaria avanzada que es capaz de fabricar una amplia gama de variaciones de diferentes sujetadores. Garantizamos la m\u00e1s alta calidad de tuercas con brida y otros productos de fijaci\u00f3n con el mejor servicio para ayudar a las industrias y las personas a encontrar las soluciones adecuadas.<\/span><\/p><p><span style=\"font-weight: 400;\">Nuestra competencia ha demostrado proporcionar productos de alta calidad, excelentes soluciones, est\u00e1ndares de servicio y satisfacci\u00f3n del cliente. Ofrecemos una experiencia completa en el cumplimiento de los diferentes requisitos de sujeci\u00f3n con nuestros servicios personalizados. Nos comprometemos a garantizar que nuestros productos se fabriquen con calidad, sean confiables, duraderos y a precios razonables.<\/span><\/p><p><strong><a href=\"https:\/\/princefastener.com\/es\/\">Sujetador Pr\u00edncipe<\/a><\/strong><span style=\"font-weight: 400;\"> puede personalizar completamente las tuercas con brida y otros sujetadores de acuerdo con los requisitos de la aplicaci\u00f3n y las necesidades del cliente. Podemos hacer realidad tus dise\u00f1os y dibujos.<\/span><\/p><h3><span style=\"font-weight: 400;\">Otras variaciones de tuercas de sujeci\u00f3n<\/span><\/h3><ul><li aria-level=\"1\"><b>Tuercas hexagonales<\/b><\/li><\/ul><ul><li aria-level=\"1\"><b>Tuercas ciegas<\/b><\/li><\/ul><ul><li aria-level=\"1\"><b>Tuercas de transmisi\u00f3n cruzada<\/b><\/li><\/ul><ul><li aria-level=\"1\"><b>Tuercas de acoplamiento<\/b><\/li><\/ul><ul><li aria-level=\"1\"><b>Tuercas moleteadas<\/b><\/li><\/ul><ul><li aria-level=\"1\"><b>Tuercas de seguridad<\/b><\/li><\/ul><ul><li aria-level=\"1\"><b>Tuercas de mariposa<\/b><\/li><li aria-level=\"1\"><b>Tuercas personalizadas<\/b><\/li><\/ul>\t\t\t\t\t\t\t\t<\/div>\n\t\t\t\t<\/div>\n\t\t\t\t\t<\/div>\n\t\t<\/div>\n\t\t\t\t\t<\/div>\n\t\t<\/section>\n\t\t\t\t<section class=\"elementor-section elementor-top-section elementor-element elementor-element-98c5700 elementor-section-boxed ang-section-padding-initial elementor-section-height-default elementor-section-height-default elementor-repeater-item-none elementor-repeater-item-none_hover\" data-id=\"98c5700\" data-element_type=\"section\" data-e-type=\"section\" data-settings=\"{&quot;shape_divider_top&quot;:&quot;opacity-fan&quot;}\">\n\t\t\t\t\t\t\t<div class=\"elementor-background-overlay\"><\/div>\n\t\t\t\t\t\t<div class=\"elementor-shape elementor-shape-top\" aria-hidden=\"true\" data-negative=\"false\">\n\t\t\t<svg xmlns=\"http:\/\/www.w3.org\/2000\/svg\" viewbox=\"0 0 283.5 19.6\" preserveaspectratio=\"none\">\n\t<path class=\"elementor-shape-fill\" style=\"opacity:0.33\" d=\"M0 0L0 18.8 141.8 4.1 283.5 18.8 283.5 0z\"\/>\n\t<path class=\"elementor-shape-fill\" style=\"opacity:0.33\" d=\"M0 0L0 12.6 141.8 4 283.5 12.6 283.5 0z\"\/>\n\t<path class=\"elementor-shape-fill\" style=\"opacity:0.33\" d=\"M0 0L0 6.4 141.8 4 283.5 6.4 283.5 0z\"\/>\n\t<path class=\"elementor-shape-fill\" d=\"M0 0L0 1.2 141.8 4 283.5 1.2 283.5 0z\"\/>\n<\/svg>\t\t<\/div>\n\t\t\t\t\t<div class=\"elementor-container elementor-column-gap-default\">\n\t\t\t\t\t<div class=\"elementor-column elementor-col-100 elementor-top-column elementor-element elementor-element-c37149c elementor-repeater-item-none elementor-repeater-item-none_hover\" data-id=\"c37149c\" data-element_type=\"column\" data-e-type=\"column\">\n\t\t\t<div class=\"elementor-widget-wrap elementor-element-populated\">\n\t\t\t\t\t\t<div class=\"elementor-element elementor-element-06abbbf elementor-repeater-item-none elementor-repeater-item-none_hover elementor-widget elementor-widget-menu-anchor\" data-id=\"06abbbf\" data-element_type=\"widget\" data-e-type=\"widget\" data-widget_type=\"menu-anchor.default\">\n\t\t\t\t<div class=\"elementor-widget-container\">\n\t\t\t\t\t\t\t<div class=\"elementor-menu-anchor\" id=\"1\"><\/div>\n\t\t\t\t\t\t<\/div>\n\t\t\t\t<\/div>\n\t\t\t\t<div class=\"elementor-element elementor-element-196bab3 elementor-repeater-item-none elementor-repeater-item-none_hover elementor-widget elementor-widget-menu-anchor\" data-id=\"196bab3\" data-element_type=\"widget\" data-e-type=\"widget\" data-widget_type=\"menu-anchor.default\">\n\t\t\t\t<div class=\"elementor-widget-container\">\n\t\t\t\t\t\t\t<div class=\"elementor-menu-anchor\" id=\"4\"><\/div>\n\t\t\t\t\t\t<\/div>\n\t\t\t\t<\/div>\n\t\t\t\t\t<\/div>\n\t\t<\/div>\n\t\t\t\t\t<\/div>\n\t\t<\/section>\n\t\t\t\t<\/div>","protected":false},"excerpt":{"rendered":"<p>Flange Nut Manufacturer Worldwide Supplier and Manufacturer Prince Fastener has advanced technology and machinery that produces a wide variety of fasteners, especially flange nuts. We have over 30 years of experience in providing special components like screws, bolts, washers, nuts, automotive fasteners, surface treatment, OEM, and custom fasteners. Our facility is located in Shanghai and [&hellip;]<\/p>\n","protected":false},"author":32,"featured_media":3784,"parent":0,"menu_order":0,"comment_status":"closed","ping_status":"closed","template":"","meta":{"_seopress_robots_primary_cat":"0","_seopress_titles_title":"","_seopress_titles_desc":"Prince Fastener can fully customize flange nuts and other fasteners according to the application requirement and customer needs.","_seopress_robots_index":"","_joinchat":[],"footnotes":""},"class_list":["post-4088","page","type-page","status-publish","has-post-thumbnail","hentry"],"yoast_head":"<!-- This site is optimized with the Yoast SEO plugin v27.5 - https:\/\/yoast.com\/product\/yoast-seo-wordpress\/ -->\n<title>Flange Nut Manufacturer - Screws and Fasteners Manufacturer<\/title>\n<meta name=\"description\" content=\"Prince Fastener can fully customize flange nuts and other fasteners according to the application requirement and customer needs.\" \/>\n<meta name=\"robots\" content=\"index, follow, max-snippet:-1, max-image-preview:large, max-video-preview:-1\" \/>\n<link rel=\"canonical\" href=\"https:\/\/princefastener.com\/es\/fabricante-de-tuercas-de-brida\/\" \/>\n<meta property=\"og:locale\" content=\"es_ES\" \/>\n<meta property=\"og:type\" content=\"article\" \/>\n<meta property=\"og:title\" content=\"Flange Nut Manufacturer - Screws and Fasteners Manufacturer\" \/>\n<meta property=\"og:description\" content=\"Prince Fastener can fully customize flange nuts and other fasteners according to the application requirement and customer needs.\" \/>\n<meta property=\"og:url\" content=\"https:\/\/princefastener.com\/es\/fabricante-de-tuercas-de-brida\/\" \/>\n<meta property=\"og:site_name\" content=\"Screws and Fasteners Manufacturer\" \/>\n<meta property=\"article:publisher\" content=\"https:\/\/www.facebook.com\/Prince-Fastener-Manufacturing-Co-Ltd-107643758056794\" \/>\n<meta property=\"article:modified_time\" content=\"2023-01-04T10:38:02+00:00\" \/>\n<meta property=\"og:image\" content=\"https:\/\/princefastener.com\/wp-content\/uploads\/2021\/11\/nut-and-bolt.jpg\" \/>\n\t<meta property=\"og:image:width\" content=\"387\" \/>\n\t<meta property=\"og:image:height\" content=\"420\" \/>\n\t<meta property=\"og:image:type\" content=\"image\/jpeg\" \/>\n<meta name=\"twitter:card\" content=\"summary_large_image\" \/>\n<meta name=\"twitter:site\" content=\"@PrinceFastener\" \/>\n<meta name=\"twitter:label1\" content=\"Tiempo de lectura\" \/>\n\t<meta name=\"twitter:data1\" content=\"3 minutos\" \/>\n<!-- \/ Yoast SEO plugin. -->","yoast_head_json":{"title":"Fabricante de tuercas con brida - Fabricante de tornillos y sujetadores","description":"Prince Fastener puede personalizar completamente las tuercas con brida y otros sujetadores de acuerdo con los requisitos de la aplicaci\u00f3n y las necesidades del cliente.","robots":{"index":"index","follow":"follow","max-snippet":"max-snippet:-1","max-image-preview":"max-image-preview:large","max-video-preview":"max-video-preview:-1"},"canonical":"https:\/\/princefastener.com\/es\/fabricante-de-tuercas-de-brida\/","og_locale":"es_ES","og_type":"article","og_title":"Flange Nut Manufacturer - Screws and Fasteners Manufacturer","og_description":"Prince Fastener can fully customize flange nuts and other fasteners according to the application requirement and customer needs.","og_url":"https:\/\/princefastener.com\/es\/fabricante-de-tuercas-de-brida\/","og_site_name":"Screws and Fasteners Manufacturer","article_publisher":"https:\/\/www.facebook.com\/Prince-Fastener-Manufacturing-Co-Ltd-107643758056794","article_modified_time":"2023-01-04T10:38:02+00:00","og_image":[{"width":387,"height":420,"url":"https:\/\/princefastener.com\/wp-content\/uploads\/2021\/11\/nut-and-bolt.jpg","type":"image\/jpeg"}],"twitter_card":"summary_large_image","twitter_site":"@PrinceFastener","twitter_misc":{"Tiempo de lectura":"3 minutos"},"schema":{"@context":"https:\/\/schema.org","@graph":[{"@type":"WebPage","@id":"https:\/\/princefastener.com\/flange-nut-manufacturer\/","url":"https:\/\/princefastener.com\/flange-nut-manufacturer\/","name":"Fabricante de tuercas con brida - Fabricante de tornillos y sujetadores","isPartOf":{"@id":"https:\/\/princefastener.com\/#website"},"primaryImageOfPage":{"@id":"https:\/\/princefastener.com\/flange-nut-manufacturer\/#primaryimage"},"image":{"@id":"https:\/\/princefastener.com\/flange-nut-manufacturer\/#primaryimage"},"thumbnailUrl":"https:\/\/princefastener.com\/wp-content\/uploads\/2021\/11\/nut-and-bolt.jpg","datePublished":"2023-01-04T10:34:13+00:00","dateModified":"2023-01-04T10:38:02+00:00","description":"Prince Fastener puede personalizar completamente las tuercas con brida y otros sujetadores de acuerdo con los requisitos de la aplicaci\u00f3n y las necesidades del cliente.","breadcrumb":{"@id":"https:\/\/princefastener.com\/flange-nut-manufacturer\/#breadcrumb"},"inLanguage":"es","potentialAction":[{"@type":"ReadAction","target":["https:\/\/princefastener.com\/flange-nut-manufacturer\/"]}]},{"@type":"ImageObject","inLanguage":"es","@id":"https:\/\/princefastener.com\/flange-nut-manufacturer\/#primaryimage","url":"https:\/\/princefastener.com\/wp-content\/uploads\/2021\/11\/nut-and-bolt.jpg","contentUrl":"https:\/\/princefastener.com\/wp-content\/uploads\/2021\/11\/nut-and-bolt.jpg","width":387,"height":420,"caption":"nut and bolt"},{"@type":"BreadcrumbList","@id":"https:\/\/princefastener.com\/flange-nut-manufacturer\/#breadcrumb","itemListElement":[{"@type":"ListItem","position":1,"name":"Home","item":"https:\/\/princefastener.com\/"},{"@type":"ListItem","position":2,"name":"Flange Nut Manufacturer"}]},{"@type":"WebSite","@id":"https:\/\/princefastener.com\/#website","url":"https:\/\/princefastener.com\/","name":"Fabricante de tornillos y sujetadores","description":"","publisher":{"@id":"https:\/\/princefastener.com\/#organization"},"potentialAction":[{"@type":"SearchAction","target":{"@type":"EntryPoint","urlTemplate":"https:\/\/princefastener.com\/?s={search_term_string}"},"query-input":{"@type":"PropertyValueSpecification","valueRequired":true,"valueName":"search_term_string"}}],"inLanguage":"es"},{"@type":"Organization","@id":"https:\/\/princefastener.com\/#organization","name":"Sujetador Pr\u00edncipe","url":"https:\/\/princefastener.com\/","logo":{"@type":"ImageObject","inLanguage":"es","@id":"https:\/\/princefastener.com\/#\/schema\/logo\/image\/","url":"https:\/\/princefastener.com\/wp-content\/uploads\/2021\/04\/Prince-fastener-logo.png","contentUrl":"https:\/\/princefastener.com\/wp-content\/uploads\/2021\/04\/Prince-fastener-logo.png","width":630,"height":140,"caption":"Prince Fastener"},"image":{"@id":"https:\/\/princefastener.com\/#\/schema\/logo\/image\/"},"sameAs":["https:\/\/www.facebook.com\/Prince-Fastener-Manufacturing-Co-Ltd-107643758056794","https:\/\/x.com\/PrinceFastener","https:\/\/www.instagram.com\/princefastener001\/","https:\/\/www.linkedin.com\/company\/prince-fastener","https:\/\/www.pinterest.com\/PrinceFastenereric"]}]}},"_links":{"self":[{"href":"https:\/\/princefastener.com\/es\/wp-json\/wp\/v2\/pages\/4088","targetHints":{"allow":["GET"]}}],"collection":[{"href":"https:\/\/princefastener.com\/es\/wp-json\/wp\/v2\/pages"}],"about":[{"href":"https:\/\/princefastener.com\/es\/wp-json\/wp\/v2\/types\/page"}],"author":[{"embeddable":true,"href":"https:\/\/princefastener.com\/es\/wp-json\/wp\/v2\/users\/32"}],"replies":[{"embeddable":true,"href":"https:\/\/princefastener.com\/es\/wp-json\/wp\/v2\/comments?post=4088"}],"version-history":[{"count":0,"href":"https:\/\/princefastener.com\/es\/wp-json\/wp\/v2\/pages\/4088\/revisions"}],"wp:featuredmedia":[{"embeddable":true,"href":"https:\/\/princefastener.com\/es\/wp-json\/wp\/v2\/media\/3784"}],"wp:attachment":[{"href":"https:\/\/princefastener.com\/es\/wp-json\/wp\/v2\/media?parent=4088"}],"curies":[{"name":"Gracias","href":"https:\/\/api.w.org\/{rel}","templated":true}]}}